{"id":108,"date":"2020-08-25T12:11:06","date_gmt":"2020-08-25T10:11:06","guid":{"rendered":"https:\/\/www.sense-electra.de\/?page_id=108"},"modified":"2023-11-01T08:59:21","modified_gmt":"2023-11-01T07:59:21","slug":"waermecontracting","status":"publish","type":"page","link":"https:\/\/www.sense-electra.de\/en\/energiedienstleistungen\/waermecontracting\/","title":{"rendered":"Heat supply &amp;  heat contracting"},"content":{"rendered":"<h1>\n\t\tRent heat instead of buying it\n\t<\/h1>\n\t<p>Mittels energieeffizienter Heizung bis zu 20 % an Energiekosten sparen. Wir investieren f\u00fcr Immobilienbesitzer in eine Modernisierung der vorhandenen Heizung und liefern g\u00fcnstige Energie.<\/p>\n\t\t\t<a href=\"#Contractingmodell_Vorteile\" target=\"_self\" role=\"button\" rel=\"noopener\">\n\t\t\t\t\t\t\tSee our contracting model\n\t\t\t\t\t<\/a>\n<h2>\n\t\tOur contracting model \u2013 our services\n\t<\/h2>\n\t<p>Heating system modernisation<\/p>\n\tWe\u2019ll modernise your heating system and install a new one if necessary. You save both energy and costs.<br \/>\nSie sparen Energie und Kosten.\n\t<p>We pay for regular maintenance and repairs<\/p>\n\t<p>We ensure that maintenance is carried out on schedule and our mechanics take care of any necessary repairs. You don't need to worry about anything.<\/p>\n\t<p>Fixed monthly payments<\/p>\n\t<p>You pay a fixed monthly payment in advance for the term of your heating contract.<\/p>\n\t<p>Low-cost heat<\/p>\n\t<p>We supply you with energy and provide you with low-cost heat.<\/p>\n\t<p>We take care of the insurance premiums<\/p>\n\t<p>We pay for your heating system\u2019s insurance.<\/p>\n\t<p>Contracting with a CHP heating system<\/p>\n\t<p>We invest in both the CHP and the heating system\u2019s modernisation.<\/p>\n<h3>\n\t\tWhich costs do you incur as a contracting customer?\n\t<\/h3>\n\t<p>With our heat contracting, you only pay a monthly flat rate over the entire contract term. This flat rate covers all investments for modernisation and maintenance costs.<\/p>\n<p>The monthly payments are based on your consumption at contractually agreed standing charges and kW rates.<\/p>\n\t\t\t<a href=\"#\" role=\"button\">\n\t\t\t\t\t\tGet in touch\n\t\t\t\t\t<\/a>\n\t\t\n<div class=\"wpcf7 no-js\" id=\"wpcf7-f93-o1\" lang=\"de-DE\" dir=\"ltr\">\n<div class=\"screen-reader-response\"><p role=\"status\" aria-live=\"polite\" aria-atomic=\"true\"><\/p> <ul><\/ul><\/div>\n<form action=\"\/en\/wp-json\/wp\/v2\/pages\/108#wpcf7-f93-o1\" method=\"post\" class=\"wpcf7-form init\" aria-label=\"Contact form\" novalidate=\"novalidate\" data-status=\"init\" data-trp-original-action=\"\/en\/wp-json\/wp\/v2\/pages\/108#wpcf7-f93-o1\">\n<div style=\"display: none;\">\n<input type=\"hidden\" name=\"_wpcf7\" value=\"93\" \/>\n<input type=\"hidden\" name=\"_wpcf7_version\" value=\"5.9.8\" \/>\n<input type=\"hidden\" name=\"_wpcf7_locale\" value=\"de_DE_formal\" \/>\n<input type=\"hidden\" name=\"_wpcf7_unit_tag\" value=\"wpcf7-f93-o1\" \/>\n<input type=\"hidden\" name=\"_wpcf7_container_post\" value=\"0\" \/>\n<input type=\"hidden\" name=\"_wpcf7_posted_data_hash\" value=\"\" \/>\n<\/div>\n<h3>Kontaktanfrage\n<\/h3>\n<p>Schreiben Sie uns Ihre Anliegen - wir melden uns bei Ihnen!\n<\/p>\n<p><label> Ihr Name*<br \/>\n<span class=\"wpcf7-form-control-wrap\" data-name=\"your-name\"><input size=\"40\" maxlength=\"400\" class=\"wpcf7-form-control wpcf7-text wpcf7-validates-as-required\" aria-required=\"true\" aria-invalid=\"false\" value=\"\" type=\"text\" name=\"your-name\" \/><\/span> <\/label>\n<\/p>\n<p><span id=\"ho-ph-sense-1\" class=\"wpcf7-form-control-wrap phone-or-mail-wrap\" style=\"display:none !important; visibility:hidden !important;\"><label for=\"wpcf7-69f662890c0cd-field\" class=\"hp-message\">Bitte lassen Sie dieses Feld leer.<\/label><input id=\"wpcf7-69f662890c0cd-field\"  class=\"wpcf7-form-control wpcf7-text\" type=\"text\" name=\"phone-or-mail\" value=\"\" size=\"40\" tabindex=\"-1\" autocomplete=\"new-password\" \/><\/span>\n<\/p>\n<p><label> Ihre E-Mail-Adresse*<br \/>\n<span class=\"wpcf7-form-control-wrap\" data-name=\"your-email\"><input size=\"40\" maxlength=\"400\" class=\"wpcf7-form-control wpcf7-email wpcf7-validates-as-required wpcf7-text wpcf7-validates-as-email\" aria-required=\"true\" aria-invalid=\"false\" value=\"\" type=\"email\" name=\"your-email\" \/><\/span> <\/label>\n<\/p>\n<p><span id=\"ho-ph-sense-2\" class=\"wpcf7-form-control-wrap phone-or-mail-wrap\" style=\"display:none !important; visibility:hidden !important;\"><label for=\"wpcf7-69f662890c1ab-field\" class=\"hp-message\">Bitte lassen Sie dieses Feld leer.<\/label><input id=\"wpcf7-69f662890c1ab-field\"  class=\"wpcf7-form-control wpcf7-text\" type=\"text\" name=\"phone-or-mail\" value=\"\" size=\"40\" tabindex=\"-1\" autocomplete=\"new-password\" \/><\/span>\n<\/p>\n<p><label> Betreff<br \/>\n<span class=\"wpcf7-form-control-wrap\" data-name=\"your-subject\"><input size=\"40\" maxlength=\"400\" class=\"wpcf7-form-control wpcf7-text\" aria-invalid=\"false\" value=\"\" type=\"text\" name=\"your-subject\" \/><\/span> <\/label>\n<\/p>\n<p><label> Ihre Nachricht<br \/>\n<span class=\"wpcf7-form-control-wrap\" data-name=\"your-message\"><textarea cols=\"40\" rows=\"10\" maxlength=\"2000\" class=\"wpcf7-form-control wpcf7-textarea\" aria-invalid=\"false\" name=\"your-message\"><\/textarea><\/span> <\/label>\n<\/p>\n<p>*Pflichtfeld\n<\/p>\n<p>Bitte beachten Sie unsere <a target=\"_blank\" href=\"\/en\/datenschutz\/\">Datenschutzbestimmungen.<\/a>\n<\/p>\n<p><input class=\"wpcf7-form-control wpcf7-submit has-spinner\" type=\"submit\" value=\"Send\" \/>\n<\/p><div class=\"wpcf7-response-output\" aria-hidden=\"true\"><\/div>\n<input type=\"hidden\" name=\"trp-form-language\" value=\"en\"\/><\/form>\n<\/div>\n\t\n\t\t\t\t<img decoding=\"async\" src=\"https:\/\/www.sense-electra.de\/wp-content\/uploads\/2021\/06\/thermostat-heizkoerper.jpg\" alt=\"Thermostatkopfventil f\u00fcr Heizungsprojekt\" itemprop=\"image\" title=\"Ihr Heizungsprojekt mit Energieeinsparung\" onerror=\"this.style.display='none'\"  \/>\n<h2>\n\t\tThe benefits from contracting heat\n\t<\/h2>\n\t<p>No investment costs<\/p>\n\t<p>sense electra will pay for the new unit. Your keep your cash flow intact.<\/p>\n\t<p>Low-cost energy<\/p>\n\t<p>Modernising your heating system will cut your energy costs.<\/p>\n\t<p>High operational reliability<\/p>\n\t<p>A new heating system will minimise the risk of your heating failing. And should it break down, we provide an emergency service to have it fixed.<\/p>\n<h2>\n\t\tHeat contracting with a CHP\n\t<\/h2>\n\t<p class=\"translation-block\">We also offer a contracting model that includes a CHP heating system. In addition to modernising your heating system, we\u2019ll also invest in the installation of a combined heat and power unit if it\u2019s economically viable for your property. We\u2019ll take care of the planning, commissioning, registration, billing and maintenance.<\/p>\n<p>You then conclude an energy supply contract with us. If your property is a residential complex with several tenants, your tenants will receive an offer from us to purchase low-cost electricity from the on-site combined heat and power unit.<\/p>\n\t\t\t\t<img decoding=\"async\" src=\"https:\/\/www.sense-electra.de\/wp-content\/uploads\/2021\/04\/BHKW-freigestellt_mehr_Kontrast-242x300.png\" alt=\"BHKW-freigestellt_mehr_Kontrast\" itemprop=\"image\" title=\"BHKW-freigestellt_mehr_Kontrast\" onerror=\"this.style.display='none'\"  \/>\n\t\t\t\t<img decoding=\"async\" src=\"https:\/\/www.sense-electra.de\/wp-content\/uploads\/2021\/06\/einsatzmoeglichkeiten-und-unterschiede-bhkw.jpg\" alt=\"Heizung wird reguliert\" itemprop=\"image\" title=\"Mit einem BHKW heizen\" onerror=\"this.style.display='none'\"  \/>\n<h2>\n\t\tGet a new heating system without any investment costs\n\t<\/h2>\n\t<p>sense electra will provide you with a new and energy-efficient heating system, without any investment costs of your own. This can also be done in combination with a new CHP heating system. In addition, we\u2019ll supply you with a low-cost heat supply while providing you with low-cost gas at the same time. As a contractor, we\u2019ll also take on other obligations associated with running a heating system.<\/p>\n<p>As your contractor, we\u2019ll be responsible for the boiler system, buffer storage, gas and electricity meters, billing, registration, and deregistration. As the building\u2019s owner, you are then only responsible for the heat distribution system.<\/p>\n<p>You pay us the costs of your energy consumption and a pre-determined monthly flat rate for our service.<\/p>\n<p>Our offer is aimed at owners of residential properties and commercial buildings.<\/p>\n<h3>\n\t\tGet in touch! \n\t<\/h3>\n<h3>\n\t\tPlease get in touch with us by phone or email if you have any questions.\n\t<\/h3>\n\t\t\t<a href=\"#\" role=\"button\">\n\t\t\t\t\t\tGet in touch\n\t\t\t\t\t<\/a>\n\t\t\n<div class=\"wpcf7 no-js\" id=\"wpcf7-f93-o2\" lang=\"de-DE\" dir=\"ltr\">\n<div class=\"screen-reader-response\"><p role=\"status\" aria-live=\"polite\" aria-atomic=\"true\"><\/p> <ul><\/ul><\/div>\n<form action=\"\/en\/wp-json\/wp\/v2\/pages\/108#wpcf7-f93-o2\" method=\"post\" class=\"wpcf7-form init\" aria-label=\"Contact form\" novalidate=\"novalidate\" data-status=\"init\" data-trp-original-action=\"\/en\/wp-json\/wp\/v2\/pages\/108#wpcf7-f93-o2\">\n<div style=\"display: none;\">\n<input type=\"hidden\" name=\"_wpcf7\" value=\"93\" \/>\n<input type=\"hidden\" name=\"_wpcf7_version\" value=\"5.9.8\" \/>\n<input type=\"hidden\" name=\"_wpcf7_locale\" value=\"de_DE_formal\" \/>\n<input type=\"hidden\" name=\"_wpcf7_unit_tag\" value=\"wpcf7-f93-o2\" \/>\n<input type=\"hidden\" name=\"_wpcf7_container_post\" value=\"0\" \/>\n<input type=\"hidden\" name=\"_wpcf7_posted_data_hash\" value=\"\" \/>\n<\/div>\n<h3>Kontaktanfrage\n<\/h3>\n<p>Schreiben Sie uns Ihre Anliegen - wir melden uns bei Ihnen!\n<\/p>\n<p><label> Ihr Name*<br \/>\n<span class=\"wpcf7-form-control-wrap\" data-name=\"your-name\"><input size=\"40\" maxlength=\"400\" class=\"wpcf7-form-control wpcf7-text wpcf7-validates-as-required\" aria-required=\"true\" aria-invalid=\"false\" value=\"\" type=\"text\" name=\"your-name\" \/><\/span> <\/label>\n<\/p>\n<p><span id=\"ho-ph-sense-1\" class=\"wpcf7-form-control-wrap phone-or-mail-wrap\" style=\"display:none !important; visibility:hidden !important;\"><label for=\"wpcf7-69f6628919351-field\" class=\"hp-message\">Bitte lassen Sie dieses Feld leer.<\/label><input id=\"wpcf7-69f6628919351-field\"  class=\"wpcf7-form-control wpcf7-text\" type=\"text\" name=\"phone-or-mail\" value=\"\" size=\"40\" tabindex=\"-1\" autocomplete=\"new-password\" \/><\/span>\n<\/p>\n<p><label> Ihre E-Mail-Adresse*<br \/>\n<span class=\"wpcf7-form-control-wrap\" data-name=\"your-email\"><input size=\"40\" maxlength=\"400\" class=\"wpcf7-form-control wpcf7-email wpcf7-validates-as-required wpcf7-text wpcf7-validates-as-email\" aria-required=\"true\" aria-invalid=\"false\" value=\"\" type=\"email\" name=\"your-email\" \/><\/span> <\/label>\n<\/p>\n<p><span id=\"ho-ph-sense-2\" class=\"wpcf7-form-control-wrap phone-or-mail-wrap\" style=\"display:none !important; visibility:hidden !important;\"><label for=\"wpcf7-69f6628919400-field\" class=\"hp-message\">Bitte lassen Sie dieses Feld leer.<\/label><input id=\"wpcf7-69f6628919400-field\"  class=\"wpcf7-form-control wpcf7-text\" type=\"text\" name=\"phone-or-mail\" value=\"\" size=\"40\" tabindex=\"-1\" autocomplete=\"new-password\" \/><\/span>\n<\/p>\n<p><label> Betreff<br \/>\n<span class=\"wpcf7-form-control-wrap\" data-name=\"your-subject\"><input size=\"40\" maxlength=\"400\" class=\"wpcf7-form-control wpcf7-text\" aria-invalid=\"false\" value=\"\" type=\"text\" name=\"your-subject\" \/><\/span> <\/label>\n<\/p>\n<p><label> Ihre Nachricht<br \/>\n<span class=\"wpcf7-form-control-wrap\" data-name=\"your-message\"><textarea cols=\"40\" rows=\"10\" maxlength=\"2000\" class=\"wpcf7-form-control wpcf7-textarea\" aria-invalid=\"false\" name=\"your-message\"><\/textarea><\/span> <\/label>\n<\/p>\n<p>*Pflichtfeld\n<\/p>\n<p>Bitte beachten Sie unsere <a target=\"_blank\" href=\"\/en\/datenschutz\/\">Datenschutzbestimmungen.<\/a>\n<\/p>\n<p><input class=\"wpcf7-form-control wpcf7-submit has-spinner\" type=\"submit\" value=\"Send\" \/>\n<\/p><div class=\"wpcf7-response-output\" aria-hidden=\"true\"><\/div>\n<input type=\"hidden\" name=\"trp-form-language\" value=\"en\"\/><\/form>\n<\/div>","protected":false},"excerpt":{"rendered":"<p>Heizung mieten statt kaufen Mittels energieeffizienter Heizung bis zu 20 % an Energiekosten sparen. Wir investieren f\u00fcr Immobilienbesitzer in eine Modernisierung der vorhandenen Heizung und liefern g\u00fcnstige Energie. Zu unserem Contractingmodell Unser Contractingmodell \u2013 Unsere Leistungen Modernisierung der Heizung Wir modernisieren Ihre Heizung und installieren gegebenenfalls eine neue. Sie sparen Energie und Kosten. Regelm\u00e4\u00dfige Wartung&hellip;<\/p>","protected":false},"author":1,"featured_media":0,"parent":56,"menu_order":0,"comment_status":"closed","ping_status":"closed","template":"","meta":{"_acf_changed":false,"footnotes":""},"acf":[],"yoast_head":"<!-- This site is optimized with the Yoast SEO plugin v23.1 - https:\/\/yoast.com\/wordpress\/plugins\/seo\/ -->\n<title>W\u00e4rmeversorgung &amp; Contracting f\u00fcr Gewerbe - sense electra<\/title>\n<meta name=\"description\" content=\"W\u00e4rmecontracting f\u00fcr Gewerbe- &amp; Immobilienbesitzer. Wir investieren in Ihre neue Heizung inklusive g\u00fcnstigen Energieeinkauf.\" \/>\n<meta name=\"robots\" content=\"index, follow, max-snippet:-1, max-image-preview:large, max-video-preview:-1\" \/>\n<link rel=\"canonical\" href=\"https:\/\/www.sense-electra.de\/en\/energiedienstleistungen\/waermecontracting\/\" \/>\n<meta property=\"og:locale\" content=\"en_GB\" \/>\n<meta property=\"og:type\" content=\"article\" \/>\n<meta property=\"og:title\" content=\"W\u00e4rmeversorgung &amp; Contracting f\u00fcr Gewerbe - sense electra\" \/>\n<meta property=\"og:description\" content=\"W\u00e4rmecontracting f\u00fcr Gewerbe- &amp; Immobilienbesitzer. Wir investieren in Ihre neue Heizung inklusive g\u00fcnstigen Energieeinkauf.\" \/>\n<meta property=\"og:url\" content=\"https:\/\/www.sense-electra.de\/en\/energiedienstleistungen\/waermecontracting\/\" \/>\n<meta property=\"og:site_name\" content=\"sense electra\" \/>\n<meta property=\"article:modified_time\" content=\"2023-11-01T07:59:21+00:00\" \/>\n<meta property=\"og:image\" content=\"https:\/\/www.sense-electra.de\/wp-content\/uploads\/2021\/06\/thermostat-heizkoerper.jpg\" \/>\n<meta name=\"twitter:card\" content=\"summary_large_image\" \/>\n<meta name=\"twitter:label1\" content=\"Estimated reading time\" \/>\n\t<meta name=\"twitter:data1\" content=\"2 minutes\" \/>\n<script type=\"application\/ld+json\" class=\"yoast-schema-graph\">{\"@context\":\"https:\/\/schema.org\",\"@graph\":[{\"@type\":\"WebPage\",\"@id\":\"https:\/\/www.sense-electra.de\/energiedienstleistungen\/waermecontracting\/\",\"url\":\"https:\/\/www.sense-electra.de\/energiedienstleistungen\/waermecontracting\/\",\"name\":\"W\u00e4rmeversorgung & Contracting f\u00fcr Gewerbe - sense electra\",\"isPartOf\":{\"@id\":\"https:\/\/www.sense-electra.de\/#website\"},\"primaryImageOfPage\":{\"@id\":\"https:\/\/www.sense-electra.de\/energiedienstleistungen\/waermecontracting\/#primaryimage\"},\"image\":{\"@id\":\"https:\/\/www.sense-electra.de\/energiedienstleistungen\/waermecontracting\/#primaryimage\"},\"thumbnailUrl\":\"https:\/\/www.sense-electra.de\/wp-content\/uploads\/2021\/06\/thermostat-heizkoerper.jpg\",\"datePublished\":\"2020-08-25T10:11:06+00:00\",\"dateModified\":\"2023-11-01T07:59:21+00:00\",\"description\":\"W\u00e4rmecontracting f\u00fcr Gewerbe- & Immobilienbesitzer. Wir investieren in Ihre neue Heizung inklusive g\u00fcnstigen Energieeinkauf.\",\"breadcrumb\":{\"@id\":\"https:\/\/www.sense-electra.de\/energiedienstleistungen\/waermecontracting\/#breadcrumb\"},\"inLanguage\":\"en-GB\",\"potentialAction\":[{\"@type\":\"ReadAction\",\"target\":[\"https:\/\/www.sense-electra.de\/energiedienstleistungen\/waermecontracting\/\"]}]},{\"@type\":\"ImageObject\",\"inLanguage\":\"en-GB\",\"@id\":\"https:\/\/www.sense-electra.de\/energiedienstleistungen\/waermecontracting\/#primaryimage\",\"url\":\"https:\/\/www.sense-electra.de\/wp-content\/uploads\/2021\/06\/thermostat-heizkoerper.jpg\",\"contentUrl\":\"https:\/\/www.sense-electra.de\/wp-content\/uploads\/2021\/06\/thermostat-heizkoerper.jpg\"},{\"@type\":\"BreadcrumbList\",\"@id\":\"https:\/\/www.sense-electra.de\/energiedienstleistungen\/waermecontracting\/#breadcrumb\",\"itemListElement\":[{\"@type\":\"ListItem\",\"position\":1,\"name\":\"Startseite\",\"item\":\"https:\/\/www.sense-electra.de\/\"},{\"@type\":\"ListItem\",\"position\":2,\"name\":\"Energiedienstleistungen\",\"item\":\"https:\/\/www.sense-electra.de\/energiedienstleistungen\/\"},{\"@type\":\"ListItem\",\"position\":3,\"name\":\"W\u00e4rmeversorgung &#038; W\u00e4rmecontracting\"}]},{\"@type\":\"WebSite\",\"@id\":\"https:\/\/www.sense-electra.de\/#website\",\"url\":\"https:\/\/www.sense-electra.de\/\",\"name\":\"sense electra\",\"description\":\"W\u00e4rmeversorgung f\u00fcr Industrie- und Gewerbekunden\",\"potentialAction\":[{\"@type\":\"SearchAction\",\"target\":{\"@type\":\"EntryPoint\",\"urlTemplate\":\"https:\/\/www.sense-electra.de\/?s={search_term_string}\"},\"query-input\":\"required name=search_term_string\"}],\"inLanguage\":\"en-GB\"}]}<\/script>\n<!-- \/ Yoast SEO plugin. -->","yoast_head_json":{"title":"W\u00e4rmeversorgung & Contracting f\u00fcr Gewerbe - sense electra","description":"W\u00e4rmecontracting f\u00fcr Gewerbe- & Immobilienbesitzer. Wir investieren in Ihre neue Heizung inklusive g\u00fcnstigen Energieeinkauf.","robots":{"index":"index","follow":"follow","max-snippet":"max-snippet:-1","max-image-preview":"max-image-preview:large","max-video-preview":"max-video-preview:-1"},"canonical":"https:\/\/www.sense-electra.de\/en\/energiedienstleistungen\/waermecontracting\/","og_locale":"en_GB","og_type":"article","og_title":"W\u00e4rmeversorgung & Contracting f\u00fcr Gewerbe - sense electra","og_description":"W\u00e4rmecontracting f\u00fcr Gewerbe- & Immobilienbesitzer. Wir investieren in Ihre neue Heizung inklusive g\u00fcnstigen Energieeinkauf.","og_url":"https:\/\/www.sense-electra.de\/en\/energiedienstleistungen\/waermecontracting\/","og_site_name":"sense electra","article_modified_time":"2023-11-01T07:59:21+00:00","og_image":[{"url":"https:\/\/www.sense-electra.de\/wp-content\/uploads\/2021\/06\/thermostat-heizkoerper.jpg"}],"twitter_card":"summary_large_image","twitter_misc":{"Estimated reading time":"2 minutes"},"schema":{"@context":"https:\/\/schema.org","@graph":[{"@type":"WebPage","@id":"https:\/\/www.sense-electra.de\/energiedienstleistungen\/waermecontracting\/","url":"https:\/\/www.sense-electra.de\/energiedienstleistungen\/waermecontracting\/","name":"W\u00e4rmeversorgung & Contracting f\u00fcr Gewerbe - sense electra","isPartOf":{"@id":"https:\/\/www.sense-electra.de\/#website"},"primaryImageOfPage":{"@id":"https:\/\/www.sense-electra.de\/energiedienstleistungen\/waermecontracting\/#primaryimage"},"image":{"@id":"https:\/\/www.sense-electra.de\/energiedienstleistungen\/waermecontracting\/#primaryimage"},"thumbnailUrl":"https:\/\/www.sense-electra.de\/wp-content\/uploads\/2021\/06\/thermostat-heizkoerper.jpg","datePublished":"2020-08-25T10:11:06+00:00","dateModified":"2023-11-01T07:59:21+00:00","description":"W\u00e4rmecontracting f\u00fcr Gewerbe- & Immobilienbesitzer. Wir investieren in Ihre neue Heizung inklusive g\u00fcnstigen Energieeinkauf.","breadcrumb":{"@id":"https:\/\/www.sense-electra.de\/energiedienstleistungen\/waermecontracting\/#breadcrumb"},"inLanguage":"en-GB","potentialAction":[{"@type":"ReadAction","target":["https:\/\/www.sense-electra.de\/energiedienstleistungen\/waermecontracting\/"]}]},{"@type":"ImageObject","inLanguage":"en-GB","@id":"https:\/\/www.sense-electra.de\/energiedienstleistungen\/waermecontracting\/#primaryimage","url":"https:\/\/www.sense-electra.de\/wp-content\/uploads\/2021\/06\/thermostat-heizkoerper.jpg","contentUrl":"https:\/\/www.sense-electra.de\/wp-content\/uploads\/2021\/06\/thermostat-heizkoerper.jpg"},{"@type":"BreadcrumbList","@id":"https:\/\/www.sense-electra.de\/energiedienstleistungen\/waermecontracting\/#breadcrumb","itemListElement":[{"@type":"ListItem","position":1,"name":"Startseite","item":"https:\/\/www.sense-electra.de\/"},{"@type":"ListItem","position":2,"name":"Energiedienstleistungen","item":"https:\/\/www.sense-electra.de\/energiedienstleistungen\/"},{"@type":"ListItem","position":3,"name":"W\u00e4rmeversorgung &#038; W\u00e4rmecontracting"}]},{"@type":"WebSite","@id":"https:\/\/www.sense-electra.de\/#website","url":"https:\/\/www.sense-electra.de\/","name":"sense electra","description":"W\u00e4rmeversorgung f\u00fcr Industrie- und Gewerbekunden","potentialAction":[{"@type":"SearchAction","target":{"@type":"EntryPoint","urlTemplate":"https:\/\/www.sense-electra.de\/?s={search_term_string}"},"query-input":"required name=search_term_string"}],"inLanguage":"en-GB"}]}},"_links":{"self":[{"href":"https:\/\/www.sense-electra.de\/en\/wp-json\/wp\/v2\/pages\/108"}],"collection":[{"href":"https:\/\/www.sense-electra.de\/en\/wp-json\/wp\/v2\/pages"}],"about":[{"href":"https:\/\/www.sense-electra.de\/en\/wp-json\/wp\/v2\/types\/page"}],"author":[{"embeddable":true,"href":"https:\/\/www.sense-electra.de\/en\/wp-json\/wp\/v2\/users\/1"}],"replies":[{"embeddable":true,"href":"https:\/\/www.sense-electra.de\/en\/wp-json\/wp\/v2\/comments?post=108"}],"version-history":[{"count":0,"href":"https:\/\/www.sense-electra.de\/en\/wp-json\/wp\/v2\/pages\/108\/revisions"}],"up":[{"embeddable":true,"href":"https:\/\/www.sense-electra.de\/en\/wp-json\/wp\/v2\/pages\/56"}],"wp:attachment":[{"href":"https:\/\/www.sense-electra.de\/en\/wp-json\/wp\/v2\/media?parent=108"}],"curies":[{"name":"wp","href":"https:\/\/api.w.org\/{rel}","templated":true}]}}