{"id":112,"date":"2020-08-25T12:11:35","date_gmt":"2020-08-25T10:11:35","guid":{"rendered":"https:\/\/www.sense-electra.de\/?page_id=112"},"modified":"2023-10-12T11:51:20","modified_gmt":"2023-10-12T09:51:20","slug":"messstellenbetrieb-mit-smart-meter","status":"publish","type":"page","link":"https:\/\/www.sense-electra.de\/en\/energiedienstleistungen\/messstellenbetrieb-mit-smart-meter\/","title":{"rendered":"Smart metering points"},"content":{"rendered":"<h1>\n\t\tMessstellenbetrieb &#038; Smart Meter\n\t<\/h1>\n\t<p>Erfassen Sie Ihren Stromverbrauch digital. Erkennen Sie stromintensive Ger\u00e4te und sparen Sie so Energie ein.<\/p>\n\t\t\t<a href=\"#Vorteile_Smart_Meter\" target=\"_self\" role=\"button\" rel=\"noopener\">\n\t\t\t\t\t\t\tBenefits of smart meters\n\t\t\t\t\t<\/a>\n<h2>\n\t\tWas tun wir f\u00fcr Sie als Messstellenbetreiber?\n\t<\/h2>\n\t<p><strong>Einbau des Smart-Meter<\/strong><\/p>\n\t<p>Commissioning and configuration<\/p>\n\t<p>Management<\/p>\n\t<p>Providing a secure database<\/p>\n\t<p>Maintenance and monitoring<\/p>\n\t<p>Connecting with other metering devices<\/p>\n<h2>\n\t\tSo macht ein Smart Meter Ihren Energieverbrauch sichtbar\n\t<\/h2>\n\t\t\t\t<img decoding=\"async\" src=\"https:\/\/www.sense-electra.de\/wp-content\/uploads\/2021\/10\/Zahl-1-dunkelgruen.png\" alt=\"Zahl 1 - dunkelgruen\" itemprop=\"image\" title=\"Zahl 1 - dunkelgruen\" onerror=\"this.style.display='none'\"  \/>\n\t<p>These modern metering devices measure electricity consumption in real time and\/or every 15 minutes.<\/p>\n\t<ul>\n<li>Der Smart Meter unterst\u00fctzt den Kommunikationsfluss im Energienetz.<\/li>\n<li>Er macht  dieEnergieverbrauchsdaten sichtbar.<\/li>\n<li>The smart electricity meter digitally measures the flow of electricity every 15 minutes. In doing so, it not only records a property\u2019s electricity consumption, but also measures the consumption point\u2019s load curve.<\/li>\n<\/ul>\n\t\t\t\t<img decoding=\"async\" src=\"https:\/\/www.sense-electra.de\/wp-content\/uploads\/2021\/10\/Zahl-2-dunkelgruen.png\" alt=\"Zahl 2 - dunkelgruen\" itemprop=\"image\" title=\"Zahl 2 - dunkelgruen\" onerror=\"this.style.display='none'\"  \/>\n\t<p>The smart meter gateway processes, encrypts and transmits the recorded data.<\/p>\n\t<ul>\n<li>Die gemessenen Verbrauchsdaten werden anschlie\u00dfend \u00fcber die Kommunikationseinheit, dem sogenannten Smart-Meter-Gateway, selbstst\u00e4ndig und elektronisch ins Internet eingespeist. Dabei werden die Daten verschl\u00fcsselt und der Stromverbrauch wird in der Datenbank sicher dokumentiert.<\/li>\n<li>Besides digital electricity meters, a smart meter gateway can also integrate other technical devices into the communication network.<\/li>\n<\/ul>\n\t\t\t\t<img decoding=\"async\" src=\"https:\/\/www.sense-electra.de\/wp-content\/uploads\/2021\/10\/Zahl-3-dunkelgruen.png\" alt=\"Zahl 3 - dunkelgruen\" itemprop=\"image\" title=\"Zahl 3 - dunkelgruen\" onerror=\"this.style.display='none'\"  \/>\n\t<p>The data is stored on the server and displayed in the meter reading portal.<\/p>\n\t<ul>\n<li>Im Z\u00e4hlerstandportal werden die gespeicherten Z\u00e4hlerwerte visuell aufbereitet und k\u00f6nnen jederzeit eingesehen werden. Daf\u00fcr brauchen Sie nur ein Smartphone oder einen Computer mit Internetzugang.<\/li>\n<li>Im Portal erhalten Sie auch Einsicht in Ihre Stromrechnung.<\/li>\n<\/ul>\n<h2>\n\t\tIhre Vorteile durch den Smart Meter\n\t<\/h2>\n\t<p>Verbrauchsdaten in Echtzeit (alle 15 Min) online abrufbar, auch Ihre Stromabrechnung<\/p>\n\t<p>Deutliche Senkung Ihrer Stromkosten durch bewusste Nutzung<\/p>\n\t<p>Digitale \u00dcbermittlung Ihrer Daten an den Messstellenbetreiber<\/p>\n\t<p>Optimierter und individueller Stromtarif<\/p>\n<h2>\n\t\tKleines Ger\u00e4t mit gro\u00dfem Nutzen\n\t<\/h2>\n\tEin Smart Meter ist eine neue und sehr moderne Art des Stromz\u00e4hlers. Als intelligentes System kombiniert er eine moderne Messeinrichtung mit einer Kommunikationseinheit (Smart-Meter-Gateway). So k\u00f6nnen Sie Ihre genauen Verbrauchsdaten digital einsehen.<br \/>\nWir &#8211; als Messstellenbetreiber &#8211; k\u00fcmmern uns um den Einbau und die Wartung Ihres digitalen Stromz\u00e4hlers. Au\u00dferdem stellen wir eine sichere und zuverl\u00e4ssige Datenbank zur Speicherung Ihrer Verbrauchsdaten zur Verf\u00fcgung.<br \/>\nNur durch die Installation des digitalen Stromz\u00e4hlers lassen sich Ihre Energiekosten aber nicht verringern. Aber durch die Verbrauchskontrolle und mit der Hilfe des intelligenten Messsystems lassen sich \u201eStromfresser\u201c schnell ausfindig machen. So kann das individuelle Verbrauchsverhalten ver\u00e4ndert werden, was zu einer Reduzierung der Stromkosten f\u00fchrt.\n<h3>\n\t\tIf you have any questions:\n\t<\/h3>\n<h3>\n\t\tjust give us a call!\n\t<\/h3>\n\t\t\t<a href=\"#\" role=\"button\">\n\t\t\t\t\t\tGet in touch\n\t\t\t\t\t<\/a>\n\t\t\n<div class=\"wpcf7 no-js\" id=\"wpcf7-f93-o1\" lang=\"de-DE\" dir=\"ltr\">\n<div class=\"screen-reader-response\"><p role=\"status\" aria-live=\"polite\" aria-atomic=\"true\"><\/p> <ul><\/ul><\/div>\n<form action=\"\/en\/wp-json\/wp\/v2\/pages\/112#wpcf7-f93-o1\" method=\"post\" class=\"wpcf7-form init\" aria-label=\"Contact form\" novalidate=\"novalidate\" data-status=\"init\" data-trp-original-action=\"\/en\/wp-json\/wp\/v2\/pages\/112#wpcf7-f93-o1\">\n<div style=\"display: none;\">\n<input type=\"hidden\" name=\"_wpcf7\" value=\"93\" \/>\n<input type=\"hidden\" name=\"_wpcf7_version\" value=\"5.9.8\" \/>\n<input type=\"hidden\" name=\"_wpcf7_locale\" value=\"de_DE_formal\" \/>\n<input type=\"hidden\" name=\"_wpcf7_unit_tag\" value=\"wpcf7-f93-o1\" \/>\n<input type=\"hidden\" name=\"_wpcf7_container_post\" value=\"0\" \/>\n<input type=\"hidden\" name=\"_wpcf7_posted_data_hash\" value=\"\" \/>\n<\/div>\n<h3>Kontaktanfrage\n<\/h3>\n<p>Schreiben Sie uns Ihre Anliegen - wir melden uns bei Ihnen!\n<\/p>\n<p><label> Ihr Name*<br \/>\n<span class=\"wpcf7-form-control-wrap\" data-name=\"your-name\"><input size=\"40\" maxlength=\"400\" class=\"wpcf7-form-control wpcf7-text wpcf7-validates-as-required\" aria-required=\"true\" aria-invalid=\"false\" value=\"\" type=\"text\" name=\"your-name\" \/><\/span> <\/label>\n<\/p>\n<p><span id=\"ho-ph-sense-1\" class=\"wpcf7-form-control-wrap phone-or-mail-wrap\" style=\"display:none !important; visibility:hidden !important;\"><label for=\"wpcf7-69d5c8a825ac6-field\" class=\"hp-message\">Bitte lassen Sie dieses Feld leer.<\/label><input id=\"wpcf7-69d5c8a825ac6-field\"  class=\"wpcf7-form-control wpcf7-text\" type=\"text\" name=\"phone-or-mail\" value=\"\" size=\"40\" tabindex=\"-1\" autocomplete=\"new-password\" \/><\/span>\n<\/p>\n<p><label> Ihre E-Mail-Adresse*<br \/>\n<span class=\"wpcf7-form-control-wrap\" data-name=\"your-email\"><input size=\"40\" maxlength=\"400\" class=\"wpcf7-form-control wpcf7-email wpcf7-validates-as-required wpcf7-text wpcf7-validates-as-email\" aria-required=\"true\" aria-invalid=\"false\" value=\"\" type=\"email\" name=\"your-email\" \/><\/span> <\/label>\n<\/p>\n<p><span id=\"ho-ph-sense-2\" class=\"wpcf7-form-control-wrap phone-or-mail-wrap\" style=\"display:none !important; visibility:hidden !important;\"><label for=\"wpcf7-69d5c8a825b52-field\" class=\"hp-message\">Bitte lassen Sie dieses Feld leer.<\/label><input id=\"wpcf7-69d5c8a825b52-field\"  class=\"wpcf7-form-control wpcf7-text\" type=\"text\" name=\"phone-or-mail\" value=\"\" size=\"40\" tabindex=\"-1\" autocomplete=\"new-password\" \/><\/span>\n<\/p>\n<p><label> Betreff<br \/>\n<span class=\"wpcf7-form-control-wrap\" data-name=\"your-subject\"><input size=\"40\" maxlength=\"400\" class=\"wpcf7-form-control wpcf7-text\" aria-invalid=\"false\" value=\"\" type=\"text\" name=\"your-subject\" \/><\/span> <\/label>\n<\/p>\n<p><label> Ihre Nachricht<br \/>\n<span class=\"wpcf7-form-control-wrap\" data-name=\"your-message\"><textarea cols=\"40\" rows=\"10\" maxlength=\"2000\" class=\"wpcf7-form-control wpcf7-textarea\" aria-invalid=\"false\" name=\"your-message\"><\/textarea><\/span> <\/label>\n<\/p>\n<p>*Pflichtfeld\n<\/p>\n<p>Bitte beachten Sie unsere <a target=\"_blank\" href=\"\/en\/datenschutz\/\">Datenschutzbestimmungen.<\/a>\n<\/p>\n<p><input class=\"wpcf7-form-control wpcf7-submit has-spinner\" type=\"submit\" value=\"Send\" \/>\n<\/p><div class=\"wpcf7-response-output\" aria-hidden=\"true\"><\/div>\n<input type=\"hidden\" name=\"trp-form-language\" value=\"en\"\/><\/form>\n<\/div>","protected":false},"excerpt":{"rendered":"<p>Messstellenbetrieb &#038; Smart Meter Erfassen Sie Ihren Stromverbrauch digital. Erkennen Sie stromintensive Ger\u00e4te und sparen Sie so Energie ein. Vorteile des Smart Meters Was tun wir f\u00fcr Sie als Messstellenbetreiber? Einbau des Smart-Meter Inbetriebnahme und Konfiguration Administration Bereitstellung einer sicheren Datenbank Wartung und \u00dcberwachung Anbindung an weitere Messger\u00e4te So macht ein Smart Meter Ihren Energieverbrauch&hellip;<\/p>","protected":false},"author":1,"featured_media":0,"parent":56,"menu_order":0,"comment_status":"closed","ping_status":"closed","template":"","meta":{"_acf_changed":false,"footnotes":""},"acf":[],"yoast_head":"<!-- This site is optimized with the Yoast SEO plugin v23.1 - https:\/\/yoast.com\/wordpress\/plugins\/seo\/ -->\n<title>Smart Meter: den intelligenter Stromz\u00e4hler einbauen - sense electra<\/title>\n<meta name=\"description\" content=\"Ein Smart Meter hilft beim Energiesparen. Als Messstellenbetreiber bauen wir diesen ein \u27a4 Hier Funktion &amp; Vorteile f\u00fcr Ihr Gewerbe erfahren\" \/>\n<meta name=\"robots\" content=\"index, follow, max-snippet:-1, max-image-preview:large, max-video-preview:-1\" \/>\n<link rel=\"canonical\" href=\"https:\/\/www.sense-electra.de\/en\/energiedienstleistungen\/messstellenbetrieb-mit-smart-meter\/\" \/>\n<meta property=\"og:locale\" content=\"en_GB\" \/>\n<meta property=\"og:type\" content=\"article\" \/>\n<meta property=\"og:title\" content=\"Smart Meter: den intelligenter Stromz\u00e4hler einbauen - sense electra\" \/>\n<meta property=\"og:description\" content=\"Ein Smart Meter hilft beim Energiesparen. Als Messstellenbetreiber bauen wir diesen ein \u27a4 Hier Funktion &amp; Vorteile f\u00fcr Ihr Gewerbe erfahren\" \/>\n<meta property=\"og:url\" content=\"https:\/\/www.sense-electra.de\/en\/energiedienstleistungen\/messstellenbetrieb-mit-smart-meter\/\" \/>\n<meta property=\"og:site_name\" content=\"sense electra\" \/>\n<meta property=\"article:modified_time\" content=\"2023-10-12T09:51:20+00:00\" \/>\n<meta property=\"og:image\" content=\"https:\/\/www.sense-electra.de\/wp-content\/uploads\/2021\/10\/Zahl-1-dunkelgruen.png\" \/>\n<meta name=\"twitter:card\" content=\"summary_large_image\" \/>\n<meta name=\"twitter:label1\" content=\"Estimated reading time\" \/>\n\t<meta name=\"twitter:data1\" content=\"2 minutes\" \/>\n<script type=\"application\/ld+json\" class=\"yoast-schema-graph\">{\"@context\":\"https:\/\/schema.org\",\"@graph\":[{\"@type\":\"WebPage\",\"@id\":\"https:\/\/www.sense-electra.de\/energiedienstleistungen\/messstellenbetrieb-mit-smart-meter\/\",\"url\":\"https:\/\/www.sense-electra.de\/energiedienstleistungen\/messstellenbetrieb-mit-smart-meter\/\",\"name\":\"Smart Meter: den intelligenter Stromz\u00e4hler einbauen - sense electra\",\"isPartOf\":{\"@id\":\"https:\/\/www.sense-electra.de\/#website\"},\"primaryImageOfPage\":{\"@id\":\"https:\/\/www.sense-electra.de\/energiedienstleistungen\/messstellenbetrieb-mit-smart-meter\/#primaryimage\"},\"image\":{\"@id\":\"https:\/\/www.sense-electra.de\/energiedienstleistungen\/messstellenbetrieb-mit-smart-meter\/#primaryimage\"},\"thumbnailUrl\":\"https:\/\/www.sense-electra.de\/wp-content\/uploads\/2021\/10\/Zahl-1-dunkelgruen.png\",\"datePublished\":\"2020-08-25T10:11:35+00:00\",\"dateModified\":\"2023-10-12T09:51:20+00:00\",\"description\":\"Ein Smart Meter hilft beim Energiesparen. Als Messstellenbetreiber bauen wir diesen ein \u27a4 Hier Funktion & Vorteile f\u00fcr Ihr Gewerbe erfahren\",\"breadcrumb\":{\"@id\":\"https:\/\/www.sense-electra.de\/energiedienstleistungen\/messstellenbetrieb-mit-smart-meter\/#breadcrumb\"},\"inLanguage\":\"en-GB\",\"potentialAction\":[{\"@type\":\"ReadAction\",\"target\":[\"https:\/\/www.sense-electra.de\/energiedienstleistungen\/messstellenbetrieb-mit-smart-meter\/\"]}]},{\"@type\":\"ImageObject\",\"inLanguage\":\"en-GB\",\"@id\":\"https:\/\/www.sense-electra.de\/energiedienstleistungen\/messstellenbetrieb-mit-smart-meter\/#primaryimage\",\"url\":\"https:\/\/www.sense-electra.de\/wp-content\/uploads\/2021\/10\/Zahl-1-dunkelgruen.png\",\"contentUrl\":\"https:\/\/www.sense-electra.de\/wp-content\/uploads\/2021\/10\/Zahl-1-dunkelgruen.png\"},{\"@type\":\"BreadcrumbList\",\"@id\":\"https:\/\/www.sense-electra.de\/energiedienstleistungen\/messstellenbetrieb-mit-smart-meter\/#breadcrumb\",\"itemListElement\":[{\"@type\":\"ListItem\",\"position\":1,\"name\":\"Startseite\",\"item\":\"https:\/\/www.sense-electra.de\/\"},{\"@type\":\"ListItem\",\"position\":2,\"name\":\"Energiedienstleistungen\",\"item\":\"https:\/\/www.sense-electra.de\/energiedienstleistungen\/\"},{\"@type\":\"ListItem\",\"position\":3,\"name\":\"Messstellenbetrieb mit Smart Meter\"}]},{\"@type\":\"WebSite\",\"@id\":\"https:\/\/www.sense-electra.de\/#website\",\"url\":\"https:\/\/www.sense-electra.de\/\",\"name\":\"sense electra\",\"description\":\"W\u00e4rmeversorgung f\u00fcr Industrie- und Gewerbekunden\",\"potentialAction\":[{\"@type\":\"SearchAction\",\"target\":{\"@type\":\"EntryPoint\",\"urlTemplate\":\"https:\/\/www.sense-electra.de\/?s={search_term_string}\"},\"query-input\":\"required name=search_term_string\"}],\"inLanguage\":\"en-GB\"}]}<\/script>\n<!-- \/ Yoast SEO plugin. -->","yoast_head_json":{"title":"Smart Meter: den intelligenter Stromz\u00e4hler einbauen - sense electra","description":"Ein Smart Meter hilft beim Energiesparen. Als Messstellenbetreiber bauen wir diesen ein \u27a4 Hier Funktion & Vorteile f\u00fcr Ihr Gewerbe erfahren","robots":{"index":"index","follow":"follow","max-snippet":"max-snippet:-1","max-image-preview":"max-image-preview:large","max-video-preview":"max-video-preview:-1"},"canonical":"https:\/\/www.sense-electra.de\/en\/energiedienstleistungen\/messstellenbetrieb-mit-smart-meter\/","og_locale":"en_GB","og_type":"article","og_title":"Smart Meter: den intelligenter Stromz\u00e4hler einbauen - sense electra","og_description":"Ein Smart Meter hilft beim Energiesparen. Als Messstellenbetreiber bauen wir diesen ein \u27a4 Hier Funktion & Vorteile f\u00fcr Ihr Gewerbe erfahren","og_url":"https:\/\/www.sense-electra.de\/en\/energiedienstleistungen\/messstellenbetrieb-mit-smart-meter\/","og_site_name":"sense electra","article_modified_time":"2023-10-12T09:51:20+00:00","og_image":[{"url":"https:\/\/www.sense-electra.de\/wp-content\/uploads\/2021\/10\/Zahl-1-dunkelgruen.png"}],"twitter_card":"summary_large_image","twitter_misc":{"Estimated reading time":"2 minutes"},"schema":{"@context":"https:\/\/schema.org","@graph":[{"@type":"WebPage","@id":"https:\/\/www.sense-electra.de\/energiedienstleistungen\/messstellenbetrieb-mit-smart-meter\/","url":"https:\/\/www.sense-electra.de\/energiedienstleistungen\/messstellenbetrieb-mit-smart-meter\/","name":"Smart Meter: den intelligenter Stromz\u00e4hler einbauen - sense electra","isPartOf":{"@id":"https:\/\/www.sense-electra.de\/#website"},"primaryImageOfPage":{"@id":"https:\/\/www.sense-electra.de\/energiedienstleistungen\/messstellenbetrieb-mit-smart-meter\/#primaryimage"},"image":{"@id":"https:\/\/www.sense-electra.de\/energiedienstleistungen\/messstellenbetrieb-mit-smart-meter\/#primaryimage"},"thumbnailUrl":"https:\/\/www.sense-electra.de\/wp-content\/uploads\/2021\/10\/Zahl-1-dunkelgruen.png","datePublished":"2020-08-25T10:11:35+00:00","dateModified":"2023-10-12T09:51:20+00:00","description":"Ein Smart Meter hilft beim Energiesparen. Als Messstellenbetreiber bauen wir diesen ein \u27a4 Hier Funktion & Vorteile f\u00fcr Ihr Gewerbe erfahren","breadcrumb":{"@id":"https:\/\/www.sense-electra.de\/energiedienstleistungen\/messstellenbetrieb-mit-smart-meter\/#breadcrumb"},"inLanguage":"en-GB","potentialAction":[{"@type":"ReadAction","target":["https:\/\/www.sense-electra.de\/energiedienstleistungen\/messstellenbetrieb-mit-smart-meter\/"]}]},{"@type":"ImageObject","inLanguage":"en-GB","@id":"https:\/\/www.sense-electra.de\/energiedienstleistungen\/messstellenbetrieb-mit-smart-meter\/#primaryimage","url":"https:\/\/www.sense-electra.de\/wp-content\/uploads\/2021\/10\/Zahl-1-dunkelgruen.png","contentUrl":"https:\/\/www.sense-electra.de\/wp-content\/uploads\/2021\/10\/Zahl-1-dunkelgruen.png"},{"@type":"BreadcrumbList","@id":"https:\/\/www.sense-electra.de\/energiedienstleistungen\/messstellenbetrieb-mit-smart-meter\/#breadcrumb","itemListElement":[{"@type":"ListItem","position":1,"name":"Startseite","item":"https:\/\/www.sense-electra.de\/"},{"@type":"ListItem","position":2,"name":"Energiedienstleistungen","item":"https:\/\/www.sense-electra.de\/energiedienstleistungen\/"},{"@type":"ListItem","position":3,"name":"Messstellenbetrieb mit Smart Meter"}]},{"@type":"WebSite","@id":"https:\/\/www.sense-electra.de\/#website","url":"https:\/\/www.sense-electra.de\/","name":"sense electra","description":"W\u00e4rmeversorgung f\u00fcr Industrie- und Gewerbekunden","potentialAction":[{"@type":"SearchAction","target":{"@type":"EntryPoint","urlTemplate":"https:\/\/www.sense-electra.de\/?s={search_term_string}"},"query-input":"required name=search_term_string"}],"inLanguage":"en-GB"}]}},"_links":{"self":[{"href":"https:\/\/www.sense-electra.de\/en\/wp-json\/wp\/v2\/pages\/112"}],"collection":[{"href":"https:\/\/www.sense-electra.de\/en\/wp-json\/wp\/v2\/pages"}],"about":[{"href":"https:\/\/www.sense-electra.de\/en\/wp-json\/wp\/v2\/types\/page"}],"author":[{"embeddable":true,"href":"https:\/\/www.sense-electra.de\/en\/wp-json\/wp\/v2\/users\/1"}],"replies":[{"embeddable":true,"href":"https:\/\/www.sense-electra.de\/en\/wp-json\/wp\/v2\/comments?post=112"}],"version-history":[{"count":0,"href":"https:\/\/www.sense-electra.de\/en\/wp-json\/wp\/v2\/pages\/112\/revisions"}],"up":[{"embeddable":true,"href":"https:\/\/www.sense-electra.de\/en\/wp-json\/wp\/v2\/pages\/56"}],"wp:attachment":[{"href":"https:\/\/www.sense-electra.de\/en\/wp-json\/wp\/v2\/media?parent=112"}],"curies":[{"name":"wp","href":"https:\/\/api.w.org\/{rel}","templated":true}]}}