{"id":116,"date":"2020-08-25T12:12:03","date_gmt":"2020-08-25T10:12:03","guid":{"rendered":"https:\/\/www.sense-electra.de\/?page_id=116"},"modified":"2023-10-16T12:25:20","modified_gmt":"2023-10-16T10:25:20","slug":"energieausweis","status":"publish","type":"page","link":"https:\/\/www.sense-electra.de\/en\/energiedienstleistungen\/energieausweis\/","title":{"rendered":"Energy certificates"},"content":{"rendered":"<h1>\n\t\tIssuing energy certificates\n\t<\/h1>\n\t<p>Durch einen Energieausweis wird die Energieeffizienz Ihrer Immobilie sichtbar. Wir erstellen Energieausweise f\u00fcr alle Wohn- und Gewerbeimmobilien.<\/p>\n\t\t\t<a href=\"#Energieausweis_benoetigt\" target=\"_self\" role=\"button\" rel=\"noopener\">\n\t\t\t\t\t\t\tDo I need an energy certificate?\n\t\t\t\t\t<\/a>\n<h2>\n\t\tWir erstellen den Energieausweis f\u00fcr Ihre Immobilie\n\t<\/h2>\n\t\t\t\t<img loading=\"lazy\" decoding=\"async\" src=\"https:\/\/www.sense-electra.de\/wp-content\/uploads\/2021\/10\/Zahl-1.png\" alt=\"Zahl 1\" itemprop=\"image\" height=\"60\" width=\"60\" title=\"Zahl 1\" onerror=\"this.style.display='none'\"  \/>\n\t<p>Auswahl des passenden und notwendigen Energieausweises<\/p>\n\t\t\t\t<img loading=\"lazy\" decoding=\"async\" src=\"https:\/\/www.sense-electra.de\/wp-content\/uploads\/2021\/10\/Zahl-2.png\" alt=\"Zahl 2\" itemprop=\"image\" height=\"60\" width=\"60\" title=\"Zahl 2\" onerror=\"this.style.display='none'\"  \/>\n\t<p>Record the building\u2019s energy condition and data<\/p>\n\t\t\t\t<img loading=\"lazy\" decoding=\"async\" src=\"https:\/\/www.sense-electra.de\/wp-content\/uploads\/2021\/10\/Zahl-3.png\" alt=\"Zahl 3\" itemprop=\"image\" height=\"60\" width=\"60\" title=\"Zahl 3\" onerror=\"this.style.display='none'\"  \/>\n\t<p>Get an energy certificate from our energy experts<\/p>\n<h2>\n\t\tEnergieverbrauch von Immobilien im Vergleich\n\t<\/h2>\n\t<p>Ein Energieausweis liefert wichtige Informationen \u00fcber den Energieverbrauch und \u00fcber den Modernisierungsbedarf Ihres  Geb\u00e4udes. Der Ausweis hat eine Farbskala. Auf dieser ist die Energiestufe Ihres Geb\u00e4udes abzulesen. Dies macht die voraussichtlich anfallenden Heiz- und Warmwasserkosten einsch\u00e4tzbar. Als Pflichtdokument hat der Energieausweis eine G\u00fcltigkeit von 10 Jahren.<\/p>\n<h2>\n\t\tDo I need an energy certificate?\n\t<\/h2>\n\t<p>When a property is sold<\/p>\n\t<p>When letting to new tenants<\/p>\n\t<p>Sanierung und Modernisierung von Geb\u00e4uden<\/p>\n\t<p>H\u00e4user unter Denkmalschutz sind von dieser Pflicht ausgeschlossen<\/p>\n<h2>\n\t\tDie unterschiedlichen Arten der Energieausweise\n\t<\/h2>\n\t<p>Je nach Geb\u00e4ude ist ein Bedarfsausweis oder ein Verbrauchsausweis erforderlich. Dies ist abh\u00e4ngig von den Wohneinheiten und dem Baujahr. Ein Verbrauchsausweis sollte nicht mit einem Bedarfsausweis verglichen werden, da sich die Ausweise in der Erhebung der Energiekennwerte unterscheiden.<\/p>\n\t<p>Nicht immer ist ein konkreter Ausweis vorgeschrieben. Teilweise k\u00f6nnen sich Immobilienbesitzer zwischen der Erstellung eines Bedarfs- oder Verbrauchsausweises entscheiden. Zudem gibt es auch einen Energieausweis f\u00fcr Nichtwohngeb\u00e4ude.<\/p>\n\t\t\t\t<img loading=\"lazy\" decoding=\"async\" src=\"https:\/\/www.sense-electra.de\/wp-content\/uploads\/2021\/06\/immobilie-effizienzhaus.jpg\" alt=\"Immobilie mit effizienter Energienutzung\" itemprop=\"image\" height=\"335\" width=\"500\" title=\"Energie effizient nutzen in Immobilien\" onerror=\"this.style.display='none'\"  \/>\n<h2>\n\t\tEnergy consumption certificates\n\t<\/h2>\n\tMit dem Verbrauchsausweis machen Sie die Energieverbrauchsdaten Ihres Geb\u00e4udes sichtbar. Die Angaben im Dokument bilden die Verbr\u00e4uche der vergangenen drei Jahre ab. Diese werden zum Beispiel durch die Heizkostenabrechnung ermittelt. Die Angaben des Ausweises sind deshalb abh\u00e4ngig vom pers\u00f6nlichen Energie-Nutzungsverhalten der Bewohner.<br \/>\nDieser Ausweis ist oft g\u00fcnstig zu erstellen, aber auch weniger aussagekr\u00e4ftig im Hinblick auf die Energieeffizienz Ihres Geb\u00e4udes.\n\t\t\t\t<img loading=\"lazy\" decoding=\"async\" src=\"https:\/\/www.sense-electra.de\/wp-content\/uploads\/2021\/06\/wohngebaeude-immobilien-bhkw.jpg\" alt=\"Immobilie aus Backstein\" itemprop=\"image\" height=\"333\" width=\"500\" title=\"Energieeffizienz in Immobilien senken die Energiekosten.\" onerror=\"this.style.display='none'\"  \/>\n<h2>\n\t\tEnergy performance certificates\n\t<\/h2>\n\tDer Bedarfsausweis verdeutlicht aussagekr\u00e4ftig die Energieeffizienz Ihres Geb\u00e4udes. Es werden viele Faktoren ber\u00fccksichtigt: etwa die Bausubstanz, Anlagentechnik oder der Zustand der Fenster. Auch sind die Angaben im Dokument unabh\u00e4ngig vom aktuellen Energieverbrauch der Bewohner.<br \/>\nDeshalb ist dieser Ausweis umfangreicher und kostet mehr als ein Verbrauchsausweis.\n\t\t\t\t<img loading=\"lazy\" decoding=\"async\" src=\"https:\/\/www.sense-electra.de\/wp-content\/uploads\/2021\/06\/dienstleistungen-fuer-gewerbliche-gebaeude.jpg\" alt=\"gewerbliches Hochhaus\/Mehrparteienhaus\" itemprop=\"image\" height=\"340\" width=\"500\" title=\"Dienstleistungen im Energiesektor f\u00fcr Industrie und Gewerbe\" onerror=\"this.style.display='none'\"  \/>\n<h2>\n\t\tEnergy certificates for non-residential buildings\n\t<\/h2>\n\tAn energy certificate can be issued for non-residential buildings, such as office blocks, administrative buildings, commercial and shopping centres.<br \/>\nIn diesem flie\u00dfen zus\u00e4tzlich noch die Energiebedarfe f\u00fcr die Beleuchtung sowie die L\u00fcftungs- und Klimaanlage mit ein.\n\t<p>Welchen Energieausweis brauchen Sie?<\/p>\n\t<p>Beantworten Sie nur kurz die Fragen und erfahren Sie, welcher Energieausweis f\u00fcr Sie notwendig ist.<\/p>\n<h3>\n\t\tSie w\u00fcnschen eine Beratung? Melden Sie sich einfach bei uns.  \n\t<\/h3>\n<h3>\n\t<\/h3>\n\t\t\t<a href=\"#\" role=\"button\">\n\t\t\t\t\t\tGet in touch\n\t\t\t\t\t<\/a>\n\t\t\n<div class=\"wpcf7 no-js\" id=\"wpcf7-f93-o1\" lang=\"de-DE\" dir=\"ltr\">\n<div class=\"screen-reader-response\"><p role=\"status\" aria-live=\"polite\" aria-atomic=\"true\"><\/p> <ul><\/ul><\/div>\n<form action=\"\/en\/wp-json\/wp\/v2\/pages\/116#wpcf7-f93-o1\" method=\"post\" class=\"wpcf7-form init\" aria-label=\"Contact form\" novalidate=\"novalidate\" data-status=\"init\" data-trp-original-action=\"\/en\/wp-json\/wp\/v2\/pages\/116#wpcf7-f93-o1\">\n<div style=\"display: none;\">\n<input type=\"hidden\" name=\"_wpcf7\" value=\"93\" \/>\n<input type=\"hidden\" name=\"_wpcf7_version\" value=\"5.9.8\" \/>\n<input type=\"hidden\" name=\"_wpcf7_locale\" value=\"de_DE_formal\" \/>\n<input type=\"hidden\" name=\"_wpcf7_unit_tag\" value=\"wpcf7-f93-o1\" \/>\n<input type=\"hidden\" name=\"_wpcf7_container_post\" value=\"0\" \/>\n<input type=\"hidden\" name=\"_wpcf7_posted_data_hash\" value=\"\" \/>\n<\/div>\n<h3>Kontaktanfrage\n<\/h3>\n<p>Schreiben Sie uns Ihre Anliegen - wir melden uns bei Ihnen!\n<\/p>\n<p><label> Ihr Name*<br \/>\n<span class=\"wpcf7-form-control-wrap\" data-name=\"your-name\"><input size=\"40\" maxlength=\"400\" class=\"wpcf7-form-control wpcf7-text wpcf7-validates-as-required\" aria-required=\"true\" aria-invalid=\"false\" value=\"\" type=\"text\" name=\"your-name\" \/><\/span> <\/label>\n<\/p>\n<p><span id=\"ho-ph-sense-1\" class=\"wpcf7-form-control-wrap phone-or-mail-wrap\" style=\"display:none !important; visibility:hidden !important;\"><label for=\"wpcf7-69d5c8a826105-field\" class=\"hp-message\">Bitte lassen Sie dieses Feld leer.<\/label><input id=\"wpcf7-69d5c8a826105-field\"  class=\"wpcf7-form-control wpcf7-text\" type=\"text\" name=\"phone-or-mail\" value=\"\" size=\"40\" tabindex=\"-1\" autocomplete=\"new-password\" \/><\/span>\n<\/p>\n<p><label> Ihre E-Mail-Adresse*<br \/>\n<span class=\"wpcf7-form-control-wrap\" data-name=\"your-email\"><input size=\"40\" maxlength=\"400\" class=\"wpcf7-form-control wpcf7-email wpcf7-validates-as-required wpcf7-text wpcf7-validates-as-email\" aria-required=\"true\" aria-invalid=\"false\" value=\"\" type=\"email\" name=\"your-email\" \/><\/span> <\/label>\n<\/p>\n<p><span id=\"ho-ph-sense-2\" class=\"wpcf7-form-control-wrap phone-or-mail-wrap\" style=\"display:none !important; visibility:hidden !important;\"><label for=\"wpcf7-69d5c8a8261b3-field\" class=\"hp-message\">Bitte lassen Sie dieses Feld leer.<\/label><input id=\"wpcf7-69d5c8a8261b3-field\"  class=\"wpcf7-form-control wpcf7-text\" type=\"text\" name=\"phone-or-mail\" value=\"\" size=\"40\" tabindex=\"-1\" autocomplete=\"new-password\" \/><\/span>\n<\/p>\n<p><label> Betreff<br \/>\n<span class=\"wpcf7-form-control-wrap\" data-name=\"your-subject\"><input size=\"40\" maxlength=\"400\" class=\"wpcf7-form-control wpcf7-text\" aria-invalid=\"false\" value=\"\" type=\"text\" name=\"your-subject\" \/><\/span> <\/label>\n<\/p>\n<p><label> Ihre Nachricht<br \/>\n<span class=\"wpcf7-form-control-wrap\" data-name=\"your-message\"><textarea cols=\"40\" rows=\"10\" maxlength=\"2000\" class=\"wpcf7-form-control wpcf7-textarea\" aria-invalid=\"false\" name=\"your-message\"><\/textarea><\/span> <\/label>\n<\/p>\n<p>*Pflichtfeld\n<\/p>\n<p>Bitte beachten Sie unsere <a target=\"_blank\" href=\"\/en\/datenschutz\/\">Datenschutzbestimmungen.<\/a>\n<\/p>\n<p><input class=\"wpcf7-form-control wpcf7-submit has-spinner\" type=\"submit\" value=\"Send\" \/>\n<\/p><div class=\"wpcf7-response-output\" aria-hidden=\"true\"><\/div>\n<input type=\"hidden\" name=\"trp-form-language\" value=\"en\"\/><\/form>\n<\/div>","protected":false},"excerpt":{"rendered":"<p>Erstellung von Energieausweisen Durch einen Energieausweis wird die Energieeffizienz Ihrer Immobilie sichtbar. Wir erstellen Energieausweise f\u00fcr alle Wohn- und Gewerbeimmobilien. Wann ist ein Energieausweis erforderlich? Wir erstellen den Energieausweis f\u00fcr Ihre Immobilie Auswahl des passenden und notwendigen Energieausweises Erfassung der Geb\u00e4ude- und Energiedaten Erstellung des Energieausweises durch unsere Energieexperten Energieverbrauch von Immobilien im Vergleich Ein&hellip;<\/p>","protected":false},"author":1,"featured_media":0,"parent":56,"menu_order":0,"comment_status":"closed","ping_status":"closed","template":"","meta":{"_acf_changed":false,"footnotes":""},"acf":[],"yoast_head":"<!-- This site is optimized with the Yoast SEO plugin v23.1 - https:\/\/yoast.com\/wordpress\/plugins\/seo\/ -->\n<title>Energieausweis f\u00fcr alle Immobilien erstellen lassen - sense electra<\/title>\n<meta name=\"description\" content=\"Der Energieausweis ist ein Pflichtdokument. Wir beraten Sie in Hinblick auf den optimalen Energieausweis und stellen diesen aus.\" \/>\n<meta name=\"robots\" content=\"index, follow, max-snippet:-1, max-image-preview:large, max-video-preview:-1\" \/>\n<link rel=\"canonical\" href=\"https:\/\/www.sense-electra.de\/en\/energiedienstleistungen\/energieausweis\/\" \/>\n<meta property=\"og:locale\" content=\"en_GB\" \/>\n<meta property=\"og:type\" content=\"article\" \/>\n<meta property=\"og:title\" content=\"Energieausweis f\u00fcr alle Immobilien erstellen lassen - sense electra\" \/>\n<meta property=\"og:description\" content=\"Der Energieausweis ist ein Pflichtdokument. Wir beraten Sie in Hinblick auf den optimalen Energieausweis und stellen diesen aus.\" \/>\n<meta property=\"og:url\" content=\"https:\/\/www.sense-electra.de\/en\/energiedienstleistungen\/energieausweis\/\" \/>\n<meta property=\"og:site_name\" content=\"sense electra\" \/>\n<meta property=\"article:modified_time\" content=\"2023-10-16T10:25:20+00:00\" \/>\n<meta property=\"og:image\" content=\"https:\/\/www.sense-electra.de\/wp-content\/uploads\/2021\/10\/Zahl-1.png\" \/>\n<meta name=\"twitter:card\" content=\"summary_large_image\" \/>\n<meta name=\"twitter:label1\" content=\"Estimated reading time\" \/>\n\t<meta name=\"twitter:data1\" content=\"2 minutes\" \/>\n<script type=\"application\/ld+json\" class=\"yoast-schema-graph\">{\"@context\":\"https:\/\/schema.org\",\"@graph\":[{\"@type\":\"WebPage\",\"@id\":\"https:\/\/www.sense-electra.de\/energiedienstleistungen\/energieausweis\/\",\"url\":\"https:\/\/www.sense-electra.de\/energiedienstleistungen\/energieausweis\/\",\"name\":\"Energieausweis f\u00fcr alle Immobilien erstellen lassen - sense electra\",\"isPartOf\":{\"@id\":\"https:\/\/www.sense-electra.de\/#website\"},\"primaryImageOfPage\":{\"@id\":\"https:\/\/www.sense-electra.de\/energiedienstleistungen\/energieausweis\/#primaryimage\"},\"image\":{\"@id\":\"https:\/\/www.sense-electra.de\/energiedienstleistungen\/energieausweis\/#primaryimage\"},\"thumbnailUrl\":\"https:\/\/www.sense-electra.de\/wp-content\/uploads\/2021\/10\/Zahl-1.png\",\"datePublished\":\"2020-08-25T10:12:03+00:00\",\"dateModified\":\"2023-10-16T10:25:20+00:00\",\"description\":\"Der Energieausweis ist ein Pflichtdokument. Wir beraten Sie in Hinblick auf den optimalen Energieausweis und stellen diesen aus.\",\"breadcrumb\":{\"@id\":\"https:\/\/www.sense-electra.de\/energiedienstleistungen\/energieausweis\/#breadcrumb\"},\"inLanguage\":\"en-GB\",\"potentialAction\":[{\"@type\":\"ReadAction\",\"target\":[\"https:\/\/www.sense-electra.de\/energiedienstleistungen\/energieausweis\/\"]}]},{\"@type\":\"ImageObject\",\"inLanguage\":\"en-GB\",\"@id\":\"https:\/\/www.sense-electra.de\/energiedienstleistungen\/energieausweis\/#primaryimage\",\"url\":\"https:\/\/www.sense-electra.de\/wp-content\/uploads\/2021\/10\/Zahl-1.png\",\"contentUrl\":\"https:\/\/www.sense-electra.de\/wp-content\/uploads\/2021\/10\/Zahl-1.png\"},{\"@type\":\"BreadcrumbList\",\"@id\":\"https:\/\/www.sense-electra.de\/energiedienstleistungen\/energieausweis\/#breadcrumb\",\"itemListElement\":[{\"@type\":\"ListItem\",\"position\":1,\"name\":\"Startseite\",\"item\":\"https:\/\/www.sense-electra.de\/\"},{\"@type\":\"ListItem\",\"position\":2,\"name\":\"Energiedienstleistungen\",\"item\":\"https:\/\/www.sense-electra.de\/energiedienstleistungen\/\"},{\"@type\":\"ListItem\",\"position\":3,\"name\":\"Energieausweis\"}]},{\"@type\":\"WebSite\",\"@id\":\"https:\/\/www.sense-electra.de\/#website\",\"url\":\"https:\/\/www.sense-electra.de\/\",\"name\":\"sense electra\",\"description\":\"W\u00e4rmeversorgung f\u00fcr Industrie- und Gewerbekunden\",\"potentialAction\":[{\"@type\":\"SearchAction\",\"target\":{\"@type\":\"EntryPoint\",\"urlTemplate\":\"https:\/\/www.sense-electra.de\/?s={search_term_string}\"},\"query-input\":\"required name=search_term_string\"}],\"inLanguage\":\"en-GB\"}]}<\/script>\n<!-- \/ Yoast SEO plugin. -->","yoast_head_json":{"title":"Energieausweis f\u00fcr alle Immobilien erstellen lassen - sense electra","description":"Der Energieausweis ist ein Pflichtdokument. Wir beraten Sie in Hinblick auf den optimalen Energieausweis und stellen diesen aus.","robots":{"index":"index","follow":"follow","max-snippet":"max-snippet:-1","max-image-preview":"max-image-preview:large","max-video-preview":"max-video-preview:-1"},"canonical":"https:\/\/www.sense-electra.de\/en\/energiedienstleistungen\/energieausweis\/","og_locale":"en_GB","og_type":"article","og_title":"Energieausweis f\u00fcr alle Immobilien erstellen lassen - sense electra","og_description":"Der Energieausweis ist ein Pflichtdokument. Wir beraten Sie in Hinblick auf den optimalen Energieausweis und stellen diesen aus.","og_url":"https:\/\/www.sense-electra.de\/en\/energiedienstleistungen\/energieausweis\/","og_site_name":"sense electra","article_modified_time":"2023-10-16T10:25:20+00:00","og_image":[{"url":"https:\/\/www.sense-electra.de\/wp-content\/uploads\/2021\/10\/Zahl-1.png"}],"twitter_card":"summary_large_image","twitter_misc":{"Estimated reading time":"2 minutes"},"schema":{"@context":"https:\/\/schema.org","@graph":[{"@type":"WebPage","@id":"https:\/\/www.sense-electra.de\/energiedienstleistungen\/energieausweis\/","url":"https:\/\/www.sense-electra.de\/energiedienstleistungen\/energieausweis\/","name":"Energieausweis f\u00fcr alle Immobilien erstellen lassen - sense electra","isPartOf":{"@id":"https:\/\/www.sense-electra.de\/#website"},"primaryImageOfPage":{"@id":"https:\/\/www.sense-electra.de\/energiedienstleistungen\/energieausweis\/#primaryimage"},"image":{"@id":"https:\/\/www.sense-electra.de\/energiedienstleistungen\/energieausweis\/#primaryimage"},"thumbnailUrl":"https:\/\/www.sense-electra.de\/wp-content\/uploads\/2021\/10\/Zahl-1.png","datePublished":"2020-08-25T10:12:03+00:00","dateModified":"2023-10-16T10:25:20+00:00","description":"Der Energieausweis ist ein Pflichtdokument. Wir beraten Sie in Hinblick auf den optimalen Energieausweis und stellen diesen aus.","breadcrumb":{"@id":"https:\/\/www.sense-electra.de\/energiedienstleistungen\/energieausweis\/#breadcrumb"},"inLanguage":"en-GB","potentialAction":[{"@type":"ReadAction","target":["https:\/\/www.sense-electra.de\/energiedienstleistungen\/energieausweis\/"]}]},{"@type":"ImageObject","inLanguage":"en-GB","@id":"https:\/\/www.sense-electra.de\/energiedienstleistungen\/energieausweis\/#primaryimage","url":"https:\/\/www.sense-electra.de\/wp-content\/uploads\/2021\/10\/Zahl-1.png","contentUrl":"https:\/\/www.sense-electra.de\/wp-content\/uploads\/2021\/10\/Zahl-1.png"},{"@type":"BreadcrumbList","@id":"https:\/\/www.sense-electra.de\/energiedienstleistungen\/energieausweis\/#breadcrumb","itemListElement":[{"@type":"ListItem","position":1,"name":"Startseite","item":"https:\/\/www.sense-electra.de\/"},{"@type":"ListItem","position":2,"name":"Energiedienstleistungen","item":"https:\/\/www.sense-electra.de\/energiedienstleistungen\/"},{"@type":"ListItem","position":3,"name":"Energieausweis"}]},{"@type":"WebSite","@id":"https:\/\/www.sense-electra.de\/#website","url":"https:\/\/www.sense-electra.de\/","name":"sense electra","description":"W\u00e4rmeversorgung f\u00fcr Industrie- und Gewerbekunden","potentialAction":[{"@type":"SearchAction","target":{"@type":"EntryPoint","urlTemplate":"https:\/\/www.sense-electra.de\/?s={search_term_string}"},"query-input":"required name=search_term_string"}],"inLanguage":"en-GB"}]}},"_links":{"self":[{"href":"https:\/\/www.sense-electra.de\/en\/wp-json\/wp\/v2\/pages\/116"}],"collection":[{"href":"https:\/\/www.sense-electra.de\/en\/wp-json\/wp\/v2\/pages"}],"about":[{"href":"https:\/\/www.sense-electra.de\/en\/wp-json\/wp\/v2\/types\/page"}],"author":[{"embeddable":true,"href":"https:\/\/www.sense-electra.de\/en\/wp-json\/wp\/v2\/users\/1"}],"replies":[{"embeddable":true,"href":"https:\/\/www.sense-electra.de\/en\/wp-json\/wp\/v2\/comments?post=116"}],"version-history":[{"count":0,"href":"https:\/\/www.sense-electra.de\/en\/wp-json\/wp\/v2\/pages\/116\/revisions"}],"up":[{"embeddable":true,"href":"https:\/\/www.sense-electra.de\/en\/wp-json\/wp\/v2\/pages\/56"}],"wp:attachment":[{"href":"https:\/\/www.sense-electra.de\/en\/wp-json\/wp\/v2\/media?parent=116"}],"curies":[{"name":"wp","href":"https:\/\/api.w.org\/{rel}","templated":true}]}}