{"id":118,"date":"2020-08-25T12:12:20","date_gmt":"2020-08-25T10:12:20","guid":{"rendered":"https:\/\/www.sense-electra.de\/?page_id=118"},"modified":"2023-09-22T12:32:47","modified_gmt":"2023-09-22T10:32:47","slug":"guenstige-strom-und-waermetarife","status":"publish","type":"page","link":"https:\/\/www.sense-electra.de\/en\/energiedienstleistungen\/guenstige-strom-und-waermetarife\/","title":{"rendered":"Low-cost electricity and heat tariffs"},"content":{"rendered":"<h1>\n\t\tLow-cost electricity and heat tariffs\n\t<\/h1>\n\t<p>Gewerbe- und Industriekunden bieten wir preiswerte Energietarife. Informieren Sie sich einfach kostenlos &#038; unverbindlich.<\/p>\n\t\t\t<a href=\"#Energietarife\" target=\"_self\" role=\"button\" rel=\"noopener\">\n\t\t\t\t\t\t\tGet energy tariffs now\n\t\t\t\t\t<\/a>\n<h2>\n\t\tVon diesen Vorteilen profitieren Sie \n\t<\/h2>\n\t<p>We\u2019ll send you a free, verified quote<\/p>\n\t<p>You get your own personal contact person<\/p>\n\t<p>We\u2019ll check for any potential (tax) benefits<\/p>\n\t<p>We\u2019ll switch supplier contracts and contract stipulations on your behalf<\/p>\n\t<p>You\u2019ll receive a monthly evaluation of your load profile<\/p>\n<h2>\n\t\tSenken Sie Ihre Energiekosten durch preiswerte Stromtarife\n\t<\/h2>\n\tUm eine sichere Stromversorgung zu garantieren, arbeiten wir mit langj\u00e4hrigen zuverl\u00e4ssigen und ausgesuchten Partnern zusammen. Unsere Stromtarife sind abh\u00e4ngig von den aktuellen Bedingungen am Strommarkt. Ihr Preis setzt sich so zusammen. Je nach individuellem Energieverbrauch wird er ermittelt. Wir beziehen Strom aus verschiedenen Quellen: etwa durch den Direktkauf von der Stromb\u00f6rse und aus eigener Produktion mit Schwerpunkt erneuerbarer Energien und moderner KWK-Technik. Dies macht es uns m\u00f6glich, Ihnen Strom- und W\u00e4rmetarife f\u00fcr jede Branche anzubieten, die Sie beeindrucken werden.<br \/>\nKostenlos und unverbindlich senden wir Ihnen ein Angebot zu:  auf unsere Auswahl k\u00f6nnen Sie sich verlassen. Wir sorgen f\u00fcr einen zuverl\u00e4ssigen und ausgesuchten Energieversorger. Bei Ihrem Energieanbieterwechsel k\u00fcmmern wir uns um alle Verwaltungsaufgaben, die bei einem Versorgerwechsel entstehen.\n\t\t\t<a href=\"https:\/\/www.sense-electra.de\/en\/guenstige-gastarife-nur-gewerbe-und-industrie\/\" target=\"_self\" role=\"button\" rel=\"noopener\">\n\t\t\t\t\t\tRequest gas prices\n\t\t\t\t\t<\/a>\n\t\t\t<a href=\"https:\/\/www.sense-electra.de\/en\/guenstige-stromtarife-nur-gewerbe-und-industrie\/\" target=\"_self\" role=\"button\" rel=\"noopener\">\n\t\t\t\t\t\tRequest electricity prices\n\t\t\t\t\t<\/a>\n<h2>\n\t\tWie k\u00f6nnen Sie von diese Angeboten nutzen?\n\t<\/h2>\n\t\t\t\t<img loading=\"lazy\" decoding=\"async\" src=\"https:\/\/www.sense-electra.de\/wp-content\/uploads\/2021\/10\/Zahl-1-dunkelgruen.png\" alt=\"Zahl 1 - dunkelgruen\" itemprop=\"image\" height=\"60\" width=\"60\" title=\"Zahl 1 - dunkelgruen\" onerror=\"this.style.display='none'\"  \/>\n\t<p>Sie senden uns eine Anfrage mit Ihrer Postleitzahl und Ihrem Verbrauch<\/p>\n\t\t\t\t<img loading=\"lazy\" decoding=\"async\" src=\"https:\/\/www.sense-electra.de\/wp-content\/uploads\/2021\/10\/Zahl-2-dunkelgruen.png\" alt=\"Zahl 2 - dunkelgruen\" itemprop=\"image\" height=\"60\" width=\"60\" title=\"Zahl 2 - dunkelgruen\" onerror=\"this.style.display='none'\"  \/>\n\t<p>Wir finden f\u00fcr Sie den attraktivsten Strom- und W\u00e4rmetarif<\/p>\n\t\t\t\t<img loading=\"lazy\" decoding=\"async\" src=\"https:\/\/www.sense-electra.de\/wp-content\/uploads\/2021\/10\/Zahl-3-dunkelgruen.png\" alt=\"Zahl 3 - dunkelgruen\" itemprop=\"image\" height=\"60\" width=\"60\" title=\"Zahl 3 - dunkelgruen\" onerror=\"this.style.display='none'\"  \/>\n\t<p>Sie erhalten kostenlos den genau auf Sie abgestimmten preiswerten Energietarif<\/p>\n\t\t\t\t<img loading=\"lazy\" decoding=\"async\" src=\"https:\/\/www.sense-electra.de\/wp-content\/uploads\/2021\/10\/Zahl-4-dunkelgruen.png\" alt=\"Zahl 4 - dunkelgruen\" itemprop=\"image\" height=\"60\" width=\"60\" title=\"Zahl 4 - dunkelgruen\" onerror=\"this.style.display='none'\"  \/>\n\t<p>Jetzt wechseln Sie zu Ihrem neuen Energieversorger &#038; zahlen weniger Energiekosten<\/p>\n<h3>\n\t\tG\u00fcnstiger Strom- und Gastarif\n\t<\/h3>\n<h3>\n\t\tjetzt anfragen!\n\t<\/h3>\n\t\t\t<a href=\"https:\/\/www.sense-electra.de\/en\/guenstige-gastarife-nur-gewerbe-und-industrie\/\" target=\"_self\" role=\"button\" rel=\"noopener\">\n\t\t\t\t\t\tRequest gas prices\n\t\t\t\t\t<\/a>\n\t\t\t<a href=\"https:\/\/www.sense-electra.de\/en\/guenstige-stromtarife-nur-gewerbe-und-industrie\/\" target=\"_self\" role=\"button\" rel=\"noopener\">\n\t\t\t\t\t\tRequest electricity prices\n\t\t\t\t\t<\/a>","protected":false},"excerpt":{"rendered":"<p>G\u00fcnstige Strom- und W\u00e4rmetarife Gewerbe- und Industriekunden bieten wir preiswerte Energietarife. Informieren Sie sich einfach kostenlos &#038; unverbindlich. Jetzt Energietarife erhalten Von diesen Vorteilen profitieren Sie Kostenloses, gepr\u00fcftes Angebot Pers\u00f6nlicher Ansprechpartner Pr\u00fcfung auf m\u00f6gliche (Steuer-) Verg\u00fcnstigungen \u00dcbernahme der Vertrags- und Wechselmodalit\u00e4ten Monatliche Lastgangauswertung Senken Sie Ihre Energiekosten durch preiswerte Stromtarife Um eine sichere Stromversorgung zu&hellip;<\/p>","protected":false},"author":1,"featured_media":0,"parent":56,"menu_order":0,"comment_status":"closed","ping_status":"closed","template":"","meta":{"_acf_changed":false,"footnotes":""},"acf":[],"yoast_head":"<!-- This site is optimized with the Yoast SEO plugin v23.1 - https:\/\/yoast.com\/wordpress\/plugins\/seo\/ -->\n<title>G\u00fcnstige Strom- und W\u00e4rmetarife f\u00fcr Gewerbe &amp; Industrie - sense electra<\/title>\n<meta name=\"description\" content=\"Erhalten Sie von uns ein kostenloses Angebot f\u00fcr den Wechsel zu einem g\u00fcnstigeren Energieanbieter \u25ba F\u00fcr jede Branche \u25ba Unverbindlich anfragen\" \/>\n<meta name=\"robots\" content=\"index, follow, max-snippet:-1, max-image-preview:large, max-video-preview:-1\" \/>\n<link rel=\"canonical\" href=\"https:\/\/www.sense-electra.de\/en\/energiedienstleistungen\/guenstige-strom-und-waermetarife\/\" \/>\n<meta property=\"og:locale\" content=\"en_GB\" \/>\n<meta property=\"og:type\" content=\"article\" \/>\n<meta property=\"og:title\" content=\"G\u00fcnstige Strom- und W\u00e4rmetarife f\u00fcr Gewerbe &amp; Industrie - sense electra\" \/>\n<meta property=\"og:description\" content=\"Erhalten Sie von uns ein kostenloses Angebot f\u00fcr den Wechsel zu einem g\u00fcnstigeren Energieanbieter \u25ba F\u00fcr jede Branche \u25ba Unverbindlich anfragen\" \/>\n<meta property=\"og:url\" content=\"https:\/\/www.sense-electra.de\/en\/energiedienstleistungen\/guenstige-strom-und-waermetarife\/\" \/>\n<meta property=\"og:site_name\" content=\"sense electra\" \/>\n<meta property=\"article:modified_time\" content=\"2023-09-22T10:32:47+00:00\" \/>\n<meta property=\"og:image\" content=\"https:\/\/www.sense-electra.de\/wp-content\/uploads\/2021\/10\/Zahl-1-dunkelgruen.png\" \/>\n<meta name=\"twitter:card\" content=\"summary_large_image\" \/>\n<meta name=\"twitter:label1\" content=\"Estimated reading time\" \/>\n\t<meta name=\"twitter:data1\" content=\"1 minute\" \/>\n<script type=\"application\/ld+json\" class=\"yoast-schema-graph\">{\"@context\":\"https:\/\/schema.org\",\"@graph\":[{\"@type\":\"WebPage\",\"@id\":\"https:\/\/www.sense-electra.de\/energiedienstleistungen\/guenstige-strom-und-waermetarife\/\",\"url\":\"https:\/\/www.sense-electra.de\/energiedienstleistungen\/guenstige-strom-und-waermetarife\/\",\"name\":\"G\u00fcnstige Strom- und W\u00e4rmetarife f\u00fcr Gewerbe & Industrie - sense electra\",\"isPartOf\":{\"@id\":\"https:\/\/www.sense-electra.de\/#website\"},\"primaryImageOfPage\":{\"@id\":\"https:\/\/www.sense-electra.de\/energiedienstleistungen\/guenstige-strom-und-waermetarife\/#primaryimage\"},\"image\":{\"@id\":\"https:\/\/www.sense-electra.de\/energiedienstleistungen\/guenstige-strom-und-waermetarife\/#primaryimage\"},\"thumbnailUrl\":\"https:\/\/www.sense-electra.de\/wp-content\/uploads\/2021\/10\/Zahl-1-dunkelgruen.png\",\"datePublished\":\"2020-08-25T10:12:20+00:00\",\"dateModified\":\"2023-09-22T10:32:47+00:00\",\"description\":\"Erhalten Sie von uns ein kostenloses Angebot f\u00fcr den Wechsel zu einem g\u00fcnstigeren Energieanbieter \u25ba F\u00fcr jede Branche \u25ba Unverbindlich anfragen\",\"breadcrumb\":{\"@id\":\"https:\/\/www.sense-electra.de\/energiedienstleistungen\/guenstige-strom-und-waermetarife\/#breadcrumb\"},\"inLanguage\":\"en-GB\",\"potentialAction\":[{\"@type\":\"ReadAction\",\"target\":[\"https:\/\/www.sense-electra.de\/energiedienstleistungen\/guenstige-strom-und-waermetarife\/\"]}]},{\"@type\":\"ImageObject\",\"inLanguage\":\"en-GB\",\"@id\":\"https:\/\/www.sense-electra.de\/energiedienstleistungen\/guenstige-strom-und-waermetarife\/#primaryimage\",\"url\":\"https:\/\/www.sense-electra.de\/wp-content\/uploads\/2021\/10\/Zahl-1-dunkelgruen.png\",\"contentUrl\":\"https:\/\/www.sense-electra.de\/wp-content\/uploads\/2021\/10\/Zahl-1-dunkelgruen.png\"},{\"@type\":\"BreadcrumbList\",\"@id\":\"https:\/\/www.sense-electra.de\/energiedienstleistungen\/guenstige-strom-und-waermetarife\/#breadcrumb\",\"itemListElement\":[{\"@type\":\"ListItem\",\"position\":1,\"name\":\"Startseite\",\"item\":\"https:\/\/www.sense-electra.de\/\"},{\"@type\":\"ListItem\",\"position\":2,\"name\":\"Energiedienstleistungen\",\"item\":\"https:\/\/www.sense-electra.de\/energiedienstleistungen\/\"},{\"@type\":\"ListItem\",\"position\":3,\"name\":\"G\u00fcnstige Strom- und W\u00e4rmetarife\"}]},{\"@type\":\"WebSite\",\"@id\":\"https:\/\/www.sense-electra.de\/#website\",\"url\":\"https:\/\/www.sense-electra.de\/\",\"name\":\"sense electra\",\"description\":\"W\u00e4rmeversorgung f\u00fcr Industrie- und Gewerbekunden\",\"potentialAction\":[{\"@type\":\"SearchAction\",\"target\":{\"@type\":\"EntryPoint\",\"urlTemplate\":\"https:\/\/www.sense-electra.de\/?s={search_term_string}\"},\"query-input\":\"required name=search_term_string\"}],\"inLanguage\":\"en-GB\"}]}<\/script>\n<!-- \/ Yoast SEO plugin. -->","yoast_head_json":{"title":"G\u00fcnstige Strom- und W\u00e4rmetarife f\u00fcr Gewerbe & Industrie - sense electra","description":"Erhalten Sie von uns ein kostenloses Angebot f\u00fcr den Wechsel zu einem g\u00fcnstigeren Energieanbieter \u25ba F\u00fcr jede Branche \u25ba Unverbindlich anfragen","robots":{"index":"index","follow":"follow","max-snippet":"max-snippet:-1","max-image-preview":"max-image-preview:large","max-video-preview":"max-video-preview:-1"},"canonical":"https:\/\/www.sense-electra.de\/en\/energiedienstleistungen\/guenstige-strom-und-waermetarife\/","og_locale":"en_GB","og_type":"article","og_title":"G\u00fcnstige Strom- und W\u00e4rmetarife f\u00fcr Gewerbe & Industrie - sense electra","og_description":"Erhalten Sie von uns ein kostenloses Angebot f\u00fcr den Wechsel zu einem g\u00fcnstigeren Energieanbieter \u25ba F\u00fcr jede Branche \u25ba Unverbindlich anfragen","og_url":"https:\/\/www.sense-electra.de\/en\/energiedienstleistungen\/guenstige-strom-und-waermetarife\/","og_site_name":"sense electra","article_modified_time":"2023-09-22T10:32:47+00:00","og_image":[{"url":"https:\/\/www.sense-electra.de\/wp-content\/uploads\/2021\/10\/Zahl-1-dunkelgruen.png"}],"twitter_card":"summary_large_image","twitter_misc":{"Estimated reading time":"1 minute"},"schema":{"@context":"https:\/\/schema.org","@graph":[{"@type":"WebPage","@id":"https:\/\/www.sense-electra.de\/energiedienstleistungen\/guenstige-strom-und-waermetarife\/","url":"https:\/\/www.sense-electra.de\/energiedienstleistungen\/guenstige-strom-und-waermetarife\/","name":"G\u00fcnstige Strom- und W\u00e4rmetarife f\u00fcr Gewerbe & Industrie - sense electra","isPartOf":{"@id":"https:\/\/www.sense-electra.de\/#website"},"primaryImageOfPage":{"@id":"https:\/\/www.sense-electra.de\/energiedienstleistungen\/guenstige-strom-und-waermetarife\/#primaryimage"},"image":{"@id":"https:\/\/www.sense-electra.de\/energiedienstleistungen\/guenstige-strom-und-waermetarife\/#primaryimage"},"thumbnailUrl":"https:\/\/www.sense-electra.de\/wp-content\/uploads\/2021\/10\/Zahl-1-dunkelgruen.png","datePublished":"2020-08-25T10:12:20+00:00","dateModified":"2023-09-22T10:32:47+00:00","description":"Erhalten Sie von uns ein kostenloses Angebot f\u00fcr den Wechsel zu einem g\u00fcnstigeren Energieanbieter \u25ba F\u00fcr jede Branche \u25ba Unverbindlich anfragen","breadcrumb":{"@id":"https:\/\/www.sense-electra.de\/energiedienstleistungen\/guenstige-strom-und-waermetarife\/#breadcrumb"},"inLanguage":"en-GB","potentialAction":[{"@type":"ReadAction","target":["https:\/\/www.sense-electra.de\/energiedienstleistungen\/guenstige-strom-und-waermetarife\/"]}]},{"@type":"ImageObject","inLanguage":"en-GB","@id":"https:\/\/www.sense-electra.de\/energiedienstleistungen\/guenstige-strom-und-waermetarife\/#primaryimage","url":"https:\/\/www.sense-electra.de\/wp-content\/uploads\/2021\/10\/Zahl-1-dunkelgruen.png","contentUrl":"https:\/\/www.sense-electra.de\/wp-content\/uploads\/2021\/10\/Zahl-1-dunkelgruen.png"},{"@type":"BreadcrumbList","@id":"https:\/\/www.sense-electra.de\/energiedienstleistungen\/guenstige-strom-und-waermetarife\/#breadcrumb","itemListElement":[{"@type":"ListItem","position":1,"name":"Startseite","item":"https:\/\/www.sense-electra.de\/"},{"@type":"ListItem","position":2,"name":"Energiedienstleistungen","item":"https:\/\/www.sense-electra.de\/energiedienstleistungen\/"},{"@type":"ListItem","position":3,"name":"G\u00fcnstige Strom- und W\u00e4rmetarife"}]},{"@type":"WebSite","@id":"https:\/\/www.sense-electra.de\/#website","url":"https:\/\/www.sense-electra.de\/","name":"sense electra","description":"W\u00e4rmeversorgung f\u00fcr Industrie- und Gewerbekunden","potentialAction":[{"@type":"SearchAction","target":{"@type":"EntryPoint","urlTemplate":"https:\/\/www.sense-electra.de\/?s={search_term_string}"},"query-input":"required name=search_term_string"}],"inLanguage":"en-GB"}]}},"_links":{"self":[{"href":"https:\/\/www.sense-electra.de\/en\/wp-json\/wp\/v2\/pages\/118"}],"collection":[{"href":"https:\/\/www.sense-electra.de\/en\/wp-json\/wp\/v2\/pages"}],"about":[{"href":"https:\/\/www.sense-electra.de\/en\/wp-json\/wp\/v2\/types\/page"}],"author":[{"embeddable":true,"href":"https:\/\/www.sense-electra.de\/en\/wp-json\/wp\/v2\/users\/1"}],"replies":[{"embeddable":true,"href":"https:\/\/www.sense-electra.de\/en\/wp-json\/wp\/v2\/comments?post=118"}],"version-history":[{"count":0,"href":"https:\/\/www.sense-electra.de\/en\/wp-json\/wp\/v2\/pages\/118\/revisions"}],"up":[{"embeddable":true,"href":"https:\/\/www.sense-electra.de\/en\/wp-json\/wp\/v2\/pages\/56"}],"wp:attachment":[{"href":"https:\/\/www.sense-electra.de\/en\/wp-json\/wp\/v2\/media?parent=118"}],"curies":[{"name":"wp","href":"https:\/\/api.w.org\/{rel}","templated":true}]}}