{"id":126,"date":"2020-08-25T12:13:16","date_gmt":"2020-08-25T10:13:16","guid":{"rendered":"https:\/\/www.sense-electra.de\/?page_id=126"},"modified":"2023-10-30T09:29:44","modified_gmt":"2023-10-30T08:29:44","slug":"leistungsgroessen","status":"publish","type":"page","link":"https:\/\/www.sense-electra.de\/en\/blockheizkraftwerk\/bhkw-grundlagen\/leistungsgroessen\/","title":{"rendered":"Power Output"},"content":{"rendered":"<h1>\n\t\tCHP output power\n\t<\/h1>\n\t<p>What are the differences between mini, micro and large-scale CHP units? CHP output power and their use cases at a glance.<\/p>\n\t<p><a href=\"#Leistungsklassen\">Output classes<\/a><\/p>\n\t<p><a href=\"#privat\">For private use<\/a><\/p>\n\t<p><a href=\"#gewerbe\">For commercial use<\/a><\/p>\n<h2>\n\t\tBHKW nach Leistungsgr\u00f6\u00dfen unterscheiden\n\t<\/h2>\n\t<p>BHKW werden nach Leistungsgr\u00f6\u00dfen, d. h. ihrer elektrischen Leistung, eingeteilt. Diese reichen von unter 1 Kilowatt (kW) bis hin zu \u00fcber 10 Mega-Watt (MW) elektrischer Leistung. Gel\u00e4ufig sind dabei die Bezeichnungen Nano, Mikro, Mini, BHKW und Gro\u00df-BHKW.<\/p>\n<p>However, as these differences are not clearly defined, it can sometimes be difficult to identify how much power output your CHP will need. Some manufacturers have also introduced the term \u201cmid-sized CHP\u201d, which refer to sizes between mini and large-scale CHP units. This means that one manufacturer may refer to a particular CHP unit as a mini CHP unit, whereas another manufacturer might call a CHP with the same power output a mid-sized unit.<\/p>\n<p>Letztendlich ist die Bezeichnung des BHKW aber nicht relevant. Vielmehr kommt es auf die ausgew\u00e4hlte Leistungsklasse f\u00fcr das jeweilige Objekt an. Diese ist sowohl abh\u00e4ngig von der W\u00e4rmegrundlast, als auch vom Strombedarf des Geb\u00e4udes.<\/p>\n\t\t\t\t<img decoding=\"async\" src=\"https:\/\/www.sense-electra.de\/wp-content\/uploads\/2021\/06\/stromzaehlermessung.jpg\" alt=\"Stromz\u00e4hlermessung in kWh\" itemprop=\"image\" title=\"Stromverbrauchsmessung\" onerror=\"this.style.display='none'\"  \/>\n<h2>\n\t\tAt a glance: Classification of approximate power output\n\t<\/h2>\n\t\t\t\t<img decoding=\"async\" src=\"https:\/\/www.sense-electra.de\/wp-content\/uploads\/2022\/03\/BHKW-Leistungsklassen_mit_Einsatzgebieten_englisch.png\" alt=\"Leistungsklassen BHKW und Einsatzgebiete\" itemprop=\"image\" title=\"Leistungsklassen BHKW\" onerror=\"this.style.display='none'\"  \/>\n\t<p>&nbsp;<\/p>\n<p>&nbsp;<\/p>\n<h2>\n\t\tBHKW f\u00fcr den Privatbereich &#8211; Leistungsgr\u00f6\u00dfen bis 50 kW\n\t<\/h2>\n\t\t\t\t<img decoding=\"async\" src=\"https:\/\/www.sense-electra.de\/wp-content\/uploads\/2021\/06\/digitaler-fortschritt-effizienzhaus.jpg\" alt=\"Digitalisierung des Effizienzhauses\" itemprop=\"image\" title=\"Effizienz der eigenen Immobilie steigern\" onerror=\"this.style.display='none'\"  \/>\n\t<p><strong>Nano CHPs<\/strong><\/p>\n<p>Die kleinste Leistungsklasse bilden die Nano-BHKW. Diese besitzen eine elektrische Leistung von bis zu 2,5 Kilowatt. Sie\u00a0werden h\u00e4ufig auf der Basis von Brennstoffzellen betriebenen. Aufgrund ihrer geringen Leistung eigenen sie sich nur f\u00fcr Ein- und Zweifamilienh\u00e4user.<\/p>\n<p><strong>Micro CHPs\u00a0\u00a0\u00a0 <\/strong><\/p>\n<p>Micro CHPs are the next step up in power output. They can produce up to 10 kilowatts of electrical power and are also used in single- and two-family homes.<\/p>\n<p><strong>Mini CHPs<\/strong><\/p>\n<p>Die gr\u00f6\u00dfte Klasse f\u00fcr privat betriebene Blockheizkraftwerke sind die Mini-BHKW. Mit einer elektrischen Leistung von bis zu 50 Kilowatt eignen sie sich f\u00fcr Mehrfamilienh\u00e4user, aber auch f\u00fcr kleinere Gewerbebetriebe.<\/p>\n<h2>\n\t\tCHP units for commercial enterprises and (large) residential properties \u2013 power output over 50 kW\n\t<\/h2>\n<h2>\n\t\tBHKW f\u00fcr Gewerbe- und (Gro\u00df-) Wohnimmobilien \u2013 Leistungsgr\u00f6\u00dfen ab 50 kW\n\t<\/h2>\n\t<p><strong>CHP units<\/strong><\/p>\n<p>Ab einer Leistungsgr\u00f6\u00dfe von 20 Kilowatt elektrischer Leistung eignet sich ein BHKW f\u00fcr den gewerblichen Einsatz. BHKW in dieser Gr\u00f6\u00dfe k\u00f6nnen je nachdem gr\u00f6\u00dfere Immobilien, Hotels, Seniorenheime und gr\u00f6\u00dfere Industriebetriebe versorgen.<\/p>\n<p><strong>Large-scale CHP units<\/strong><\/p>\n<p>The next larger output class \u2013 which starts at approximately 250 kilowatts\/ 1 megawatt \u2013 refers to what are known as large-scale CHP units. These can supply entire city districts and very large industrial plants with heat and electricity.<\/p>\n\t\t\t\t<img decoding=\"async\" src=\"https:\/\/www.sense-electra.de\/wp-content\/uploads\/2021\/06\/immobilie-effizienzhaus.jpg\" alt=\"Immobilie mit effizienter Energienutzung\" itemprop=\"image\" title=\"Energie effizient nutzen in Immobilien\" onerror=\"this.style.display='none'\"  \/>\n\t<p>More about CHPs<\/p>\n\t\t\t\t<a href=\"https:\/\/www.sense-electra.de\/en\/blockheizkraftwerk\/\" target=\"_self\" itemprop=\"url\" rel=\"noopener\">\n\t\t\t\t<img decoding=\"async\" src=\"https:\/\/www.sense-electra.de\/wp-content\/uploads\/2021\/06\/energiefachexperte-planung-einbau-wartung-weitere-Leistungen-150x150.jpg\" alt=\"Energiedienstleistungen eines Experten von Planung, Einbau bis Wartung\" itemprop=\"image\" title=\"Passgenaue L\u00f6sungen und umfangreiche Beratung f\u00fcr das BHKW-Vorhaben\" onerror=\"this.style.display='none'\"  \/>\n\t\t\t\t<\/a>\n\t<p><a href=\"https:\/\/www.sense-electra.de\/en\/blockheizkraftwerk\/\">CHP calculator<\/a><\/p>\n\t\t\t\t<a href=\"https:\/\/www.sense-electra.de\/en\/gewerbe\/\" target=\"_self\" itemprop=\"url\" rel=\"noopener\">\n\t\t\t\t<img decoding=\"async\" src=\"https:\/\/www.sense-electra.de\/wp-content\/uploads\/2022\/01\/Ihr_Gewerbe_Blockheizkraftwerk-150x150.jpg\" alt=\"Fachpersonal f\u00fcr BHKWs plant an einem Tisch zusammen ein neues Blockheizkraftwerk f\u00fcr Ihr Gewerbe\" itemprop=\"image\" title=\"Planung eines Blockheizkraftwerks f\u00fcr Ihr Gewerbe\" onerror=\"this.style.display='none'\"  \/>\n\t\t\t\t<\/a>\n\t<p><a href=\"https:\/\/www.sense-electra.de\/en\/gewerbe\/\">CHP for your business<\/a><\/p>\n\t\t\t\t<a href=\"https:\/\/www.sense-electra.de\/en\/blockheizkraftwerk\/bhkw-grundlagen\/bhkw-motoren\/\" target=\"_self\" itemprop=\"url\" rel=\"noopener\">\n\t\t\t\t<img decoding=\"async\" src=\"https:\/\/www.sense-electra.de\/wp-content\/uploads\/2021\/06\/bhkw-antriebe-weitere-infos-150x150.jpg\" alt=\"Motorabbildung\" itemprop=\"image\" title=\"Blockheizkraftwerk - Technologie f\u00fcr eine nachhaltige Energieversorgung\" onerror=\"this.style.display='none'\"  \/>\n\t\t\t\t<\/a>\n\t<p><a href=\"https:\/\/www.sense-electra.de\/en\/blockheizkraftwerk\/bhkw-grundlagen\/bhkw-motoren\/\">CHP engines<\/a><\/p>\n\t<p>More about CHPs<\/p>\n<h3>\n\t\tWe help companies\n\t<\/h3>\n<h3>\n\t\tdetermine the right power rating for CHP units!\n\t<\/h3>\n\t\t\t<a href=\"#\" role=\"button\">\n\t\t\t\t\t\tSend request now\n\t\t\t\t\t<\/a>\n\t\t\n<div class=\"wpcf7 no-js\" id=\"wpcf7-f1738-o1\" lang=\"de-DE\" dir=\"ltr\">\n<div class=\"screen-reader-response\"><p role=\"status\" aria-live=\"polite\" aria-atomic=\"true\"><\/p> <ul><\/ul><\/div>\n<form action=\"\/en\/wp-json\/wp\/v2\/pages\/126#wpcf7-f1738-o1\" method=\"post\" class=\"wpcf7-form init\" aria-label=\"Contact form\" novalidate=\"novalidate\" data-status=\"init\" data-trp-original-action=\"\/en\/wp-json\/wp\/v2\/pages\/126#wpcf7-f1738-o1\">\n<div style=\"display: none;\">\n<input type=\"hidden\" name=\"_wpcf7\" value=\"1738\" \/>\n<input type=\"hidden\" name=\"_wpcf7_version\" value=\"5.9.8\" \/>\n<input type=\"hidden\" name=\"_wpcf7_locale\" value=\"de_DE_formal\" \/>\n<input type=\"hidden\" name=\"_wpcf7_unit_tag\" value=\"wpcf7-f1738-o1\" \/>\n<input type=\"hidden\" name=\"_wpcf7_container_post\" value=\"0\" \/>\n<input type=\"hidden\" name=\"_wpcf7_posted_data_hash\" value=\"\" \/>\n<\/div>\n<h3>submit a CHP inquiry\n<\/h3>\n<p> Unser Team berechnet Ihre Einsparungen mittels BHKW - kostenfrei und komplett unverbindlich f\u00fcr Sie. Treten Sie jetzt mit unseren BHKW-Experten in Kontakt.\n<\/p>\n<p><label> Womit heizen Sie?*<br \/>\n<span class=\"wpcf7-form-control-wrap\" data-name=\"Brennstoff\"><select class=\"wpcf7-form-control wpcf7-select wpcf7-validates-as-required\" aria-required=\"true\" aria-invalid=\"false\" name=\"Brennstoff\"><option value=\"\">&#8211; Bitte ausw\u00e4hlen &#8211;<\/option><option value=\"Gas\">Gas<\/option><option value=\"\u00d6l\">\u00d6l<\/option><option value=\"Sonstiges\">Sonstiges<\/option><\/select><\/span><br \/>\n<\/label>\n<\/p>\n<p><span id=\"ho-ph-sense-1\" class=\"wpcf7-form-control-wrap phone-or-mail-wrap\" style=\"display:none !important; visibility:hidden !important;\"><label for=\"wpcf7-6a09962799cee-field\" class=\"hp-message\">Bitte lassen Sie dieses Feld leer.<\/label><input id=\"wpcf7-6a09962799cee-field\"  class=\"wpcf7-form-control wpcf7-text\" type=\"text\" name=\"phone-or-mail\" value=\"\" size=\"40\" tabindex=\"-1\" autocomplete=\"new-password\" \/><\/span>\n<\/p>\n<p><label> Ihr Verbrauch pro Jahr (kWh)*<br \/>\n<span class=\"wpcf7-form-control-wrap\" data-name=\"Verbrauch\"><input size=\"40\" maxlength=\"400\" class=\"wpcf7-form-control wpcf7-text wpcf7-validates-as-required\" aria-required=\"true\" aria-invalid=\"false\" value=\"\" type=\"text\" name=\"Verbrauch\" \/><\/span> <\/label>\n<\/p>\n<p><label> Art des Geb\u00e4udes*<br \/>\n<span class=\"wpcf7-form-control-wrap\" data-name=\"Gebauedeart\"><select class=\"wpcf7-form-control wpcf7-select wpcf7-validates-as-required\" aria-required=\"true\" aria-invalid=\"false\" name=\"Gebauedeart\"><option value=\"Gewerbegeb\u00e4ude\">Commercial site<\/option><option value=\"Wohngeb\u00e4ude\">Residential building<\/option><\/select><\/span> <\/label>\n<\/p>\n<p><span id=\"ho-ph-sense-2\" class=\"wpcf7-form-control-wrap phone-or-mail-wrap\" style=\"display:none !important; visibility:hidden !important;\"><label for=\"wpcf7-6a09962799e4b-field\" class=\"hp-message\">Bitte lassen Sie dieses Feld leer.<\/label><input id=\"wpcf7-6a09962799e4b-field\"  class=\"wpcf7-form-control wpcf7-text\" type=\"text\" name=\"phone-or-mail\" value=\"\" size=\"40\" tabindex=\"-1\" autocomplete=\"new-password\" \/><\/span>\n<\/p>\n<p><label> Ihre Firmen-E-Mail*<br \/>\n<span class=\"wpcf7-form-control-wrap\" data-name=\"your-email\"><input size=\"40\" maxlength=\"400\" class=\"wpcf7-form-control wpcf7-email wpcf7-validates-as-required wpcf7-text wpcf7-validates-as-email\" aria-required=\"true\" aria-invalid=\"false\" value=\"\" type=\"email\" name=\"your-email\" \/><\/span> <\/label>\n<\/p>\n<p><label> Ihre R\u00fcckruf-Nummer<br \/>\n<span class=\"wpcf7-form-control-wrap\" data-name=\"tel-218\"><input size=\"40\" maxlength=\"400\" class=\"wpcf7-form-control wpcf7-tel wpcf7-text wpcf7-validates-as-tel\" aria-invalid=\"false\" value=\"\" type=\"tel\" name=\"tel-218\" \/><\/span> <\/label>\n<\/p>\n<p><label> Ihre Nachricht an uns<br \/>\n<span class=\"wpcf7-form-control-wrap\" data-name=\"your-message\"><textarea cols=\"40\" rows=\"10\" maxlength=\"2000\" class=\"wpcf7-form-control wpcf7-textarea\" aria-invalid=\"false\" name=\"your-message\"><\/textarea><\/span> <\/label>\n<\/p>\n<p>*Pflichtfeld\n<\/p>\n<p>Bitte beachten Sie unsere <a target=\"_blank\" href=\"\/en\/datenschutz\/\">Datenschutzbestimmungen.<\/a>\n<\/p>\n<p><input class=\"wpcf7-form-control wpcf7-submit has-spinner\" type=\"submit\" value=\"Jetzt Angebot anfordern\" \/>\n<\/p><div class=\"wpcf7-response-output\" aria-hidden=\"true\"><\/div>\n<input type=\"hidden\" name=\"trp-form-language\" value=\"en\"\/><\/form>\n<\/div>","protected":false},"excerpt":{"rendered":"<p>Leistungsgr\u00f6\u00dfen von BHKW-Anlage Worin unterscheiden sich Mini-, Mikro- und Gro\u00df-BHKW? Ein kurzer \u00dcberblick \u00fcber die BHKW-Leistungsgr\u00f6\u00dfen und deren Einsatzgebiete. Leistungsklassen F\u00fcr Privat F\u00fcr Gewerbe BHKW nach Leistungsgr\u00f6\u00dfen unterscheiden BHKW werden nach Leistungsgr\u00f6\u00dfen, d. h. ihrer elektrischen Leistung, eingeteilt. Diese reichen von unter 1 Kilowatt (kW) bis hin zu \u00fcber 10 Mega-Watt (MW) elektrischer Leistung. Gel\u00e4ufig&hellip;<\/p>","protected":false},"author":1,"featured_media":0,"parent":122,"menu_order":0,"comment_status":"closed","ping_status":"closed","template":"","meta":{"_acf_changed":false,"footnotes":""},"acf":[],"yoast_head":"<!-- This site is optimized with the Yoast SEO plugin v23.1 - https:\/\/yoast.com\/wordpress\/plugins\/seo\/ -->\n<title>Welche BHKW-Leistungsgr\u00f6\u00dfe f\u00fcr welchen Einsatz?<\/title>\n<meta name=\"description\" content=\"Mikro-, Mini- oder Gro\u00df-BHKW? Unterschiede der Leistungsgr\u00f6\u00dfen verstehen und Einsatzbereiche entdecken. Welches BHKW passt zu Ihrem Vorhaben?\" \/>\n<meta name=\"robots\" content=\"index, follow, max-snippet:-1, max-image-preview:large, max-video-preview:-1\" \/>\n<link rel=\"canonical\" href=\"https:\/\/www.sense-electra.de\/en\/blockheizkraftwerk\/bhkw-grundlagen\/leistungsgroessen\/\" \/>\n<meta property=\"og:locale\" content=\"en_GB\" \/>\n<meta property=\"og:type\" content=\"article\" \/>\n<meta property=\"og:title\" content=\"Welche BHKW-Leistungsgr\u00f6\u00dfe f\u00fcr welchen Einsatz?\" \/>\n<meta property=\"og:description\" content=\"Mikro-, Mini- oder Gro\u00df-BHKW? Unterschiede der Leistungsgr\u00f6\u00dfen verstehen und Einsatzbereiche entdecken. Welches BHKW passt zu Ihrem Vorhaben?\" \/>\n<meta property=\"og:url\" content=\"https:\/\/www.sense-electra.de\/en\/blockheizkraftwerk\/bhkw-grundlagen\/leistungsgroessen\/\" \/>\n<meta property=\"og:site_name\" content=\"sense electra\" \/>\n<meta property=\"article:modified_time\" content=\"2023-10-30T08:29:44+00:00\" \/>\n<meta property=\"og:image\" content=\"https:\/\/www.sense-electra.de\/wp-content\/uploads\/2021\/06\/stromzaehlermessung.jpg\" \/>\n<meta name=\"twitter:card\" content=\"summary_large_image\" \/>\n<meta name=\"twitter:label1\" content=\"Estimated reading time\" \/>\n\t<meta name=\"twitter:data1\" content=\"2 minutes\" \/>\n<script type=\"application\/ld+json\" class=\"yoast-schema-graph\">{\"@context\":\"https:\/\/schema.org\",\"@graph\":[{\"@type\":\"WebPage\",\"@id\":\"https:\/\/www.sense-electra.de\/blockheizkraftwerk\/bhkw-grundlagen\/leistungsgroessen\/\",\"url\":\"https:\/\/www.sense-electra.de\/blockheizkraftwerk\/bhkw-grundlagen\/leistungsgroessen\/\",\"name\":\"Welche BHKW-Leistungsgr\u00f6\u00dfe f\u00fcr welchen Einsatz?\",\"isPartOf\":{\"@id\":\"https:\/\/www.sense-electra.de\/#website\"},\"primaryImageOfPage\":{\"@id\":\"https:\/\/www.sense-electra.de\/blockheizkraftwerk\/bhkw-grundlagen\/leistungsgroessen\/#primaryimage\"},\"image\":{\"@id\":\"https:\/\/www.sense-electra.de\/blockheizkraftwerk\/bhkw-grundlagen\/leistungsgroessen\/#primaryimage\"},\"thumbnailUrl\":\"https:\/\/www.sense-electra.de\/wp-content\/uploads\/2021\/06\/stromzaehlermessung.jpg\",\"datePublished\":\"2020-08-25T10:13:16+00:00\",\"dateModified\":\"2023-10-30T08:29:44+00:00\",\"description\":\"Mikro-, Mini- oder Gro\u00df-BHKW? Unterschiede der Leistungsgr\u00f6\u00dfen verstehen und Einsatzbereiche entdecken. Welches BHKW passt zu Ihrem Vorhaben?\",\"breadcrumb\":{\"@id\":\"https:\/\/www.sense-electra.de\/blockheizkraftwerk\/bhkw-grundlagen\/leistungsgroessen\/#breadcrumb\"},\"inLanguage\":\"en-GB\",\"potentialAction\":[{\"@type\":\"ReadAction\",\"target\":[\"https:\/\/www.sense-electra.de\/blockheizkraftwerk\/bhkw-grundlagen\/leistungsgroessen\/\"]}]},{\"@type\":\"ImageObject\",\"inLanguage\":\"en-GB\",\"@id\":\"https:\/\/www.sense-electra.de\/blockheizkraftwerk\/bhkw-grundlagen\/leistungsgroessen\/#primaryimage\",\"url\":\"https:\/\/www.sense-electra.de\/wp-content\/uploads\/2021\/06\/stromzaehlermessung.jpg\",\"contentUrl\":\"https:\/\/www.sense-electra.de\/wp-content\/uploads\/2021\/06\/stromzaehlermessung.jpg\"},{\"@type\":\"BreadcrumbList\",\"@id\":\"https:\/\/www.sense-electra.de\/blockheizkraftwerk\/bhkw-grundlagen\/leistungsgroessen\/#breadcrumb\",\"itemListElement\":[{\"@type\":\"ListItem\",\"position\":1,\"name\":\"Startseite\",\"item\":\"https:\/\/www.sense-electra.de\/\"},{\"@type\":\"ListItem\",\"position\":2,\"name\":\"Blockheizkraftwerk\",\"item\":\"https:\/\/www.sense-electra.de\/blockheizkraftwerk\/\"},{\"@type\":\"ListItem\",\"position\":3,\"name\":\"BHKW Grundlagen\",\"item\":\"https:\/\/www.sense-electra.de\/blockheizkraftwerk\/bhkw-grundlagen\/\"},{\"@type\":\"ListItem\",\"position\":4,\"name\":\"Leistungsgr\u00f6\u00dfen\"}]},{\"@type\":\"WebSite\",\"@id\":\"https:\/\/www.sense-electra.de\/#website\",\"url\":\"https:\/\/www.sense-electra.de\/\",\"name\":\"sense electra\",\"description\":\"W\u00e4rmeversorgung f\u00fcr Industrie- und Gewerbekunden\",\"potentialAction\":[{\"@type\":\"SearchAction\",\"target\":{\"@type\":\"EntryPoint\",\"urlTemplate\":\"https:\/\/www.sense-electra.de\/?s={search_term_string}\"},\"query-input\":\"required name=search_term_string\"}],\"inLanguage\":\"en-GB\"}]}<\/script>\n<!-- \/ Yoast SEO plugin. -->","yoast_head_json":{"title":"Welche BHKW-Leistungsgr\u00f6\u00dfe f\u00fcr welchen Einsatz?","description":"Mikro-, Mini- oder Gro\u00df-BHKW? Unterschiede der Leistungsgr\u00f6\u00dfen verstehen und Einsatzbereiche entdecken. Welches BHKW passt zu Ihrem Vorhaben?","robots":{"index":"index","follow":"follow","max-snippet":"max-snippet:-1","max-image-preview":"max-image-preview:large","max-video-preview":"max-video-preview:-1"},"canonical":"https:\/\/www.sense-electra.de\/en\/blockheizkraftwerk\/bhkw-grundlagen\/leistungsgroessen\/","og_locale":"en_GB","og_type":"article","og_title":"Welche BHKW-Leistungsgr\u00f6\u00dfe f\u00fcr welchen Einsatz?","og_description":"Mikro-, Mini- oder Gro\u00df-BHKW? Unterschiede der Leistungsgr\u00f6\u00dfen verstehen und Einsatzbereiche entdecken. Welches BHKW passt zu Ihrem Vorhaben?","og_url":"https:\/\/www.sense-electra.de\/en\/blockheizkraftwerk\/bhkw-grundlagen\/leistungsgroessen\/","og_site_name":"sense electra","article_modified_time":"2023-10-30T08:29:44+00:00","og_image":[{"url":"https:\/\/www.sense-electra.de\/wp-content\/uploads\/2021\/06\/stromzaehlermessung.jpg"}],"twitter_card":"summary_large_image","twitter_misc":{"Estimated reading time":"2 minutes"},"schema":{"@context":"https:\/\/schema.org","@graph":[{"@type":"WebPage","@id":"https:\/\/www.sense-electra.de\/blockheizkraftwerk\/bhkw-grundlagen\/leistungsgroessen\/","url":"https:\/\/www.sense-electra.de\/blockheizkraftwerk\/bhkw-grundlagen\/leistungsgroessen\/","name":"Welche BHKW-Leistungsgr\u00f6\u00dfe f\u00fcr welchen Einsatz?","isPartOf":{"@id":"https:\/\/www.sense-electra.de\/#website"},"primaryImageOfPage":{"@id":"https:\/\/www.sense-electra.de\/blockheizkraftwerk\/bhkw-grundlagen\/leistungsgroessen\/#primaryimage"},"image":{"@id":"https:\/\/www.sense-electra.de\/blockheizkraftwerk\/bhkw-grundlagen\/leistungsgroessen\/#primaryimage"},"thumbnailUrl":"https:\/\/www.sense-electra.de\/wp-content\/uploads\/2021\/06\/stromzaehlermessung.jpg","datePublished":"2020-08-25T10:13:16+00:00","dateModified":"2023-10-30T08:29:44+00:00","description":"Mikro-, Mini- oder Gro\u00df-BHKW? Unterschiede der Leistungsgr\u00f6\u00dfen verstehen und Einsatzbereiche entdecken. Welches BHKW passt zu Ihrem Vorhaben?","breadcrumb":{"@id":"https:\/\/www.sense-electra.de\/blockheizkraftwerk\/bhkw-grundlagen\/leistungsgroessen\/#breadcrumb"},"inLanguage":"en-GB","potentialAction":[{"@type":"ReadAction","target":["https:\/\/www.sense-electra.de\/blockheizkraftwerk\/bhkw-grundlagen\/leistungsgroessen\/"]}]},{"@type":"ImageObject","inLanguage":"en-GB","@id":"https:\/\/www.sense-electra.de\/blockheizkraftwerk\/bhkw-grundlagen\/leistungsgroessen\/#primaryimage","url":"https:\/\/www.sense-electra.de\/wp-content\/uploads\/2021\/06\/stromzaehlermessung.jpg","contentUrl":"https:\/\/www.sense-electra.de\/wp-content\/uploads\/2021\/06\/stromzaehlermessung.jpg"},{"@type":"BreadcrumbList","@id":"https:\/\/www.sense-electra.de\/blockheizkraftwerk\/bhkw-grundlagen\/leistungsgroessen\/#breadcrumb","itemListElement":[{"@type":"ListItem","position":1,"name":"Startseite","item":"https:\/\/www.sense-electra.de\/"},{"@type":"ListItem","position":2,"name":"Blockheizkraftwerk","item":"https:\/\/www.sense-electra.de\/blockheizkraftwerk\/"},{"@type":"ListItem","position":3,"name":"BHKW Grundlagen","item":"https:\/\/www.sense-electra.de\/blockheizkraftwerk\/bhkw-grundlagen\/"},{"@type":"ListItem","position":4,"name":"Leistungsgr\u00f6\u00dfen"}]},{"@type":"WebSite","@id":"https:\/\/www.sense-electra.de\/#website","url":"https:\/\/www.sense-electra.de\/","name":"sense electra","description":"W\u00e4rmeversorgung f\u00fcr Industrie- und Gewerbekunden","potentialAction":[{"@type":"SearchAction","target":{"@type":"EntryPoint","urlTemplate":"https:\/\/www.sense-electra.de\/?s={search_term_string}"},"query-input":"required name=search_term_string"}],"inLanguage":"en-GB"}]}},"_links":{"self":[{"href":"https:\/\/www.sense-electra.de\/en\/wp-json\/wp\/v2\/pages\/126"}],"collection":[{"href":"https:\/\/www.sense-electra.de\/en\/wp-json\/wp\/v2\/pages"}],"about":[{"href":"https:\/\/www.sense-electra.de\/en\/wp-json\/wp\/v2\/types\/page"}],"author":[{"embeddable":true,"href":"https:\/\/www.sense-electra.de\/en\/wp-json\/wp\/v2\/users\/1"}],"replies":[{"embeddable":true,"href":"https:\/\/www.sense-electra.de\/en\/wp-json\/wp\/v2\/comments?post=126"}],"version-history":[{"count":0,"href":"https:\/\/www.sense-electra.de\/en\/wp-json\/wp\/v2\/pages\/126\/revisions"}],"up":[{"embeddable":true,"href":"https:\/\/www.sense-electra.de\/en\/wp-json\/wp\/v2\/pages\/122"}],"wp:attachment":[{"href":"https:\/\/www.sense-electra.de\/en\/wp-json\/wp\/v2\/media?parent=126"}],"curies":[{"name":"wp","href":"https:\/\/api.w.org\/{rel}","templated":true}]}}