{"id":128,"date":"2020-08-25T12:13:27","date_gmt":"2020-08-25T10:13:27","guid":{"rendered":"https:\/\/www.sense-electra.de\/?page_id=128"},"modified":"2023-11-21T09:14:17","modified_gmt":"2023-11-21T08:14:17","slug":"bhkw-betriebsarten","status":"publish","type":"page","link":"https:\/\/www.sense-electra.de\/en\/blockheizkraftwerk\/bhkw-grundlagen\/bhkw-betriebsarten\/","title":{"rendered":"Types of CHP"},"content":{"rendered":"<h1>\n\t\tCHP types\n\t<\/h1>\n\t<p>Heat-led or electricity-led \u2013 which type of CHP is best suited for which projects? And what are the differences?<\/p>\n\t<p><a href=\"#Ueberblick_Betriebsart\">At a glance<\/a><\/p>\n\t<p><a href=\"#Vergleich_stromgefuehrt_waermegefuerht_netzwerkgefuehrt\">In comparison<\/a><\/p>\n\t<p><a href=\"#MeistgenutzteBetriebsart\">Most popular types<\/a><\/p>\n\t<p><a href=\"#Ueberblick_Betriebsart\">At a glance<\/a><\/p>\n\t<p><a href=\"#Vergleich_stromgefuehrt_waermegefuerht_netzwerkgefuehrt\">In comparison<\/a><\/p>\n\t<p><a href=\"#MeistgenutzteBetriebsart\">Most popular types<\/a><\/p>\n<h2>\n\t\tWhich type of CHP is better? Heat-led or electricity-led?\n\t<\/h2>\n\t<p>CHP units are designed to be either electricity-led or heat-led. These may differ in design, but not in technology.<\/p>\n<p>As the name suggests, heat-led CHP units are adapted to the heat demand, whereas an electricity-led CHP is adapted to the building\u2019s electricity demand. The choice of which is the right type of CHP unit for you depends on its use case as well as the building\u2019s heat\/electricity demand. As the production of electricity and heat is coupled in a fixed ratio, the energy (which is virtually a by-product) should also always be put to good use \u2013 which also adds to the CHP unit\u2019s efficient operation. Heat-led CHPs are the usual choice in the planning stage.<\/p>\n<h3>\n\t\tWorth knowing: what happens if the full load hours are not reached\n\t<\/h3>\n\t<p>Whichever type of CHP unit you choose, it should always reach the required full load hours. If not, they do not operate economically, experience more wear and tear, and need more maintenance than is usual.<\/p>\n<p>CHP units are designed to run as many hours as possible and should also cover most of the heat demand, but without producing too much heat. Ideally, the unit itself uses all of the electricity that it generates.<\/p>\n\t<p>The output of heat-led types is based on the building\u2019s heat demand.<\/p>\n\t\t\t<a href=\"https:\/\/www.sense-electra.de\/en\/blockheizkraftwerk\/bhkw-grundlagen\/bhkw-betriebsarten\/bhkw-waermegefuehrt\/\" target=\"_self\" role=\"button\" rel=\"noopener\">\n\t\t\t\t\t\t\tMore information\n\t\t\t\t\t<\/a>\n\t<p>The output of electricity-led types is based on the building\u2019s electricity demand.<\/p>\n\t\t\t<a href=\"https:\/\/www.sense-electra.de\/en\/blockheizkraftwerk\/bhkw-grundlagen\/bhkw-betriebsarten\/bhkw-stromgefuehrt\/\" target=\"_self\" role=\"button\" rel=\"noopener\">\n\t\t\t\t\t\t\tMore information\n\t\t\t\t\t<\/a>\n<h2>\n\t\tComparison: electricity-led, heat-led and grid-led\n\t<\/h2>\n\t<style type=\"text\/css\">\ntable {\n  border-collapse: separate;\n  border-spacing: 5px;\n}\ntd{\n    font-family:Helvetica, sans-serif;\n    font-size:14px;\n    text-align:center;\n    padding:5px 5px;\n    overflow:hidden;\n    word-break:normal;\n}\nth{\n    font-family:Helvetica, sans-serif;\n    font-size:15px;\n    font-weight:700;\n    padding:5px 10px;\n    text-align:center;\n    border-style: none;\n    border-width:1px;\n    overflow:hidden;\n    word-break:normal;\n}\ntbody tr:nth-child(even) { \n    background-color: rgba(128,189,15,0.58); \n    color: #000; \n}\nthead th {\n    background-color: #3b7200;\n    color: white;\n}\n.tg-kopfzeile{font-size:14px\n}\n.tg-si1e{\n    text-align: left;\n    padding-left: 13px;\n    padding-right: 13px;\n    background-color: #D6D6D6;\n}\n.tg-si2e{\n    text-align: left;\n    padding-left: 13px;\n    padding-right: 13px;\n    background-color: #6ca300;\n}\n.tg-von2{\n    text-align: left;\n    vertical-align: top;\n}\n:empty{\n    background-color: transparent\n}\n.table-scrollable {\n\twidth: 100%;\n\toverflow-y: auto;\n\tmargin: 0 0 1em;\t\n}\n.table-scrollable::-webkit-scrollbar {\n\t-webkit-appearance: none;\n\twidth: 14px;\n\theight: 14px;\n}\n.table-scrollable::-webkit-scrollbar-thumb {\n\tborder-radius: 5px;\n\tborder-color: none;\n\tbackground-color: rgba(0, 0, 0, 0.3);\n<\/style>\n<table>\n  <thead>\n  <tr>\n    <th><\/th>\n    <th>Heat-led mode of operation<\/th>\n    <th>Electricity-led mode of operation<br><\/th>\n    <th>Grid-led\nmode of operation<\/th>\n  <\/tr>\n  <\/thead>\n  <tbody>\n  <tr>\n    <th>CHP output type<\/th>\n    <td>Depends on the heat demand<\/td>\n    <td>Depends on the electricity demand<\/td>\n    <td>Depends on demands from the grid<\/td>\n  <\/tr>\n  <tr>\n    <th>Usage<\/th>\n    <td>Most popular type<\/td>\n    <td>Less popular, not particularly economical<\/td>\n    <td>In virtual power plants (interconnected networks of CHP units)<\/td>\n  <\/tr>\n  <tr>\n    <th>Erzeugung von Strom &#038; W\u00e4rme<\/th>\n    <td>Heat is produced as soon <br> as it is needed on site. \nElectricity is produced <br> only when heat is needed<\/td>\n    <td>Electricity is produced when it is <br>  needed on site. Heat is produced only <br> when electricity is needed<\/td>\n    <td>Electricity is produced according <br> to demand on the grid.  \nHeat is produced only when there is a demand for electricity<\/td>\n  <\/tr>\n  <tr>\n    <th>Benefits<\/th>\n    <td>\n        <ul>\n            <li>Highest fuel utilisation<\/li>\n            <li>Unused electricity can be fed (unlimited) into the power grid<\/li>\n        <\/ul>\n    <\/td>\n    <td>\n        <ul>\n            <li>Generates the most electricity<\/li>\n        <\/ul>\n    <\/td>\n    <td>\n        <ul>\n            <li>Helps keep grid stable<\/li>\n            <li>Balances peak loads<\/li>\n            <li>Prevents power outages over large areas<\/li>\n        <\/ul>\n    <\/td>\n  <\/tr>\n  <tr>\n    <th>Disadvantages<\/th>\n    <td>\n        <ul>\n            <li>Generates less electricity<\/li>\n        <\/ul>\n    <td>\n        <ul>\n            <li>Lower degree of utilisation<\/li>\n            <li>Requires buffer storage to store unused heat (only possible to a limited extent)<\/li>\n        <\/ul>\n    <\/td>\n     <td>\n        <ul>\n            <li>CHP experiences greater material wear and tear<\/li>\n        <\/ul>\n    <\/td>\n  <\/tr>\n  <tr>\n    <th>Economic use<\/th>\n    <td>To supply heating, single- and two-family homes, businesses and industrial plants<\/td>\n    <td>In isolated operation, connected to district heating systems, runs on renewable raw materials<\/td>\n    <td>In virtual grids<\/td>\n  <\/tr>\n  <\/tbody>\n<\/table>\n\t\t\t\t<img decoding=\"async\" src=\"https:\/\/www.sense-electra.de\/wp-content\/uploads\/2021\/06\/bhkw-ueberblick.jpg\" alt=\"leuchtende Gl\u00fchbirnen vor schwarzem Hintergrund mit Strom\" itemprop=\"image\" title=\"Blockheizkraftwerk \u00dcberblick\" onerror=\"this.style.display='none'\"  \/>\n<h2>\n\t\tThat\u2019s why most CHP units are designed as heat-led units\n\t<\/h2>\n\t<p>If a heat-led CHP unit produces too much electricity, the electricity can simply be fed into the grid, for which the operator is paid a fee. On the other hand, if an electricity- led CHP unit produces too much heat, the heat can only be stored temporarily and to a limited extent or, in the rarest cases, supplied to a district heating scheme.<\/p>\n<p>This means it\u2019s easier to get rid of any unused electricity than of any unused heat. Moreover, a building\u2019s heat demand fluctuates less throughout the day than its electricity demand. That\u2019s why CHP units are usually aligned with the building\u2019s heat demand.<\/p>\n\t<p>More about CHPs<\/p>\n\t\t\t\t<a href=\"https:\/\/www.sense-electra.de\/en\/blockheizkraftwerk\/\" target=\"_self\" itemprop=\"url\" rel=\"noopener\">\n\t\t\t\t<img decoding=\"async\" src=\"https:\/\/www.sense-electra.de\/wp-content\/uploads\/2021\/06\/energiefachexperte-planung-einbau-wartung-weitere-Leistungen-150x150.jpg\" alt=\"Energiedienstleistungen eines Experten von Planung, Einbau bis Wartung\" itemprop=\"image\" title=\"Passgenaue L\u00f6sungen und umfangreiche Beratung f\u00fcr das BHKW-Vorhaben\" onerror=\"this.style.display='none'\"  \/>\n\t\t\t\t<\/a>\n\t<p><a href=\"https:\/\/www.sense-electra.de\/en\/blockheizkraftwerk\/\">CHP calculator<\/a><\/p>\n\t\t\t\t<a href=\"https:\/\/www.sense-electra.de\/en\/blockheizkraftwerk\/kosten-foerderung\/bhkw-beratung\/\" target=\"_self\" itemprop=\"url\" rel=\"noopener\">\n\t\t\t\t<img decoding=\"async\" src=\"https:\/\/www.sense-electra.de\/wp-content\/uploads\/2021\/06\/kundengespraech-bhkw-beratung-150x150.jpg\" alt=\"Beratung zwischen einem Fachexperten und einem Kunden\" itemprop=\"image\" title=\"Kundengespr\u00e4ch\" onerror=\"this.style.display='none'\"  \/>\n\t\t\t\t<\/a>\n\t<p><a href=\"https:\/\/www.sense-electra.de\/en\/blockheizkraftwerk\/kosten-foerderung\/bhkw-beratung\/\">CHP advice<\/a><\/p>\n\t\t\t\t<a href=\"https:\/\/www.sense-electra.de\/en\/blockheizkraftwerk\/kosten-foerderung\/bhkw-kaufen-mieten\/\" target=\"_self\" itemprop=\"url\" rel=\"noopener\">\n\t\t\t\t<img decoding=\"async\" src=\"https:\/\/www.sense-electra.de\/wp-content\/uploads\/2021\/07\/blockheizkraftwerk_2-150x150.jpg\" alt=\"Ein BHKW mit Pufferspeicher im Heizraum\" itemprop=\"image\" title=\"Ein Blockheizkraftwerk im Heizungsraum.\" onerror=\"this.style.display='none'\"  \/>\n\t\t\t\t<\/a>\n\t<p><a href=\"https:\/\/www.sense-electra.de\/en\/blockheizkraftwerk\/kosten-foerderung\/bhkw-kaufen-mieten\/\">Buy &amp; rent a CHP<\/a><\/p>\n\t<p>More about CHPs<\/p>\n<h3>\n\t\tBetriebsweise, Motor, Auslegung &#8211;\u00a0\n\t<\/h3>\n<h3>\n\t\twe\u2019ll take care of everything from planning to installation!\n\t<\/h3>\n\t\t\t<a href=\"#\" role=\"button\">\n\t\t\t\t\t\tSend CHP price enquiry\n\t\t\t\t\t<\/a>\n\t\t\n<div class=\"wpcf7 no-js\" id=\"wpcf7-f1738-o1\" lang=\"de-DE\" dir=\"ltr\">\n<div class=\"screen-reader-response\"><p role=\"status\" aria-live=\"polite\" aria-atomic=\"true\"><\/p> <ul><\/ul><\/div>\n<form action=\"\/en\/wp-json\/wp\/v2\/pages\/128#wpcf7-f1738-o1\" method=\"post\" class=\"wpcf7-form init\" aria-label=\"Contact form\" novalidate=\"novalidate\" data-status=\"init\" data-trp-original-action=\"\/en\/wp-json\/wp\/v2\/pages\/128#wpcf7-f1738-o1\">\n<div style=\"display: none;\">\n<input type=\"hidden\" name=\"_wpcf7\" value=\"1738\" \/>\n<input type=\"hidden\" name=\"_wpcf7_version\" value=\"5.9.8\" \/>\n<input type=\"hidden\" name=\"_wpcf7_locale\" value=\"de_DE_formal\" \/>\n<input type=\"hidden\" name=\"_wpcf7_unit_tag\" value=\"wpcf7-f1738-o1\" \/>\n<input type=\"hidden\" name=\"_wpcf7_container_post\" value=\"0\" \/>\n<input type=\"hidden\" name=\"_wpcf7_posted_data_hash\" value=\"\" \/>\n<\/div>\n<h3>submit a CHP inquiry\n<\/h3>\n<p> Unser Team berechnet Ihre Einsparungen mittels BHKW - kostenfrei und komplett unverbindlich f\u00fcr Sie. Treten Sie jetzt mit unseren BHKW-Experten in Kontakt.\n<\/p>\n<p><label> Womit heizen Sie?*<br \/>\n<span class=\"wpcf7-form-control-wrap\" data-name=\"Brennstoff\"><select class=\"wpcf7-form-control wpcf7-select wpcf7-validates-as-required\" aria-required=\"true\" aria-invalid=\"false\" name=\"Brennstoff\"><option value=\"\">&#8211; Bitte ausw\u00e4hlen &#8211;<\/option><option value=\"Gas\">Gas<\/option><option value=\"\u00d6l\">\u00d6l<\/option><option value=\"Sonstiges\">Sonstiges<\/option><\/select><\/span><br \/>\n<\/label>\n<\/p>\n<p><span id=\"ho-ph-sense-1\" class=\"wpcf7-form-control-wrap phone-or-mail-wrap\" style=\"display:none !important; visibility:hidden !important;\"><label for=\"wpcf7-69f671d3dc5f7-field\" class=\"hp-message\">Bitte lassen Sie dieses Feld leer.<\/label><input id=\"wpcf7-69f671d3dc5f7-field\"  class=\"wpcf7-form-control wpcf7-text\" type=\"text\" name=\"phone-or-mail\" value=\"\" size=\"40\" tabindex=\"-1\" autocomplete=\"new-password\" \/><\/span>\n<\/p>\n<p><label> Ihr Verbrauch pro Jahr (kWh)*<br \/>\n<span class=\"wpcf7-form-control-wrap\" data-name=\"Verbrauch\"><input size=\"40\" maxlength=\"400\" class=\"wpcf7-form-control wpcf7-text wpcf7-validates-as-required\" aria-required=\"true\" aria-invalid=\"false\" value=\"\" type=\"text\" name=\"Verbrauch\" \/><\/span> <\/label>\n<\/p>\n<p><label> Art des Geb\u00e4udes*<br \/>\n<span class=\"wpcf7-form-control-wrap\" data-name=\"Gebauedeart\"><select class=\"wpcf7-form-control wpcf7-select wpcf7-validates-as-required\" aria-required=\"true\" aria-invalid=\"false\" name=\"Gebauedeart\"><option value=\"Gewerbegeb\u00e4ude\">Commercial site<\/option><option value=\"Wohngeb\u00e4ude\">Residential building<\/option><\/select><\/span> <\/label>\n<\/p>\n<p><span id=\"ho-ph-sense-2\" class=\"wpcf7-form-control-wrap phone-or-mail-wrap\" style=\"display:none !important; visibility:hidden !important;\"><label for=\"wpcf7-69f671d3dc756-field\" class=\"hp-message\">Bitte lassen Sie dieses Feld leer.<\/label><input id=\"wpcf7-69f671d3dc756-field\"  class=\"wpcf7-form-control wpcf7-text\" type=\"text\" name=\"phone-or-mail\" value=\"\" size=\"40\" tabindex=\"-1\" autocomplete=\"new-password\" \/><\/span>\n<\/p>\n<p><label> Ihre Firmen-E-Mail*<br \/>\n<span class=\"wpcf7-form-control-wrap\" data-name=\"your-email\"><input size=\"40\" maxlength=\"400\" class=\"wpcf7-form-control wpcf7-email wpcf7-validates-as-required wpcf7-text wpcf7-validates-as-email\" aria-required=\"true\" aria-invalid=\"false\" value=\"\" type=\"email\" name=\"your-email\" \/><\/span> <\/label>\n<\/p>\n<p><label> Ihre R\u00fcckruf-Nummer<br \/>\n<span class=\"wpcf7-form-control-wrap\" data-name=\"tel-218\"><input size=\"40\" maxlength=\"400\" class=\"wpcf7-form-control wpcf7-tel wpcf7-text wpcf7-validates-as-tel\" aria-invalid=\"false\" value=\"\" type=\"tel\" name=\"tel-218\" \/><\/span> <\/label>\n<\/p>\n<p><label> Ihre Nachricht an uns<br \/>\n<span class=\"wpcf7-form-control-wrap\" data-name=\"your-message\"><textarea cols=\"40\" rows=\"10\" maxlength=\"2000\" class=\"wpcf7-form-control wpcf7-textarea\" aria-invalid=\"false\" name=\"your-message\"><\/textarea><\/span> <\/label>\n<\/p>\n<p>*Pflichtfeld\n<\/p>\n<p>Bitte beachten Sie unsere <a target=\"_blank\" href=\"\/en\/datenschutz\/\">Datenschutzbestimmungen.<\/a>\n<\/p>\n<p><input class=\"wpcf7-form-control wpcf7-submit has-spinner\" type=\"submit\" value=\"Jetzt Angebot anfordern\" \/>\n<\/p><div class=\"wpcf7-response-output\" aria-hidden=\"true\"><\/div>\n<input type=\"hidden\" name=\"trp-form-language\" value=\"en\"\/><\/form>\n<\/div>","protected":false},"excerpt":{"rendered":"<p>Betriebsarten von Blockheizkraftwerken W\u00e4rme- oder stromgef\u00fchrt \u2013 welche Betriebsweise passt zu welchem Vorhaben? Und worin liegen die Unterschiede? \u00dcberblick Vergleich Meistgenutzte Betriebsart \u00dcberblick Vergleich Meistgenutzte Betriebsart BHKW Betriebsarten \u2013 besser stromgef\u00fchrt oder w\u00e4rmegef\u00fchrt? Ein BHKW wird entweder stromgef\u00fchrt oder w\u00e4rmegef\u00fchrt ausgelegt. Dabei unterscheiden sie sich im Hinblick auf die Planung und nicht durch die technische&hellip;<\/p>","protected":false},"author":1,"featured_media":0,"parent":122,"menu_order":0,"comment_status":"closed","ping_status":"closed","template":"","meta":{"_acf_changed":false,"footnotes":""},"acf":[],"yoast_head":"<!-- This site is optimized with the Yoast SEO plugin v23.1 - https:\/\/yoast.com\/wordpress\/plugins\/seo\/ -->\n<title>BHKW Betriebsarten - Unterschied strom- &amp; w\u00e4rmegef\u00fchrt<\/title>\n<meta name=\"description\" content=\"Ein BHKW wird entweder strom- oder w\u00e4rmegef\u00fchrt ausgelegt &gt; Einf\u00fchrung &amp; \u00dcberblick der m\u00f6glichen BHKW Betriebsarten.\" \/>\n<meta name=\"robots\" content=\"index, follow, max-snippet:-1, max-image-preview:large, max-video-preview:-1\" \/>\n<link rel=\"canonical\" href=\"https:\/\/www.sense-electra.de\/en\/blockheizkraftwerk\/bhkw-grundlagen\/bhkw-betriebsarten\/\" \/>\n<meta property=\"og:locale\" content=\"en_GB\" \/>\n<meta property=\"og:type\" content=\"article\" \/>\n<meta property=\"og:title\" content=\"BHKW Betriebsarten - Unterschied strom- &amp; w\u00e4rmegef\u00fchrt\" \/>\n<meta property=\"og:description\" content=\"Ein BHKW wird entweder strom- oder w\u00e4rmegef\u00fchrt ausgelegt &gt; Einf\u00fchrung &amp; \u00dcberblick der m\u00f6glichen BHKW Betriebsarten.\" \/>\n<meta property=\"og:url\" content=\"https:\/\/www.sense-electra.de\/en\/blockheizkraftwerk\/bhkw-grundlagen\/bhkw-betriebsarten\/\" \/>\n<meta property=\"og:site_name\" content=\"sense electra\" \/>\n<meta property=\"article:modified_time\" content=\"2023-11-21T08:14:17+00:00\" \/>\n<meta property=\"og:image\" content=\"https:\/\/www.sense-electra.de\/wp-content\/uploads\/2021\/06\/bhkw-ueberblick.jpg\" \/>\n<meta name=\"twitter:card\" content=\"summary_large_image\" \/>\n<meta name=\"twitter:label1\" content=\"Estimated reading time\" \/>\n\t<meta name=\"twitter:data1\" content=\"3 minutes\" \/>\n<script type=\"application\/ld+json\" class=\"yoast-schema-graph\">{\"@context\":\"https:\/\/schema.org\",\"@graph\":[{\"@type\":\"WebPage\",\"@id\":\"https:\/\/www.sense-electra.de\/blockheizkraftwerk\/bhkw-grundlagen\/bhkw-betriebsarten\/\",\"url\":\"https:\/\/www.sense-electra.de\/blockheizkraftwerk\/bhkw-grundlagen\/bhkw-betriebsarten\/\",\"name\":\"BHKW Betriebsarten - Unterschied strom- & w\u00e4rmegef\u00fchrt\",\"isPartOf\":{\"@id\":\"https:\/\/www.sense-electra.de\/#website\"},\"primaryImageOfPage\":{\"@id\":\"https:\/\/www.sense-electra.de\/blockheizkraftwerk\/bhkw-grundlagen\/bhkw-betriebsarten\/#primaryimage\"},\"image\":{\"@id\":\"https:\/\/www.sense-electra.de\/blockheizkraftwerk\/bhkw-grundlagen\/bhkw-betriebsarten\/#primaryimage\"},\"thumbnailUrl\":\"https:\/\/www.sense-electra.de\/wp-content\/uploads\/2021\/06\/bhkw-ueberblick.jpg\",\"datePublished\":\"2020-08-25T10:13:27+00:00\",\"dateModified\":\"2023-11-21T08:14:17+00:00\",\"description\":\"Ein BHKW wird entweder strom- oder w\u00e4rmegef\u00fchrt ausgelegt > Einf\u00fchrung & \u00dcberblick der m\u00f6glichen BHKW Betriebsarten.\",\"breadcrumb\":{\"@id\":\"https:\/\/www.sense-electra.de\/blockheizkraftwerk\/bhkw-grundlagen\/bhkw-betriebsarten\/#breadcrumb\"},\"inLanguage\":\"en-GB\",\"potentialAction\":[{\"@type\":\"ReadAction\",\"target\":[\"https:\/\/www.sense-electra.de\/blockheizkraftwerk\/bhkw-grundlagen\/bhkw-betriebsarten\/\"]}]},{\"@type\":\"ImageObject\",\"inLanguage\":\"en-GB\",\"@id\":\"https:\/\/www.sense-electra.de\/blockheizkraftwerk\/bhkw-grundlagen\/bhkw-betriebsarten\/#primaryimage\",\"url\":\"https:\/\/www.sense-electra.de\/wp-content\/uploads\/2021\/06\/bhkw-ueberblick.jpg\",\"contentUrl\":\"https:\/\/www.sense-electra.de\/wp-content\/uploads\/2021\/06\/bhkw-ueberblick.jpg\"},{\"@type\":\"BreadcrumbList\",\"@id\":\"https:\/\/www.sense-electra.de\/blockheizkraftwerk\/bhkw-grundlagen\/bhkw-betriebsarten\/#breadcrumb\",\"itemListElement\":[{\"@type\":\"ListItem\",\"position\":1,\"name\":\"Startseite\",\"item\":\"https:\/\/www.sense-electra.de\/\"},{\"@type\":\"ListItem\",\"position\":2,\"name\":\"Blockheizkraftwerk\",\"item\":\"https:\/\/www.sense-electra.de\/blockheizkraftwerk\/\"},{\"@type\":\"ListItem\",\"position\":3,\"name\":\"BHKW Grundlagen\",\"item\":\"https:\/\/www.sense-electra.de\/blockheizkraftwerk\/bhkw-grundlagen\/\"},{\"@type\":\"ListItem\",\"position\":4,\"name\":\"BHKW Betriebsarten\"}]},{\"@type\":\"WebSite\",\"@id\":\"https:\/\/www.sense-electra.de\/#website\",\"url\":\"https:\/\/www.sense-electra.de\/\",\"name\":\"sense electra\",\"description\":\"W\u00e4rmeversorgung f\u00fcr Industrie- und Gewerbekunden\",\"potentialAction\":[{\"@type\":\"SearchAction\",\"target\":{\"@type\":\"EntryPoint\",\"urlTemplate\":\"https:\/\/www.sense-electra.de\/?s={search_term_string}\"},\"query-input\":\"required name=search_term_string\"}],\"inLanguage\":\"en-GB\"}]}<\/script>\n<!-- \/ Yoast SEO plugin. -->","yoast_head_json":{"title":"BHKW Betriebsarten - Unterschied strom- & w\u00e4rmegef\u00fchrt","description":"Ein BHKW wird entweder strom- oder w\u00e4rmegef\u00fchrt ausgelegt > Einf\u00fchrung & \u00dcberblick der m\u00f6glichen BHKW Betriebsarten.","robots":{"index":"index","follow":"follow","max-snippet":"max-snippet:-1","max-image-preview":"max-image-preview:large","max-video-preview":"max-video-preview:-1"},"canonical":"https:\/\/www.sense-electra.de\/en\/blockheizkraftwerk\/bhkw-grundlagen\/bhkw-betriebsarten\/","og_locale":"en_GB","og_type":"article","og_title":"BHKW Betriebsarten - Unterschied strom- & w\u00e4rmegef\u00fchrt","og_description":"Ein BHKW wird entweder strom- oder w\u00e4rmegef\u00fchrt ausgelegt > Einf\u00fchrung & \u00dcberblick der m\u00f6glichen BHKW Betriebsarten.","og_url":"https:\/\/www.sense-electra.de\/en\/blockheizkraftwerk\/bhkw-grundlagen\/bhkw-betriebsarten\/","og_site_name":"sense electra","article_modified_time":"2023-11-21T08:14:17+00:00","og_image":[{"url":"https:\/\/www.sense-electra.de\/wp-content\/uploads\/2021\/06\/bhkw-ueberblick.jpg"}],"twitter_card":"summary_large_image","twitter_misc":{"Estimated reading time":"3 minutes"},"schema":{"@context":"https:\/\/schema.org","@graph":[{"@type":"WebPage","@id":"https:\/\/www.sense-electra.de\/blockheizkraftwerk\/bhkw-grundlagen\/bhkw-betriebsarten\/","url":"https:\/\/www.sense-electra.de\/blockheizkraftwerk\/bhkw-grundlagen\/bhkw-betriebsarten\/","name":"BHKW Betriebsarten - Unterschied strom- & w\u00e4rmegef\u00fchrt","isPartOf":{"@id":"https:\/\/www.sense-electra.de\/#website"},"primaryImageOfPage":{"@id":"https:\/\/www.sense-electra.de\/blockheizkraftwerk\/bhkw-grundlagen\/bhkw-betriebsarten\/#primaryimage"},"image":{"@id":"https:\/\/www.sense-electra.de\/blockheizkraftwerk\/bhkw-grundlagen\/bhkw-betriebsarten\/#primaryimage"},"thumbnailUrl":"https:\/\/www.sense-electra.de\/wp-content\/uploads\/2021\/06\/bhkw-ueberblick.jpg","datePublished":"2020-08-25T10:13:27+00:00","dateModified":"2023-11-21T08:14:17+00:00","description":"Ein BHKW wird entweder strom- oder w\u00e4rmegef\u00fchrt ausgelegt > Einf\u00fchrung & \u00dcberblick der m\u00f6glichen BHKW Betriebsarten.","breadcrumb":{"@id":"https:\/\/www.sense-electra.de\/blockheizkraftwerk\/bhkw-grundlagen\/bhkw-betriebsarten\/#breadcrumb"},"inLanguage":"en-GB","potentialAction":[{"@type":"ReadAction","target":["https:\/\/www.sense-electra.de\/blockheizkraftwerk\/bhkw-grundlagen\/bhkw-betriebsarten\/"]}]},{"@type":"ImageObject","inLanguage":"en-GB","@id":"https:\/\/www.sense-electra.de\/blockheizkraftwerk\/bhkw-grundlagen\/bhkw-betriebsarten\/#primaryimage","url":"https:\/\/www.sense-electra.de\/wp-content\/uploads\/2021\/06\/bhkw-ueberblick.jpg","contentUrl":"https:\/\/www.sense-electra.de\/wp-content\/uploads\/2021\/06\/bhkw-ueberblick.jpg"},{"@type":"BreadcrumbList","@id":"https:\/\/www.sense-electra.de\/blockheizkraftwerk\/bhkw-grundlagen\/bhkw-betriebsarten\/#breadcrumb","itemListElement":[{"@type":"ListItem","position":1,"name":"Startseite","item":"https:\/\/www.sense-electra.de\/"},{"@type":"ListItem","position":2,"name":"Blockheizkraftwerk","item":"https:\/\/www.sense-electra.de\/blockheizkraftwerk\/"},{"@type":"ListItem","position":3,"name":"BHKW Grundlagen","item":"https:\/\/www.sense-electra.de\/blockheizkraftwerk\/bhkw-grundlagen\/"},{"@type":"ListItem","position":4,"name":"BHKW Betriebsarten"}]},{"@type":"WebSite","@id":"https:\/\/www.sense-electra.de\/#website","url":"https:\/\/www.sense-electra.de\/","name":"sense electra","description":"W\u00e4rmeversorgung f\u00fcr Industrie- und Gewerbekunden","potentialAction":[{"@type":"SearchAction","target":{"@type":"EntryPoint","urlTemplate":"https:\/\/www.sense-electra.de\/?s={search_term_string}"},"query-input":"required name=search_term_string"}],"inLanguage":"en-GB"}]}},"_links":{"self":[{"href":"https:\/\/www.sense-electra.de\/en\/wp-json\/wp\/v2\/pages\/128"}],"collection":[{"href":"https:\/\/www.sense-electra.de\/en\/wp-json\/wp\/v2\/pages"}],"about":[{"href":"https:\/\/www.sense-electra.de\/en\/wp-json\/wp\/v2\/types\/page"}],"author":[{"embeddable":true,"href":"https:\/\/www.sense-electra.de\/en\/wp-json\/wp\/v2\/users\/1"}],"replies":[{"embeddable":true,"href":"https:\/\/www.sense-electra.de\/en\/wp-json\/wp\/v2\/comments?post=128"}],"version-history":[{"count":0,"href":"https:\/\/www.sense-electra.de\/en\/wp-json\/wp\/v2\/pages\/128\/revisions"}],"up":[{"embeddable":true,"href":"https:\/\/www.sense-electra.de\/en\/wp-json\/wp\/v2\/pages\/122"}],"wp:attachment":[{"href":"https:\/\/www.sense-electra.de\/en\/wp-json\/wp\/v2\/media?parent=128"}],"curies":[{"name":"wp","href":"https:\/\/api.w.org\/{rel}","templated":true}]}}