{"id":130,"date":"2020-08-25T12:14:13","date_gmt":"2020-08-25T10:14:13","guid":{"rendered":"https:\/\/www.sense-electra.de\/?page_id=130"},"modified":"2023-11-21T09:14:40","modified_gmt":"2023-11-21T08:14:40","slug":"bhkw-waermegefuehrt","status":"publish","type":"page","link":"https:\/\/www.sense-electra.de\/en\/blockheizkraftwerk\/bhkw-grundlagen\/bhkw-betriebsarten\/bhkw-waermegefuehrt\/","title":{"rendered":"BHKW &#8211; w\u00e4rmegef\u00fchrt"},"content":{"rendered":"<h1>\n\t\tW\u00e4rmegef\u00fchrte BHKW &#8211; der W\u00e4rmebedarf bestimmt die Laststufe\n\t<\/h1>\n<h1>\n\t\tHeat-led CHP units\n\t<\/h1>\n\t<p>Heat-led units are the most popular type of unit. Here, the CHP output is based on the heat demand.<\/p>\n\t<p><a href=\"#Schnellueberblick\">At a glance<\/a><\/p>\n\t<p><a href=\"#Funktionsweise\">Mode of operation<\/a><\/p>\n\t<p><a href=\"#Einsatzmoeglichkeiten\">Usage<\/a><\/p>\n<h2>\n\t\tThe main focus is on producing heat\n\t<\/h2>\n\t<p>W\u00e4rmegef\u00fchrte BHKW sind die am meisten angewandte Betriebsart. Sie sind nach dem individuellen W\u00e4rmebedarf eines Geb\u00e4udes ausgelegt. Das bedeutet, dass das BHKW anspringt, sobald eine W\u00e4rmenachfrage besteht.<\/p>\n<p>Strom wird in diesem Fall nur produziert, wenn auch W\u00e4rmebedarf besteht. Im Hinblick auf die Leistung eines BHKW orientiert man sich an der Grundlast.<\/p>\n\t<p>Topics<\/p>\n\t<ul>\n<li><a href=\"#Schnellueberblick\">At a glance<\/a><\/li>\n<li><a href=\"#Funktionsweise\">Functionality<\/a><\/li>\n<li><a href=\"#Einsatzmoeglichkeiten\">Possible applications<\/a><\/li>\n<li><a href=\"#Vergleichstromgefuehrt\">Comparison with electricity-led units<\/a><\/li>\n<\/ul>\n<h3>\n\t\tAt a glance\n\t<\/h3>\n\t<ul>\n<li>The output is based on the building\u2019s heat demand.<\/li>\n<li>Electricity is produced as a \u201cby-product\u201d, but this significantly contributes to making CHPs economically efficient.<\/li>\n<li>Als Auslegungsgrundlage wird die Grundlast genommen.<\/li>\n<li>Heat-led CHP units are designed according to the base load.<\/li>\n<li>Heat-led CHPs can completely replace a peak load boiler but are usually operated in combination with these.<\/li>\n<\/ul>\n<h2>\n\t\tTwo options for heat-led operation\n\t<\/h2>\n\t<p>Am h\u00e4ufigsten werden w\u00e4rmegef\u00fchrte BHKW nach der Grundlast ausgelegt und mit einem Spitzenlast-Heizkessel kombiniert. Die Grundlast ist die Menge an W\u00e4rme, die w\u00e4hrend des kompletten Jahres gleich bleibt. Hintergrund davon ist, dass ein BHKW m\u00f6glichst gleichm\u00e4\u00dfige ausgelastet sein sollte. Steigt der W\u00e4rmebedarf \u00fcber die Grundlast, hilft der Spitzenlast-Heizkessel aus und erzeugt die zus\u00e4tzlich ben\u00f6tigte Energie.<\/p>\n<p>Bei der zweiten Variante erfolgt die Benutzung eines BHKW als Heizkessel-Ersatz. Das BHKW muss den kompletten W\u00e4rmebedarf decken. Daf\u00fcr orientiert man sich bei der Auslegung an der Spitzenlast, also am maximalen W\u00e4rmebedarf eines Geb\u00e4udes. Diese Auslegung kann dazu f\u00fchren, dass die Anlage nicht gleichm\u00e4\u00dfig ausgelastet wird.<\/p>\n\t<p>Use heat-led CHP units:<\/p>\n\t<ul>\n<li>to supply buildings with heat,<\/li>\n<li>in single family homes and residential buildings,<\/li>\n<li>for businesses and industrial plants.<\/li>\n<\/ul>\n\t<p>Einsatz von w\u00e4rmegef\u00fchrten BHKW:<\/p>\n\t<ul>\n<li>to supply buildings with heat,<\/li>\n<li>in single family homes and residential buildings,<\/li>\n<li>for businesses and industrial plants.<\/li>\n<\/ul>\n<h2>\n\t\tElectricity-led and heat-led modes of operation in comparison\n\t<\/h2>\n\t<h3>Heat-led mode of operation<\/h3>\n\t<ul>\n<li>The CHP\u2019s output is based on the building\u2019s heat demand<\/li>\n<li>Most popular type<\/li>\n<li>Electricity is only produced when heat is also required<\/li>\n<li>Unused electricity can be fed (unlimited) into the power grid<\/li>\n<li>Has highest fuel utilisation<\/li>\n<\/ul>\n\t<h3>Electricity-led mode of operation<\/h3>\n\t<ul>\n<li>CHP output depends on the demand for electricity<\/li>\n<li>Less popular, not particularly economical<\/li>\n<li>W\u00e4rme wird nur produziert, wenn ein Strombedarf besteht<\/li>\n<li>Requires buffer storage to store unused heat (limited)<\/li>\n<li>Generates the most electricity<\/li>\n<\/ul>\n\t<p>More about CHPs<\/p>\n\t\t\t\t<a href=\"https:\/\/www.sense-electra.de\/en\/blockheizkraftwerk\/bhkw-grundlagen\/bhkw-betriebsarten\/bhkw-stromgefuehrt\/\" target=\"_self\" itemprop=\"url\" rel=\"noopener\">\n\t\t\t\t<img decoding=\"async\" src=\"https:\/\/www.sense-electra.de\/wp-content\/uploads\/2021\/06\/staatliche-foerderungen-blockheizkraftwerke-infos-150x150.jpg\" alt=\"Leuchtende Gl\u00fchlampen vor grauem Hintergrund\" itemprop=\"image\" title=\"Stromkosten senken und F\u00f6rderungen erhalten f\u00fcr Blockheizkraftwerke\" onerror=\"this.style.display='none'\"  \/>\n\t\t\t\t<\/a>\n\t<p><a href=\"https:\/\/www.sense-electra.de\/en\/blockheizkraftwerk\/bhkw-grundlagen\/bhkw-betriebsarten\/bhkw-stromgefuehrt\/\">Electricity-led CHP units<\/a><\/p>\n\t\t\t\t<a href=\"https:\/\/www.sense-electra.de\/en\/blockheizkraftwerk\/bhkw-grundlagen\/bhkw-betriebsarten\/bhkw-netzgefuehrt\/\" target=\"_self\" itemprop=\"url\" rel=\"noopener\">\n\t\t\t\t<img decoding=\"async\" src=\"https:\/\/www.sense-electra.de\/wp-content\/uploads\/2021\/06\/partner-unternehmen-bhkw-150x150.jpg\" alt=\"Partner dargestellt durch bunte Verkn\u00fcpfungen\" itemprop=\"image\" title=\"Blockheizkraftwerk Partner\" onerror=\"this.style.display='none'\"  \/>\n\t\t\t\t<\/a>\n\t<p><a href=\"https:\/\/www.sense-electra.de\/en\/blockheizkraftwerk\/bhkw-grundlagen\/bhkw-betriebsarten\/bhkw-netzgefuehrt\/\">Grid-led CHP units<\/a><\/p>\n\t\t\t\t<a href=\"https:\/\/www.sense-electra.de\/en\/gewerbe\/\" target=\"_self\" itemprop=\"url\" rel=\"noopener\">\n\t\t\t\t<img decoding=\"async\" src=\"https:\/\/www.sense-electra.de\/wp-content\/uploads\/2022\/01\/Ihr_Gewerbe_Blockheizkraftwerk-150x150.jpg\" alt=\"Fachpersonal f\u00fcr BHKWs plant an einem Tisch zusammen ein neues Blockheizkraftwerk f\u00fcr Ihr Gewerbe\" itemprop=\"image\" title=\"Planung eines Blockheizkraftwerks f\u00fcr Ihr Gewerbe\" onerror=\"this.style.display='none'\"  \/>\n\t\t\t\t<\/a>\n\t<p><a href=\"https:\/\/www.sense-electra.de\/en\/gewerbe\/\">CHP for your business<\/a><\/p>\n\t<p>More about CHPs<\/p>\n<h3>\n\t\tIs the heat-led operation the right one for you? <br \/>\n\t<\/h3>\n<h3>\n\t\tGet in touch!\n\t<\/h3>\n\t\t\t<a href=\"#\" role=\"button\">\n\t\t\t\t\t\tSend CHP enquiry now\n\t\t\t\t\t<\/a>\n\t\t\n<div class=\"wpcf7 no-js\" id=\"wpcf7-f1738-o1\" lang=\"de-DE\" dir=\"ltr\">\n<div class=\"screen-reader-response\"><p role=\"status\" aria-live=\"polite\" aria-atomic=\"true\"><\/p> <ul><\/ul><\/div>\n<form action=\"\/en\/wp-json\/wp\/v2\/pages\/130#wpcf7-f1738-o1\" method=\"post\" class=\"wpcf7-form init\" aria-label=\"Contact form\" novalidate=\"novalidate\" data-status=\"init\" data-trp-original-action=\"\/en\/wp-json\/wp\/v2\/pages\/130#wpcf7-f1738-o1\">\n<div style=\"display: none;\">\n<input type=\"hidden\" name=\"_wpcf7\" value=\"1738\" \/>\n<input type=\"hidden\" name=\"_wpcf7_version\" value=\"5.9.8\" \/>\n<input type=\"hidden\" name=\"_wpcf7_locale\" value=\"de_DE_formal\" \/>\n<input type=\"hidden\" name=\"_wpcf7_unit_tag\" value=\"wpcf7-f1738-o1\" \/>\n<input type=\"hidden\" name=\"_wpcf7_container_post\" value=\"0\" \/>\n<input type=\"hidden\" name=\"_wpcf7_posted_data_hash\" value=\"\" \/>\n<\/div>\n<h3>submit a CHP inquiry\n<\/h3>\n<p> Unser Team berechnet Ihre Einsparungen mittels BHKW - kostenfrei und komplett unverbindlich f\u00fcr Sie. Treten Sie jetzt mit unseren BHKW-Experten in Kontakt.\n<\/p>\n<p><label> Womit heizen Sie?*<br \/>\n<span class=\"wpcf7-form-control-wrap\" data-name=\"Brennstoff\"><select class=\"wpcf7-form-control wpcf7-select wpcf7-validates-as-required\" aria-required=\"true\" aria-invalid=\"false\" name=\"Brennstoff\"><option value=\"\">&#8211; Bitte ausw\u00e4hlen &#8211;<\/option><option value=\"Gas\">Gas<\/option><option value=\"\u00d6l\">\u00d6l<\/option><option value=\"Sonstiges\">Sonstiges<\/option><\/select><\/span><br \/>\n<\/label>\n<\/p>\n<p><span id=\"ho-ph-sense-1\" class=\"wpcf7-form-control-wrap phone-or-mail-wrap\" style=\"display:none !important; visibility:hidden !important;\"><label for=\"wpcf7-69e2494a53c36-field\" class=\"hp-message\">Bitte lassen Sie dieses Feld leer.<\/label><input id=\"wpcf7-69e2494a53c36-field\"  class=\"wpcf7-form-control wpcf7-text\" type=\"text\" name=\"phone-or-mail\" value=\"\" size=\"40\" tabindex=\"-1\" autocomplete=\"new-password\" \/><\/span>\n<\/p>\n<p><label> Ihr Verbrauch pro Jahr (kWh)*<br \/>\n<span class=\"wpcf7-form-control-wrap\" data-name=\"Verbrauch\"><input size=\"40\" maxlength=\"400\" class=\"wpcf7-form-control wpcf7-text wpcf7-validates-as-required\" aria-required=\"true\" aria-invalid=\"false\" value=\"\" type=\"text\" name=\"Verbrauch\" \/><\/span> <\/label>\n<\/p>\n<p><label> Art des Geb\u00e4udes*<br \/>\n<span class=\"wpcf7-form-control-wrap\" data-name=\"Gebauedeart\"><select class=\"wpcf7-form-control wpcf7-select wpcf7-validates-as-required\" aria-required=\"true\" aria-invalid=\"false\" name=\"Gebauedeart\"><option value=\"Gewerbegeb\u00e4ude\">Commercial site<\/option><option value=\"Wohngeb\u00e4ude\">Residential building<\/option><\/select><\/span> <\/label>\n<\/p>\n<p><span id=\"ho-ph-sense-2\" class=\"wpcf7-form-control-wrap phone-or-mail-wrap\" style=\"display:none !important; visibility:hidden !important;\"><label for=\"wpcf7-69e2494a53d5d-field\" class=\"hp-message\">Bitte lassen Sie dieses Feld leer.<\/label><input id=\"wpcf7-69e2494a53d5d-field\"  class=\"wpcf7-form-control wpcf7-text\" type=\"text\" name=\"phone-or-mail\" value=\"\" size=\"40\" tabindex=\"-1\" autocomplete=\"new-password\" \/><\/span>\n<\/p>\n<p><label> Ihre Firmen-E-Mail*<br \/>\n<span class=\"wpcf7-form-control-wrap\" data-name=\"your-email\"><input size=\"40\" maxlength=\"400\" class=\"wpcf7-form-control wpcf7-email wpcf7-validates-as-required wpcf7-text wpcf7-validates-as-email\" aria-required=\"true\" aria-invalid=\"false\" value=\"\" type=\"email\" name=\"your-email\" \/><\/span> <\/label>\n<\/p>\n<p><label> Ihre R\u00fcckruf-Nummer<br \/>\n<span class=\"wpcf7-form-control-wrap\" data-name=\"tel-218\"><input size=\"40\" maxlength=\"400\" class=\"wpcf7-form-control wpcf7-tel wpcf7-text wpcf7-validates-as-tel\" aria-invalid=\"false\" value=\"\" type=\"tel\" name=\"tel-218\" \/><\/span> <\/label>\n<\/p>\n<p><label> Ihre Nachricht an uns<br \/>\n<span class=\"wpcf7-form-control-wrap\" data-name=\"your-message\"><textarea cols=\"40\" rows=\"10\" maxlength=\"2000\" class=\"wpcf7-form-control wpcf7-textarea\" aria-invalid=\"false\" name=\"your-message\"><\/textarea><\/span> <\/label>\n<\/p>\n<p>*Pflichtfeld\n<\/p>\n<p>Bitte beachten Sie unsere <a target=\"_blank\" href=\"\/en\/datenschutz\/\">Datenschutzbestimmungen.<\/a>\n<\/p>\n<p><input class=\"wpcf7-form-control wpcf7-submit has-spinner\" type=\"submit\" value=\"Jetzt Angebot anfordern\" \/>\n<\/p><div class=\"wpcf7-response-output\" aria-hidden=\"true\"><\/div>\n<input type=\"hidden\" name=\"trp-form-language\" value=\"en\"\/><\/form>\n<\/div>","protected":false},"excerpt":{"rendered":"<p>W\u00e4rmegef\u00fchrte BHKW &#8211; der W\u00e4rmebedarf bestimmt die Laststufe W\u00e4rmegef\u00fchrte BHKW Die h\u00e4ufigste Betriebsweise ist die w\u00e4rmegef\u00fchrte. Bei dieser orientiert sich die BHKW-Leistung am W\u00e4rmebedarf. \u00dcberblick Betriebsweise Einsatz Das Hauptaugenmerk liegt auf der W\u00e4rmeproduktion W\u00e4rmegef\u00fchrte BHKW sind die am meisten angewandte Betriebsart. Sie sind nach dem individuellen W\u00e4rmebedarf eines Geb\u00e4udes ausgelegt. Das bedeutet, dass das BHKW&hellip;<\/p>","protected":false},"author":1,"featured_media":0,"parent":128,"menu_order":0,"comment_status":"closed","ping_status":"closed","template":"","meta":{"_acf_changed":false,"footnotes":""},"acf":[],"yoast_head":"<!-- This site is optimized with the Yoast SEO plugin v23.1 - https:\/\/yoast.com\/wordpress\/plugins\/seo\/ -->\n<title>W\u00e4rmegef\u00fchrte BHKW - Die W\u00e4rme als Planungsgrundlage<\/title>\n<meta name=\"description\" content=\"BHKWs werden \u00f6fter nach dem W\u00e4rmebedarf ausgelegt. Das sind Einsatzm\u00f6glichkeiten &amp; die Unterschiede zum stromgef\u00fchrten BHKW\" \/>\n<meta name=\"robots\" content=\"index, follow, max-snippet:-1, max-image-preview:large, max-video-preview:-1\" \/>\n<link rel=\"canonical\" href=\"https:\/\/www.sense-electra.de\/en\/blockheizkraftwerk\/bhkw-grundlagen\/bhkw-betriebsarten\/bhkw-waermegefuehrt\/\" \/>\n<meta property=\"og:locale\" content=\"en_GB\" \/>\n<meta property=\"og:type\" content=\"article\" \/>\n<meta property=\"og:title\" content=\"W\u00e4rmegef\u00fchrte BHKW - Die W\u00e4rme als Planungsgrundlage\" \/>\n<meta property=\"og:description\" content=\"BHKWs werden \u00f6fter nach dem W\u00e4rmebedarf ausgelegt. Das sind Einsatzm\u00f6glichkeiten &amp; die Unterschiede zum stromgef\u00fchrten BHKW\" \/>\n<meta property=\"og:url\" content=\"https:\/\/www.sense-electra.de\/en\/blockheizkraftwerk\/bhkw-grundlagen\/bhkw-betriebsarten\/bhkw-waermegefuehrt\/\" \/>\n<meta property=\"og:site_name\" content=\"sense electra\" \/>\n<meta property=\"article:modified_time\" content=\"2023-11-21T08:14:40+00:00\" \/>\n<meta property=\"og:image\" content=\"https:\/\/www.sense-electra.de\/wp-content\/uploads\/2021\/06\/staatliche-foerderungen-blockheizkraftwerke-infos-150x150.jpg\" \/>\n<meta name=\"twitter:card\" content=\"summary_large_image\" \/>\n<meta name=\"twitter:label1\" content=\"Estimated reading time\" \/>\n\t<meta name=\"twitter:data1\" content=\"2 minutes\" \/>\n<script type=\"application\/ld+json\" class=\"yoast-schema-graph\">{\"@context\":\"https:\/\/schema.org\",\"@graph\":[{\"@type\":\"WebPage\",\"@id\":\"https:\/\/www.sense-electra.de\/blockheizkraftwerk\/bhkw-grundlagen\/bhkw-betriebsarten\/bhkw-waermegefuehrt\/\",\"url\":\"https:\/\/www.sense-electra.de\/blockheizkraftwerk\/bhkw-grundlagen\/bhkw-betriebsarten\/bhkw-waermegefuehrt\/\",\"name\":\"W\u00e4rmegef\u00fchrte BHKW - Die W\u00e4rme als Planungsgrundlage\",\"isPartOf\":{\"@id\":\"https:\/\/www.sense-electra.de\/#website\"},\"primaryImageOfPage\":{\"@id\":\"https:\/\/www.sense-electra.de\/blockheizkraftwerk\/bhkw-grundlagen\/bhkw-betriebsarten\/bhkw-waermegefuehrt\/#primaryimage\"},\"image\":{\"@id\":\"https:\/\/www.sense-electra.de\/blockheizkraftwerk\/bhkw-grundlagen\/bhkw-betriebsarten\/bhkw-waermegefuehrt\/#primaryimage\"},\"thumbnailUrl\":\"https:\/\/www.sense-electra.de\/wp-content\/uploads\/2021\/06\/staatliche-foerderungen-blockheizkraftwerke-infos-150x150.jpg\",\"datePublished\":\"2020-08-25T10:14:13+00:00\",\"dateModified\":\"2023-11-21T08:14:40+00:00\",\"description\":\"BHKWs werden \u00f6fter nach dem W\u00e4rmebedarf ausgelegt. Das sind Einsatzm\u00f6glichkeiten & die Unterschiede zum stromgef\u00fchrten BHKW\",\"breadcrumb\":{\"@id\":\"https:\/\/www.sense-electra.de\/blockheizkraftwerk\/bhkw-grundlagen\/bhkw-betriebsarten\/bhkw-waermegefuehrt\/#breadcrumb\"},\"inLanguage\":\"en-GB\",\"potentialAction\":[{\"@type\":\"ReadAction\",\"target\":[\"https:\/\/www.sense-electra.de\/blockheizkraftwerk\/bhkw-grundlagen\/bhkw-betriebsarten\/bhkw-waermegefuehrt\/\"]}]},{\"@type\":\"ImageObject\",\"inLanguage\":\"en-GB\",\"@id\":\"https:\/\/www.sense-electra.de\/blockheizkraftwerk\/bhkw-grundlagen\/bhkw-betriebsarten\/bhkw-waermegefuehrt\/#primaryimage\",\"url\":\"https:\/\/www.sense-electra.de\/wp-content\/uploads\/2021\/06\/staatliche-foerderungen-blockheizkraftwerke-infos-150x150.jpg\",\"contentUrl\":\"https:\/\/www.sense-electra.de\/wp-content\/uploads\/2021\/06\/staatliche-foerderungen-blockheizkraftwerke-infos-150x150.jpg\"},{\"@type\":\"BreadcrumbList\",\"@id\":\"https:\/\/www.sense-electra.de\/blockheizkraftwerk\/bhkw-grundlagen\/bhkw-betriebsarten\/bhkw-waermegefuehrt\/#breadcrumb\",\"itemListElement\":[{\"@type\":\"ListItem\",\"position\":1,\"name\":\"Startseite\",\"item\":\"https:\/\/www.sense-electra.de\/\"},{\"@type\":\"ListItem\",\"position\":2,\"name\":\"Blockheizkraftwerk\",\"item\":\"https:\/\/www.sense-electra.de\/blockheizkraftwerk\/\"},{\"@type\":\"ListItem\",\"position\":3,\"name\":\"BHKW Grundlagen\",\"item\":\"https:\/\/www.sense-electra.de\/blockheizkraftwerk\/bhkw-grundlagen\/\"},{\"@type\":\"ListItem\",\"position\":4,\"name\":\"BHKW Betriebsarten\",\"item\":\"https:\/\/www.sense-electra.de\/blockheizkraftwerk\/bhkw-grundlagen\/bhkw-betriebsarten\/\"},{\"@type\":\"ListItem\",\"position\":5,\"name\":\"BHKW &#8211; w\u00e4rmegef\u00fchrt\"}]},{\"@type\":\"WebSite\",\"@id\":\"https:\/\/www.sense-electra.de\/#website\",\"url\":\"https:\/\/www.sense-electra.de\/\",\"name\":\"sense electra\",\"description\":\"W\u00e4rmeversorgung f\u00fcr Industrie- und Gewerbekunden\",\"potentialAction\":[{\"@type\":\"SearchAction\",\"target\":{\"@type\":\"EntryPoint\",\"urlTemplate\":\"https:\/\/www.sense-electra.de\/?s={search_term_string}\"},\"query-input\":\"required name=search_term_string\"}],\"inLanguage\":\"en-GB\"}]}<\/script>\n<!-- \/ Yoast SEO plugin. -->","yoast_head_json":{"title":"W\u00e4rmegef\u00fchrte BHKW - Die W\u00e4rme als Planungsgrundlage","description":"BHKWs werden \u00f6fter nach dem W\u00e4rmebedarf ausgelegt. Das sind Einsatzm\u00f6glichkeiten & die Unterschiede zum stromgef\u00fchrten BHKW","robots":{"index":"index","follow":"follow","max-snippet":"max-snippet:-1","max-image-preview":"max-image-preview:large","max-video-preview":"max-video-preview:-1"},"canonical":"https:\/\/www.sense-electra.de\/en\/blockheizkraftwerk\/bhkw-grundlagen\/bhkw-betriebsarten\/bhkw-waermegefuehrt\/","og_locale":"en_GB","og_type":"article","og_title":"W\u00e4rmegef\u00fchrte BHKW - Die W\u00e4rme als Planungsgrundlage","og_description":"BHKWs werden \u00f6fter nach dem W\u00e4rmebedarf ausgelegt. Das sind Einsatzm\u00f6glichkeiten & die Unterschiede zum stromgef\u00fchrten BHKW","og_url":"https:\/\/www.sense-electra.de\/en\/blockheizkraftwerk\/bhkw-grundlagen\/bhkw-betriebsarten\/bhkw-waermegefuehrt\/","og_site_name":"sense electra","article_modified_time":"2023-11-21T08:14:40+00:00","og_image":[{"url":"https:\/\/www.sense-electra.de\/wp-content\/uploads\/2021\/06\/staatliche-foerderungen-blockheizkraftwerke-infos-150x150.jpg"}],"twitter_card":"summary_large_image","twitter_misc":{"Estimated reading time":"2 minutes"},"schema":{"@context":"https:\/\/schema.org","@graph":[{"@type":"WebPage","@id":"https:\/\/www.sense-electra.de\/blockheizkraftwerk\/bhkw-grundlagen\/bhkw-betriebsarten\/bhkw-waermegefuehrt\/","url":"https:\/\/www.sense-electra.de\/blockheizkraftwerk\/bhkw-grundlagen\/bhkw-betriebsarten\/bhkw-waermegefuehrt\/","name":"W\u00e4rmegef\u00fchrte BHKW - Die W\u00e4rme als Planungsgrundlage","isPartOf":{"@id":"https:\/\/www.sense-electra.de\/#website"},"primaryImageOfPage":{"@id":"https:\/\/www.sense-electra.de\/blockheizkraftwerk\/bhkw-grundlagen\/bhkw-betriebsarten\/bhkw-waermegefuehrt\/#primaryimage"},"image":{"@id":"https:\/\/www.sense-electra.de\/blockheizkraftwerk\/bhkw-grundlagen\/bhkw-betriebsarten\/bhkw-waermegefuehrt\/#primaryimage"},"thumbnailUrl":"https:\/\/www.sense-electra.de\/wp-content\/uploads\/2021\/06\/staatliche-foerderungen-blockheizkraftwerke-infos-150x150.jpg","datePublished":"2020-08-25T10:14:13+00:00","dateModified":"2023-11-21T08:14:40+00:00","description":"BHKWs werden \u00f6fter nach dem W\u00e4rmebedarf ausgelegt. Das sind Einsatzm\u00f6glichkeiten & die Unterschiede zum stromgef\u00fchrten BHKW","breadcrumb":{"@id":"https:\/\/www.sense-electra.de\/blockheizkraftwerk\/bhkw-grundlagen\/bhkw-betriebsarten\/bhkw-waermegefuehrt\/#breadcrumb"},"inLanguage":"en-GB","potentialAction":[{"@type":"ReadAction","target":["https:\/\/www.sense-electra.de\/blockheizkraftwerk\/bhkw-grundlagen\/bhkw-betriebsarten\/bhkw-waermegefuehrt\/"]}]},{"@type":"ImageObject","inLanguage":"en-GB","@id":"https:\/\/www.sense-electra.de\/blockheizkraftwerk\/bhkw-grundlagen\/bhkw-betriebsarten\/bhkw-waermegefuehrt\/#primaryimage","url":"https:\/\/www.sense-electra.de\/wp-content\/uploads\/2021\/06\/staatliche-foerderungen-blockheizkraftwerke-infos-150x150.jpg","contentUrl":"https:\/\/www.sense-electra.de\/wp-content\/uploads\/2021\/06\/staatliche-foerderungen-blockheizkraftwerke-infos-150x150.jpg"},{"@type":"BreadcrumbList","@id":"https:\/\/www.sense-electra.de\/blockheizkraftwerk\/bhkw-grundlagen\/bhkw-betriebsarten\/bhkw-waermegefuehrt\/#breadcrumb","itemListElement":[{"@type":"ListItem","position":1,"name":"Startseite","item":"https:\/\/www.sense-electra.de\/"},{"@type":"ListItem","position":2,"name":"Blockheizkraftwerk","item":"https:\/\/www.sense-electra.de\/blockheizkraftwerk\/"},{"@type":"ListItem","position":3,"name":"BHKW Grundlagen","item":"https:\/\/www.sense-electra.de\/blockheizkraftwerk\/bhkw-grundlagen\/"},{"@type":"ListItem","position":4,"name":"BHKW Betriebsarten","item":"https:\/\/www.sense-electra.de\/blockheizkraftwerk\/bhkw-grundlagen\/bhkw-betriebsarten\/"},{"@type":"ListItem","position":5,"name":"BHKW &#8211; w\u00e4rmegef\u00fchrt"}]},{"@type":"WebSite","@id":"https:\/\/www.sense-electra.de\/#website","url":"https:\/\/www.sense-electra.de\/","name":"sense electra","description":"W\u00e4rmeversorgung f\u00fcr Industrie- und Gewerbekunden","potentialAction":[{"@type":"SearchAction","target":{"@type":"EntryPoint","urlTemplate":"https:\/\/www.sense-electra.de\/?s={search_term_string}"},"query-input":"required name=search_term_string"}],"inLanguage":"en-GB"}]}},"_links":{"self":[{"href":"https:\/\/www.sense-electra.de\/en\/wp-json\/wp\/v2\/pages\/130"}],"collection":[{"href":"https:\/\/www.sense-electra.de\/en\/wp-json\/wp\/v2\/pages"}],"about":[{"href":"https:\/\/www.sense-electra.de\/en\/wp-json\/wp\/v2\/types\/page"}],"author":[{"embeddable":true,"href":"https:\/\/www.sense-electra.de\/en\/wp-json\/wp\/v2\/users\/1"}],"replies":[{"embeddable":true,"href":"https:\/\/www.sense-electra.de\/en\/wp-json\/wp\/v2\/comments?post=130"}],"version-history":[{"count":0,"href":"https:\/\/www.sense-electra.de\/en\/wp-json\/wp\/v2\/pages\/130\/revisions"}],"up":[{"embeddable":true,"href":"https:\/\/www.sense-electra.de\/en\/wp-json\/wp\/v2\/pages\/128"}],"wp:attachment":[{"href":"https:\/\/www.sense-electra.de\/en\/wp-json\/wp\/v2\/media?parent=130"}],"curies":[{"name":"wp","href":"https:\/\/api.w.org\/{rel}","templated":true}]}}