{"id":132,"date":"2020-08-25T12:14:30","date_gmt":"2020-08-25T10:14:30","guid":{"rendered":"https:\/\/www.sense-electra.de\/?page_id=132"},"modified":"2023-10-16T11:43:11","modified_gmt":"2023-10-16T09:43:11","slug":"bhkw-stromgefuehrt","status":"publish","type":"page","link":"https:\/\/www.sense-electra.de\/en\/blockheizkraftwerk\/bhkw-grundlagen\/bhkw-betriebsarten\/bhkw-stromgefuehrt\/","title":{"rendered":"BHKW &#8211; stromgef\u00fchrt"},"content":{"rendered":"<h1>\n\t\tStromgef\u00fchrte BHKW &#8211; der Stromverbrauch bestimmt die Leistung\n\t<\/h1>\n<h1>\n\t\tElectricity-led CHP units\n\t<\/h1>\n\t<p>Electricity-led units are not usually economical. In certain situations, however, it can be worthwhile to operate an electricity-led CHP unit.<\/p>\n\t<p><a href=\"#Ueberblickstromgefuehrt\">At a glance<\/a><\/p>\n\t<p><a href=\"#Betriebsweisestromgefuehrt\">Mode of operation<\/a><\/p>\n\t<p><a href=\"#Einsatzstromgefuerht\">Usage<\/a><\/p>\n<h2>\n\t\tElectricity-led CHP units \u2013 <br \/>get the maximum in electricity\n\t<\/h2>\n<h2>\n\t\tElectricity-led CHP units - get the maximum in electricity\n\t<\/h2>\n\t<p>Wird ein Blockheizkraftwerk stromgef\u00fchrt ausgelegt, springt es nur an, wenn im Geb\u00e4ude oder im Stromnetz auch ein Bedarf an Strom besteht. Die Prim\u00e4rfunktion ist, m\u00f6glichst viel Strom zu produzieren. Doch auch W\u00e4rme erzeugt das BHKW weiterhin, die gegebenenfalls nicht sofort genutzt wird. Als L\u00f6sung werden daf\u00fcr Pufferspeicher eingebaut. Diese speichern die W\u00e4rme zwischenzeitlich und stellen die W\u00e4rme f\u00fcr einen sp\u00e4teren Zeitpunkt bereit.<\/p>\n\t<p>Topics<\/p>\n\t<ul>\n<li><a href=\"#Ueberblickstromgefuehrt\">At a glance<\/a><\/li>\n<li><a href=\"#Betriebsweisestromgefuehrt\">Functionality<\/a><\/li>\n<li><a href=\"#Einsatzstromgefuerht\">Possible applications<\/a><\/li>\n<li><a href=\"#Vergleich\">Comparison with heat-led units<\/a><\/li>\n<\/ul>\n<h3>\n\t\tAt a glance\n\t<\/h3>\n\t<ul>\n<li>The CHP output is based on the building\u2019s electricity demand.<\/li>\n<li>Heat is produced as a \u201cby-product\u201d. Using this heat significantly contributes to making the CHP economically efficient.<\/li>\n<li>Die Planung von stromgef\u00fchrten BHKW erfolgt eher selten.<\/li>\n<li>Electricity-led CHP units generate the most electricity, but are not particularly popular.<\/li>\n<\/ul>\n<h2>\n\t\tElectricity-led CHP units - get the maximum in electricity\n\t<\/h2>\n\t<p>Ein Blockheizkraftwerk arbeitet vor allem dann wirtschaftlich, wenn es auf die notwendigen Vollbenutzungsstunden kommt. Bei einer stromgef\u00fchrten Betriebsweise werden diese oft nicht erreicht. Zudem sinkt die Effizienz deutlich, wenn die erzeugte W\u00e4rme nicht verbraucht werden kann und ungenutzt an die Umwelt abgegeben werden muss.<\/p>\n<p>Bei stromgef\u00fchrten BHKW muss beachtet werden, dass diese in Deutschland keine F\u00f6rderung erhalten, wenn das BHKW rein zur Stromerzeugung genutzt wird und die erzeugte W\u00e4rme nicht abgenommen wird. Die Anschaffungskosten und die Kosten f\u00fcr den Betrieb der Anlage m\u00fcssen dann komplett vom Betreiber getragen werden. Der Betreiber erh\u00e4lt keine R\u00fcckerstattungen oder Zusch\u00fcsse. Kann die W\u00e4rme bei einem stromgef\u00fchrten BHKW jedoch abgenommen werden, sind F\u00f6rderungen und Zusch\u00fcsse m\u00f6glich.<\/p>\n<p>Allerdings bildet der Betrieb eines stromgef\u00fchrten BHKW die Ausnahme. Ein Beispiel hierf\u00fcr sind gro\u00dfe Heizkraftwerke. Das Hauptaugenmerk liegt bei diesen auf der Stromproduktion. Die W\u00e4rme entsteht nur als Nebenprodukt, das gegebenenfalls als Fernw\u00e4rme genutzt wird. Bei einem gro\u00dfen Strombedarf kann also eine stromgef\u00fchrte Anlage bevorzugt werden.<\/p>\n\t<p>Use electricity-led CHP units:<\/p>\n\t<ul>\n<li>on individual industrial sites,<\/li>\n<li>in hospitals as an emergency generator,<\/li>\n<li>in isolated operation,<\/li>\n<li>F\u00fcr BHKW, die an Fernw\u00e4rmesysteme eingebunden sind<\/li>\n<li>with fuels from renewable resources (sell your electricity for more money, interesting e.g. for farmers),<\/li>\n<li>BHKW in Verbundnetzen (virtuelle Kraftwerke)<\/li>\n<\/ul>\n\t<p>Use electricity-led CHP units:<\/p>\n\t<ul>\n<li>on individual industrial sites,<\/li>\n<li>in hospitals as an emergency generator,<\/li>\n<li>in isolated operation,<\/li>\n<li>when connected to district heating systems,<\/li>\n<li>with fuels from renewable resources (sell your electricity for more money, interesting e.g. for farmers),<\/li>\n<li>in interconnected networks (virtual power plants).<\/li>\n<\/ul>\n<h2>\n\t\tElectricity-led and heat-led modes of operation in comparison\n\t<\/h2>\n\t<p>Heat-led mode of operation<\/p>\n\t<ul>\n<li>The CHP\u2019s output is based on the building\u2019s heat demand<\/li>\n<li>Most popular type<\/li>\n<li>Electricity is only produced when heat is also required<\/li>\n<li>Unused electricity can be fed (unlimited) into the power grid<\/li>\n<li>Has highest fuel utilisation<\/li>\n<\/ul>\n\t<p>Electricity-led mode of operation<\/p>\n\t<ul>\n<li>CHP output depends on the demand for electricity<\/li>\n<li>Less popular, not particularly economical<\/li>\n<li>W\u00e4rme wird nur produziert, wenn ein Strombedarf besteht<\/li>\n<li>Requires buffer storage to store unused heat (limited)<\/li>\n<li>Generates the most electricity<\/li>\n<\/ul>\n\t<p>More about CHPs<\/p>\n\t\t\t\t<a href=\"https:\/\/www.sense-electra.de\/en\/blockheizkraftwerk\/bhkw-grundlagen\/bhkw-betriebsarten\/bhkw-waermegefuehrt\/\" target=\"_self\" itemprop=\"url\" rel=\"noopener\">\n\t\t\t\t<img decoding=\"async\" src=\"https:\/\/www.sense-electra.de\/wp-content\/uploads\/2021\/06\/einsatzmoeglichkeiten-und-unterschiede-bhkw-weitere-fakten-150x150.jpg\" alt=\"Heizung wird reguliert\" itemprop=\"image\" title=\"Mit einem BHKW heizen\" onerror=\"this.style.display='none'\"  \/>\n\t\t\t\t<\/a>\n\t<p><a href=\"https:\/\/www.sense-electra.de\/en\/blockheizkraftwerk\/bhkw-grundlagen\/bhkw-betriebsarten\/bhkw-waermegefuehrt\/\">Heat-led CHP units<\/a><\/p>\n\t\t\t\t<a href=\"https:\/\/www.sense-electra.de\/en\/blockheizkraftwerk\/bhkw-grundlagen\/bhkw-betriebsarten\/bhkw-netzgefuehrt\/\" target=\"_self\" itemprop=\"url\" rel=\"noopener\">\n\t\t\t\t<img decoding=\"async\" src=\"https:\/\/www.sense-electra.de\/wp-content\/uploads\/2021\/06\/partner-unternehmen-bhkw-150x150.jpg\" alt=\"Partner dargestellt durch bunte Verkn\u00fcpfungen\" itemprop=\"image\" title=\"Blockheizkraftwerk Partner\" onerror=\"this.style.display='none'\"  \/>\n\t\t\t\t<\/a>\n\t<p><a href=\"https:\/\/www.sense-electra.de\/en\/blockheizkraftwerk\/bhkw-grundlagen\/bhkw-betriebsarten\/bhkw-netzgefuehrt\/\">Grid-led CHP units<\/a><\/p>\n\t\t\t\t<a href=\"https:\/\/www.sense-electra.de\/en\/gewerbe\/\" target=\"_self\" itemprop=\"url\" rel=\"noopener\">\n\t\t\t\t<img decoding=\"async\" src=\"https:\/\/www.sense-electra.de\/wp-content\/uploads\/2022\/01\/Ihr_Gewerbe_Blockheizkraftwerk-150x150.jpg\" alt=\"Fachpersonal f\u00fcr BHKWs plant an einem Tisch zusammen ein neues Blockheizkraftwerk f\u00fcr Ihr Gewerbe\" itemprop=\"image\" title=\"Planung eines Blockheizkraftwerks f\u00fcr Ihr Gewerbe\" onerror=\"this.style.display='none'\"  \/>\n\t\t\t\t<\/a>\n\t<p><a href=\"https:\/\/www.sense-electra.de\/en\/gewerbe\/\">CHP for your business<\/a><\/p>\n\t<p>More about CHPs<\/p>\n<h3>\n\t\tElectricity-led or heat-led?\n\t<\/h3>\n<h3>\n\t\tWe plan and invest in CHPs for business customers.\n\t<\/h3>\n\t\t\t<a href=\"#\" role=\"button\">\n\t\t\t\t\t\tGet in touch and send your CHP enquiry\n\t\t\t\t\t<\/a>\n\t\t\n<div class=\"wpcf7 no-js\" id=\"wpcf7-f1738-o1\" lang=\"de-DE\" dir=\"ltr\">\n<div class=\"screen-reader-response\"><p role=\"status\" aria-live=\"polite\" aria-atomic=\"true\"><\/p> <ul><\/ul><\/div>\n<form action=\"\/en\/wp-json\/wp\/v2\/pages\/132#wpcf7-f1738-o1\" method=\"post\" class=\"wpcf7-form init\" aria-label=\"Contact form\" novalidate=\"novalidate\" data-status=\"init\" data-trp-original-action=\"\/en\/wp-json\/wp\/v2\/pages\/132#wpcf7-f1738-o1\">\n<div style=\"display: none;\">\n<input type=\"hidden\" name=\"_wpcf7\" value=\"1738\" \/>\n<input type=\"hidden\" name=\"_wpcf7_version\" value=\"5.9.8\" \/>\n<input type=\"hidden\" name=\"_wpcf7_locale\" value=\"de_DE_formal\" \/>\n<input type=\"hidden\" name=\"_wpcf7_unit_tag\" value=\"wpcf7-f1738-o1\" \/>\n<input type=\"hidden\" name=\"_wpcf7_container_post\" value=\"0\" \/>\n<input type=\"hidden\" name=\"_wpcf7_posted_data_hash\" value=\"\" \/>\n<\/div>\n<h3>submit a CHP inquiry\n<\/h3>\n<p> Unser Team berechnet Ihre Einsparungen mittels BHKW - kostenfrei und komplett unverbindlich f\u00fcr Sie. Treten Sie jetzt mit unseren BHKW-Experten in Kontakt.\n<\/p>\n<p><label> Womit heizen Sie?*<br \/>\n<span class=\"wpcf7-form-control-wrap\" data-name=\"Brennstoff\"><select class=\"wpcf7-form-control wpcf7-select wpcf7-validates-as-required\" aria-required=\"true\" aria-invalid=\"false\" name=\"Brennstoff\"><option value=\"\">&#8211; Bitte ausw\u00e4hlen &#8211;<\/option><option value=\"Gas\">Gas<\/option><option value=\"\u00d6l\">\u00d6l<\/option><option value=\"Sonstiges\">Sonstiges<\/option><\/select><\/span><br \/>\n<\/label>\n<\/p>\n<p><span id=\"ho-ph-sense-1\" class=\"wpcf7-form-control-wrap phone-or-mail-wrap\" style=\"display:none !important; visibility:hidden !important;\"><label for=\"wpcf7-69f72fc56486f-field\" class=\"hp-message\">Bitte lassen Sie dieses Feld leer.<\/label><input id=\"wpcf7-69f72fc56486f-field\"  class=\"wpcf7-form-control wpcf7-text\" type=\"text\" name=\"phone-or-mail\" value=\"\" size=\"40\" tabindex=\"-1\" autocomplete=\"new-password\" \/><\/span>\n<\/p>\n<p><label> Ihr Verbrauch pro Jahr (kWh)*<br \/>\n<span class=\"wpcf7-form-control-wrap\" data-name=\"Verbrauch\"><input size=\"40\" maxlength=\"400\" class=\"wpcf7-form-control wpcf7-text wpcf7-validates-as-required\" aria-required=\"true\" aria-invalid=\"false\" value=\"\" type=\"text\" name=\"Verbrauch\" \/><\/span> <\/label>\n<\/p>\n<p><label> Art des Geb\u00e4udes*<br \/>\n<span class=\"wpcf7-form-control-wrap\" data-name=\"Gebauedeart\"><select class=\"wpcf7-form-control wpcf7-select wpcf7-validates-as-required\" aria-required=\"true\" aria-invalid=\"false\" name=\"Gebauedeart\"><option value=\"Gewerbegeb\u00e4ude\">Commercial site<\/option><option value=\"Wohngeb\u00e4ude\">Residential building<\/option><\/select><\/span> <\/label>\n<\/p>\n<p><span id=\"ho-ph-sense-2\" class=\"wpcf7-form-control-wrap phone-or-mail-wrap\" style=\"display:none !important; visibility:hidden !important;\"><label for=\"wpcf7-69f72fc5649e4-field\" class=\"hp-message\">Bitte lassen Sie dieses Feld leer.<\/label><input id=\"wpcf7-69f72fc5649e4-field\"  class=\"wpcf7-form-control wpcf7-text\" type=\"text\" name=\"phone-or-mail\" value=\"\" size=\"40\" tabindex=\"-1\" autocomplete=\"new-password\" \/><\/span>\n<\/p>\n<p><label> Ihre Firmen-E-Mail*<br \/>\n<span class=\"wpcf7-form-control-wrap\" data-name=\"your-email\"><input size=\"40\" maxlength=\"400\" class=\"wpcf7-form-control wpcf7-email wpcf7-validates-as-required wpcf7-text wpcf7-validates-as-email\" aria-required=\"true\" aria-invalid=\"false\" value=\"\" type=\"email\" name=\"your-email\" \/><\/span> <\/label>\n<\/p>\n<p><label> Ihre R\u00fcckruf-Nummer<br \/>\n<span class=\"wpcf7-form-control-wrap\" data-name=\"tel-218\"><input size=\"40\" maxlength=\"400\" class=\"wpcf7-form-control wpcf7-tel wpcf7-text wpcf7-validates-as-tel\" aria-invalid=\"false\" value=\"\" type=\"tel\" name=\"tel-218\" \/><\/span> <\/label>\n<\/p>\n<p><label> Ihre Nachricht an uns<br \/>\n<span class=\"wpcf7-form-control-wrap\" data-name=\"your-message\"><textarea cols=\"40\" rows=\"10\" maxlength=\"2000\" class=\"wpcf7-form-control wpcf7-textarea\" aria-invalid=\"false\" name=\"your-message\"><\/textarea><\/span> <\/label>\n<\/p>\n<p>*Pflichtfeld\n<\/p>\n<p>Bitte beachten Sie unsere <a target=\"_blank\" href=\"\/en\/datenschutz\/\">Datenschutzbestimmungen.<\/a>\n<\/p>\n<p><input class=\"wpcf7-form-control wpcf7-submit has-spinner\" type=\"submit\" value=\"Jetzt Angebot anfordern\" \/>\n<\/p><div class=\"wpcf7-response-output\" aria-hidden=\"true\"><\/div>\n<input type=\"hidden\" name=\"trp-form-language\" value=\"en\"\/><\/form>\n<\/div>","protected":false},"excerpt":{"rendered":"<p>Stromgef\u00fchrte BHKW &#8211; der Stromverbrauch bestimmt die Leistung Stromgef\u00fchrte BHKW Stromgef\u00fchrte BHKWs sind h\u00e4ufig nicht wirtschaftlich. Unter besonderen Umst\u00e4nden lohnt sich aber der Einsatz einer stromgef\u00fchrten Betriebsweise. \u00dcberblick Betriebsweise Einsatz Stromgef\u00fchrte Anlagen \u2013 die maximale Strommenge erzeugen Stromgef\u00fchrte Anlagen \u2013 die maximale Strommenge erzeugen Wird ein Blockheizkraftwerk stromgef\u00fchrt ausgelegt, springt es nur an, wenn im&hellip;<\/p>","protected":false},"author":1,"featured_media":0,"parent":128,"menu_order":0,"comment_status":"closed","ping_status":"closed","template":"","meta":{"_acf_changed":false,"footnotes":""},"acf":[],"yoast_head":"<!-- This site is optimized with the Yoast SEO plugin v23.1 - https:\/\/yoast.com\/wordpress\/plugins\/seo\/ -->\n<title>Stromgef\u00fchrte BHKW \u2013 Der Strombedarf als Planungsgrundlage<\/title>\n<meta name=\"description\" content=\"Eher selten erfolgt der Einsatz stromgef\u00fchrter BHKWs. Doch manchmal ist es sinnvoll \u25ba Erkl\u00e4rung, Einsatzm\u00f6glichkeiten &amp; Unterschiede\" \/>\n<meta name=\"robots\" content=\"index, follow, max-snippet:-1, max-image-preview:large, max-video-preview:-1\" \/>\n<link rel=\"canonical\" href=\"https:\/\/www.sense-electra.de\/en\/blockheizkraftwerk\/bhkw-grundlagen\/bhkw-betriebsarten\/bhkw-stromgefuehrt\/\" \/>\n<meta property=\"og:locale\" content=\"en_GB\" \/>\n<meta property=\"og:type\" content=\"article\" \/>\n<meta property=\"og:title\" content=\"Stromgef\u00fchrte BHKW \u2013 Der Strombedarf als Planungsgrundlage\" \/>\n<meta property=\"og:description\" content=\"Eher selten erfolgt der Einsatz stromgef\u00fchrter BHKWs. Doch manchmal ist es sinnvoll \u25ba Erkl\u00e4rung, Einsatzm\u00f6glichkeiten &amp; Unterschiede\" \/>\n<meta property=\"og:url\" content=\"https:\/\/www.sense-electra.de\/en\/blockheizkraftwerk\/bhkw-grundlagen\/bhkw-betriebsarten\/bhkw-stromgefuehrt\/\" \/>\n<meta property=\"og:site_name\" content=\"sense electra\" \/>\n<meta property=\"article:modified_time\" content=\"2023-10-16T09:43:11+00:00\" \/>\n<meta property=\"og:image\" content=\"https:\/\/www.sense-electra.de\/wp-content\/uploads\/2021\/06\/einsatzmoeglichkeiten-und-unterschiede-bhkw-weitere-fakten-150x150.jpg\" \/>\n<meta name=\"twitter:card\" content=\"summary_large_image\" \/>\n<meta name=\"twitter:label1\" content=\"Estimated reading time\" \/>\n\t<meta name=\"twitter:data1\" content=\"3 minutes\" \/>\n<script type=\"application\/ld+json\" class=\"yoast-schema-graph\">{\"@context\":\"https:\/\/schema.org\",\"@graph\":[{\"@type\":\"WebPage\",\"@id\":\"https:\/\/www.sense-electra.de\/blockheizkraftwerk\/bhkw-grundlagen\/bhkw-betriebsarten\/bhkw-stromgefuehrt\/\",\"url\":\"https:\/\/www.sense-electra.de\/blockheizkraftwerk\/bhkw-grundlagen\/bhkw-betriebsarten\/bhkw-stromgefuehrt\/\",\"name\":\"Stromgef\u00fchrte BHKW \u2013 Der Strombedarf als Planungsgrundlage\",\"isPartOf\":{\"@id\":\"https:\/\/www.sense-electra.de\/#website\"},\"primaryImageOfPage\":{\"@id\":\"https:\/\/www.sense-electra.de\/blockheizkraftwerk\/bhkw-grundlagen\/bhkw-betriebsarten\/bhkw-stromgefuehrt\/#primaryimage\"},\"image\":{\"@id\":\"https:\/\/www.sense-electra.de\/blockheizkraftwerk\/bhkw-grundlagen\/bhkw-betriebsarten\/bhkw-stromgefuehrt\/#primaryimage\"},\"thumbnailUrl\":\"https:\/\/www.sense-electra.de\/wp-content\/uploads\/2021\/06\/einsatzmoeglichkeiten-und-unterschiede-bhkw-weitere-fakten-150x150.jpg\",\"datePublished\":\"2020-08-25T10:14:30+00:00\",\"dateModified\":\"2023-10-16T09:43:11+00:00\",\"description\":\"Eher selten erfolgt der Einsatz stromgef\u00fchrter BHKWs. Doch manchmal ist es sinnvoll \u25ba Erkl\u00e4rung, Einsatzm\u00f6glichkeiten & Unterschiede\",\"breadcrumb\":{\"@id\":\"https:\/\/www.sense-electra.de\/blockheizkraftwerk\/bhkw-grundlagen\/bhkw-betriebsarten\/bhkw-stromgefuehrt\/#breadcrumb\"},\"inLanguage\":\"en-GB\",\"potentialAction\":[{\"@type\":\"ReadAction\",\"target\":[\"https:\/\/www.sense-electra.de\/blockheizkraftwerk\/bhkw-grundlagen\/bhkw-betriebsarten\/bhkw-stromgefuehrt\/\"]}]},{\"@type\":\"ImageObject\",\"inLanguage\":\"en-GB\",\"@id\":\"https:\/\/www.sense-electra.de\/blockheizkraftwerk\/bhkw-grundlagen\/bhkw-betriebsarten\/bhkw-stromgefuehrt\/#primaryimage\",\"url\":\"https:\/\/www.sense-electra.de\/wp-content\/uploads\/2021\/06\/einsatzmoeglichkeiten-und-unterschiede-bhkw-weitere-fakten-150x150.jpg\",\"contentUrl\":\"https:\/\/www.sense-electra.de\/wp-content\/uploads\/2021\/06\/einsatzmoeglichkeiten-und-unterschiede-bhkw-weitere-fakten-150x150.jpg\"},{\"@type\":\"BreadcrumbList\",\"@id\":\"https:\/\/www.sense-electra.de\/blockheizkraftwerk\/bhkw-grundlagen\/bhkw-betriebsarten\/bhkw-stromgefuehrt\/#breadcrumb\",\"itemListElement\":[{\"@type\":\"ListItem\",\"position\":1,\"name\":\"Startseite\",\"item\":\"https:\/\/www.sense-electra.de\/\"},{\"@type\":\"ListItem\",\"position\":2,\"name\":\"Blockheizkraftwerk\",\"item\":\"https:\/\/www.sense-electra.de\/blockheizkraftwerk\/\"},{\"@type\":\"ListItem\",\"position\":3,\"name\":\"BHKW Grundlagen\",\"item\":\"https:\/\/www.sense-electra.de\/blockheizkraftwerk\/bhkw-grundlagen\/\"},{\"@type\":\"ListItem\",\"position\":4,\"name\":\"BHKW Betriebsarten\",\"item\":\"https:\/\/www.sense-electra.de\/blockheizkraftwerk\/bhkw-grundlagen\/bhkw-betriebsarten\/\"},{\"@type\":\"ListItem\",\"position\":5,\"name\":\"BHKW &#8211; stromgef\u00fchrt\"}]},{\"@type\":\"WebSite\",\"@id\":\"https:\/\/www.sense-electra.de\/#website\",\"url\":\"https:\/\/www.sense-electra.de\/\",\"name\":\"sense electra\",\"description\":\"W\u00e4rmeversorgung f\u00fcr Industrie- und Gewerbekunden\",\"potentialAction\":[{\"@type\":\"SearchAction\",\"target\":{\"@type\":\"EntryPoint\",\"urlTemplate\":\"https:\/\/www.sense-electra.de\/?s={search_term_string}\"},\"query-input\":\"required name=search_term_string\"}],\"inLanguage\":\"en-GB\"}]}<\/script>\n<!-- \/ Yoast SEO plugin. -->","yoast_head_json":{"title":"Stromgef\u00fchrte BHKW \u2013 Der Strombedarf als Planungsgrundlage","description":"Eher selten erfolgt der Einsatz stromgef\u00fchrter BHKWs. Doch manchmal ist es sinnvoll \u25ba Erkl\u00e4rung, Einsatzm\u00f6glichkeiten & Unterschiede","robots":{"index":"index","follow":"follow","max-snippet":"max-snippet:-1","max-image-preview":"max-image-preview:large","max-video-preview":"max-video-preview:-1"},"canonical":"https:\/\/www.sense-electra.de\/en\/blockheizkraftwerk\/bhkw-grundlagen\/bhkw-betriebsarten\/bhkw-stromgefuehrt\/","og_locale":"en_GB","og_type":"article","og_title":"Stromgef\u00fchrte BHKW \u2013 Der Strombedarf als Planungsgrundlage","og_description":"Eher selten erfolgt der Einsatz stromgef\u00fchrter BHKWs. Doch manchmal ist es sinnvoll \u25ba Erkl\u00e4rung, Einsatzm\u00f6glichkeiten & Unterschiede","og_url":"https:\/\/www.sense-electra.de\/en\/blockheizkraftwerk\/bhkw-grundlagen\/bhkw-betriebsarten\/bhkw-stromgefuehrt\/","og_site_name":"sense electra","article_modified_time":"2023-10-16T09:43:11+00:00","og_image":[{"url":"https:\/\/www.sense-electra.de\/wp-content\/uploads\/2021\/06\/einsatzmoeglichkeiten-und-unterschiede-bhkw-weitere-fakten-150x150.jpg"}],"twitter_card":"summary_large_image","twitter_misc":{"Estimated reading time":"3 minutes"},"schema":{"@context":"https:\/\/schema.org","@graph":[{"@type":"WebPage","@id":"https:\/\/www.sense-electra.de\/blockheizkraftwerk\/bhkw-grundlagen\/bhkw-betriebsarten\/bhkw-stromgefuehrt\/","url":"https:\/\/www.sense-electra.de\/blockheizkraftwerk\/bhkw-grundlagen\/bhkw-betriebsarten\/bhkw-stromgefuehrt\/","name":"Stromgef\u00fchrte BHKW \u2013 Der Strombedarf als Planungsgrundlage","isPartOf":{"@id":"https:\/\/www.sense-electra.de\/#website"},"primaryImageOfPage":{"@id":"https:\/\/www.sense-electra.de\/blockheizkraftwerk\/bhkw-grundlagen\/bhkw-betriebsarten\/bhkw-stromgefuehrt\/#primaryimage"},"image":{"@id":"https:\/\/www.sense-electra.de\/blockheizkraftwerk\/bhkw-grundlagen\/bhkw-betriebsarten\/bhkw-stromgefuehrt\/#primaryimage"},"thumbnailUrl":"https:\/\/www.sense-electra.de\/wp-content\/uploads\/2021\/06\/einsatzmoeglichkeiten-und-unterschiede-bhkw-weitere-fakten-150x150.jpg","datePublished":"2020-08-25T10:14:30+00:00","dateModified":"2023-10-16T09:43:11+00:00","description":"Eher selten erfolgt der Einsatz stromgef\u00fchrter BHKWs. Doch manchmal ist es sinnvoll \u25ba Erkl\u00e4rung, Einsatzm\u00f6glichkeiten & Unterschiede","breadcrumb":{"@id":"https:\/\/www.sense-electra.de\/blockheizkraftwerk\/bhkw-grundlagen\/bhkw-betriebsarten\/bhkw-stromgefuehrt\/#breadcrumb"},"inLanguage":"en-GB","potentialAction":[{"@type":"ReadAction","target":["https:\/\/www.sense-electra.de\/blockheizkraftwerk\/bhkw-grundlagen\/bhkw-betriebsarten\/bhkw-stromgefuehrt\/"]}]},{"@type":"ImageObject","inLanguage":"en-GB","@id":"https:\/\/www.sense-electra.de\/blockheizkraftwerk\/bhkw-grundlagen\/bhkw-betriebsarten\/bhkw-stromgefuehrt\/#primaryimage","url":"https:\/\/www.sense-electra.de\/wp-content\/uploads\/2021\/06\/einsatzmoeglichkeiten-und-unterschiede-bhkw-weitere-fakten-150x150.jpg","contentUrl":"https:\/\/www.sense-electra.de\/wp-content\/uploads\/2021\/06\/einsatzmoeglichkeiten-und-unterschiede-bhkw-weitere-fakten-150x150.jpg"},{"@type":"BreadcrumbList","@id":"https:\/\/www.sense-electra.de\/blockheizkraftwerk\/bhkw-grundlagen\/bhkw-betriebsarten\/bhkw-stromgefuehrt\/#breadcrumb","itemListElement":[{"@type":"ListItem","position":1,"name":"Startseite","item":"https:\/\/www.sense-electra.de\/"},{"@type":"ListItem","position":2,"name":"Blockheizkraftwerk","item":"https:\/\/www.sense-electra.de\/blockheizkraftwerk\/"},{"@type":"ListItem","position":3,"name":"BHKW Grundlagen","item":"https:\/\/www.sense-electra.de\/blockheizkraftwerk\/bhkw-grundlagen\/"},{"@type":"ListItem","position":4,"name":"BHKW Betriebsarten","item":"https:\/\/www.sense-electra.de\/blockheizkraftwerk\/bhkw-grundlagen\/bhkw-betriebsarten\/"},{"@type":"ListItem","position":5,"name":"BHKW &#8211; stromgef\u00fchrt"}]},{"@type":"WebSite","@id":"https:\/\/www.sense-electra.de\/#website","url":"https:\/\/www.sense-electra.de\/","name":"sense electra","description":"W\u00e4rmeversorgung f\u00fcr Industrie- und Gewerbekunden","potentialAction":[{"@type":"SearchAction","target":{"@type":"EntryPoint","urlTemplate":"https:\/\/www.sense-electra.de\/?s={search_term_string}"},"query-input":"required name=search_term_string"}],"inLanguage":"en-GB"}]}},"_links":{"self":[{"href":"https:\/\/www.sense-electra.de\/en\/wp-json\/wp\/v2\/pages\/132"}],"collection":[{"href":"https:\/\/www.sense-electra.de\/en\/wp-json\/wp\/v2\/pages"}],"about":[{"href":"https:\/\/www.sense-electra.de\/en\/wp-json\/wp\/v2\/types\/page"}],"author":[{"embeddable":true,"href":"https:\/\/www.sense-electra.de\/en\/wp-json\/wp\/v2\/users\/1"}],"replies":[{"embeddable":true,"href":"https:\/\/www.sense-electra.de\/en\/wp-json\/wp\/v2\/comments?post=132"}],"version-history":[{"count":0,"href":"https:\/\/www.sense-electra.de\/en\/wp-json\/wp\/v2\/pages\/132\/revisions"}],"up":[{"embeddable":true,"href":"https:\/\/www.sense-electra.de\/en\/wp-json\/wp\/v2\/pages\/128"}],"wp:attachment":[{"href":"https:\/\/www.sense-electra.de\/en\/wp-json\/wp\/v2\/media?parent=132"}],"curies":[{"name":"wp","href":"https:\/\/api.w.org\/{rel}","templated":true}]}}