{"id":134,"date":"2020-08-25T12:14:46","date_gmt":"2020-08-25T10:14:46","guid":{"rendered":"https:\/\/www.sense-electra.de\/?page_id=134"},"modified":"2023-10-16T11:55:44","modified_gmt":"2023-10-16T09:55:44","slug":"bhkw-netzgefuehrt","status":"publish","type":"page","link":"https:\/\/www.sense-electra.de\/en\/blockheizkraftwerk\/bhkw-grundlagen\/bhkw-betriebsarten\/bhkw-netzgefuehrt\/","title":{"rendered":"BHKW &#8211; netzgef\u00fchrt"},"content":{"rendered":"<h1>\n\t\tNetzwerkgef\u00fchrte BHKW-Betriebsarten\n\t<\/h1>\n\t<p>Netzwerkgef\u00fchrte BHKW werden zu einem Verbundnetz zusammengeschlossen. Zuk\u00fcnftig k\u00f6nnten sie gro\u00dfe, herk\u00f6mmliche Kraftwerke abl\u00f6sen.<\/p>\n\t<p><a href=\"#Ueberblick_Betriebsart\">At a glance<\/a><\/p>\n\t<p><a href=\"#Betriebsart\">Mode of operation<\/a><\/p>\n\t<p><a href=\"#Einsatznetzwerkgefuehrt\">Usage<\/a><\/p>\n<h2>\n\t\tGrid-led CHP units <br \/>\n\t<\/h2>\n\t<p>Diese Anlagen reihen sich nicht als dritte Betriebsweise neben der w\u00e4rme- und stromgef\u00fchrten Variante ein. Der Begriff netzgef\u00fchrte BHKW <strong>bezieht sich auf die Betriebsart<\/strong>. Diese ist weder f\u00fcr Privatkunden noch f\u00fcr Gewerbekunden geeignet, sondern wird von Energieversorgern genutzt.<\/p>\n<p>Blockheizkraftwerke mit einem netzwerkgef\u00fchrten Betrieb werden dezentral von Energieversorgungsunternehmen gesteuert. Was bedeutet, dass der individuelle Bedarf vor Ort keinen Einfluss auf die W\u00e4rme- und Stromproduktion hat. Stattdessen ist dies abh\u00e4ngig von den Netzanforderungen, wie viel Energie Ihre Anlage zum gegebenen Zeitpunkt produziert. Aufgrund dessen besitzen diese BHKW auch W\u00e4rmespeicher. Durch ihre gro\u00dfen Leistungsanforderungen werden sie ab einer Leistung von 200 KW installiert.<\/p>\n\t<p>Topics<\/p>\n\t<ul>\n<li><a href=\"#Ueberblick_Betriebsart\">At a glance<\/a><\/li>\n<li><a href=\"#Betriebsart\">Functionality<\/a><\/li>\n<li><a href=\"#Einsatznetzwerkgefuehrt\">Possible applications<\/a><\/li>\n<li><a href=\"#Vorteile_und_Nachteile\">Advantages and disadvantages<\/a><\/li>\n<\/ul>\n<h3>\n\t\tEin kurzer, schneller \u00dcberblick\n\t<\/h3>\n\t<ul>\n<li>The term grid-led refers to the setting, not the mode of operation<\/li>\n<li>The unit is controlled locally<\/li>\n<li>Combine the unit with other units to create a virtual power plant<\/li>\n<li>These are electricity-led CHP units<\/li>\n<li>Such units are switched on and off depending on the electricity demand across the entire grid<\/li>\n<\/ul>\n<h2>\n\t\tVirtuelle Kraftwerke \u2013 ein dezentral gesteuertes Netzwerk aus BHKW\n\t<\/h2>\n\t<p>Mehrere netzwerkgef\u00fchrte Blockheizkraftwerke werden zu einem Netzwerk zusammengeschlossen. Dann nennt sich dies virtuelles Netzwerk. Die BHKW im Netzwerk des virtuellen Kraftwerks sind stromgef\u00fchrt.<\/p>\n<p>Die Steuerung der virtuellen Kraftwerke sind abh\u00e4ngig vom Strombedarf im Stromnetz. Steigt der Strombedarf, erh\u00f6hen die entsprechend notwendige Anzahl an Blockheizkraftwerken die Produktion der elektrischen Leistung bzw. werden mehr Kraftwerke angeschaltet.<\/p>\n<p>Ist der Bedarf an Strom im Netz geringer als das Stromangebot, verringern die virtuellen Kraftwerke ihre Stromproduktion oder werden ganz abgeschaltet. Ein virtuelles Kraftwerk st\u00fctzt so die Netzfrequenz.<\/p>\n\t<p>Use electricity-led CHP units:<\/p>\n\t<ul>\n<li>for energy providers.<\/li>\n<\/ul>\n\t<p>Use electricity-led CHP units:<\/p>\n\t<ul>\n<li>for energy providers.<\/li>\n<\/ul>\n<h2>\n\t\tVorteile &#038; Nachteile der netzwerkgef\u00fchrten Fahrweise\n\t<\/h2>\n\t<p>Flexibility<\/p>\n\t<p>Durch das Verbundnetz sind netzwerkgef\u00fchrte BHKW sehr flexibel was die Stromproduktion angeht. Sie stehen jederzeit zur Verf\u00fcgung, im Gegensatz zu erneuerbaren Energien aus Sonne und Wind. Im Vergleich zu einem gro\u00dfen Kraftwerk sind mehrere kleinere BHKWs auch generell flexibler. Gro\u00dfe Anlagen  m\u00fcssen eine hohe Grundlast aufweisen, um wirtschaftlich zu sein.<\/p>\n\t<p>Support grid stability<\/p>\n\t<p>Wegen ihrer Flexibilit\u00e4t unterst\u00fctzen sie die Netzstabilit\u00e4t und k\u00f6nnen Schwankungen der Stromproduktion aus erneuerbaren Energien ausgleichen.<\/p>\n\t<p>Local<\/p>\n\t<p>Bei Spitzenlasten gleichen virtuelle Kraftwerke diese aus und produzieren gezielt lokal mehr Strom. So kann einem Stromausfall, der sich \u00fcber gro\u00dfe Gebiete erstreckt, vorgebeugt werden. Sollte das Stromnetz doch zusammenbrechen, ist nur ein kleines Gebiet betroffen.<\/p>\n\t<p>Disadvantage:<\/p>\n\t<p>Nachteilig ist, dass BHKWs in Verbundnetzen wegen ihrer netzabh\u00e4ngigen Stromproduktion nicht gleichm\u00e4\u00dfig W\u00e4rme und Strom produzieren. Dies f\u00fchrt zu einem h\u00f6heren Verschlei\u00df der Kraftwerke und ihrer Materialien.<\/p>\n\t\t\t\t<img decoding=\"async\" src=\"https:\/\/www.sense-electra.de\/wp-content\/uploads\/2021\/06\/energiedienstleister-fuer-gewerbekunden.jpg\" alt=\"Industriepark mit Sonnenuntergang\" itemprop=\"image\" title=\"Energiedienstleistungsunternehmen f\u00fcr Gewerbekunden\" onerror=\"this.style.display='none'\"  \/>\n\t<p>More about CHPs<\/p>\n\t\t\t\t<a href=\"https:\/\/www.sense-electra.de\/en\/blockheizkraftwerk\/bhkw-grundlagen\/bhkw-betriebsarten\/bhkw-stromgefuehrt\/\" target=\"_self\" itemprop=\"url\" rel=\"noopener\">\n\t\t\t\t<img decoding=\"async\" src=\"https:\/\/www.sense-electra.de\/wp-content\/uploads\/2021\/06\/staatliche-foerderungen-blockheizkraftwerke-infos-150x150.jpg\" alt=\"Leuchtende Gl\u00fchlampen vor grauem Hintergrund\" itemprop=\"image\" title=\"Stromkosten senken und F\u00f6rderungen erhalten f\u00fcr Blockheizkraftwerke\" onerror=\"this.style.display='none'\"  \/>\n\t\t\t\t<\/a>\n\t<p><a href=\"https:\/\/www.sense-electra.de\/en\/blockheizkraftwerk\/bhkw-grundlagen\/bhkw-betriebsarten\/bhkw-stromgefuehrt\/\">Electricity-led CHP units<\/a><\/p>\n\t\t\t\t<a href=\"https:\/\/www.sense-electra.de\/en\/blockheizkraftwerk\/bhkw-grundlagen\/bhkw-betriebsarten\/bhkw-waermegefuehrt\/\" target=\"_self\" itemprop=\"url\" rel=\"noopener\">\n\t\t\t\t<img decoding=\"async\" src=\"https:\/\/www.sense-electra.de\/wp-content\/uploads\/2021\/06\/einsatzmoeglichkeiten-und-unterschiede-bhkw-weitere-fakten-150x150.jpg\" alt=\"Heizung wird reguliert\" itemprop=\"image\" title=\"Mit einem BHKW heizen\" onerror=\"this.style.display='none'\"  \/>\n\t\t\t\t<\/a>\n\t<p><a href=\"https:\/\/www.sense-electra.de\/en\/blockheizkraftwerk\/bhkw-grundlagen\/bhkw-betriebsarten\/bhkw-waermegefuehrt\/\">Heat-led CHP units<\/a><\/p>\n\t\t\t\t<a href=\"https:\/\/www.sense-electra.de\/en\/gewerbe\/\" target=\"_self\" itemprop=\"url\" rel=\"noopener\">\n\t\t\t\t<img decoding=\"async\" src=\"https:\/\/www.sense-electra.de\/wp-content\/uploads\/2022\/01\/Ihr_Gewerbe_Blockheizkraftwerk-150x150.jpg\" alt=\"Fachpersonal f\u00fcr BHKWs plant an einem Tisch zusammen ein neues Blockheizkraftwerk f\u00fcr Ihr Gewerbe\" itemprop=\"image\" title=\"Planung eines Blockheizkraftwerks f\u00fcr Ihr Gewerbe\" onerror=\"this.style.display='none'\"  \/>\n\t\t\t\t<\/a>\n\t<p><a href=\"https:\/\/www.sense-electra.de\/en\/gewerbe\/\">CHP for your business<\/a><\/p>\n<h3>\n\t\tAuf welche Weise Sie auch Ihr BHKW nutzen &#8211;\n\t<\/h3>\n<h3>\n\t\twir planen individuell f\u00fcr Ihr Gewerbe Ihre Anlage\n\t<\/h3>\n\t\t\t<a href=\"#\" role=\"button\">\n\t\t\t\t\t\tSend your CHP enquiry\n\t\t\t\t\t<\/a>\n\t\t\n<div class=\"wpcf7 no-js\" id=\"wpcf7-f1738-o1\" lang=\"de-DE\" dir=\"ltr\">\n<div class=\"screen-reader-response\"><p role=\"status\" aria-live=\"polite\" aria-atomic=\"true\"><\/p> <ul><\/ul><\/div>\n<form action=\"\/en\/wp-json\/wp\/v2\/pages\/134#wpcf7-f1738-o1\" method=\"post\" class=\"wpcf7-form init\" aria-label=\"Contact form\" novalidate=\"novalidate\" data-status=\"init\" data-trp-original-action=\"\/en\/wp-json\/wp\/v2\/pages\/134#wpcf7-f1738-o1\">\n<div style=\"display: none;\">\n<input type=\"hidden\" name=\"_wpcf7\" value=\"1738\" \/>\n<input type=\"hidden\" name=\"_wpcf7_version\" value=\"5.9.8\" \/>\n<input type=\"hidden\" name=\"_wpcf7_locale\" value=\"de_DE_formal\" \/>\n<input type=\"hidden\" name=\"_wpcf7_unit_tag\" value=\"wpcf7-f1738-o1\" \/>\n<input type=\"hidden\" name=\"_wpcf7_container_post\" value=\"0\" \/>\n<input type=\"hidden\" name=\"_wpcf7_posted_data_hash\" value=\"\" \/>\n<\/div>\n<h3>submit a CHP inquiry\n<\/h3>\n<p> Unser Team berechnet Ihre Einsparungen mittels BHKW - kostenfrei und komplett unverbindlich f\u00fcr Sie. Treten Sie jetzt mit unseren BHKW-Experten in Kontakt.\n<\/p>\n<p><label> Womit heizen Sie?*<br \/>\n<span class=\"wpcf7-form-control-wrap\" data-name=\"Brennstoff\"><select class=\"wpcf7-form-control wpcf7-select wpcf7-validates-as-required\" aria-required=\"true\" aria-invalid=\"false\" name=\"Brennstoff\"><option value=\"\">&#8211; Bitte ausw\u00e4hlen &#8211;<\/option><option value=\"Gas\">Gas<\/option><option value=\"\u00d6l\">\u00d6l<\/option><option value=\"Sonstiges\">Sonstiges<\/option><\/select><\/span><br \/>\n<\/label>\n<\/p>\n<p><span id=\"ho-ph-sense-1\" class=\"wpcf7-form-control-wrap phone-or-mail-wrap\" style=\"display:none !important; visibility:hidden !important;\"><label for=\"wpcf7-69f5223ddcbbd-field\" class=\"hp-message\">Bitte lassen Sie dieses Feld leer.<\/label><input id=\"wpcf7-69f5223ddcbbd-field\"  class=\"wpcf7-form-control wpcf7-text\" type=\"text\" name=\"phone-or-mail\" value=\"\" size=\"40\" tabindex=\"-1\" autocomplete=\"new-password\" \/><\/span>\n<\/p>\n<p><label> Ihr Verbrauch pro Jahr (kWh)*<br \/>\n<span class=\"wpcf7-form-control-wrap\" data-name=\"Verbrauch\"><input size=\"40\" maxlength=\"400\" class=\"wpcf7-form-control wpcf7-text wpcf7-validates-as-required\" aria-required=\"true\" aria-invalid=\"false\" value=\"\" type=\"text\" name=\"Verbrauch\" \/><\/span> <\/label>\n<\/p>\n<p><label> Art des Geb\u00e4udes*<br \/>\n<span class=\"wpcf7-form-control-wrap\" data-name=\"Gebauedeart\"><select class=\"wpcf7-form-control wpcf7-select wpcf7-validates-as-required\" aria-required=\"true\" aria-invalid=\"false\" name=\"Gebauedeart\"><option value=\"Gewerbegeb\u00e4ude\">Commercial site<\/option><option value=\"Wohngeb\u00e4ude\">Residential building<\/option><\/select><\/span> <\/label>\n<\/p>\n<p><span id=\"ho-ph-sense-2\" class=\"wpcf7-form-control-wrap phone-or-mail-wrap\" style=\"display:none !important; visibility:hidden !important;\"><label for=\"wpcf7-69f5223ddcd39-field\" class=\"hp-message\">Bitte lassen Sie dieses Feld leer.<\/label><input id=\"wpcf7-69f5223ddcd39-field\"  class=\"wpcf7-form-control wpcf7-text\" type=\"text\" name=\"phone-or-mail\" value=\"\" size=\"40\" tabindex=\"-1\" autocomplete=\"new-password\" \/><\/span>\n<\/p>\n<p><label> Ihre Firmen-E-Mail*<br \/>\n<span class=\"wpcf7-form-control-wrap\" data-name=\"your-email\"><input size=\"40\" maxlength=\"400\" class=\"wpcf7-form-control wpcf7-email wpcf7-validates-as-required wpcf7-text wpcf7-validates-as-email\" aria-required=\"true\" aria-invalid=\"false\" value=\"\" type=\"email\" name=\"your-email\" \/><\/span> <\/label>\n<\/p>\n<p><label> Ihre R\u00fcckruf-Nummer<br \/>\n<span class=\"wpcf7-form-control-wrap\" data-name=\"tel-218\"><input size=\"40\" maxlength=\"400\" class=\"wpcf7-form-control wpcf7-tel wpcf7-text wpcf7-validates-as-tel\" aria-invalid=\"false\" value=\"\" type=\"tel\" name=\"tel-218\" \/><\/span> <\/label>\n<\/p>\n<p><label> Ihre Nachricht an uns<br \/>\n<span class=\"wpcf7-form-control-wrap\" data-name=\"your-message\"><textarea cols=\"40\" rows=\"10\" maxlength=\"2000\" class=\"wpcf7-form-control wpcf7-textarea\" aria-invalid=\"false\" name=\"your-message\"><\/textarea><\/span> <\/label>\n<\/p>\n<p>*Pflichtfeld\n<\/p>\n<p>Bitte beachten Sie unsere <a target=\"_blank\" href=\"\/en\/datenschutz\/\">Datenschutzbestimmungen.<\/a>\n<\/p>\n<p><input class=\"wpcf7-form-control wpcf7-submit has-spinner\" type=\"submit\" value=\"Jetzt Angebot anfordern\" \/>\n<\/p><div class=\"wpcf7-response-output\" aria-hidden=\"true\"><\/div>\n<input type=\"hidden\" name=\"trp-form-language\" value=\"en\"\/><\/form>\n<\/div>","protected":false},"excerpt":{"rendered":"<p>Netzwerkgef\u00fchrte BHKW-Betriebsarten Netzwerkgef\u00fchrte BHKW werden zu einem Verbundnetz zusammengeschlossen. Zuk\u00fcnftig k\u00f6nnten sie gro\u00dfe, herk\u00f6mmliche Kraftwerke abl\u00f6sen. \u00dcberblick Betriebsart Einsatz Netzwerkgef\u00fchrte BHKW Diese Anlagen reihen sich nicht als dritte Betriebsweise neben der w\u00e4rme- und stromgef\u00fchrten Variante ein. Der Begriff netzgef\u00fchrte BHKW bezieht sich auf die Betriebsart. Diese ist weder f\u00fcr Privatkunden noch f\u00fcr Gewerbekunden geeignet, sondern&hellip;<\/p>","protected":false},"author":1,"featured_media":0,"parent":128,"menu_order":0,"comment_status":"closed","ping_status":"closed","template":"","meta":{"_acf_changed":false,"footnotes":""},"acf":[],"yoast_head":"<!-- This site is optimized with the Yoast SEO plugin v23.1 - https:\/\/yoast.com\/wordpress\/plugins\/seo\/ -->\n<title>Netzgef\u00fchrte BHKW - Verbund in virtuellen Kraftwerken<\/title>\n<meta name=\"description\" content=\"Als Betriebsart kommen netzwerkgef\u00fchrte BHKW nur f\u00fcr Energieversorger in Betracht, aber f\u00fcr diese bringen sie gro\u00dfe Vorteile mit sich.\" \/>\n<meta name=\"robots\" content=\"index, follow, max-snippet:-1, max-image-preview:large, max-video-preview:-1\" \/>\n<link rel=\"canonical\" href=\"https:\/\/www.sense-electra.de\/en\/blockheizkraftwerk\/bhkw-grundlagen\/bhkw-betriebsarten\/bhkw-netzgefuehrt\/\" \/>\n<meta property=\"og:locale\" content=\"en_GB\" \/>\n<meta property=\"og:type\" content=\"article\" \/>\n<meta property=\"og:title\" content=\"Netzgef\u00fchrte BHKW - Verbund in virtuellen Kraftwerken\" \/>\n<meta property=\"og:description\" content=\"Als Betriebsart kommen netzwerkgef\u00fchrte BHKW nur f\u00fcr Energieversorger in Betracht, aber f\u00fcr diese bringen sie gro\u00dfe Vorteile mit sich.\" \/>\n<meta property=\"og:url\" content=\"https:\/\/www.sense-electra.de\/en\/blockheizkraftwerk\/bhkw-grundlagen\/bhkw-betriebsarten\/bhkw-netzgefuehrt\/\" \/>\n<meta property=\"og:site_name\" content=\"sense electra\" \/>\n<meta property=\"article:modified_time\" content=\"2023-10-16T09:55:44+00:00\" \/>\n<meta property=\"og:image\" content=\"https:\/\/www.sense-electra.de\/wp-content\/uploads\/2021\/06\/energiedienstleister-fuer-gewerbekunden.jpg\" \/>\n<meta name=\"twitter:card\" content=\"summary_large_image\" \/>\n<meta name=\"twitter:label1\" content=\"Estimated reading time\" \/>\n\t<meta name=\"twitter:data1\" content=\"2 minutes\" \/>\n<script type=\"application\/ld+json\" class=\"yoast-schema-graph\">{\"@context\":\"https:\/\/schema.org\",\"@graph\":[{\"@type\":\"WebPage\",\"@id\":\"https:\/\/www.sense-electra.de\/blockheizkraftwerk\/bhkw-grundlagen\/bhkw-betriebsarten\/bhkw-netzgefuehrt\/\",\"url\":\"https:\/\/www.sense-electra.de\/blockheizkraftwerk\/bhkw-grundlagen\/bhkw-betriebsarten\/bhkw-netzgefuehrt\/\",\"name\":\"Netzgef\u00fchrte BHKW - Verbund in virtuellen Kraftwerken\",\"isPartOf\":{\"@id\":\"https:\/\/www.sense-electra.de\/#website\"},\"primaryImageOfPage\":{\"@id\":\"https:\/\/www.sense-electra.de\/blockheizkraftwerk\/bhkw-grundlagen\/bhkw-betriebsarten\/bhkw-netzgefuehrt\/#primaryimage\"},\"image\":{\"@id\":\"https:\/\/www.sense-electra.de\/blockheizkraftwerk\/bhkw-grundlagen\/bhkw-betriebsarten\/bhkw-netzgefuehrt\/#primaryimage\"},\"thumbnailUrl\":\"https:\/\/www.sense-electra.de\/wp-content\/uploads\/2021\/06\/energiedienstleister-fuer-gewerbekunden.jpg\",\"datePublished\":\"2020-08-25T10:14:46+00:00\",\"dateModified\":\"2023-10-16T09:55:44+00:00\",\"description\":\"Als Betriebsart kommen netzwerkgef\u00fchrte BHKW nur f\u00fcr Energieversorger in Betracht, aber f\u00fcr diese bringen sie gro\u00dfe Vorteile mit sich.\",\"breadcrumb\":{\"@id\":\"https:\/\/www.sense-electra.de\/blockheizkraftwerk\/bhkw-grundlagen\/bhkw-betriebsarten\/bhkw-netzgefuehrt\/#breadcrumb\"},\"inLanguage\":\"en-GB\",\"potentialAction\":[{\"@type\":\"ReadAction\",\"target\":[\"https:\/\/www.sense-electra.de\/blockheizkraftwerk\/bhkw-grundlagen\/bhkw-betriebsarten\/bhkw-netzgefuehrt\/\"]}]},{\"@type\":\"ImageObject\",\"inLanguage\":\"en-GB\",\"@id\":\"https:\/\/www.sense-electra.de\/blockheizkraftwerk\/bhkw-grundlagen\/bhkw-betriebsarten\/bhkw-netzgefuehrt\/#primaryimage\",\"url\":\"https:\/\/www.sense-electra.de\/wp-content\/uploads\/2021\/06\/energiedienstleister-fuer-gewerbekunden.jpg\",\"contentUrl\":\"https:\/\/www.sense-electra.de\/wp-content\/uploads\/2021\/06\/energiedienstleister-fuer-gewerbekunden.jpg\"},{\"@type\":\"BreadcrumbList\",\"@id\":\"https:\/\/www.sense-electra.de\/blockheizkraftwerk\/bhkw-grundlagen\/bhkw-betriebsarten\/bhkw-netzgefuehrt\/#breadcrumb\",\"itemListElement\":[{\"@type\":\"ListItem\",\"position\":1,\"name\":\"Startseite\",\"item\":\"https:\/\/www.sense-electra.de\/\"},{\"@type\":\"ListItem\",\"position\":2,\"name\":\"Blockheizkraftwerk\",\"item\":\"https:\/\/www.sense-electra.de\/blockheizkraftwerk\/\"},{\"@type\":\"ListItem\",\"position\":3,\"name\":\"BHKW Grundlagen\",\"item\":\"https:\/\/www.sense-electra.de\/blockheizkraftwerk\/bhkw-grundlagen\/\"},{\"@type\":\"ListItem\",\"position\":4,\"name\":\"BHKW Betriebsarten\",\"item\":\"https:\/\/www.sense-electra.de\/blockheizkraftwerk\/bhkw-grundlagen\/bhkw-betriebsarten\/\"},{\"@type\":\"ListItem\",\"position\":5,\"name\":\"BHKW &#8211; netzgef\u00fchrt\"}]},{\"@type\":\"WebSite\",\"@id\":\"https:\/\/www.sense-electra.de\/#website\",\"url\":\"https:\/\/www.sense-electra.de\/\",\"name\":\"sense electra\",\"description\":\"W\u00e4rmeversorgung f\u00fcr Industrie- und Gewerbekunden\",\"potentialAction\":[{\"@type\":\"SearchAction\",\"target\":{\"@type\":\"EntryPoint\",\"urlTemplate\":\"https:\/\/www.sense-electra.de\/?s={search_term_string}\"},\"query-input\":\"required name=search_term_string\"}],\"inLanguage\":\"en-GB\"}]}<\/script>\n<!-- \/ Yoast SEO plugin. -->","yoast_head_json":{"title":"Netzgef\u00fchrte BHKW - Verbund in virtuellen Kraftwerken","description":"Als Betriebsart kommen netzwerkgef\u00fchrte BHKW nur f\u00fcr Energieversorger in Betracht, aber f\u00fcr diese bringen sie gro\u00dfe Vorteile mit sich.","robots":{"index":"index","follow":"follow","max-snippet":"max-snippet:-1","max-image-preview":"max-image-preview:large","max-video-preview":"max-video-preview:-1"},"canonical":"https:\/\/www.sense-electra.de\/en\/blockheizkraftwerk\/bhkw-grundlagen\/bhkw-betriebsarten\/bhkw-netzgefuehrt\/","og_locale":"en_GB","og_type":"article","og_title":"Netzgef\u00fchrte BHKW - Verbund in virtuellen Kraftwerken","og_description":"Als Betriebsart kommen netzwerkgef\u00fchrte BHKW nur f\u00fcr Energieversorger in Betracht, aber f\u00fcr diese bringen sie gro\u00dfe Vorteile mit sich.","og_url":"https:\/\/www.sense-electra.de\/en\/blockheizkraftwerk\/bhkw-grundlagen\/bhkw-betriebsarten\/bhkw-netzgefuehrt\/","og_site_name":"sense electra","article_modified_time":"2023-10-16T09:55:44+00:00","og_image":[{"url":"https:\/\/www.sense-electra.de\/wp-content\/uploads\/2021\/06\/energiedienstleister-fuer-gewerbekunden.jpg"}],"twitter_card":"summary_large_image","twitter_misc":{"Estimated reading time":"2 minutes"},"schema":{"@context":"https:\/\/schema.org","@graph":[{"@type":"WebPage","@id":"https:\/\/www.sense-electra.de\/blockheizkraftwerk\/bhkw-grundlagen\/bhkw-betriebsarten\/bhkw-netzgefuehrt\/","url":"https:\/\/www.sense-electra.de\/blockheizkraftwerk\/bhkw-grundlagen\/bhkw-betriebsarten\/bhkw-netzgefuehrt\/","name":"Netzgef\u00fchrte BHKW - Verbund in virtuellen Kraftwerken","isPartOf":{"@id":"https:\/\/www.sense-electra.de\/#website"},"primaryImageOfPage":{"@id":"https:\/\/www.sense-electra.de\/blockheizkraftwerk\/bhkw-grundlagen\/bhkw-betriebsarten\/bhkw-netzgefuehrt\/#primaryimage"},"image":{"@id":"https:\/\/www.sense-electra.de\/blockheizkraftwerk\/bhkw-grundlagen\/bhkw-betriebsarten\/bhkw-netzgefuehrt\/#primaryimage"},"thumbnailUrl":"https:\/\/www.sense-electra.de\/wp-content\/uploads\/2021\/06\/energiedienstleister-fuer-gewerbekunden.jpg","datePublished":"2020-08-25T10:14:46+00:00","dateModified":"2023-10-16T09:55:44+00:00","description":"Als Betriebsart kommen netzwerkgef\u00fchrte BHKW nur f\u00fcr Energieversorger in Betracht, aber f\u00fcr diese bringen sie gro\u00dfe Vorteile mit sich.","breadcrumb":{"@id":"https:\/\/www.sense-electra.de\/blockheizkraftwerk\/bhkw-grundlagen\/bhkw-betriebsarten\/bhkw-netzgefuehrt\/#breadcrumb"},"inLanguage":"en-GB","potentialAction":[{"@type":"ReadAction","target":["https:\/\/www.sense-electra.de\/blockheizkraftwerk\/bhkw-grundlagen\/bhkw-betriebsarten\/bhkw-netzgefuehrt\/"]}]},{"@type":"ImageObject","inLanguage":"en-GB","@id":"https:\/\/www.sense-electra.de\/blockheizkraftwerk\/bhkw-grundlagen\/bhkw-betriebsarten\/bhkw-netzgefuehrt\/#primaryimage","url":"https:\/\/www.sense-electra.de\/wp-content\/uploads\/2021\/06\/energiedienstleister-fuer-gewerbekunden.jpg","contentUrl":"https:\/\/www.sense-electra.de\/wp-content\/uploads\/2021\/06\/energiedienstleister-fuer-gewerbekunden.jpg"},{"@type":"BreadcrumbList","@id":"https:\/\/www.sense-electra.de\/blockheizkraftwerk\/bhkw-grundlagen\/bhkw-betriebsarten\/bhkw-netzgefuehrt\/#breadcrumb","itemListElement":[{"@type":"ListItem","position":1,"name":"Startseite","item":"https:\/\/www.sense-electra.de\/"},{"@type":"ListItem","position":2,"name":"Blockheizkraftwerk","item":"https:\/\/www.sense-electra.de\/blockheizkraftwerk\/"},{"@type":"ListItem","position":3,"name":"BHKW Grundlagen","item":"https:\/\/www.sense-electra.de\/blockheizkraftwerk\/bhkw-grundlagen\/"},{"@type":"ListItem","position":4,"name":"BHKW Betriebsarten","item":"https:\/\/www.sense-electra.de\/blockheizkraftwerk\/bhkw-grundlagen\/bhkw-betriebsarten\/"},{"@type":"ListItem","position":5,"name":"BHKW &#8211; netzgef\u00fchrt"}]},{"@type":"WebSite","@id":"https:\/\/www.sense-electra.de\/#website","url":"https:\/\/www.sense-electra.de\/","name":"sense electra","description":"W\u00e4rmeversorgung f\u00fcr Industrie- und Gewerbekunden","potentialAction":[{"@type":"SearchAction","target":{"@type":"EntryPoint","urlTemplate":"https:\/\/www.sense-electra.de\/?s={search_term_string}"},"query-input":"required name=search_term_string"}],"inLanguage":"en-GB"}]}},"_links":{"self":[{"href":"https:\/\/www.sense-electra.de\/en\/wp-json\/wp\/v2\/pages\/134"}],"collection":[{"href":"https:\/\/www.sense-electra.de\/en\/wp-json\/wp\/v2\/pages"}],"about":[{"href":"https:\/\/www.sense-electra.de\/en\/wp-json\/wp\/v2\/types\/page"}],"author":[{"embeddable":true,"href":"https:\/\/www.sense-electra.de\/en\/wp-json\/wp\/v2\/users\/1"}],"replies":[{"embeddable":true,"href":"https:\/\/www.sense-electra.de\/en\/wp-json\/wp\/v2\/comments?post=134"}],"version-history":[{"count":0,"href":"https:\/\/www.sense-electra.de\/en\/wp-json\/wp\/v2\/pages\/134\/revisions"}],"up":[{"embeddable":true,"href":"https:\/\/www.sense-electra.de\/en\/wp-json\/wp\/v2\/pages\/128"}],"wp:attachment":[{"href":"https:\/\/www.sense-electra.de\/en\/wp-json\/wp\/v2\/media?parent=134"}],"curies":[{"name":"wp","href":"https:\/\/api.w.org\/{rel}","templated":true}]}}