{"id":156,"date":"2020-08-25T12:18:26","date_gmt":"2020-08-25T10:18:26","guid":{"rendered":"https:\/\/www.sense-electra.de\/?page_id=156"},"modified":"2021-09-28T08:37:25","modified_gmt":"2021-09-28T06:37:25","slug":"blockheizkraftwerk-holz","status":"publish","type":"page","link":"https:\/\/www.sense-electra.de\/en\/blockheizkraftwerk\/bhkw-brennstoffe\/blockheizkraftwerk-holz\/","title":{"rendered":"Blockheizkraftwerk Holz\/ Pellet BHKW"},"content":{"rendered":"<h1>\n\t\tBlockheizkraftwerk mit Holz <br> Pellet-BHKW\n\t<\/h1>\n\t<p>Lorem ipsum dolor sit amet, consetetur sadipscing elitr, sed diam nonumy eirmod tempor invidunt ut labore et dolore magna aliquyam erat, sed diam voluptua.<\/p>\n\t<p><a href=\"#Ueberblickstromgefuehrt\">At a glance<\/a><\/p>\n\t<p><a href=\"#Betriebsweisestromgefuehrt\">Mode of operation<\/a><\/p>\n\t<p><a href=\"#Einsatzstromgefuerht\">Usage<\/a><\/p>\n<h2>\n\t\tWhat makes cogeneration units special?\n\t<\/h2>\n\t<p>Cogeneration units have a high overall efficiency. They generate two forms of energy at the same time: electricity and heat. This dual benefit permanently reduces energy costs.<\/p>\n\t<p>Topics<\/p>\n\t<ul>\n<li><a href=\"#KWK-Anlage\">KWK-Anlage &#8211; Funktionsweise<\/a><\/li>\n<li><a href=\"#Das-Blockheizkraftwerk\">BHKW &#8211; Funktionsweise<\/a><\/li>\n<li><a href=\"#Effizienzvergleich_KWK_und_Kraftwerk\">Comparing cogeneration units and power plants<\/a><\/li>\n<li><a href=\"#BHKW_KWK_Einsatzm\u00f6glichkeiten\">Use cases for cogeneration units<\/a><\/li>\n<\/ul>\n<h2>\n\t\tHow combined heating systems work\n\t<\/h2>\n\t<p>Das BHKW vereint in sich die sonst getrennte Energieerzeugung von Strom und W\u00e4rme.<\/p>\n<p>Der Motor des BHKW verbrennt Treibstoff, wodurch W\u00e4rme entsteht. Diese wird \u00fcber eine K\u00fchlfl\u00fcssigkeit abgef\u00fchrt. Der W\u00e4rmetauscher macht anschlie\u00dfend die W\u00e4rme zum Heizen und zur Trinkwassererw\u00e4rmung nutzbar. Strom wird durch den am Motor angeschlossenen Generator erzeugt.<\/p>\n<h3>\n\t\tCombined heat and power units only partly replace a heating system\n\t<\/h3>\n\t<p>Beim Einbau eines BHKW sollte zus\u00e4tzlich auch ein Heizkessel installiert werden. Grund daf\u00fcr ist, dass ein BHKW so ausgelegt wird, dass dessen Leistung den gr\u00f6\u00dftm\u00f6glichen Teil der W\u00e4rmegrundlast \u00fcbernimmt. Als W\u00e4rmegrundlast wird die Menge an W\u00e4rme bezeichnet, die zwischen Herbst bis Fr\u00fchling mindestens durchg\u00e4ngig erzeugt werden muss.<\/p>\n<p>Kommt es zu Lastspitzen, z.B. durch einen erh\u00f6hten W\u00e4rmebedarf aufgrund von sinkenden Temperaturen, reicht die Leistung des BHKWs nicht mehr aus. Dann springt der Heizkessel mit ein.<\/p>\n<p>W\u00fcrde man ein BHKW so dimensionieren, dass es auch Lastspitzen abdeckt, w\u00e4re es nicht mehr rentabel.<\/p>\n\t\t\t\t<img loading=\"lazy\" decoding=\"async\" src=\"https:\/\/www.sense-electra.de\/wp-content\/uploads\/2020\/12\/BHKW_Funktionsweise_vereinfacht_graublau-02.png\" alt=\"BHKW_Funktionsweise_vereinfacht_graublau - 02\" itemprop=\"image\" height=\"600\" width=\"1000\" title=\"BHKW_Funktionsweise_vereinfacht_graublau - 02\" onerror=\"this.style.display='none'\"  \/>\n\t<p><em>Vereinfachtes Schema der Funktionsweise eines Blockheizkraftwerks<\/em><\/p>\n<h3>\n\t\tCombined heat and power units do not offer complete independence from the power grid\n\t<\/h3>\n\t<p>Ein BHKW erzeugt dann Strom, wenn auch W\u00e4rme ben\u00f6tigt wird. Das bedeutet im Umkehrschluss, dass es nicht immer ausreichend Strom produziert, wenn dieser auch gebraucht wird. Der ben\u00f6tigte Reststrom wird vom \u00f6ffentlichen Stromnetz bezogen. F\u00fcr die Wirtschaftlichkeit eines Blockheizkraftwerks ist ein kontinuierlicher, j\u00e4hrlicher W\u00e4rmebedarf deswegen unerl\u00e4sslich.<\/p>\n<h3>\n\t\tSie ben\u00f6tigen Beratung bei der richtigen Wahl?\n\t<\/h3>\n\t\t\t<a href=\"https:\/\/www.sense-electra.de\/en\/sense-electra\/kontakt\/\" target=\"_self\" role=\"button\" rel=\"noopener noreferrer\">\n\t\t\t\t\t\tGet in touch\n\t\t\t\t\t<\/a>","protected":false},"excerpt":{"rendered":"<p>Blockheizkraftwerk mit Holz Pellet-BHKW Lorem ipsum dolor sit amet, consetetur sadipscing elitr, sed diam nonumy eirmod tempor invidunt ut labore et dolore magna aliquyam erat, sed diam voluptua. \u00dcberblick Betriebsweise Einsatz Was ist das Besondere an einer KWK-Anlage? Eine Kraft-W\u00e4rme-Kopplungsanlage hat einen hohen Gesamtwirkungsgrad. Sie erzeugt gleich zwei Energieformen: Strom und W\u00e4rme. Dieser doppelte Nutzen&hellip;<\/p>","protected":false},"author":1,"featured_media":0,"parent":150,"menu_order":0,"comment_status":"closed","ping_status":"closed","template":"","meta":{"_acf_changed":false,"footnotes":""},"acf":[],"yoast_head":"<!-- This site is optimized with the Yoast SEO plugin v23.1 - https:\/\/yoast.com\/wordpress\/plugins\/seo\/ -->\n<title>Blockheizkraftwerk Holz\/ Pellet BHKW - sense electra<\/title>\n<meta name=\"robots\" content=\"index, follow, max-snippet:-1, max-image-preview:large, max-video-preview:-1\" \/>\n<link rel=\"canonical\" href=\"https:\/\/www.sense-electra.de\/en\/blockheizkraftwerk\/bhkw-brennstoffe\/blockheizkraftwerk-holz\/\" \/>\n<meta property=\"og:locale\" content=\"en_GB\" \/>\n<meta property=\"og:type\" content=\"article\" \/>\n<meta property=\"og:title\" content=\"Blockheizkraftwerk Holz\/ Pellet BHKW - sense electra\" \/>\n<meta property=\"og:description\" content=\"Blockheizkraftwerk mit Holz Pellet-BHKW Lorem ipsum dolor sit amet, consetetur sadipscing elitr, sed diam nonumy eirmod tempor invidunt ut labore et dolore magna aliquyam erat, sed diam voluptua. \u00dcberblick Betriebsweise Einsatz Was ist das Besondere an einer KWK-Anlage? Eine Kraft-W\u00e4rme-Kopplungsanlage hat einen hohen Gesamtwirkungsgrad. Sie erzeugt gleich zwei Energieformen: Strom und W\u00e4rme. Dieser doppelte Nutzen&hellip;\" \/>\n<meta property=\"og:url\" content=\"https:\/\/www.sense-electra.de\/en\/blockheizkraftwerk\/bhkw-brennstoffe\/blockheizkraftwerk-holz\/\" \/>\n<meta property=\"og:site_name\" content=\"sense electra\" \/>\n<meta property=\"article:modified_time\" content=\"2021-09-28T06:37:25+00:00\" \/>\n<meta property=\"og:image\" content=\"https:\/\/www.sense-electra.de\/wp-content\/uploads\/2020\/12\/BHKW_Funktionsweise_vereinfacht_graublau-02.png\" \/>\n<meta name=\"twitter:card\" content=\"summary_large_image\" \/>\n<meta name=\"twitter:label1\" content=\"Estimated reading time\" \/>\n\t<meta name=\"twitter:data1\" content=\"2 minutes\" \/>\n<script type=\"application\/ld+json\" class=\"yoast-schema-graph\">{\"@context\":\"https:\/\/schema.org\",\"@graph\":[{\"@type\":\"WebPage\",\"@id\":\"https:\/\/www.sense-electra.de\/blockheizkraftwerk\/bhkw-brennstoffe\/blockheizkraftwerk-holz\/\",\"url\":\"https:\/\/www.sense-electra.de\/blockheizkraftwerk\/bhkw-brennstoffe\/blockheizkraftwerk-holz\/\",\"name\":\"Blockheizkraftwerk Holz\/ Pellet BHKW - sense electra\",\"isPartOf\":{\"@id\":\"https:\/\/www.sense-electra.de\/#website\"},\"primaryImageOfPage\":{\"@id\":\"https:\/\/www.sense-electra.de\/blockheizkraftwerk\/bhkw-brennstoffe\/blockheizkraftwerk-holz\/#primaryimage\"},\"image\":{\"@id\":\"https:\/\/www.sense-electra.de\/blockheizkraftwerk\/bhkw-brennstoffe\/blockheizkraftwerk-holz\/#primaryimage\"},\"thumbnailUrl\":\"https:\/\/www.sense-electra.de\/wp-content\/uploads\/2020\/12\/BHKW_Funktionsweise_vereinfacht_graublau-02.png\",\"datePublished\":\"2020-08-25T10:18:26+00:00\",\"dateModified\":\"2021-09-28T06:37:25+00:00\",\"breadcrumb\":{\"@id\":\"https:\/\/www.sense-electra.de\/blockheizkraftwerk\/bhkw-brennstoffe\/blockheizkraftwerk-holz\/#breadcrumb\"},\"inLanguage\":\"en-GB\",\"potentialAction\":[{\"@type\":\"ReadAction\",\"target\":[\"https:\/\/www.sense-electra.de\/blockheizkraftwerk\/bhkw-brennstoffe\/blockheizkraftwerk-holz\/\"]}]},{\"@type\":\"ImageObject\",\"inLanguage\":\"en-GB\",\"@id\":\"https:\/\/www.sense-electra.de\/blockheizkraftwerk\/bhkw-brennstoffe\/blockheizkraftwerk-holz\/#primaryimage\",\"url\":\"https:\/\/www.sense-electra.de\/wp-content\/uploads\/2020\/12\/BHKW_Funktionsweise_vereinfacht_graublau-02.png\",\"contentUrl\":\"https:\/\/www.sense-electra.de\/wp-content\/uploads\/2020\/12\/BHKW_Funktionsweise_vereinfacht_graublau-02.png\"},{\"@type\":\"BreadcrumbList\",\"@id\":\"https:\/\/www.sense-electra.de\/blockheizkraftwerk\/bhkw-brennstoffe\/blockheizkraftwerk-holz\/#breadcrumb\",\"itemListElement\":[{\"@type\":\"ListItem\",\"position\":1,\"name\":\"Startseite\",\"item\":\"https:\/\/www.sense-electra.de\/\"},{\"@type\":\"ListItem\",\"position\":2,\"name\":\"Blockheizkraftwerk\",\"item\":\"https:\/\/www.sense-electra.de\/blockheizkraftwerk\/\"},{\"@type\":\"ListItem\",\"position\":3,\"name\":\"BHKW Brennstoffe\",\"item\":\"https:\/\/www.sense-electra.de\/blockheizkraftwerk\/bhkw-brennstoffe\/\"},{\"@type\":\"ListItem\",\"position\":4,\"name\":\"Blockheizkraftwerk Holz\/ Pellet BHKW\"}]},{\"@type\":\"WebSite\",\"@id\":\"https:\/\/www.sense-electra.de\/#website\",\"url\":\"https:\/\/www.sense-electra.de\/\",\"name\":\"sense electra\",\"description\":\"W\u00e4rmeversorgung f\u00fcr Industrie- und Gewerbekunden\",\"potentialAction\":[{\"@type\":\"SearchAction\",\"target\":{\"@type\":\"EntryPoint\",\"urlTemplate\":\"https:\/\/www.sense-electra.de\/?s={search_term_string}\"},\"query-input\":\"required name=search_term_string\"}],\"inLanguage\":\"en-GB\"}]}<\/script>\n<!-- \/ Yoast SEO plugin. -->","yoast_head_json":{"title":"Blockheizkraftwerk Holz\/ Pellet BHKW - sense electra","robots":{"index":"index","follow":"follow","max-snippet":"max-snippet:-1","max-image-preview":"max-image-preview:large","max-video-preview":"max-video-preview:-1"},"canonical":"https:\/\/www.sense-electra.de\/en\/blockheizkraftwerk\/bhkw-brennstoffe\/blockheizkraftwerk-holz\/","og_locale":"en_GB","og_type":"article","og_title":"Blockheizkraftwerk Holz\/ Pellet BHKW - sense electra","og_description":"Blockheizkraftwerk mit Holz Pellet-BHKW Lorem ipsum dolor sit amet, consetetur sadipscing elitr, sed diam nonumy eirmod tempor invidunt ut labore et dolore magna aliquyam erat, sed diam voluptua. \u00dcberblick Betriebsweise Einsatz Was ist das Besondere an einer KWK-Anlage? Eine Kraft-W\u00e4rme-Kopplungsanlage hat einen hohen Gesamtwirkungsgrad. Sie erzeugt gleich zwei Energieformen: Strom und W\u00e4rme. Dieser doppelte Nutzen&hellip;","og_url":"https:\/\/www.sense-electra.de\/en\/blockheizkraftwerk\/bhkw-brennstoffe\/blockheizkraftwerk-holz\/","og_site_name":"sense electra","article_modified_time":"2021-09-28T06:37:25+00:00","og_image":[{"url":"https:\/\/www.sense-electra.de\/wp-content\/uploads\/2020\/12\/BHKW_Funktionsweise_vereinfacht_graublau-02.png"}],"twitter_card":"summary_large_image","twitter_misc":{"Estimated reading time":"2 minutes"},"schema":{"@context":"https:\/\/schema.org","@graph":[{"@type":"WebPage","@id":"https:\/\/www.sense-electra.de\/blockheizkraftwerk\/bhkw-brennstoffe\/blockheizkraftwerk-holz\/","url":"https:\/\/www.sense-electra.de\/blockheizkraftwerk\/bhkw-brennstoffe\/blockheizkraftwerk-holz\/","name":"Blockheizkraftwerk Holz\/ Pellet BHKW - sense electra","isPartOf":{"@id":"https:\/\/www.sense-electra.de\/#website"},"primaryImageOfPage":{"@id":"https:\/\/www.sense-electra.de\/blockheizkraftwerk\/bhkw-brennstoffe\/blockheizkraftwerk-holz\/#primaryimage"},"image":{"@id":"https:\/\/www.sense-electra.de\/blockheizkraftwerk\/bhkw-brennstoffe\/blockheizkraftwerk-holz\/#primaryimage"},"thumbnailUrl":"https:\/\/www.sense-electra.de\/wp-content\/uploads\/2020\/12\/BHKW_Funktionsweise_vereinfacht_graublau-02.png","datePublished":"2020-08-25T10:18:26+00:00","dateModified":"2021-09-28T06:37:25+00:00","breadcrumb":{"@id":"https:\/\/www.sense-electra.de\/blockheizkraftwerk\/bhkw-brennstoffe\/blockheizkraftwerk-holz\/#breadcrumb"},"inLanguage":"en-GB","potentialAction":[{"@type":"ReadAction","target":["https:\/\/www.sense-electra.de\/blockheizkraftwerk\/bhkw-brennstoffe\/blockheizkraftwerk-holz\/"]}]},{"@type":"ImageObject","inLanguage":"en-GB","@id":"https:\/\/www.sense-electra.de\/blockheizkraftwerk\/bhkw-brennstoffe\/blockheizkraftwerk-holz\/#primaryimage","url":"https:\/\/www.sense-electra.de\/wp-content\/uploads\/2020\/12\/BHKW_Funktionsweise_vereinfacht_graublau-02.png","contentUrl":"https:\/\/www.sense-electra.de\/wp-content\/uploads\/2020\/12\/BHKW_Funktionsweise_vereinfacht_graublau-02.png"},{"@type":"BreadcrumbList","@id":"https:\/\/www.sense-electra.de\/blockheizkraftwerk\/bhkw-brennstoffe\/blockheizkraftwerk-holz\/#breadcrumb","itemListElement":[{"@type":"ListItem","position":1,"name":"Startseite","item":"https:\/\/www.sense-electra.de\/"},{"@type":"ListItem","position":2,"name":"Blockheizkraftwerk","item":"https:\/\/www.sense-electra.de\/blockheizkraftwerk\/"},{"@type":"ListItem","position":3,"name":"BHKW Brennstoffe","item":"https:\/\/www.sense-electra.de\/blockheizkraftwerk\/bhkw-brennstoffe\/"},{"@type":"ListItem","position":4,"name":"Blockheizkraftwerk Holz\/ Pellet BHKW"}]},{"@type":"WebSite","@id":"https:\/\/www.sense-electra.de\/#website","url":"https:\/\/www.sense-electra.de\/","name":"sense electra","description":"W\u00e4rmeversorgung f\u00fcr Industrie- und Gewerbekunden","potentialAction":[{"@type":"SearchAction","target":{"@type":"EntryPoint","urlTemplate":"https:\/\/www.sense-electra.de\/?s={search_term_string}"},"query-input":"required name=search_term_string"}],"inLanguage":"en-GB"}]}},"_links":{"self":[{"href":"https:\/\/www.sense-electra.de\/en\/wp-json\/wp\/v2\/pages\/156"}],"collection":[{"href":"https:\/\/www.sense-electra.de\/en\/wp-json\/wp\/v2\/pages"}],"about":[{"href":"https:\/\/www.sense-electra.de\/en\/wp-json\/wp\/v2\/types\/page"}],"author":[{"embeddable":true,"href":"https:\/\/www.sense-electra.de\/en\/wp-json\/wp\/v2\/users\/1"}],"replies":[{"embeddable":true,"href":"https:\/\/www.sense-electra.de\/en\/wp-json\/wp\/v2\/comments?post=156"}],"version-history":[{"count":0,"href":"https:\/\/www.sense-electra.de\/en\/wp-json\/wp\/v2\/pages\/156\/revisions"}],"up":[{"embeddable":true,"href":"https:\/\/www.sense-electra.de\/en\/wp-json\/wp\/v2\/pages\/150"}],"wp:attachment":[{"href":"https:\/\/www.sense-electra.de\/en\/wp-json\/wp\/v2\/media?parent=156"}],"curies":[{"name":"wp","href":"https:\/\/api.w.org\/{rel}","templated":true}]}}