{"id":164,"date":"2020-08-25T12:19:33","date_gmt":"2020-08-25T10:19:33","guid":{"rendered":"https:\/\/www.sense-electra.de\/?page_id=164"},"modified":"2023-11-22T14:54:48","modified_gmt":"2023-11-22T13:54:48","slug":"einsatzgebiete","status":"publish","type":"page","link":"https:\/\/www.sense-electra.de\/en\/blockheizkraftwerk\/einsatzgebiete\/","title":{"rendered":"Areas of application"},"content":{"rendered":"<h1>\n\t\tBHKW im Gewerbe und in der Industrie\n\t<\/h1>\n\t<p>Es gibt sehr viele M\u00f6glichkeiten, wie Sie  Blockheizkraftwerke nutzen k\u00f6nnen. <\/p>\n\t\t\t<a href=\"#Einsatzgebiete\" target=\"_self\" role=\"button\" rel=\"noopener\">\n\t\t\t\t\t\t\tZu den Einsatzgebieten \n\t\t\t\t\t<\/a>\n\t<p><a href=\"#Vorteile\">Benefits<\/a><\/p>\n\t<p><a href=\"#Branche\">Branchen<\/a><\/p>\n\t<p><a href=\"#Einsatzgebiete\">Possible applications<\/a><\/p>\n<h2>\n\t\tWhere and how a CHP fits best\n\t<\/h2>\n\tWhere and how a CHP fits best<br \/>\nBei BHKW gibt es verschiedene Leistungsklassen, deshalb k\u00f6nnen diese Anlagen in verschiedenen Geb\u00e4uden in Betrieb genommen werden, um Strom- und W\u00e4rme zu produzieren und zu nutzen. Aber auch f\u00fcr die K\u00e4lteversorgung kommen sie zum Einsatz.<br \/>\nIm Privatbereich, bei Ein- bis Zweifamilienh\u00e4usern werden vor allem Nano-BHKW verwendet. F\u00fcr Wohnquartiere, B\u00fcrogeb\u00e4ude, Krankenh\u00e4user und Seniorenheime verrichten BHKW mit einer elektrischen Leistung zwischen 20 bis 50 kWel ihren Dienst. Auch gr\u00f6\u00dfere Anlagen sind, je nach ihrem Bedarf an W\u00e4rme, in Industriebetrieben zu finden.\n\t<p>Topics<\/p>\n\t<ul>\n<li><a href=\"#Vorteile\">The benefits of a CHP<\/a><\/li>\n<li><a href=\"#Branche\">The best industrial sectors for a CHP<\/a><\/li>\n<li><a href=\"#Einsatzgebiete\">Einsatzgebiete des BHKW<\/a><\/li>\n<\/ul>\n<h2>\n\t\tF\u00fcr diese Geb\u00e4ude sind BHKW ideal\n\t<\/h2>\n<li>Hotels\/Hostels<\/li>\n<li>Office building<\/li>\n<li>Business complexes<\/li>\n<li>Public facilities, e.g. swimming pools<\/li>\n<li>Retirement homes<\/li>\n<li>Hospitals<\/li>\n<li>Wohnanlagen\/Mehrfamilienh\u00e4user\/ Einfamilienh\u00e4user<\/li>\n<li>Commercial site<\/li>\n<li>Industrial plants<\/li>\n\t\t\t\t<img decoding=\"async\" src=\"https:\/\/www.sense-electra.de\/wp-content\/uploads\/2021\/04\/BHKW-freigestellt_mehr_Kontrast-242x300.png\" alt=\"BHKW-freigestellt_mehr_Kontrast\" itemprop=\"image\" title=\"BHKW-freigestellt_mehr_Kontrast\" onerror=\"this.style.display='none'\"  \/>\n<h2>\n\t\tWie profitieren Sie von einem Blockheizkraftwerk?\n\t<\/h2>\n\t<p>Durch gleichzeitige Strom- und W\u00e4rmeerzeugung<\/p>\n\t<p>generate energy efficiently<\/p>\n\t<p>Ressourcenschonung &#038; Senkung Ihrer CO<sub>2<\/sub>-Emissionen<\/p>\n\t<p>Langfristige Senkung Ihrer Energiekosten<\/p>\n<h2>\n\t\tWelche Unternehmen und Branchen sollten sich f\u00fcr ein BHKW entscheiden?\n\t<\/h2>\n\t<p>Grunds\u00e4tzlich kann gesagt werden, dass sich der Betrieb eines BHKW zur Energiereduktion, besonders im gewerblichen und Gro\u00dfwohnbereich, lohnt. Wichtig ist aber, dass ein gro\u00dfer Energiebedarf an W\u00e4rme und Strom gegeben ist. Im Idealfall besteht er zur gleichen Zeit. Auch f\u00fcr Geb\u00e4ude, die viel K\u00e4lte und Strom ben\u00f6tigen, sind BHKW ideal einzusetzen. Mit einer Adsorptionsk\u00e4ltemaschine wird dann die erzeugte W\u00e4rme des BHKW in K\u00e4lte umgewandelt. Aus wirtschaftlicher Sicht sollte immer das volle Potenzial der BHKW-Anlage ausgesch\u00f6pft werden. Dies bedeutet, dass ein BHKW am besten das ganze Jahr in Betrieb ist: bei einer Laufzeit von mindestens 4.500 Stunden pro Jahr. Die Voraussetzung daf\u00fcr ist, wie bereits erw\u00e4hnt, ein ganzj\u00e4hriger W\u00e4rme- bzw. K\u00e4ltebedarf des Bauwerks.<\/p>\n<h3>\n\t\tWie funktioniert die Strom- und W\u00e4rmeerzeugung in einem BHKW?\n\t<\/h3>\n\t<p>Durch die verschiedenen Leistungsklassen der Blockheizkraftwerke ist es m\u00f6glich, die jeweilige Leistung der Anlage an den jeweiligen W\u00e4rmebedarf des Geb\u00e4udes anzupassen: genauer gesagt an die Grundlast. Durch den Generator im BHKW erzeugt die Anlage neben W\u00e4rme zum Heizen auch gleichzeitig Strom. Diese kann direkt im Bauwerk verbraucht oder ins \u00f6ffentliche Netz eingespeist werden. Wird der Strom jedoch direkt in der Immobilie genutzt, ist die Wirtschaftlichkeit h\u00f6her, als bei einer Einspeisung in das \u00f6ffentliche Stromnetz.<\/p>\n\t\t\t<a href=\"https:\/\/www.sense-electra.de\/en\/gewerbe\/\" target=\"_self\" role=\"button\" rel=\"noopener\">\n\t\t\t\t\t\tBranchen\u00fcbersicht\n\t\t\t\t\t<\/a>\n<h2>\n\t\tBetrieb und Zielgruppe f\u00fcr BHKW\n\t<\/h2>\n\t<p>In welcher Branche lassen sich BHKW am besten nutzen, um Energiekosten zu reduzieren, nachhaltig zu produzieren und bestm\u00f6glich Energieeffizient zu arbeiten?<\/p>\n\t\t\t\t<a href=\"https:\/\/www.sense-electra.de\/en\/gewerbe\/wohnungswirtschaft\/\" target=\"_self\" itemprop=\"url\" rel=\"noopener\">\n\t\t\t\t<img decoding=\"async\" src=\"https:\/\/www.sense-electra.de\/wp-content\/uploads\/2021\/07\/Blockheizkraftwerke-fuer-Wohnimmobilien-Wohnungswirtschaft.jpg\" alt=\"Mehrfamilienh\u00e4user im Sonnenschein vor blauem Himmel\" itemprop=\"image\" title=\"Ein BHKW unterst\u00fctzt bei der Energiekostensenkung.\" onerror=\"this.style.display='none'\"  \/>\n\t\t\t\t<\/a>\n\t<strong>Residential complexes\/ multi-resident houses<\/strong><br \/>\nWirtschaftlich attraktiv sind auch Mehrfamilienh\u00e4user, ab ca. 6 Wohneinheiten. Je gr\u00f6\u00dfer und umso mehr Wohneinheiten es gibt, desto h\u00f6her sind die Einsparungen. Im Sommer existiert aber kaum ein Heizbedarf. Die Mieter k\u00f6nnen auch nicht zur Abnahme des BHKW-Stroms verpflichtet werden. Durch das BHKW l\u00e4sst sich der Strom vor Ort kosteng\u00fcnstig produzieren. Davon k\u00f6nnen Sie als BHKW-Betreiber auch die Mieter profitieren lassen. Diese werden sich dann mit gro\u00dfer Wahrscheinlichkeit f\u00fcr den BHKW-Strom entscheiden. Um ein BHKW einzusetzen, gibt es verschiedene Betreibermodelle.\n\t\t\t\t<a href=\"https:\/\/www.sense-electra.de\/en\/gewerbe\/industrie\/\" target=\"_self\" itemprop=\"url\" rel=\"noopener\">\n\t\t\t\t<img decoding=\"async\" src=\"https:\/\/www.sense-electra.de\/wp-content\/uploads\/2021\/06\/industrie-gewerbe.jpg\" alt=\"Industrie und Gewerbe vor blauem Hintergrund\" itemprop=\"image\" title=\"Blockheizkraftwerke f\u00fcr Industrie und Gewerbe\" onerror=\"this.style.display='none'\"  \/>\n\t\t\t\t<\/a>\n\t<strong>Manufacturing, industrial plants, and craft businesses<\/strong><br \/>\nGenauso vielf\u00e4ltig wie die unterschiedlichen Branchen sind, so viele Einsatzm\u00f6glichkeiten gibt es auch f\u00fcr BHKW. Jeder Bereich hat einen anderen, eigenen Energiebedarf. Auch die Voraussetzungen unterscheiden sich nach Arbeitsgebiet. Je h\u00f6her der ganzj\u00e4hrige W\u00e4rmebedarf ist, desto gr\u00f6\u00dfer sind die Energiekosteneinsparungen. Wird ein BHKW nur f\u00fcr die Raumw\u00e4rme in B\u00fcros genutzt, f\u00e4llt die Rendite geringer aus. Der Einsatz eines BHKW eignet sich vor allem bei Prozessen mit einem hohen W\u00e4rme- oder K\u00e4ltebedarf, wie etwa bei der Nahrungsmittelindustrie.\n\t\t\t\t<a href=\"https:\/\/www.sense-electra.de\/en\/gewerbe\/hotel-pension\/\" target=\"_self\" itemprop=\"url\" rel=\"noopener\">\n\t\t\t\t<img decoding=\"async\" src=\"https:\/\/www.sense-electra.de\/wp-content\/uploads\/2021\/07\/Blockheizkraftwerke-fuer-Hotels-und-Pensionen.jpg\" alt=\"Hotelrezeption\" itemprop=\"image\" title=\"Ein BHKW kann Sie unterst\u00fctzen Energiekosten zu sparen.\" onerror=\"this.style.display='none'\"  \/>\n\t\t\t\t<\/a>\n\t<strong>Hotels &#038; Gastronomie<\/strong><br \/>\nDer wirtschaftlich erfolgreiche Einsatz eines BHKW im Hotel und Gastronomiebereich ist abh\u00e4ngig von der Geb\u00e4udegr\u00f6\u00dfe und Nutzung, z. B. als Konferenz- oder Wellnesshotel. Dabei sind die Energiekosteneinsparungen durch BHKW bei Hotels mit hoher Auslastung bzw. mit integriertem Wellnessbereich gr\u00f6\u00dfer als bei reinen \u00dcbernachtungshotels.\n\t\t\t\t<img decoding=\"async\" src=\"https:\/\/www.sense-electra.de\/wp-content\/uploads\/2021\/09\/Industriepark.jpg\" alt=\"D\u00e4cher verschiedener industrieller Anlagen\" itemprop=\"image\" onerror=\"this.style.display='none'\"  \/>\n\t<strong>Shopping centres<\/strong><br \/>\nIn gro\u00dfen Einkaufszentren existiert h\u00e4ufig ein ganzj\u00e4hrig hoher Energiebedarf. Wegen der Beheizung der Ladenfl\u00e4chen, bzw. durch die K\u00fchlung der Innenr\u00e4ume im Sommer ist dies so. Je nachdem, ob weitere Dienstleistungen angeboten werden, erh\u00f6ht sich auch der Energiebedarf: etwa durch Gastronomie oder integrierte Hotels.\n\t\t\t\t<a href=\"https:\/\/www.sense-electra.de\/en\/gewerbe\/landwirtschaft\/\" target=\"_self\" itemprop=\"url\" rel=\"noopener\">\n\t\t\t\t<img decoding=\"async\" src=\"https:\/\/www.sense-electra.de\/wp-content\/uploads\/2021\/07\/Blockheizkraftwerke-fuer-die-Landwirtschaft.jpg\" alt=\"Landwirtschaftsger\u00e4t auf einem gr\u00fcnen Feld mit blauem Himmel.\" itemprop=\"image\" title=\"Ein BHKW kann helfen Energiekosten zu sparen.\" onerror=\"this.style.display='none'\"  \/>\n\t\t\t\t<\/a>\n\t<strong>Agricultural businesses<\/strong><br \/>\nGrunds\u00e4tzlich gibt es bei Agrarbetrieben einen ganzj\u00e4hrig hohen und kontinuierlichen Energiebedarf: Etwa durch den Gem\u00fcseanbau in Gew\u00e4chsh\u00e4usern oder bei der Tierhaltung etc. Ein BHKW kann diesen abdecken. Durch zus\u00e4tzliche Stromerzeugung lassen sich auch noch Energiekosten einsparen.\n\t\t\t\t<a href=\"https:\/\/www.sense-electra.de\/en\/gewerbe\/ihre-branche-krankenhaus\/\" target=\"_self\" itemprop=\"url\" rel=\"noopener\">\n\t\t\t\t<img decoding=\"async\" src=\"https:\/\/www.sense-electra.de\/wp-content\/uploads\/2021\/06\/medizinische-einrichtungen.jpg\" alt=\"Krankenhausbranche\" itemprop=\"image\" title=\"Energiekosten im Krankenhaus senken mittels BHKW\" onerror=\"this.style.display='none'\"  \/>\n\t\t\t\t<\/a>\n\t<strong>Hospitals\/clinics<\/strong><br \/>\nEin Krankenhaus bietet f\u00fcr den wirtschaftlich attraktiven Einsatz gute Voraussetzungen wegen seiner W\u00e4rme- und Strombedarfsstruktur: so muss etwa viel W\u00e4rme f\u00fcr die Patientenzimmer und die Sanit\u00e4rbereiche zur Verf\u00fcgung stehen. Auch f\u00fcr Pumpen, Beleuchtung und L\u00fcftungsanalgen kann der BHKW-Strom verbraucht werden.\n\t\t\t\t<a href=\"https:\/\/www.sense-electra.de\/en\/gewerbe\/seniorenheim\/\" target=\"_self\" itemprop=\"url\" rel=\"noopener\">\n\t\t\t\t<img decoding=\"async\" src=\"https:\/\/www.sense-electra.de\/wp-content\/uploads\/2021\/07\/Blockheizkraftwerke-fuer-Seniorenheime.jpg\" alt=\"Eine Wohnanlage mit kleinem Park bei Sonnenschein und blauem Himmel\" itemprop=\"image\" title=\"Energiekosten eines Seniorenheims senken mittels BHKW\" onerror=\"this.style.display='none'\"  \/>\n\t\t\t\t<\/a>\n\t<strong>Retirement homes\/care facilities<\/strong><br \/>\nF\u00fcr Pflege- und Seniorenheime ist ein BHKW eine hervorragende kosteneffiziente und nachhaltige L\u00f6sung zur Energieversorgung. Diese Einrichtungen besitzen oft einen ganzj\u00e4hrig hohen W\u00e4rme- und Strombedarf. Im Gegensatz zum Wohnungsbereichssektor, kann der erzeugte Strom intern ohne hohen administrativen Aufwand durch Einzelabrechnungen genutzt werden.\n\t\t\t\t<a href=\"https:\/\/www.sense-electra.de\/en\/gewerbe\/schwimmbad\/\" target=\"_self\" itemprop=\"url\" rel=\"noopener\">\n\t\t\t\t<img decoding=\"async\" src=\"https:\/\/www.sense-electra.de\/wp-content\/uploads\/2021\/07\/Blockheizkraftwerke-fuer-Schwimmbaeder-Hallenbaeder.jpg\" alt=\"Schwimmbecken in einem Hallenbad\" itemprop=\"image\" title=\"Ein BHKW hilft Energiekosten eines Schwimmbades zu sparen\" onerror=\"this.style.display='none'\"  \/>\n\t\t\t\t<\/a>\n\t<strong>Swimming pools<\/strong><br \/>\nF\u00fcr sanit\u00e4re Anlagen, in der Sauna und f\u00fcr das Beckenwasser haben gerade Freizeitb\u00e4der, besonders Hallenb\u00e4der, einen fortw\u00e4hrenden Warmwasserbedarf. Deshalb sind Schwimmb\u00e4der f\u00fcr den Einsatz eines BHKW pr\u00e4destiniert. Die zus\u00e4tzliche Stromproduktion kann f\u00fcr den ebenfalls konstant erforderlichen Strombedarf genutzt werden: etwa f\u00fcr Umw\u00e4lzpumpen.\n\t\t\t\t<a href=\"https:\/\/www.sense-electra.de\/en\/gewerbe\/seniorenheim\/\" target=\"_self\" itemprop=\"url\" rel=\"noopener\">\n\t\t\t\t<img decoding=\"async\" src=\"https:\/\/www.sense-electra.de\/wp-content\/uploads\/2021\/06\/wohngebaeude-immobilien-bhkw.jpg\" alt=\"Immobilie aus Backstein\" itemprop=\"image\" title=\"Energieeffizienz in Immobilien senken die Energiekosten.\" onerror=\"this.style.display='none'\"  \/>\n\t\t\t\t<\/a>\n\t<strong>Homes, one- and two-family houses<\/strong><br \/>\nDie Energieeinsparungen durch ein BHKW bei einem Ein- oder Zweifamilienhaus sind im Vergleich zur Industrie gering, weil der W\u00e4rmebedarf dieser H\u00e4user relativ klein ist. Im Sommer kann auf die W\u00e4rmeversorgung zudem fast verzichtet werden.\n\t<p>More about CHPs<\/p>\n\t\t\t\t<a href=\"https:\/\/www.sense-electra.de\/en\/energiedienstleistungen\/bhkw-heizung\/\" target=\"_self\" itemprop=\"url\" rel=\"noopener\">\n\t\t\t\t<img decoding=\"async\" src=\"https:\/\/www.sense-electra.de\/wp-content\/uploads\/2021\/06\/kraft-w\u00e4rme-kopplungsanlage-beispiel-angebot-150x150.jpg\" alt=\"Kraft-W\u00e4rme-Kopplungsanlage am Standort\" itemprop=\"image\" title=\"Kraft-W\u00e4rme Kopplungsanlage in einem Unternehmen\" onerror=\"this.style.display='none'\"  \/>\n\t\t\t\t<\/a>\n\t<p><a href=\"https:\/\/www.sense-electra.de\/en\/energiedienstleistungen\/bhkw-heizung\/\">BHKW Leistung &#038; Service<\/a><\/p>\n\t\t\t\t<a href=\"https:\/\/www.sense-electra.de\/en\/blockheizkraftwerk\/kosten-foerderung\/bhkw-foerderung\/\" target=\"_self\" itemprop=\"url\" rel=\"noopener\">\n\t\t\t\t<img decoding=\"async\" src=\"https:\/\/www.sense-electra.de\/wp-content\/uploads\/2021\/06\/finanzierungswege-fuer-gewerbe-150x150.jpg\" alt=\"Ein nachhaltiges Modellhaus auf einem Ordner mit Kostenverteilung\" itemprop=\"image\" title=\"Der Weg zum wirtschaftlichen und \u00f6kologischen Geb\u00e4ude f\u00fcr Unternehmen\" onerror=\"this.style.display='none'\"  \/>\n\t\t\t\t<\/a>\n\t<p><a href=\"https:\/\/www.sense-electra.de\/en\/blockheizkraftwerk\/kosten-foerderung\/bhkw-foerderung\/\">F\u00f6rderung &#038; Finanzierung<\/a><\/p>\n\t\t\t\t<a href=\"https:\/\/www.sense-electra.de\/en\/blockheizkraftwerk\/kosten-foerderung\/bhkw-beratung\/\" target=\"_self\" itemprop=\"url\" rel=\"noopener\">\n\t\t\t\t<img decoding=\"async\" src=\"https:\/\/www.sense-electra.de\/wp-content\/uploads\/2021\/06\/kundengespraech-bhkw-beratung-150x150.jpg\" alt=\"Beratung zwischen einem Fachexperten und einem Kunden\" itemprop=\"image\" title=\"Kundengespr\u00e4ch\" onerror=\"this.style.display='none'\"  \/>\n\t\t\t\t<\/a>\n\t<p><a href=\"https:\/\/www.sense-electra.de\/en\/blockheizkraftwerk\/kosten-foerderung\/bhkw-beratung\/\">CHP advice<\/a><\/p>\n\t<p>More about CHPs<\/p>\n<h3>\n\t\tWe specialise in the commercial use of CHPs!\n\t<\/h3>\n\t\t\t<a href=\"https:\/\/www.sense-electra.de\/en\/sense-electra\/kontakt\/\" target=\"_self\" role=\"button\" rel=\"noopener\">\n\t\t\t\t\t\tEnquire now, with no obligation\n\t\t\t\t\t<\/a>","protected":false},"excerpt":{"rendered":"<p>BHKW im Gewerbe und in der Industrie Es gibt sehr viele M\u00f6glichkeiten, wie Sie Blockheizkraftwerke nutzen k\u00f6nnen. Zu den Einsatzgebieten Vorteile Branchen Einsatzm\u00f6glichkeiten Wo und wie kann ein BHKW eingesetzt werden? Wo und wie kann ein BHKW eingesetzt werden? Bei BHKW gibt es verschiedene Leistungsklassen, deshalb k\u00f6nnen diese Anlagen in verschiedenen Geb\u00e4uden in Betrieb genommen&hellip;<\/p>","protected":false},"author":1,"featured_media":0,"parent":58,"menu_order":0,"comment_status":"closed","ping_status":"closed","template":"","meta":{"_acf_changed":false,"footnotes":""},"acf":[],"yoast_head":"<!-- This site is optimized with the Yoast SEO plugin v23.1 - https:\/\/yoast.com\/wordpress\/plugins\/seo\/ -->\n<title>BHKW-Einsatzgebiete f\u00fcr Gewerbe &amp; Industrie<\/title>\n<meta name=\"description\" content=\"F\u00fcr welche Immobilie und welches Unternehmen lohnt sich ein BHKW? Geh\u00f6rt Ihr Unternehmen oder Ihre Branche auch dazu? Finden Sie es heraus.\" \/>\n<meta name=\"robots\" content=\"index, follow, max-snippet:-1, max-image-preview:large, max-video-preview:-1\" \/>\n<link rel=\"canonical\" href=\"https:\/\/www.sense-electra.de\/en\/blockheizkraftwerk\/einsatzgebiete\/\" \/>\n<meta property=\"og:locale\" content=\"en_GB\" \/>\n<meta property=\"og:type\" content=\"article\" \/>\n<meta property=\"og:title\" content=\"BHKW-Einsatzgebiete f\u00fcr Gewerbe &amp; Industrie\" \/>\n<meta property=\"og:description\" content=\"F\u00fcr welche Immobilie und welches Unternehmen lohnt sich ein BHKW? Geh\u00f6rt Ihr Unternehmen oder Ihre Branche auch dazu? Finden Sie es heraus.\" \/>\n<meta property=\"og:url\" content=\"https:\/\/www.sense-electra.de\/en\/blockheizkraftwerk\/einsatzgebiete\/\" \/>\n<meta property=\"og:site_name\" content=\"sense electra\" \/>\n<meta property=\"article:modified_time\" content=\"2023-11-22T13:54:48+00:00\" \/>\n<meta property=\"og:image\" content=\"https:\/\/www.sense-electra.de\/wp-content\/uploads\/2021\/04\/BHKW-freigestellt_mehr_Kontrast-242x300.png\" \/>\n<meta name=\"twitter:card\" content=\"summary_large_image\" \/>\n<meta name=\"twitter:label1\" content=\"Estimated reading time\" \/>\n\t<meta name=\"twitter:data1\" content=\"5 minutes\" \/>\n<script type=\"application\/ld+json\" class=\"yoast-schema-graph\">{\"@context\":\"https:\/\/schema.org\",\"@graph\":[{\"@type\":\"WebPage\",\"@id\":\"https:\/\/www.sense-electra.de\/blockheizkraftwerk\/einsatzgebiete\/\",\"url\":\"https:\/\/www.sense-electra.de\/blockheizkraftwerk\/einsatzgebiete\/\",\"name\":\"BHKW-Einsatzgebiete f\u00fcr Gewerbe & Industrie\",\"isPartOf\":{\"@id\":\"https:\/\/www.sense-electra.de\/#website\"},\"primaryImageOfPage\":{\"@id\":\"https:\/\/www.sense-electra.de\/blockheizkraftwerk\/einsatzgebiete\/#primaryimage\"},\"image\":{\"@id\":\"https:\/\/www.sense-electra.de\/blockheizkraftwerk\/einsatzgebiete\/#primaryimage\"},\"thumbnailUrl\":\"https:\/\/www.sense-electra.de\/wp-content\/uploads\/2021\/04\/BHKW-freigestellt_mehr_Kontrast-242x300.png\",\"datePublished\":\"2020-08-25T10:19:33+00:00\",\"dateModified\":\"2023-11-22T13:54:48+00:00\",\"description\":\"F\u00fcr welche Immobilie und welches Unternehmen lohnt sich ein BHKW? Geh\u00f6rt Ihr Unternehmen oder Ihre Branche auch dazu? Finden Sie es heraus.\",\"breadcrumb\":{\"@id\":\"https:\/\/www.sense-electra.de\/blockheizkraftwerk\/einsatzgebiete\/#breadcrumb\"},\"inLanguage\":\"en-GB\",\"potentialAction\":[{\"@type\":\"ReadAction\",\"target\":[\"https:\/\/www.sense-electra.de\/blockheizkraftwerk\/einsatzgebiete\/\"]}]},{\"@type\":\"ImageObject\",\"inLanguage\":\"en-GB\",\"@id\":\"https:\/\/www.sense-electra.de\/blockheizkraftwerk\/einsatzgebiete\/#primaryimage\",\"url\":\"https:\/\/www.sense-electra.de\/wp-content\/uploads\/2021\/04\/BHKW-freigestellt_mehr_Kontrast-242x300.png\",\"contentUrl\":\"https:\/\/www.sense-electra.de\/wp-content\/uploads\/2021\/04\/BHKW-freigestellt_mehr_Kontrast-242x300.png\"},{\"@type\":\"BreadcrumbList\",\"@id\":\"https:\/\/www.sense-electra.de\/blockheizkraftwerk\/einsatzgebiete\/#breadcrumb\",\"itemListElement\":[{\"@type\":\"ListItem\",\"position\":1,\"name\":\"Startseite\",\"item\":\"https:\/\/www.sense-electra.de\/\"},{\"@type\":\"ListItem\",\"position\":2,\"name\":\"Blockheizkraftwerk\",\"item\":\"https:\/\/www.sense-electra.de\/blockheizkraftwerk\/\"},{\"@type\":\"ListItem\",\"position\":3,\"name\":\"Einsatzgebiete\"}]},{\"@type\":\"WebSite\",\"@id\":\"https:\/\/www.sense-electra.de\/#website\",\"url\":\"https:\/\/www.sense-electra.de\/\",\"name\":\"sense electra\",\"description\":\"W\u00e4rmeversorgung f\u00fcr Industrie- und Gewerbekunden\",\"potentialAction\":[{\"@type\":\"SearchAction\",\"target\":{\"@type\":\"EntryPoint\",\"urlTemplate\":\"https:\/\/www.sense-electra.de\/?s={search_term_string}\"},\"query-input\":\"required name=search_term_string\"}],\"inLanguage\":\"en-GB\"}]}<\/script>\n<!-- \/ Yoast SEO plugin. -->","yoast_head_json":{"title":"BHKW-Einsatzgebiete f\u00fcr Gewerbe & Industrie","description":"F\u00fcr welche Immobilie und welches Unternehmen lohnt sich ein BHKW? Geh\u00f6rt Ihr Unternehmen oder Ihre Branche auch dazu? Finden Sie es heraus.","robots":{"index":"index","follow":"follow","max-snippet":"max-snippet:-1","max-image-preview":"max-image-preview:large","max-video-preview":"max-video-preview:-1"},"canonical":"https:\/\/www.sense-electra.de\/en\/blockheizkraftwerk\/einsatzgebiete\/","og_locale":"en_GB","og_type":"article","og_title":"BHKW-Einsatzgebiete f\u00fcr Gewerbe & Industrie","og_description":"F\u00fcr welche Immobilie und welches Unternehmen lohnt sich ein BHKW? Geh\u00f6rt Ihr Unternehmen oder Ihre Branche auch dazu? Finden Sie es heraus.","og_url":"https:\/\/www.sense-electra.de\/en\/blockheizkraftwerk\/einsatzgebiete\/","og_site_name":"sense electra","article_modified_time":"2023-11-22T13:54:48+00:00","og_image":[{"url":"https:\/\/www.sense-electra.de\/wp-content\/uploads\/2021\/04\/BHKW-freigestellt_mehr_Kontrast-242x300.png"}],"twitter_card":"summary_large_image","twitter_misc":{"Estimated reading time":"5 minutes"},"schema":{"@context":"https:\/\/schema.org","@graph":[{"@type":"WebPage","@id":"https:\/\/www.sense-electra.de\/blockheizkraftwerk\/einsatzgebiete\/","url":"https:\/\/www.sense-electra.de\/blockheizkraftwerk\/einsatzgebiete\/","name":"BHKW-Einsatzgebiete f\u00fcr Gewerbe & Industrie","isPartOf":{"@id":"https:\/\/www.sense-electra.de\/#website"},"primaryImageOfPage":{"@id":"https:\/\/www.sense-electra.de\/blockheizkraftwerk\/einsatzgebiete\/#primaryimage"},"image":{"@id":"https:\/\/www.sense-electra.de\/blockheizkraftwerk\/einsatzgebiete\/#primaryimage"},"thumbnailUrl":"https:\/\/www.sense-electra.de\/wp-content\/uploads\/2021\/04\/BHKW-freigestellt_mehr_Kontrast-242x300.png","datePublished":"2020-08-25T10:19:33+00:00","dateModified":"2023-11-22T13:54:48+00:00","description":"F\u00fcr welche Immobilie und welches Unternehmen lohnt sich ein BHKW? Geh\u00f6rt Ihr Unternehmen oder Ihre Branche auch dazu? Finden Sie es heraus.","breadcrumb":{"@id":"https:\/\/www.sense-electra.de\/blockheizkraftwerk\/einsatzgebiete\/#breadcrumb"},"inLanguage":"en-GB","potentialAction":[{"@type":"ReadAction","target":["https:\/\/www.sense-electra.de\/blockheizkraftwerk\/einsatzgebiete\/"]}]},{"@type":"ImageObject","inLanguage":"en-GB","@id":"https:\/\/www.sense-electra.de\/blockheizkraftwerk\/einsatzgebiete\/#primaryimage","url":"https:\/\/www.sense-electra.de\/wp-content\/uploads\/2021\/04\/BHKW-freigestellt_mehr_Kontrast-242x300.png","contentUrl":"https:\/\/www.sense-electra.de\/wp-content\/uploads\/2021\/04\/BHKW-freigestellt_mehr_Kontrast-242x300.png"},{"@type":"BreadcrumbList","@id":"https:\/\/www.sense-electra.de\/blockheizkraftwerk\/einsatzgebiete\/#breadcrumb","itemListElement":[{"@type":"ListItem","position":1,"name":"Startseite","item":"https:\/\/www.sense-electra.de\/"},{"@type":"ListItem","position":2,"name":"Blockheizkraftwerk","item":"https:\/\/www.sense-electra.de\/blockheizkraftwerk\/"},{"@type":"ListItem","position":3,"name":"Einsatzgebiete"}]},{"@type":"WebSite","@id":"https:\/\/www.sense-electra.de\/#website","url":"https:\/\/www.sense-electra.de\/","name":"sense electra","description":"W\u00e4rmeversorgung f\u00fcr Industrie- und Gewerbekunden","potentialAction":[{"@type":"SearchAction","target":{"@type":"EntryPoint","urlTemplate":"https:\/\/www.sense-electra.de\/?s={search_term_string}"},"query-input":"required name=search_term_string"}],"inLanguage":"en-GB"}]}},"_links":{"self":[{"href":"https:\/\/www.sense-electra.de\/en\/wp-json\/wp\/v2\/pages\/164"}],"collection":[{"href":"https:\/\/www.sense-electra.de\/en\/wp-json\/wp\/v2\/pages"}],"about":[{"href":"https:\/\/www.sense-electra.de\/en\/wp-json\/wp\/v2\/types\/page"}],"author":[{"embeddable":true,"href":"https:\/\/www.sense-electra.de\/en\/wp-json\/wp\/v2\/users\/1"}],"replies":[{"embeddable":true,"href":"https:\/\/www.sense-electra.de\/en\/wp-json\/wp\/v2\/comments?post=164"}],"version-history":[{"count":0,"href":"https:\/\/www.sense-electra.de\/en\/wp-json\/wp\/v2\/pages\/164\/revisions"}],"up":[{"embeddable":true,"href":"https:\/\/www.sense-electra.de\/en\/wp-json\/wp\/v2\/pages\/58"}],"wp:attachment":[{"href":"https:\/\/www.sense-electra.de\/en\/wp-json\/wp\/v2\/media?parent=164"}],"curies":[{"name":"wp","href":"https:\/\/api.w.org\/{rel}","templated":true}]}}