{"id":170,"date":"2020-08-25T12:20:38","date_gmt":"2020-08-25T10:20:38","guid":{"rendered":"https:\/\/www.sense-electra.de\/?page_id=170"},"modified":"2023-11-22T14:55:44","modified_gmt":"2023-11-22T13:55:44","slug":"bhkw-beratung","status":"publish","type":"page","link":"https:\/\/www.sense-electra.de\/en\/blockheizkraftwerk\/kosten-foerderung\/bhkw-beratung\/","title":{"rendered":"CHP advice"},"content":{"rendered":"<h1>\n\t\tA CHP consultation \u2013 the first step to your CHP\n\t<\/h1>\n<h1>\n\t\tBHKW Beratung \u2013 der erste Schritt zum BHKW\n\t<\/h1>\n\t<p>What is a CHP consultation? What will you need to be aware of and which information should you prepare in advance?<\/p>\n\t<p><a href=\"#Leitfaden\">Erstgespr\u00e4ch &#8211; Leitfaden<\/a><\/p>\n\t<p><a href=\"#Beratung_sense\">Consultation with sense electra<\/a><\/p>\n\t<p><a href=\"#Nach_Gespraech\">After the consultation<\/a><\/p>\n<h2>\n\t\tCHP \u2013 yes or no? A consultation will give you clarity\n\t<\/h2>\n\t<p>Anfangs stecken vor der Entscheidung zur Installation eines Blockheizkraftwerks (BHKW) viel Recherche und vielleicht sogar eigene (grobe) Berechnungen. Schlie\u00dflich soll diese gro\u00dfe Investition auch die gr\u00f6\u00dftm\u00f6glichen Energieeinsparungen bringen. Doch ab einem bestimmten Punkt reichen eigene Recherchen nicht mehr aus. Dann ben\u00f6tigen Sie eine erste BHKW-Beratung und Einsch\u00e4tzungen von Fachleuten. F\u00fcr eine gute Wirtschaftlichkeitsberechnung m\u00fcssen verschiedene Positionen, abgesehen vom W\u00e4rme und Stromverbrauch, beachtet werden.<\/p>\n<p>Before even asking for a quote, get expert advice right at the start and check whether the building at your location is also CHP suitable.<\/p>\n\t<p>Topics<\/p>\n\t<ul>\n<li><a href=\"#Leitfaden\">Guidelines on your initial CHP consultation<\/a><\/li>\n<li><a href=\"#Beratung_sense\">CHP consultation with sense electra<\/a><\/li>\n<li><a href=\"#Nach_Gespraech\">After the consultation<\/a><\/li>\n<\/ul>\n<h2>\n\t\tGuidelines for your initial CHP consultation \u2013 have this information at hand\n\t<\/h2>\n\t<p>In einem ersten Gespr\u00e4ch verschaffen sich die Fachleute einen \u00dcberblick \u00fcber die Gegebenheiten bei Ihnen vor Ort. Gemeinsamen er\u00f6rtert der BHKW-Berater verschiedene Aspekte mit Ihnen. Diese sind f\u00fcr die anschlie\u00dfende Wirtschaftlichkeitsberechnung notwendig.<\/p>\n<h3>\n\t\tYou should have this information ready for your consultation:\n\t<\/h3>\n\t\t\t\t<img decoding=\"async\" src=\"https:\/\/www.sense-electra.de\/wp-content\/uploads\/2021\/04\/BHKW-freigestellt_mehr_Kontrast.png\" alt=\"BHKW-freigestellt_mehr_Kontrast\" itemprop=\"image\" title=\"BHKW-freigestellt_mehr_Kontrast\" onerror=\"this.style.display='none'\"  \/>\n\t<ul>\n<li>Your annual heat consumption - this must be sufficiently high and, wherever possible, consistently high throughout the year<\/li>\n<li>Your annual electricity consumption - at best, at the same level throughout the year<\/li>\n<li>Information on hot water and the hot water tank \u2013 do you both available?<\/li>\n<\/ul>\n\t<p>There may be some additional information required during your initial consultation which, as shown below, may also be very technical. If you are unable to provide answers, a site-visit to your property may be necessary:<\/p>\n\t<ul>\n<li>The CHP\u2019s potential onsite location - what are the conditions there like? Can the CHP be installed inside or outside the building?<\/li>\n<li>Heating and hot water pipes \u2013 can these be easily connected?<\/li>\n<li>Schallschutz \u2013 muss ein zus\u00e4tzlicher Schallschutz angebracht werden, um die Ger\u00e4usche des BHKW zu d\u00e4mmen?<\/li>\n<li>Conversion work - do any structural measures have to be carried out at onsite to install the CHP unit?<\/li>\n<\/ul>\n\t<p>Your electricity consumption and the total amount of heat will, of course, play a decisive role in planning your CHP. That\u2019s why it is very important to conduct an economic feasibility study prior to deciding on a CHP unit. These questions will need answering: Will a CHP benefit your company or your residential project? How quickly will it pay for itself? We\u2019ll also discuss some additional factors that may influence the building\u2019s amortisation before calculating it. This will ultimately help decide whether or not a CHP unit is an option for your company.<\/p>\n<h2>\n\t\tOur CHP consultation \u2013 your CHP benefits \n\t<\/h2>\n\t<p>As a CHP service provider for the commercial and large-scale real estate sector, sense electra naturally offers its clients consultations. Simply <a href=\"https:\/\/www.sense-electra.de\/en\/blockheizkraftwerk\/\">submit a CHP inquiry<\/a>, and we\u2019ll prepare an amortisation calculation and take a close look at the circumstances onsite. After all, we want the best possible result and satisfied clients. If you opt for our contracting services, we\u2019ll also take care of your CHP unit\u2019s planning, professional installation, and maintenance services.<\/p>\n\t<p><strong>We\u2019re glad to offer you these advantages from our CHP consultation service well as our services in planning and installing your CHP:<\/strong><\/p>\n<ul>\t<li>\n\t\t\t <p>We\u2019ll send you an offer with no obligation and offer you a free initial consultation.<\/p>\t\t\n\t<\/li>\n\t<\/ul><ul>\t<li>\n\t\t\t <p>We use suitable cogeneration units from different manufacturers.<\/p>\t\t\n\t<\/li>\n\t<\/ul><ul>\t<li>\n\t\t\t <p>We offer various implementation options: you can rent-a-CHP, buy-a-CHP, or choose CHP full service.<\/p>\t\t\n\t<\/li>\n\t<\/ul><ul>\t<li>\n\t\t\t <p>We are a team of experienced CHP specialists who operate throughout Germany and the UK.<\/p>\t\t\n\t<\/li>\n\t<\/ul><h2>\n\t\tWhat happens after the consultation?\n\t<\/h2>\n\t<p>After receiving your inquiry and giving you an initial technical consultation, when we collect the information required to generate an effective profitability calculation, we\u2019ll send you a written forecast. Based on this, you decide whether or not you want to have a combined heat and power plant installed at your site.<\/p>\n\t<p>We offer our <a href=\"https:\/\/www.sense-electra.de\/en\/energiedienstleistungen\/bhkw-heizung\/\">business customers three different services for installing a CHP heating system<\/a> : CHP purchase, CHP rent, or the full CHP package. We\u2019ll also take care of the planning and, finally, install and commission the CHP unit.<\/p>\n<ol>\t<li>\n\t\t\t <p><strong>CHP forecast<\/strong> \u2013 to let you know how your property will benefit from a CHP.<\/p>\t\t\n\t<\/li>\n\t\t<li>\n\t\t\t <p><strong>Implementation: CHP planning and installation<\/strong> \u2013 you choose the CHP option that suits you best. We\u2019ll then start implementing your project and accompany you until commissioning.<\/p>\t\t\n\t<\/li>\n\t\t<li>\n\t\t\t <p><strong>Further services:<\/strong> We offer connection services with favourable energy prices, as well as maintenance and insurance services.<\/p>\t\t\n\t<\/li>\n\t<\/ol>\n\t<p>Have we made you curious for more? Then take a look at our <a href=\"https:\/\/www.sense-electra.de\/en\/energiedienstleistungen\/bhkw-heizung\/\">CHP services<\/a> .<\/p>\n\t\t\t\t<img decoding=\"async\" src=\"https:\/\/www.sense-electra.de\/wp-content\/uploads\/2021\/06\/thermostat-heizkoerper.jpg\" alt=\"Thermostatkopfventil f\u00fcr Heizungsprojekt\" itemprop=\"image\" title=\"Ihr Heizungsprojekt mit Energieeinsparung\" onerror=\"this.style.display='none'\"  \/>\n\t<p>More about CHPs<\/p>\n\t\t\t\t<a href=\"https:\/\/www.sense-electra.de\/en\/blockheizkraftwerk\/\" target=\"_self\" itemprop=\"url\" rel=\"noopener\">\n\t\t\t\t<img decoding=\"async\" src=\"https:\/\/www.sense-electra.de\/wp-content\/uploads\/2021\/06\/energiefachexperte-planung-einbau-wartung-weitere-Leistungen-150x150.jpg\" alt=\"Energiedienstleistungen eines Experten von Planung, Einbau bis Wartung\" itemprop=\"image\" title=\"Passgenaue L\u00f6sungen und umfangreiche Beratung f\u00fcr das BHKW-Vorhaben\" onerror=\"this.style.display='none'\"  \/>\n\t\t\t\t<\/a>\n\t<p><a href=\"https:\/\/www.sense-electra.de\/en\/blockheizkraftwerk\/\">CHP calculator<\/a><\/p>\n\t\t\t\t<a href=\"https:\/\/www.sense-electra.de\/en\/blockheizkraftwerk\/kosten-foerderung\/\" target=\"_self\" itemprop=\"url\" rel=\"noopener\">\n\t\t\t\t<img decoding=\"async\" src=\"https:\/\/www.sense-electra.de\/wp-content\/uploads\/2021\/06\/finanzierungsmoeglichkeiten-bhkw-150x150.jpg\" alt=\"Steigende M\u00fcnzstapel und leuchtende Gl\u00fchlampe\" itemprop=\"image\" title=\"Mit einem BHKW Strom und Geld sparen\" onerror=\"this.style.display='none'\"  \/>\n\t\t\t\t<\/a>\n\t<p><a href=\"https:\/\/www.sense-electra.de\/en\/blockheizkraftwerk\/kosten-foerderung\/\">Costs and subsidies<\/a><\/p>\n\t\t\t\t<a href=\"https:\/\/www.sense-electra.de\/en\/gewerbe\/\" target=\"_self\" itemprop=\"url\" rel=\"noopener\">\n\t\t\t\t<img decoding=\"async\" src=\"https:\/\/www.sense-electra.de\/wp-content\/uploads\/2022\/01\/Ihr_Gewerbe_Blockheizkraftwerk-150x150.jpg\" alt=\"Fachpersonal f\u00fcr BHKWs plant an einem Tisch zusammen ein neues Blockheizkraftwerk f\u00fcr Ihr Gewerbe\" itemprop=\"image\" title=\"Planung eines Blockheizkraftwerks f\u00fcr Ihr Gewerbe\" onerror=\"this.style.display='none'\"  \/>\n\t\t\t\t<\/a>\n\t<p><a href=\"https:\/\/www.sense-electra.de\/en\/gewerbe\/\">CHP for your business<\/a><\/p>\n\t<p>More about CHPs<\/p>\n<h3>\n\t\tIf you have any questions\n\t<\/h3>\n<h3>\n\t\tabout our free CHP consultation services, our energy experts look forward to helping you.\n\t<\/h3>\n\t\t\t<a href=\"#\" role=\"button\">\n\t\t\t\t\t\tClick here for your free CHP quote\n\t\t\t\t\t<\/a>\n\t\t\n<div class=\"wpcf7 no-js\" id=\"wpcf7-f1738-o1\" lang=\"de-DE\" dir=\"ltr\">\n<div class=\"screen-reader-response\"><p role=\"status\" aria-live=\"polite\" aria-atomic=\"true\"><\/p> <ul><\/ul><\/div>\n<form action=\"\/en\/wp-json\/wp\/v2\/pages\/170#wpcf7-f1738-o1\" method=\"post\" class=\"wpcf7-form init\" aria-label=\"Contact form\" novalidate=\"novalidate\" data-status=\"init\" data-trp-original-action=\"\/en\/wp-json\/wp\/v2\/pages\/170#wpcf7-f1738-o1\">\n<div style=\"display: none;\">\n<input type=\"hidden\" name=\"_wpcf7\" value=\"1738\" \/>\n<input type=\"hidden\" name=\"_wpcf7_version\" value=\"5.9.8\" \/>\n<input type=\"hidden\" name=\"_wpcf7_locale\" value=\"de_DE_formal\" \/>\n<input type=\"hidden\" name=\"_wpcf7_unit_tag\" value=\"wpcf7-f1738-o1\" \/>\n<input type=\"hidden\" name=\"_wpcf7_container_post\" value=\"0\" \/>\n<input type=\"hidden\" name=\"_wpcf7_posted_data_hash\" value=\"\" \/>\n<\/div>\n<h3>submit a CHP inquiry\n<\/h3>\n<p> Unser Team berechnet Ihre Einsparungen mittels BHKW - kostenfrei und komplett unverbindlich f\u00fcr Sie. Treten Sie jetzt mit unseren BHKW-Experten in Kontakt.\n<\/p>\n<p><label> Womit heizen Sie?*<br \/>\n<span class=\"wpcf7-form-control-wrap\" data-name=\"Brennstoff\"><select class=\"wpcf7-form-control wpcf7-select wpcf7-validates-as-required\" aria-required=\"true\" aria-invalid=\"false\" name=\"Brennstoff\"><option value=\"\">&#8211; Bitte ausw\u00e4hlen &#8211;<\/option><option value=\"Gas\">Gas<\/option><option value=\"\u00d6l\">\u00d6l<\/option><option value=\"Sonstiges\">Sonstiges<\/option><\/select><\/span><br \/>\n<\/label>\n<\/p>\n<p><span id=\"ho-ph-sense-1\" class=\"wpcf7-form-control-wrap phone-or-mail-wrap\" style=\"display:none !important; visibility:hidden !important;\"><label for=\"wpcf7-69f72f2369b4b-field\" class=\"hp-message\">Bitte lassen Sie dieses Feld leer.<\/label><input id=\"wpcf7-69f72f2369b4b-field\"  class=\"wpcf7-form-control wpcf7-text\" type=\"text\" name=\"phone-or-mail\" value=\"\" size=\"40\" tabindex=\"-1\" autocomplete=\"new-password\" \/><\/span>\n<\/p>\n<p><label> Ihr Verbrauch pro Jahr (kWh)*<br \/>\n<span class=\"wpcf7-form-control-wrap\" data-name=\"Verbrauch\"><input size=\"40\" maxlength=\"400\" class=\"wpcf7-form-control wpcf7-text wpcf7-validates-as-required\" aria-required=\"true\" aria-invalid=\"false\" value=\"\" type=\"text\" name=\"Verbrauch\" \/><\/span> <\/label>\n<\/p>\n<p><label> Art des Geb\u00e4udes*<br \/>\n<span class=\"wpcf7-form-control-wrap\" data-name=\"Gebauedeart\"><select class=\"wpcf7-form-control wpcf7-select wpcf7-validates-as-required\" aria-required=\"true\" aria-invalid=\"false\" name=\"Gebauedeart\"><option value=\"Gewerbegeb\u00e4ude\">Commercial site<\/option><option value=\"Wohngeb\u00e4ude\">Residential building<\/option><\/select><\/span> <\/label>\n<\/p>\n<p><span id=\"ho-ph-sense-2\" class=\"wpcf7-form-control-wrap phone-or-mail-wrap\" style=\"display:none !important; visibility:hidden !important;\"><label for=\"wpcf7-69f72f2369c72-field\" class=\"hp-message\">Bitte lassen Sie dieses Feld leer.<\/label><input id=\"wpcf7-69f72f2369c72-field\"  class=\"wpcf7-form-control wpcf7-text\" type=\"text\" name=\"phone-or-mail\" value=\"\" size=\"40\" tabindex=\"-1\" autocomplete=\"new-password\" \/><\/span>\n<\/p>\n<p><label> Ihre Firmen-E-Mail*<br \/>\n<span class=\"wpcf7-form-control-wrap\" data-name=\"your-email\"><input size=\"40\" maxlength=\"400\" class=\"wpcf7-form-control wpcf7-email wpcf7-validates-as-required wpcf7-text wpcf7-validates-as-email\" aria-required=\"true\" aria-invalid=\"false\" value=\"\" type=\"email\" name=\"your-email\" \/><\/span> <\/label>\n<\/p>\n<p><label> Ihre R\u00fcckruf-Nummer<br \/>\n<span class=\"wpcf7-form-control-wrap\" data-name=\"tel-218\"><input size=\"40\" maxlength=\"400\" class=\"wpcf7-form-control wpcf7-tel wpcf7-text wpcf7-validates-as-tel\" aria-invalid=\"false\" value=\"\" type=\"tel\" name=\"tel-218\" \/><\/span> <\/label>\n<\/p>\n<p><label> Ihre Nachricht an uns<br \/>\n<span class=\"wpcf7-form-control-wrap\" data-name=\"your-message\"><textarea cols=\"40\" rows=\"10\" maxlength=\"2000\" class=\"wpcf7-form-control wpcf7-textarea\" aria-invalid=\"false\" name=\"your-message\"><\/textarea><\/span> <\/label>\n<\/p>\n<p>*Pflichtfeld\n<\/p>\n<p>Bitte beachten Sie unsere <a target=\"_blank\" href=\"\/en\/datenschutz\/\">Datenschutzbestimmungen.<\/a>\n<\/p>\n<p><input class=\"wpcf7-form-control wpcf7-submit has-spinner\" type=\"submit\" value=\"Jetzt Angebot anfordern\" \/>\n<\/p><div class=\"wpcf7-response-output\" aria-hidden=\"true\"><\/div>\n<input type=\"hidden\" name=\"trp-form-language\" value=\"en\"\/><\/form>\n<\/div>","protected":false},"excerpt":{"rendered":"<p>BHKW Beratung \u2013 der erste Schritt zum Blockheizkraftwerk BHKW Beratung \u2013 der erste Schritt zum BHKW Wie l\u00e4uft eine BHKW Beratung ab? Auf was sollten Sie achten und welche Informationen sollten Sie bereithalten? Erstgespr\u00e4ch &#8211; Leitfaden Beratung von sense electra Nach dem Gespr\u00e4ch BHKW \u2013 ja oder nein? Klarheit bringt eine BHKW Beratung Anfangs stecken&hellip;<\/p>","protected":false},"author":1,"featured_media":0,"parent":166,"menu_order":0,"comment_status":"closed","ping_status":"closed","template":"","meta":{"_acf_changed":false,"footnotes":""},"acf":[],"yoast_head":"<!-- This site is optimized with the Yoast SEO plugin v23.1 - https:\/\/yoast.com\/wordpress\/plugins\/seo\/ -->\n<title>BHKW-Beratung \u2013 Leitfaden &amp; Orientierung f\u00fcr das Erstgespr\u00e4ch<\/title>\n<meta name=\"description\" content=\"Wie bereiten Sie sich am besten auf eine BHKW-Beratung vor? Welche Infos ben\u00f6tigt der Berater von Ihnen? Informieren Sie sich hier.\" \/>\n<meta name=\"robots\" content=\"index, follow, max-snippet:-1, max-image-preview:large, max-video-preview:-1\" \/>\n<link rel=\"canonical\" href=\"https:\/\/www.sense-electra.de\/en\/blockheizkraftwerk\/kosten-foerderung\/bhkw-beratung\/\" \/>\n<meta property=\"og:locale\" content=\"en_GB\" \/>\n<meta property=\"og:type\" content=\"article\" \/>\n<meta property=\"og:title\" content=\"BHKW-Beratung \u2013 Leitfaden &amp; Orientierung f\u00fcr das Erstgespr\u00e4ch\" \/>\n<meta property=\"og:description\" content=\"Wie bereiten Sie sich am besten auf eine BHKW-Beratung vor? Welche Infos ben\u00f6tigt der Berater von Ihnen? Informieren Sie sich hier.\" \/>\n<meta property=\"og:url\" content=\"https:\/\/www.sense-electra.de\/en\/blockheizkraftwerk\/kosten-foerderung\/bhkw-beratung\/\" \/>\n<meta property=\"og:site_name\" content=\"sense electra\" \/>\n<meta property=\"article:modified_time\" content=\"2023-11-22T13:55:44+00:00\" \/>\n<meta property=\"og:image\" content=\"https:\/\/www.sense-electra.de\/wp-content\/uploads\/2021\/04\/BHKW-freigestellt_mehr_Kontrast.png\" \/>\n<meta name=\"twitter:card\" content=\"summary_large_image\" \/>\n<meta name=\"twitter:label1\" content=\"Estimated reading time\" \/>\n\t<meta name=\"twitter:data1\" content=\"4 minutes\" \/>\n<script type=\"application\/ld+json\" class=\"yoast-schema-graph\">{\"@context\":\"https:\/\/schema.org\",\"@graph\":[{\"@type\":\"WebPage\",\"@id\":\"https:\/\/www.sense-electra.de\/blockheizkraftwerk\/kosten-foerderung\/bhkw-beratung\/\",\"url\":\"https:\/\/www.sense-electra.de\/blockheizkraftwerk\/kosten-foerderung\/bhkw-beratung\/\",\"name\":\"BHKW-Beratung \u2013 Leitfaden & Orientierung f\u00fcr das Erstgespr\u00e4ch\",\"isPartOf\":{\"@id\":\"https:\/\/www.sense-electra.de\/#website\"},\"primaryImageOfPage\":{\"@id\":\"https:\/\/www.sense-electra.de\/blockheizkraftwerk\/kosten-foerderung\/bhkw-beratung\/#primaryimage\"},\"image\":{\"@id\":\"https:\/\/www.sense-electra.de\/blockheizkraftwerk\/kosten-foerderung\/bhkw-beratung\/#primaryimage\"},\"thumbnailUrl\":\"https:\/\/www.sense-electra.de\/wp-content\/uploads\/2021\/04\/BHKW-freigestellt_mehr_Kontrast.png\",\"datePublished\":\"2020-08-25T10:20:38+00:00\",\"dateModified\":\"2023-11-22T13:55:44+00:00\",\"description\":\"Wie bereiten Sie sich am besten auf eine BHKW-Beratung vor? Welche Infos ben\u00f6tigt der Berater von Ihnen? Informieren Sie sich hier.\",\"breadcrumb\":{\"@id\":\"https:\/\/www.sense-electra.de\/blockheizkraftwerk\/kosten-foerderung\/bhkw-beratung\/#breadcrumb\"},\"inLanguage\":\"en-GB\",\"potentialAction\":[{\"@type\":\"ReadAction\",\"target\":[\"https:\/\/www.sense-electra.de\/blockheizkraftwerk\/kosten-foerderung\/bhkw-beratung\/\"]}]},{\"@type\":\"ImageObject\",\"inLanguage\":\"en-GB\",\"@id\":\"https:\/\/www.sense-electra.de\/blockheizkraftwerk\/kosten-foerderung\/bhkw-beratung\/#primaryimage\",\"url\":\"https:\/\/www.sense-electra.de\/wp-content\/uploads\/2021\/04\/BHKW-freigestellt_mehr_Kontrast.png\",\"contentUrl\":\"https:\/\/www.sense-electra.de\/wp-content\/uploads\/2021\/04\/BHKW-freigestellt_mehr_Kontrast.png\"},{\"@type\":\"BreadcrumbList\",\"@id\":\"https:\/\/www.sense-electra.de\/blockheizkraftwerk\/kosten-foerderung\/bhkw-beratung\/#breadcrumb\",\"itemListElement\":[{\"@type\":\"ListItem\",\"position\":1,\"name\":\"Startseite\",\"item\":\"https:\/\/www.sense-electra.de\/\"},{\"@type\":\"ListItem\",\"position\":2,\"name\":\"Blockheizkraftwerk\",\"item\":\"https:\/\/www.sense-electra.de\/blockheizkraftwerk\/\"},{\"@type\":\"ListItem\",\"position\":3,\"name\":\"Kosten &#038; F\u00f6rderung\",\"item\":\"https:\/\/www.sense-electra.de\/blockheizkraftwerk\/kosten-foerderung\/\"},{\"@type\":\"ListItem\",\"position\":4,\"name\":\"BHKW Beratung\"}]},{\"@type\":\"WebSite\",\"@id\":\"https:\/\/www.sense-electra.de\/#website\",\"url\":\"https:\/\/www.sense-electra.de\/\",\"name\":\"sense electra\",\"description\":\"W\u00e4rmeversorgung f\u00fcr Industrie- und Gewerbekunden\",\"potentialAction\":[{\"@type\":\"SearchAction\",\"target\":{\"@type\":\"EntryPoint\",\"urlTemplate\":\"https:\/\/www.sense-electra.de\/?s={search_term_string}\"},\"query-input\":\"required name=search_term_string\"}],\"inLanguage\":\"en-GB\"}]}<\/script>\n<!-- \/ Yoast SEO plugin. -->","yoast_head_json":{"title":"BHKW-Beratung \u2013 Leitfaden & Orientierung f\u00fcr das Erstgespr\u00e4ch","description":"Wie bereiten Sie sich am besten auf eine BHKW-Beratung vor? Welche Infos ben\u00f6tigt der Berater von Ihnen? Informieren Sie sich hier.","robots":{"index":"index","follow":"follow","max-snippet":"max-snippet:-1","max-image-preview":"max-image-preview:large","max-video-preview":"max-video-preview:-1"},"canonical":"https:\/\/www.sense-electra.de\/en\/blockheizkraftwerk\/kosten-foerderung\/bhkw-beratung\/","og_locale":"en_GB","og_type":"article","og_title":"BHKW-Beratung \u2013 Leitfaden & Orientierung f\u00fcr das Erstgespr\u00e4ch","og_description":"Wie bereiten Sie sich am besten auf eine BHKW-Beratung vor? Welche Infos ben\u00f6tigt der Berater von Ihnen? Informieren Sie sich hier.","og_url":"https:\/\/www.sense-electra.de\/en\/blockheizkraftwerk\/kosten-foerderung\/bhkw-beratung\/","og_site_name":"sense electra","article_modified_time":"2023-11-22T13:55:44+00:00","og_image":[{"url":"https:\/\/www.sense-electra.de\/wp-content\/uploads\/2021\/04\/BHKW-freigestellt_mehr_Kontrast.png"}],"twitter_card":"summary_large_image","twitter_misc":{"Estimated reading time":"4 minutes"},"schema":{"@context":"https:\/\/schema.org","@graph":[{"@type":"WebPage","@id":"https:\/\/www.sense-electra.de\/blockheizkraftwerk\/kosten-foerderung\/bhkw-beratung\/","url":"https:\/\/www.sense-electra.de\/blockheizkraftwerk\/kosten-foerderung\/bhkw-beratung\/","name":"BHKW-Beratung \u2013 Leitfaden & Orientierung f\u00fcr das Erstgespr\u00e4ch","isPartOf":{"@id":"https:\/\/www.sense-electra.de\/#website"},"primaryImageOfPage":{"@id":"https:\/\/www.sense-electra.de\/blockheizkraftwerk\/kosten-foerderung\/bhkw-beratung\/#primaryimage"},"image":{"@id":"https:\/\/www.sense-electra.de\/blockheizkraftwerk\/kosten-foerderung\/bhkw-beratung\/#primaryimage"},"thumbnailUrl":"https:\/\/www.sense-electra.de\/wp-content\/uploads\/2021\/04\/BHKW-freigestellt_mehr_Kontrast.png","datePublished":"2020-08-25T10:20:38+00:00","dateModified":"2023-11-22T13:55:44+00:00","description":"Wie bereiten Sie sich am besten auf eine BHKW-Beratung vor? Welche Infos ben\u00f6tigt der Berater von Ihnen? Informieren Sie sich hier.","breadcrumb":{"@id":"https:\/\/www.sense-electra.de\/blockheizkraftwerk\/kosten-foerderung\/bhkw-beratung\/#breadcrumb"},"inLanguage":"en-GB","potentialAction":[{"@type":"ReadAction","target":["https:\/\/www.sense-electra.de\/blockheizkraftwerk\/kosten-foerderung\/bhkw-beratung\/"]}]},{"@type":"ImageObject","inLanguage":"en-GB","@id":"https:\/\/www.sense-electra.de\/blockheizkraftwerk\/kosten-foerderung\/bhkw-beratung\/#primaryimage","url":"https:\/\/www.sense-electra.de\/wp-content\/uploads\/2021\/04\/BHKW-freigestellt_mehr_Kontrast.png","contentUrl":"https:\/\/www.sense-electra.de\/wp-content\/uploads\/2021\/04\/BHKW-freigestellt_mehr_Kontrast.png"},{"@type":"BreadcrumbList","@id":"https:\/\/www.sense-electra.de\/blockheizkraftwerk\/kosten-foerderung\/bhkw-beratung\/#breadcrumb","itemListElement":[{"@type":"ListItem","position":1,"name":"Startseite","item":"https:\/\/www.sense-electra.de\/"},{"@type":"ListItem","position":2,"name":"Blockheizkraftwerk","item":"https:\/\/www.sense-electra.de\/blockheizkraftwerk\/"},{"@type":"ListItem","position":3,"name":"Kosten &#038; F\u00f6rderung","item":"https:\/\/www.sense-electra.de\/blockheizkraftwerk\/kosten-foerderung\/"},{"@type":"ListItem","position":4,"name":"BHKW Beratung"}]},{"@type":"WebSite","@id":"https:\/\/www.sense-electra.de\/#website","url":"https:\/\/www.sense-electra.de\/","name":"sense electra","description":"W\u00e4rmeversorgung f\u00fcr Industrie- und Gewerbekunden","potentialAction":[{"@type":"SearchAction","target":{"@type":"EntryPoint","urlTemplate":"https:\/\/www.sense-electra.de\/?s={search_term_string}"},"query-input":"required name=search_term_string"}],"inLanguage":"en-GB"}]}},"_links":{"self":[{"href":"https:\/\/www.sense-electra.de\/en\/wp-json\/wp\/v2\/pages\/170"}],"collection":[{"href":"https:\/\/www.sense-electra.de\/en\/wp-json\/wp\/v2\/pages"}],"about":[{"href":"https:\/\/www.sense-electra.de\/en\/wp-json\/wp\/v2\/types\/page"}],"author":[{"embeddable":true,"href":"https:\/\/www.sense-electra.de\/en\/wp-json\/wp\/v2\/users\/1"}],"replies":[{"embeddable":true,"href":"https:\/\/www.sense-electra.de\/en\/wp-json\/wp\/v2\/comments?post=170"}],"version-history":[{"count":0,"href":"https:\/\/www.sense-electra.de\/en\/wp-json\/wp\/v2\/pages\/170\/revisions"}],"up":[{"embeddable":true,"href":"https:\/\/www.sense-electra.de\/en\/wp-json\/wp\/v2\/pages\/166"}],"wp:attachment":[{"href":"https:\/\/www.sense-electra.de\/en\/wp-json\/wp\/v2\/media?parent=170"}],"curies":[{"name":"wp","href":"https:\/\/api.w.org\/{rel}","templated":true}]}}