{"id":204,"date":"2020-08-25T12:30:17","date_gmt":"2020-08-25T10:30:17","guid":{"rendered":"https:\/\/www.sense-electra.de\/?page_id=204"},"modified":"2023-11-21T09:21:47","modified_gmt":"2023-11-21T08:21:47","slug":"unsere-partner","status":"publish","type":"page","link":"https:\/\/www.sense-electra.de\/en\/ueber-sense-electra\/unsere-partner\/","title":{"rendered":"Our partners"},"content":{"rendered":"<h1>\n\t\tOur partners\n\t<\/h1>\n\t<p>Wir arbeiten mit verschiedenen Partnern aus der Energiebranche zusammen. Unser gemeinsames Ziel ist es, nachhaltige und innovative Energiekonzepte umzusetzen. Mit unseren ausgesuchten und zuverl\u00e4ssigen Partnern beobachten wir den Markt und erschlie\u00dfen neue Marktl\u00fccken. Von dieser Kooperationen profitieren Sie bei Ihrer Energiegewinnung und \u2013nutzung und reduzieren Ihre Kosten<\/p>\n\t\t\t<a href=\"https:\/\/www.sense-electra.de\/en\/energiedienstleistungen\/\" target=\"_self\" role=\"button\" rel=\"noopener\">\n\t\t\t\t\t\tSee our services\n\t\t\t\t\t<\/a>\n\t\t\t\t<a href=\"https:\/\/www.apoll-on.de\/\" target=\"_blank\" rel=\"noopener\" itemprop=\"url\">\n\t\t\t\t<img decoding=\"async\" src=\"https:\/\/www.sense-electra.de\/wp-content\/uploads\/2021\/04\/apollon_Logo_Vektor.png\" alt=\"apollon_Logo_Vektor\" itemprop=\"image\" title=\"apollon_Logo_Vektor\" onerror=\"this.style.display='none'\"  \/>\n\t\t\t\t<\/a>\n<h3>\n\t\tapoll\u00b7on GmbH, based in Berlin\n\t<\/h3>\n<p>Seit \u00fcber 20 Jahren ist die\u00a0apoll\u00b7on GmbH\u00a0Ihr kompetenter Ansprechpartner rund um Fragen zu <strong>Energiedienstleistungen f\u00fcr Unternehmen jeder Gr\u00f6\u00dfe<\/strong>. Bundesweit betreut das Unternehmen mehr als 25.000 gewerbliche Abnahmestellen verschiedenster Gewerbebranchen.<\/p>\n<p>Its core activities include the purchase and use of energy. In addition, apoll.on GmbH works with the brands schnellstrom, schnellgas and envisio to implement diverse energy efficiency measures and also provides certification consultations for energy management systems according to ISO 50001.<\/p>\n<strong>Your advantage:<\/strong><br \/>\nThrough the cooperation with apoll.on GmbH, we can draw on the many years of experience of energy experts. With their help, we can i.a. optimise your energy contracts and take a wide range of administrative tasks off your hands, enabling you to get everything from a single source.\n\t\t\t\t<a href=\"https:\/\/www.schnellstrom.de\/\" target=\"_blank\" rel=\"noopener\" itemprop=\"url\">\n\t\t\t\t<img decoding=\"async\" src=\"https:\/\/www.sense-electra.de\/wp-content\/uploads\/2021\/04\/schnellstrom-Logo-600x86-1.png\" alt=\"schnellstrom Logo-600x86\" itemprop=\"image\" title=\"schnellstrom Logo-600x86\" onerror=\"this.style.display='none'\"  \/>\n\t\t\t\t<\/a>\n<h3>\n\t\tschnellstrom, based in Berlin\n\t<\/h3>\n<p class=\"translation-block\">schnellstrom is a brand of apoll\u00b7on GmbH and an important and reliable partner for companies looking to purchase <strong> electricity for commercial and industrial sites<\/strong>. The schnellstrom energy advisors will compare your electricity tariff with the current market conditions and rates from electricity providers to help you find the most effective energy solutions.<\/p>\n<strong>Your advantage:<\/strong><br \/>\nschnellstrom supports us in finding you the right prices for your electricity tariff. You\u2019ll benefit from the schnellstrom experts\u2019 several years of experience in the electricity market, just as we do.\n\t\t\t\t<a href=\"https:\/\/www.schnellgas.de\/\" target=\"_blank\" rel=\"noopener\" itemprop=\"url\">\n\t\t\t\t<img decoding=\"async\" src=\"https:\/\/www.sense-electra.de\/wp-content\/uploads\/2021\/04\/schnellgas-Logo-600x86-1.png\" alt=\"schnellgas Logo-600x86\" itemprop=\"image\" title=\"schnellgas Logo-600x86\" onerror=\"this.style.display='none'\"  \/>\n\t\t\t\t<\/a>\n<h3>\n\t\tschnellgas, based in Berlin\n\t<\/h3>\n<p>Als Energieexperte \u00fcberzeugt schnellgas durch ein umfassendes Dienstleistungsangebot aus Beratung, Analyse, Vergleich und Angebotserstellung von Erdgasleistungen. Durch eine langj\u00e4hrige Erfahrung und Praxis ist den Profis  der Energiemarkt bis ins kleinste Detail bekannt.   <\/p>\n<strong>Your advantage:<\/strong><br \/>\nUm Ihnen eine gr\u00f6\u00dftm\u00f6gliche Anzahl an Energiedienstleistungen anbieten zu k\u00f6nnen, arbeiten wir mit den Fachleuten von schnellgas zusammen. Diese unterst\u00fctzen uns z.B. beim Ausstellen von Energieausweisen oder bei der Durchf\u00fchrung von Energiemanagementsystemen.\n\t\t\t\t<a href=\"http:\/\/www.envisio.de\/start.php\" target=\"_blank\" rel=\"noopener\" itemprop=\"url\">\n\t\t\t\t<img decoding=\"async\" src=\"https:\/\/www.sense-electra.de\/wp-content\/uploads\/2021\/04\/envisio-Logo-370x75-1.png\" alt=\"envisio-Logo-370x75\" itemprop=\"image\" title=\"envisio-Logo-370x75\" onerror=\"this.style.display='none'\"  \/>\n\t\t\t\t<\/a>\n<h3>\n\t\tenvisio, based in Berlin\n\t<\/h3>\n<p>envisio\u00a0beeindruckt durch ein umfassendes Dienstleistungsangebot:\u00a0<strong>ob nun eine beratende T\u00e4tigkeit, eine Analyse oder Vergleiche gew\u00fcnscht sind. Auch eine Angebotserstellung erstellen Ihnen die Experten professionell und schnell. <\/strong>\u00a0von Strom- und Erdgasleistungen. Durch eine langj\u00e4hrige Erfahrung auf dem Energiemarkt beindrucken die\u00a0envisio-Berater mit gro\u00dfem Fachwissen.<\/p>\n<strong>Your advantage:<\/strong><br \/>\nUm Ihnen eine umfassende Auswahl an  Energiedienstleistungen anbieten zu k\u00f6nnen, arbeiten wir  mit den Experten von envisio zusammen.\u00a0Als Profis unterst\u00fctzen sie uns etwa bei der Erstellung von Energieausweisen. Aber genauso auch bei der Durchf\u00fchrung von Energiemanagementsystemen.\n<h3>\n\t\tDo you have any more questions?\n\t<\/h3>\n<h3>\n\t\tWe\u2019ll be happy to answer them personally for you.\n\t<\/h3>\n\t\t\t<a href=\"#\" role=\"button\">\n\t\t\t\t\t\tGet in touch\n\t\t\t\t\t<\/a>\n\t\t\n<div class=\"wpcf7 no-js\" id=\"wpcf7-f93-o1\" lang=\"de-DE\" dir=\"ltr\">\n<div class=\"screen-reader-response\"><p role=\"status\" aria-live=\"polite\" aria-atomic=\"true\"><\/p> <ul><\/ul><\/div>\n<form action=\"\/en\/wp-json\/wp\/v2\/pages\/204#wpcf7-f93-o1\" method=\"post\" class=\"wpcf7-form init\" aria-label=\"Contact form\" novalidate=\"novalidate\" data-status=\"init\" data-trp-original-action=\"\/en\/wp-json\/wp\/v2\/pages\/204#wpcf7-f93-o1\">\n<div style=\"display: none;\">\n<input type=\"hidden\" name=\"_wpcf7\" value=\"93\" \/>\n<input type=\"hidden\" name=\"_wpcf7_version\" value=\"5.9.8\" \/>\n<input type=\"hidden\" name=\"_wpcf7_locale\" value=\"de_DE_formal\" \/>\n<input type=\"hidden\" name=\"_wpcf7_unit_tag\" value=\"wpcf7-f93-o1\" \/>\n<input type=\"hidden\" name=\"_wpcf7_container_post\" value=\"0\" \/>\n<input type=\"hidden\" name=\"_wpcf7_posted_data_hash\" value=\"\" \/>\n<\/div>\n<h3>Kontaktanfrage\n<\/h3>\n<p>Schreiben Sie uns Ihre Anliegen - wir melden uns bei Ihnen!\n<\/p>\n<p><label> Ihr Name*<br \/>\n<span class=\"wpcf7-form-control-wrap\" data-name=\"your-name\"><input size=\"40\" maxlength=\"400\" class=\"wpcf7-form-control wpcf7-text wpcf7-validates-as-required\" aria-required=\"true\" aria-invalid=\"false\" value=\"\" type=\"text\" name=\"your-name\" \/><\/span> <\/label>\n<\/p>\n<p><span id=\"ho-ph-sense-1\" class=\"wpcf7-form-control-wrap phone-or-mail-wrap\" style=\"display:none !important; visibility:hidden !important;\"><label for=\"wpcf7-69f5d9cac077f-field\" class=\"hp-message\">Bitte lassen Sie dieses Feld leer.<\/label><input id=\"wpcf7-69f5d9cac077f-field\"  class=\"wpcf7-form-control wpcf7-text\" type=\"text\" name=\"phone-or-mail\" value=\"\" size=\"40\" tabindex=\"-1\" autocomplete=\"new-password\" \/><\/span>\n<\/p>\n<p><label> Ihre E-Mail-Adresse*<br \/>\n<span class=\"wpcf7-form-control-wrap\" data-name=\"your-email\"><input size=\"40\" maxlength=\"400\" class=\"wpcf7-form-control wpcf7-email wpcf7-validates-as-required wpcf7-text wpcf7-validates-as-email\" aria-required=\"true\" aria-invalid=\"false\" value=\"\" type=\"email\" name=\"your-email\" \/><\/span> <\/label>\n<\/p>\n<p><span id=\"ho-ph-sense-2\" class=\"wpcf7-form-control-wrap phone-or-mail-wrap\" style=\"display:none !important; visibility:hidden !important;\"><label for=\"wpcf7-69f5d9cac0844-field\" class=\"hp-message\">Bitte lassen Sie dieses Feld leer.<\/label><input id=\"wpcf7-69f5d9cac0844-field\"  class=\"wpcf7-form-control wpcf7-text\" type=\"text\" name=\"phone-or-mail\" value=\"\" size=\"40\" tabindex=\"-1\" autocomplete=\"new-password\" \/><\/span>\n<\/p>\n<p><label> Betreff<br \/>\n<span class=\"wpcf7-form-control-wrap\" data-name=\"your-subject\"><input size=\"40\" maxlength=\"400\" class=\"wpcf7-form-control wpcf7-text\" aria-invalid=\"false\" value=\"\" type=\"text\" name=\"your-subject\" \/><\/span> <\/label>\n<\/p>\n<p><label> Ihre Nachricht<br \/>\n<span class=\"wpcf7-form-control-wrap\" data-name=\"your-message\"><textarea cols=\"40\" rows=\"10\" maxlength=\"2000\" class=\"wpcf7-form-control wpcf7-textarea\" aria-invalid=\"false\" name=\"your-message\"><\/textarea><\/span> <\/label>\n<\/p>\n<p>*Pflichtfeld\n<\/p>\n<p>Bitte beachten Sie unsere <a target=\"_blank\" href=\"\/en\/datenschutz\/\">Datenschutzbestimmungen.<\/a>\n<\/p>\n<p><input class=\"wpcf7-form-control wpcf7-submit has-spinner\" type=\"submit\" value=\"Send\" \/>\n<\/p><div class=\"wpcf7-response-output\" aria-hidden=\"true\"><\/div>\n<input type=\"hidden\" name=\"trp-form-language\" value=\"en\"\/><\/form>\n<\/div>","protected":false},"excerpt":{"rendered":"<p>Unsere Partner Wir arbeiten mit verschiedenen Partnern aus der Energiebranche zusammen. Unser gemeinsames Ziel ist es, nachhaltige und innovative Energiekonzepte umzusetzen. Mit unseren ausgesuchten und zuverl\u00e4ssigen Partnern beobachten wir den Markt und erschlie\u00dfen neue Marktl\u00fccken. Von dieser Kooperationen profitieren Sie bei Ihrer Energiegewinnung und \u2013nutzung und reduzieren Ihre Kosten Zu unseren Leistungen apoll\u00b7on GmbH, Sitz&hellip;<\/p>","protected":false},"author":1,"featured_media":0,"parent":62,"menu_order":0,"comment_status":"closed","ping_status":"closed","template":"","meta":{"_acf_changed":false,"footnotes":""},"acf":[],"yoast_head":"<!-- This site is optimized with the Yoast SEO plugin v23.1 - https:\/\/yoast.com\/wordpress\/plugins\/seo\/ -->\n<title>Partner und Kooperationen - sense electra<\/title>\n<meta name=\"description\" content=\"Mit diesen Partnerunternehmen aus der Energiebranche arbeiten wir f\u00fcr optimale Ergebnisse zusammen.\" \/>\n<meta name=\"robots\" content=\"index, follow, max-snippet:-1, max-image-preview:large, max-video-preview:-1\" \/>\n<link rel=\"canonical\" href=\"https:\/\/www.sense-electra.de\/en\/ueber-sense-electra\/unsere-partner\/\" \/>\n<meta property=\"og:locale\" content=\"en_GB\" \/>\n<meta property=\"og:type\" content=\"article\" \/>\n<meta property=\"og:title\" content=\"Partner und Kooperationen - sense electra\" \/>\n<meta property=\"og:description\" content=\"Mit diesen Partnerunternehmen aus der Energiebranche arbeiten wir f\u00fcr optimale Ergebnisse zusammen.\" \/>\n<meta property=\"og:url\" content=\"https:\/\/www.sense-electra.de\/en\/ueber-sense-electra\/unsere-partner\/\" \/>\n<meta property=\"og:site_name\" content=\"sense electra\" \/>\n<meta property=\"article:modified_time\" content=\"2023-11-21T08:21:47+00:00\" \/>\n<meta property=\"og:image\" content=\"https:\/\/www.sense-electra.de\/wp-content\/uploads\/2021\/04\/apollon_Logo_Vektor.png\" \/>\n<meta name=\"twitter:card\" content=\"summary_large_image\" \/>\n<meta name=\"twitter:label1\" content=\"Estimated reading time\" \/>\n\t<meta name=\"twitter:data1\" content=\"2 minutes\" \/>\n<script type=\"application\/ld+json\" class=\"yoast-schema-graph\">{\"@context\":\"https:\/\/schema.org\",\"@graph\":[{\"@type\":\"WebPage\",\"@id\":\"https:\/\/www.sense-electra.de\/ueber-sense-electra\/unsere-partner\/\",\"url\":\"https:\/\/www.sense-electra.de\/ueber-sense-electra\/unsere-partner\/\",\"name\":\"Partner und Kooperationen - sense electra\",\"isPartOf\":{\"@id\":\"https:\/\/www.sense-electra.de\/#website\"},\"primaryImageOfPage\":{\"@id\":\"https:\/\/www.sense-electra.de\/ueber-sense-electra\/unsere-partner\/#primaryimage\"},\"image\":{\"@id\":\"https:\/\/www.sense-electra.de\/ueber-sense-electra\/unsere-partner\/#primaryimage\"},\"thumbnailUrl\":\"https:\/\/www.sense-electra.de\/wp-content\/uploads\/2021\/04\/apollon_Logo_Vektor.png\",\"datePublished\":\"2020-08-25T10:30:17+00:00\",\"dateModified\":\"2023-11-21T08:21:47+00:00\",\"description\":\"Mit diesen Partnerunternehmen aus der Energiebranche arbeiten wir f\u00fcr optimale Ergebnisse zusammen.\",\"breadcrumb\":{\"@id\":\"https:\/\/www.sense-electra.de\/ueber-sense-electra\/unsere-partner\/#breadcrumb\"},\"inLanguage\":\"en-GB\",\"potentialAction\":[{\"@type\":\"ReadAction\",\"target\":[\"https:\/\/www.sense-electra.de\/ueber-sense-electra\/unsere-partner\/\"]}]},{\"@type\":\"ImageObject\",\"inLanguage\":\"en-GB\",\"@id\":\"https:\/\/www.sense-electra.de\/ueber-sense-electra\/unsere-partner\/#primaryimage\",\"url\":\"https:\/\/www.sense-electra.de\/wp-content\/uploads\/2021\/04\/apollon_Logo_Vektor.png\",\"contentUrl\":\"https:\/\/www.sense-electra.de\/wp-content\/uploads\/2021\/04\/apollon_Logo_Vektor.png\"},{\"@type\":\"BreadcrumbList\",\"@id\":\"https:\/\/www.sense-electra.de\/ueber-sense-electra\/unsere-partner\/#breadcrumb\",\"itemListElement\":[{\"@type\":\"ListItem\",\"position\":1,\"name\":\"Startseite\",\"item\":\"https:\/\/www.sense-electra.de\/\"},{\"@type\":\"ListItem\",\"position\":2,\"name\":\"sense electra\",\"item\":\"https:\/\/www.sense-electra.de\/ueber-sense-electra\/\"},{\"@type\":\"ListItem\",\"position\":3,\"name\":\"Unsere Partner\"}]},{\"@type\":\"WebSite\",\"@id\":\"https:\/\/www.sense-electra.de\/#website\",\"url\":\"https:\/\/www.sense-electra.de\/\",\"name\":\"sense electra\",\"description\":\"W\u00e4rmeversorgung f\u00fcr Industrie- und Gewerbekunden\",\"potentialAction\":[{\"@type\":\"SearchAction\",\"target\":{\"@type\":\"EntryPoint\",\"urlTemplate\":\"https:\/\/www.sense-electra.de\/?s={search_term_string}\"},\"query-input\":\"required name=search_term_string\"}],\"inLanguage\":\"en-GB\"}]}<\/script>\n<!-- \/ Yoast SEO plugin. -->","yoast_head_json":{"title":"Partner und Kooperationen - sense electra","description":"Mit diesen Partnerunternehmen aus der Energiebranche arbeiten wir f\u00fcr optimale Ergebnisse zusammen.","robots":{"index":"index","follow":"follow","max-snippet":"max-snippet:-1","max-image-preview":"max-image-preview:large","max-video-preview":"max-video-preview:-1"},"canonical":"https:\/\/www.sense-electra.de\/en\/ueber-sense-electra\/unsere-partner\/","og_locale":"en_GB","og_type":"article","og_title":"Partner und Kooperationen - sense electra","og_description":"Mit diesen Partnerunternehmen aus der Energiebranche arbeiten wir f\u00fcr optimale Ergebnisse zusammen.","og_url":"https:\/\/www.sense-electra.de\/en\/ueber-sense-electra\/unsere-partner\/","og_site_name":"sense electra","article_modified_time":"2023-11-21T08:21:47+00:00","og_image":[{"url":"https:\/\/www.sense-electra.de\/wp-content\/uploads\/2021\/04\/apollon_Logo_Vektor.png"}],"twitter_card":"summary_large_image","twitter_misc":{"Estimated reading time":"2 minutes"},"schema":{"@context":"https:\/\/schema.org","@graph":[{"@type":"WebPage","@id":"https:\/\/www.sense-electra.de\/ueber-sense-electra\/unsere-partner\/","url":"https:\/\/www.sense-electra.de\/ueber-sense-electra\/unsere-partner\/","name":"Partner und Kooperationen - sense electra","isPartOf":{"@id":"https:\/\/www.sense-electra.de\/#website"},"primaryImageOfPage":{"@id":"https:\/\/www.sense-electra.de\/ueber-sense-electra\/unsere-partner\/#primaryimage"},"image":{"@id":"https:\/\/www.sense-electra.de\/ueber-sense-electra\/unsere-partner\/#primaryimage"},"thumbnailUrl":"https:\/\/www.sense-electra.de\/wp-content\/uploads\/2021\/04\/apollon_Logo_Vektor.png","datePublished":"2020-08-25T10:30:17+00:00","dateModified":"2023-11-21T08:21:47+00:00","description":"Mit diesen Partnerunternehmen aus der Energiebranche arbeiten wir f\u00fcr optimale Ergebnisse zusammen.","breadcrumb":{"@id":"https:\/\/www.sense-electra.de\/ueber-sense-electra\/unsere-partner\/#breadcrumb"},"inLanguage":"en-GB","potentialAction":[{"@type":"ReadAction","target":["https:\/\/www.sense-electra.de\/ueber-sense-electra\/unsere-partner\/"]}]},{"@type":"ImageObject","inLanguage":"en-GB","@id":"https:\/\/www.sense-electra.de\/ueber-sense-electra\/unsere-partner\/#primaryimage","url":"https:\/\/www.sense-electra.de\/wp-content\/uploads\/2021\/04\/apollon_Logo_Vektor.png","contentUrl":"https:\/\/www.sense-electra.de\/wp-content\/uploads\/2021\/04\/apollon_Logo_Vektor.png"},{"@type":"BreadcrumbList","@id":"https:\/\/www.sense-electra.de\/ueber-sense-electra\/unsere-partner\/#breadcrumb","itemListElement":[{"@type":"ListItem","position":1,"name":"Startseite","item":"https:\/\/www.sense-electra.de\/"},{"@type":"ListItem","position":2,"name":"sense electra","item":"https:\/\/www.sense-electra.de\/ueber-sense-electra\/"},{"@type":"ListItem","position":3,"name":"Unsere Partner"}]},{"@type":"WebSite","@id":"https:\/\/www.sense-electra.de\/#website","url":"https:\/\/www.sense-electra.de\/","name":"sense electra","description":"W\u00e4rmeversorgung f\u00fcr Industrie- und Gewerbekunden","potentialAction":[{"@type":"SearchAction","target":{"@type":"EntryPoint","urlTemplate":"https:\/\/www.sense-electra.de\/?s={search_term_string}"},"query-input":"required name=search_term_string"}],"inLanguage":"en-GB"}]}},"_links":{"self":[{"href":"https:\/\/www.sense-electra.de\/en\/wp-json\/wp\/v2\/pages\/204"}],"collection":[{"href":"https:\/\/www.sense-electra.de\/en\/wp-json\/wp\/v2\/pages"}],"about":[{"href":"https:\/\/www.sense-electra.de\/en\/wp-json\/wp\/v2\/types\/page"}],"author":[{"embeddable":true,"href":"https:\/\/www.sense-electra.de\/en\/wp-json\/wp\/v2\/users\/1"}],"replies":[{"embeddable":true,"href":"https:\/\/www.sense-electra.de\/en\/wp-json\/wp\/v2\/comments?post=204"}],"version-history":[{"count":0,"href":"https:\/\/www.sense-electra.de\/en\/wp-json\/wp\/v2\/pages\/204\/revisions"}],"up":[{"embeddable":true,"href":"https:\/\/www.sense-electra.de\/en\/wp-json\/wp\/v2\/pages\/62"}],"wp:attachment":[{"href":"https:\/\/www.sense-electra.de\/en\/wp-json\/wp\/v2\/media?parent=204"}],"curies":[{"name":"wp","href":"https:\/\/api.w.org\/{rel}","templated":true}]}}