{"id":289,"date":"2020-09-24T11:53:20","date_gmt":"2020-09-24T09:53:20","guid":{"rendered":"https:\/\/www.sense-electra.de\/?page_id=289"},"modified":"2023-09-26T16:39:25","modified_gmt":"2023-09-26T14:39:25","slug":"solaranlage-mieten","status":"publish","type":"page","link":"https:\/\/www.sense-electra.de\/en\/energiedienstleistungen\/photovoltaikanlage\/solaranlage-mieten\/","title":{"rendered":"Rent a solar system"},"content":{"rendered":"<h1>\n\t\tVermieten Sie doch einfach Ihr Gewerbedach\n\t<\/h1>\n\t<p>Wir vermieten Solaranlagen an Gewerbekunden. Diese bauen wir auf Ihrem Firmengel\u00e4nde auf. Sie erhalten die Pacht und profitieren vom g\u00fcnstigen Solarstrom, ohne daf\u00fcr eine eigene Investition t\u00e4tigen zu m\u00fcssen.<\/p>\n\t\t\t<a href=\"#Vorteile_Solardach_mieten\" target=\"_self\" role=\"button\" rel=\"noopener\">\n\t\t\t\t\t\t\tBenefits of renting us you solar roof\n\t\t\t\t\t<\/a>\n\t\t\t\t<img loading=\"lazy\" decoding=\"async\" src=\"https:\/\/www.sense-electra.de\/wp-content\/uploads\/2021\/06\/solarzellen-gruener-strom.jpg\" alt=\"Photovoltaikanlage vor blauem Himmel\" itemprop=\"image\" height=\"327\" width=\"500\" title=\"Solarstrom und Pachteeinnahmen f\u00fcr Gewerbekunden\" onerror=\"this.style.display='none'\"  \/>\n<h2>\n\t\tDach verpachten &#038; Stromkosten senken\n\t<\/h2>\n\tWir pachten Ihre Dachfl\u00e4chen oder Freifl\u00e4chenanlagen und bauen auf diesen unsere Solaranlagen. Investitionskosten, Wartung und Instandhaltung liegen komplett bei uns: Ihnen entstehen keinerlei Kosten.<br \/>\nSie brauchen nur die Aufstellfl\u00e4che zur Verf\u00fcgung zu stellen. Beziehen Sie schnell und bequem Ihren Strom von unserer Solaranlage auf Ihrem Dach.\n<p><strong>You get:<\/strong><\/p>\n<ul>\n<li>Long-term income from renting us space on your company\u2019s roof or ground space<\/li>\n<li>Low-cost, green electricity<\/li>\n<\/ul>\n<h2>\n\t\tOur promise\n\t<\/h2>\n\t<p>Wir garantieren Ihnen, dass Ihr Solarstrom immer 1 Cent\/kWh g\u00fcnstiger ist, als der, den Sie von Ihrem aktuellen Stromanbieter erhalten.<\/p>\n<h2>\n\t\tWas bedeutet es eine Solaranlage zu mieten?\n\t<\/h2>\n\t<p>We\u2019ll rent the space on your company\u2019s roof for at least 20 years, whether it\u2019s a factory, an agribusiness, or a large office building.<\/p>\n\t<p>We\u2019ll reinforce and adapt your building\u2019s lightning protection system to the solar system.<\/p>\n\t<p>Ihre Solaranlage wird komplett von uns finanziert und bleibt in unserem Besitz.<\/p>\n\t<p>Wir garantieren Ihnen, dass Ihr Strompreis stets 1 Cent\/kWh preiswerter ist, als von Ihrem aktuellen Anbieter.<\/p>\n\t<p>Sie bekommen Solarstrom von Ihrem Dach und sparen so CO2 ein.<\/p>\n\t<p>Die Kosten f\u00fcr Wartung und Reparatur Ihrer Solaranlage werden vollst\u00e4ndig von uns \u00fcbernommen.<\/p>\n<h2>\n\t\tSie wollen Ihr Dach oder Ihre Freifl\u00e4che vermieten? Daf\u00fcr eignen sich:\n\t<\/h2>\n\t<ul>\n<li>Sealed surfaces, e.g. roof surfaces and asphalt<\/li>\n<li>Konversionsfl\u00e4chen, d.h. brach liegende, nicht bewirtschaftete Fl\u00e4chen, die fr\u00fcher anders als heute genutzt wurden<\/li>\n<li>Fl\u00e4chen l\u00e4ngs der Autobahn oder an bzw. neben Schienenwegen<\/li>\n<\/ul>\n<h3>\n\t\tPV-Anlage mieten\n\t<\/h3>\n\t<p><center>Mieteinnahmen durch Verpachtung Ihrer firmeneigenen Freifl\u00e4chen. G\u00fcnstiger Strom von der Solaranlage auf Ihrem Firmengel\u00e4nde.<\/center><\/p>\n\t<p><center>Wir sind Ihr Experte bei der Planung, Montage &#038; Wartung<\/center><\/p>\n\t<p><strong>Vor- und Nachteile in der Gegen\u00fcberstellung<\/strong><\/p>\n\t<p><strong>Wir organisieren alles f\u00fcr Sie<\/strong><\/p>\n\t<ul>\n<li>Planning<\/li>\n<li>Installation<\/li>\n<li>Maintenance &amp; repairs incl. cost transfer<\/li>\n<li>Einspeisung Ihres \u00fcbersch\u00fcssigen Stroms<\/li>\n<\/ul>\n\t<p><strong>Weshalb Sie sich daf\u00fcr entscheiden sollten<\/strong><\/p>\n<h3>\n\t\tBuy a solar system\n\t<\/h3>\n\t<p>Bei Ihrer eigenen Photovoltaikanlage und dem Aufbau auf Ihrem Firmendach k\u00f6nnen Sie Ihren selbst erzeugten Strom f\u00fcr Ihr Unternehmen nutzen<\/p>\n\t<p><strong>Wir k\u00fcmmern uns um:<\/strong><\/p>\n\t<ul>\n<li>Planning<\/li>\n<li>Installation<\/li>\n<li>Maintenance<\/li>\n<\/ul>\n\t<p><strong>Vor- und Nachteile in der Gegen\u00fcberstellung<\/strong><\/p>\n<h3>\n\t\tBook a telephone appointment now.\n\t<\/h3>\n<h3>\n\t\tOur solar experts will be glad to explore various possibilities with you.\n\t<\/h3>\n\t\t\t<a href=\"#\" role=\"button\">\n\t\t\t\t\t\tBook consultation\n\t\t\t\t\t<\/a>\n\t\t\n<div class=\"wpcf7 no-js\" id=\"wpcf7-f93-o1\" lang=\"de-DE\" dir=\"ltr\">\n<div class=\"screen-reader-response\"><p role=\"status\" aria-live=\"polite\" aria-atomic=\"true\"><\/p> <ul><\/ul><\/div>\n<form action=\"\/en\/wp-json\/wp\/v2\/pages\/289#wpcf7-f93-o1\" method=\"post\" class=\"wpcf7-form init\" aria-label=\"Contact form\" novalidate=\"novalidate\" data-status=\"init\" data-trp-original-action=\"\/en\/wp-json\/wp\/v2\/pages\/289#wpcf7-f93-o1\">\n<div style=\"display: none;\">\n<input type=\"hidden\" name=\"_wpcf7\" value=\"93\" \/>\n<input type=\"hidden\" name=\"_wpcf7_version\" value=\"5.9.8\" \/>\n<input type=\"hidden\" name=\"_wpcf7_locale\" value=\"de_DE_formal\" \/>\n<input type=\"hidden\" name=\"_wpcf7_unit_tag\" value=\"wpcf7-f93-o1\" \/>\n<input type=\"hidden\" name=\"_wpcf7_container_post\" value=\"0\" \/>\n<input type=\"hidden\" name=\"_wpcf7_posted_data_hash\" value=\"\" \/>\n<\/div>\n<h3>Kontaktanfrage\n<\/h3>\n<p>Schreiben Sie uns Ihre Anliegen - wir melden uns bei Ihnen!\n<\/p>\n<p><label> Ihr Name*<br \/>\n<span class=\"wpcf7-form-control-wrap\" data-name=\"your-name\"><input size=\"40\" maxlength=\"400\" class=\"wpcf7-form-control wpcf7-text wpcf7-validates-as-required\" aria-required=\"true\" aria-invalid=\"false\" value=\"\" type=\"text\" name=\"your-name\" \/><\/span> <\/label>\n<\/p>\n<p><span id=\"ho-ph-sense-1\" class=\"wpcf7-form-control-wrap phone-or-mail-wrap\" style=\"display:none !important; visibility:hidden !important;\"><label for=\"wpcf7-69d6414ef2fa7-field\" class=\"hp-message\">Bitte lassen Sie dieses Feld leer.<\/label><input id=\"wpcf7-69d6414ef2fa7-field\"  class=\"wpcf7-form-control wpcf7-text\" type=\"text\" name=\"phone-or-mail\" value=\"\" size=\"40\" tabindex=\"-1\" autocomplete=\"new-password\" \/><\/span>\n<\/p>\n<p><label> Ihre E-Mail-Adresse*<br \/>\n<span class=\"wpcf7-form-control-wrap\" data-name=\"your-email\"><input size=\"40\" maxlength=\"400\" class=\"wpcf7-form-control wpcf7-email wpcf7-validates-as-required wpcf7-text wpcf7-validates-as-email\" aria-required=\"true\" aria-invalid=\"false\" value=\"\" type=\"email\" name=\"your-email\" \/><\/span> <\/label>\n<\/p>\n<p><span id=\"ho-ph-sense-2\" class=\"wpcf7-form-control-wrap phone-or-mail-wrap\" style=\"display:none !important; visibility:hidden !important;\"><label for=\"wpcf7-69d6414ef3060-field\" class=\"hp-message\">Bitte lassen Sie dieses Feld leer.<\/label><input id=\"wpcf7-69d6414ef3060-field\"  class=\"wpcf7-form-control wpcf7-text\" type=\"text\" name=\"phone-or-mail\" value=\"\" size=\"40\" tabindex=\"-1\" autocomplete=\"new-password\" \/><\/span>\n<\/p>\n<p><label> Betreff<br \/>\n<span class=\"wpcf7-form-control-wrap\" data-name=\"your-subject\"><input size=\"40\" maxlength=\"400\" class=\"wpcf7-form-control wpcf7-text\" aria-invalid=\"false\" value=\"\" type=\"text\" name=\"your-subject\" \/><\/span> <\/label>\n<\/p>\n<p><label> Ihre Nachricht<br \/>\n<span class=\"wpcf7-form-control-wrap\" data-name=\"your-message\"><textarea cols=\"40\" rows=\"10\" maxlength=\"2000\" class=\"wpcf7-form-control wpcf7-textarea\" aria-invalid=\"false\" name=\"your-message\"><\/textarea><\/span> <\/label>\n<\/p>\n<p>*Pflichtfeld\n<\/p>\n<p>Bitte beachten Sie unsere <a target=\"_blank\" href=\"\/en\/datenschutz\/\">Datenschutzbestimmungen.<\/a>\n<\/p>\n<p><input class=\"wpcf7-form-control wpcf7-submit has-spinner\" type=\"submit\" value=\"Send\" \/>\n<\/p><div class=\"wpcf7-response-output\" aria-hidden=\"true\"><\/div>\n<input type=\"hidden\" name=\"trp-form-language\" value=\"en\"\/><\/form>\n<\/div>","protected":false},"excerpt":{"rendered":"<p>Vermieten Sie doch einfach Ihr Gewerbedach Wir vermieten Solaranlagen an Gewerbekunden. Diese bauen wir auf Ihrem Firmengel\u00e4nde auf. Sie erhalten die Pacht und profitieren vom g\u00fcnstigen Solarstrom, ohne daf\u00fcr eine eigene Investition t\u00e4tigen zu m\u00fcssen. Vorteile Solardach mieten Dach verpachten &#038; Stromkosten senken Wir pachten Ihre Dachfl\u00e4chen oder Freifl\u00e4chenanlagen und bauen auf diesen unsere Solaranlagen.&hellip;<\/p>","protected":false},"author":1,"featured_media":0,"parent":110,"menu_order":0,"comment_status":"closed","ping_status":"closed","template":"","meta":{"_acf_changed":false,"footnotes":""},"acf":[],"yoast_head":"<!-- This site is optimized with the Yoast SEO plugin v23.1 - https:\/\/yoast.com\/wordpress\/plugins\/seo\/ -->\n<title>Solaranlage mieten: Dach vermieten &amp; Pacht erhalten \u2013 sense electra<\/title>\n<meta name=\"description\" content=\"Sie mieten unsere Solaranlage, wir pachten Ihr Firmendach. Daf\u00fcr erhalten Sie g\u00fcnstigen Solarstrom + Pachteinnahmen \u25ba nur f\u00fcr Gewerbekunden\" \/>\n<meta name=\"robots\" content=\"index, follow, max-snippet:-1, max-image-preview:large, max-video-preview:-1\" \/>\n<link rel=\"canonical\" href=\"https:\/\/www.sense-electra.de\/en\/energiedienstleistungen\/photovoltaikanlage\/solaranlage-mieten\/\" \/>\n<meta property=\"og:locale\" content=\"en_GB\" \/>\n<meta property=\"og:type\" content=\"article\" \/>\n<meta property=\"og:title\" content=\"Solaranlage mieten: Dach vermieten &amp; Pacht erhalten \u2013 sense electra\" \/>\n<meta property=\"og:description\" content=\"Sie mieten unsere Solaranlage, wir pachten Ihr Firmendach. Daf\u00fcr erhalten Sie g\u00fcnstigen Solarstrom + Pachteinnahmen \u25ba nur f\u00fcr Gewerbekunden\" \/>\n<meta property=\"og:url\" content=\"https:\/\/www.sense-electra.de\/en\/energiedienstleistungen\/photovoltaikanlage\/solaranlage-mieten\/\" \/>\n<meta property=\"og:site_name\" content=\"sense electra\" \/>\n<meta property=\"article:modified_time\" content=\"2023-09-26T14:39:25+00:00\" \/>\n<meta property=\"og:image\" content=\"https:\/\/www.sense-electra.de\/wp-content\/uploads\/2021\/06\/solarzellen-gruener-strom.jpg\" \/>\n<meta name=\"twitter:card\" content=\"summary_large_image\" \/>\n<meta name=\"twitter:label1\" content=\"Estimated reading time\" \/>\n\t<meta name=\"twitter:data1\" content=\"2 minutes\" \/>\n<script type=\"application\/ld+json\" class=\"yoast-schema-graph\">{\"@context\":\"https:\/\/schema.org\",\"@graph\":[{\"@type\":\"WebPage\",\"@id\":\"https:\/\/www.sense-electra.de\/energiedienstleistungen\/photovoltaikanlage\/solaranlage-mieten\/\",\"url\":\"https:\/\/www.sense-electra.de\/energiedienstleistungen\/photovoltaikanlage\/solaranlage-mieten\/\",\"name\":\"Solaranlage mieten: Dach vermieten & Pacht erhalten \u2013 sense electra\",\"isPartOf\":{\"@id\":\"https:\/\/www.sense-electra.de\/#website\"},\"primaryImageOfPage\":{\"@id\":\"https:\/\/www.sense-electra.de\/energiedienstleistungen\/photovoltaikanlage\/solaranlage-mieten\/#primaryimage\"},\"image\":{\"@id\":\"https:\/\/www.sense-electra.de\/energiedienstleistungen\/photovoltaikanlage\/solaranlage-mieten\/#primaryimage\"},\"thumbnailUrl\":\"https:\/\/www.sense-electra.de\/wp-content\/uploads\/2021\/06\/solarzellen-gruener-strom.jpg\",\"datePublished\":\"2020-09-24T09:53:20+00:00\",\"dateModified\":\"2023-09-26T14:39:25+00:00\",\"description\":\"Sie mieten unsere Solaranlage, wir pachten Ihr Firmendach. Daf\u00fcr erhalten Sie g\u00fcnstigen Solarstrom + Pachteinnahmen \u25ba nur f\u00fcr Gewerbekunden\",\"breadcrumb\":{\"@id\":\"https:\/\/www.sense-electra.de\/energiedienstleistungen\/photovoltaikanlage\/solaranlage-mieten\/#breadcrumb\"},\"inLanguage\":\"en-GB\",\"potentialAction\":[{\"@type\":\"ReadAction\",\"target\":[\"https:\/\/www.sense-electra.de\/energiedienstleistungen\/photovoltaikanlage\/solaranlage-mieten\/\"]}]},{\"@type\":\"ImageObject\",\"inLanguage\":\"en-GB\",\"@id\":\"https:\/\/www.sense-electra.de\/energiedienstleistungen\/photovoltaikanlage\/solaranlage-mieten\/#primaryimage\",\"url\":\"https:\/\/www.sense-electra.de\/wp-content\/uploads\/2021\/06\/solarzellen-gruener-strom.jpg\",\"contentUrl\":\"https:\/\/www.sense-electra.de\/wp-content\/uploads\/2021\/06\/solarzellen-gruener-strom.jpg\"},{\"@type\":\"BreadcrumbList\",\"@id\":\"https:\/\/www.sense-electra.de\/energiedienstleistungen\/photovoltaikanlage\/solaranlage-mieten\/#breadcrumb\",\"itemListElement\":[{\"@type\":\"ListItem\",\"position\":1,\"name\":\"Startseite\",\"item\":\"https:\/\/www.sense-electra.de\/\"},{\"@type\":\"ListItem\",\"position\":2,\"name\":\"Energiedienstleistungen\",\"item\":\"https:\/\/www.sense-electra.de\/energiedienstleistungen\/\"},{\"@type\":\"ListItem\",\"position\":3,\"name\":\"Photovoltaik-Anlage\",\"item\":\"https:\/\/www.sense-electra.de\/energiedienstleistungen\/photovoltaikanlage\/\"},{\"@type\":\"ListItem\",\"position\":4,\"name\":\"Solaranlage mieten\"}]},{\"@type\":\"WebSite\",\"@id\":\"https:\/\/www.sense-electra.de\/#website\",\"url\":\"https:\/\/www.sense-electra.de\/\",\"name\":\"sense electra\",\"description\":\"W\u00e4rmeversorgung f\u00fcr Industrie- und Gewerbekunden\",\"potentialAction\":[{\"@type\":\"SearchAction\",\"target\":{\"@type\":\"EntryPoint\",\"urlTemplate\":\"https:\/\/www.sense-electra.de\/?s={search_term_string}\"},\"query-input\":\"required name=search_term_string\"}],\"inLanguage\":\"en-GB\"}]}<\/script>\n<!-- \/ Yoast SEO plugin. -->","yoast_head_json":{"title":"Solaranlage mieten: Dach vermieten & Pacht erhalten \u2013 sense electra","description":"Sie mieten unsere Solaranlage, wir pachten Ihr Firmendach. Daf\u00fcr erhalten Sie g\u00fcnstigen Solarstrom + Pachteinnahmen \u25ba nur f\u00fcr Gewerbekunden","robots":{"index":"index","follow":"follow","max-snippet":"max-snippet:-1","max-image-preview":"max-image-preview:large","max-video-preview":"max-video-preview:-1"},"canonical":"https:\/\/www.sense-electra.de\/en\/energiedienstleistungen\/photovoltaikanlage\/solaranlage-mieten\/","og_locale":"en_GB","og_type":"article","og_title":"Solaranlage mieten: Dach vermieten & Pacht erhalten \u2013 sense electra","og_description":"Sie mieten unsere Solaranlage, wir pachten Ihr Firmendach. Daf\u00fcr erhalten Sie g\u00fcnstigen Solarstrom + Pachteinnahmen \u25ba nur f\u00fcr Gewerbekunden","og_url":"https:\/\/www.sense-electra.de\/en\/energiedienstleistungen\/photovoltaikanlage\/solaranlage-mieten\/","og_site_name":"sense electra","article_modified_time":"2023-09-26T14:39:25+00:00","og_image":[{"url":"https:\/\/www.sense-electra.de\/wp-content\/uploads\/2021\/06\/solarzellen-gruener-strom.jpg"}],"twitter_card":"summary_large_image","twitter_misc":{"Estimated reading time":"2 minutes"},"schema":{"@context":"https:\/\/schema.org","@graph":[{"@type":"WebPage","@id":"https:\/\/www.sense-electra.de\/energiedienstleistungen\/photovoltaikanlage\/solaranlage-mieten\/","url":"https:\/\/www.sense-electra.de\/energiedienstleistungen\/photovoltaikanlage\/solaranlage-mieten\/","name":"Solaranlage mieten: Dach vermieten & Pacht erhalten \u2013 sense electra","isPartOf":{"@id":"https:\/\/www.sense-electra.de\/#website"},"primaryImageOfPage":{"@id":"https:\/\/www.sense-electra.de\/energiedienstleistungen\/photovoltaikanlage\/solaranlage-mieten\/#primaryimage"},"image":{"@id":"https:\/\/www.sense-electra.de\/energiedienstleistungen\/photovoltaikanlage\/solaranlage-mieten\/#primaryimage"},"thumbnailUrl":"https:\/\/www.sense-electra.de\/wp-content\/uploads\/2021\/06\/solarzellen-gruener-strom.jpg","datePublished":"2020-09-24T09:53:20+00:00","dateModified":"2023-09-26T14:39:25+00:00","description":"Sie mieten unsere Solaranlage, wir pachten Ihr Firmendach. Daf\u00fcr erhalten Sie g\u00fcnstigen Solarstrom + Pachteinnahmen \u25ba nur f\u00fcr Gewerbekunden","breadcrumb":{"@id":"https:\/\/www.sense-electra.de\/energiedienstleistungen\/photovoltaikanlage\/solaranlage-mieten\/#breadcrumb"},"inLanguage":"en-GB","potentialAction":[{"@type":"ReadAction","target":["https:\/\/www.sense-electra.de\/energiedienstleistungen\/photovoltaikanlage\/solaranlage-mieten\/"]}]},{"@type":"ImageObject","inLanguage":"en-GB","@id":"https:\/\/www.sense-electra.de\/energiedienstleistungen\/photovoltaikanlage\/solaranlage-mieten\/#primaryimage","url":"https:\/\/www.sense-electra.de\/wp-content\/uploads\/2021\/06\/solarzellen-gruener-strom.jpg","contentUrl":"https:\/\/www.sense-electra.de\/wp-content\/uploads\/2021\/06\/solarzellen-gruener-strom.jpg"},{"@type":"BreadcrumbList","@id":"https:\/\/www.sense-electra.de\/energiedienstleistungen\/photovoltaikanlage\/solaranlage-mieten\/#breadcrumb","itemListElement":[{"@type":"ListItem","position":1,"name":"Startseite","item":"https:\/\/www.sense-electra.de\/"},{"@type":"ListItem","position":2,"name":"Energiedienstleistungen","item":"https:\/\/www.sense-electra.de\/energiedienstleistungen\/"},{"@type":"ListItem","position":3,"name":"Photovoltaik-Anlage","item":"https:\/\/www.sense-electra.de\/energiedienstleistungen\/photovoltaikanlage\/"},{"@type":"ListItem","position":4,"name":"Solaranlage mieten"}]},{"@type":"WebSite","@id":"https:\/\/www.sense-electra.de\/#website","url":"https:\/\/www.sense-electra.de\/","name":"sense electra","description":"W\u00e4rmeversorgung f\u00fcr Industrie- und Gewerbekunden","potentialAction":[{"@type":"SearchAction","target":{"@type":"EntryPoint","urlTemplate":"https:\/\/www.sense-electra.de\/?s={search_term_string}"},"query-input":"required name=search_term_string"}],"inLanguage":"en-GB"}]}},"_links":{"self":[{"href":"https:\/\/www.sense-electra.de\/en\/wp-json\/wp\/v2\/pages\/289"}],"collection":[{"href":"https:\/\/www.sense-electra.de\/en\/wp-json\/wp\/v2\/pages"}],"about":[{"href":"https:\/\/www.sense-electra.de\/en\/wp-json\/wp\/v2\/types\/page"}],"author":[{"embeddable":true,"href":"https:\/\/www.sense-electra.de\/en\/wp-json\/wp\/v2\/users\/1"}],"replies":[{"embeddable":true,"href":"https:\/\/www.sense-electra.de\/en\/wp-json\/wp\/v2\/comments?post=289"}],"version-history":[{"count":0,"href":"https:\/\/www.sense-electra.de\/en\/wp-json\/wp\/v2\/pages\/289\/revisions"}],"up":[{"embeddable":true,"href":"https:\/\/www.sense-electra.de\/en\/wp-json\/wp\/v2\/pages\/110"}],"wp:attachment":[{"href":"https:\/\/www.sense-electra.de\/en\/wp-json\/wp\/v2\/media?parent=289"}],"curies":[{"name":"wp","href":"https:\/\/api.w.org\/{rel}","templated":true}]}}