{"id":3508,"date":"2021-11-08T13:14:29","date_gmt":"2021-11-08T12:14:29","guid":{"rendered":"https:\/\/www.sense-electra.de\/?page_id=3508"},"modified":"2021-11-17T12:31:07","modified_gmt":"2021-11-17T11:31:07","slug":"kwk-anlage","status":"publish","type":"page","link":"https:\/\/www.sense-electra.de\/en\/kwk-anlage\/","title":{"rendered":"Kraft-W\u00e4rme-Kopplungs-Anlage"},"content":{"rendered":"<h1>\n\t\tEnergiekosten sparen mit einer Kraft-W\u00e4rme-Kopplungs-Anlage\n\t<\/h1>\n\t<p>Eine Kraft-W\u00e4rme-Koppelung-Anlage\u00a0erzeugt gleich zwei Energieformen: Strom und W\u00e4rme &#8211; und f\u00fchrt dadurch zu einer dauerhaften Reduzierung der Energiekosten.<\/p>\n\t<strong>Unser Team berechnet kostenfrei und schnell Ihre Einsparungen und erstellt Ihnen ein Angebot.<br \/>\n<\/strong>\n\t\t\t<a href=\"#\" role=\"button\">\n\t\t\t\t\t\t\tJetzt Angebot einholen\n\t\t\t\t\t<\/a>\n\t\t\n<div class=\"wpcf7 no-js\" id=\"wpcf7-f1736-o1\" lang=\"de-DE\" dir=\"ltr\">\n<div class=\"screen-reader-response\"><p role=\"status\" aria-live=\"polite\" aria-atomic=\"true\"><\/p> <ul><\/ul><\/div>\n<form action=\"\/en\/wp-json\/wp\/v2\/pages\/3508#wpcf7-f1736-o1\" method=\"post\" class=\"wpcf7-form init\" aria-label=\"Contact form\" novalidate=\"novalidate\" data-status=\"init\" data-trp-original-action=\"\/en\/wp-json\/wp\/v2\/pages\/3508#wpcf7-f1736-o1\">\n<div style=\"display: none;\">\n<input type=\"hidden\" name=\"_wpcf7\" value=\"1736\" \/>\n<input type=\"hidden\" name=\"_wpcf7_version\" value=\"5.9.8\" \/>\n<input type=\"hidden\" name=\"_wpcf7_locale\" value=\"de_DE_formal\" \/>\n<input type=\"hidden\" name=\"_wpcf7_unit_tag\" value=\"wpcf7-f1736-o1\" \/>\n<input type=\"hidden\" name=\"_wpcf7_container_post\" value=\"0\" \/>\n<input type=\"hidden\" name=\"_wpcf7_posted_data_hash\" value=\"\" \/>\n<\/div>\n<h3>submit a CHP inquiry\n<\/h3>\n<p> Unser Team berechnet Ihre Einsparungen mittels BHKW - kostenfrei und komplett unverbindlich. Treten Sie jetzt mit unseren BHKW-Experten in Kontakt.\n<\/p>\n<p><label> Womit heizen Sie?*<br \/>\n<span class=\"wpcf7-form-control-wrap\" data-name=\"Brennstoff\"><select class=\"wpcf7-form-control wpcf7-select wpcf7-validates-as-required\" aria-required=\"true\" aria-invalid=\"false\" name=\"Brennstoff\"><option value=\"\">&#8211; Bitte ausw\u00e4hlen &#8211;<\/option><option value=\"Gas\">Gas<\/option><option value=\"\u00d6l\">\u00d6l<\/option><option value=\"Sonstiges\">Sonstiges<\/option><\/select><\/span><br \/>\n<\/label>\n<\/p>\n<p><span id=\"ho-ph-sense-1\" class=\"wpcf7-form-control-wrap phone-or-mail-wrap\" style=\"display:none !important; visibility:hidden !important;\"><label for=\"wpcf7-69ebbccea0663-field\" class=\"hp-message\">Bitte lassen Sie dieses Feld leer.<\/label><input id=\"wpcf7-69ebbccea0663-field\"  class=\"wpcf7-form-control wpcf7-text\" type=\"text\" name=\"phone-or-mail\" value=\"\" size=\"40\" tabindex=\"-1\" autocomplete=\"new-password\" \/><\/span>\n<\/p>\n<p><label> Ihr Verbrauch pro Jahr (kWh)*<br \/>\n<span class=\"wpcf7-form-control-wrap\" data-name=\"Verbrauch\"><input size=\"40\" maxlength=\"400\" class=\"wpcf7-form-control wpcf7-text wpcf7-validates-as-required\" aria-required=\"true\" aria-invalid=\"false\" value=\"\" type=\"text\" name=\"Verbrauch\" \/><\/span> <\/label>\n<\/p>\n<p><label> Art des Geb\u00e4udes*<br \/>\n<span class=\"wpcf7-form-control-wrap\" data-name=\"Gebauedeart\"><select class=\"wpcf7-form-control wpcf7-select wpcf7-validates-as-required\" aria-required=\"true\" aria-invalid=\"false\" name=\"Gebauedeart\"><option value=\"Gewerbegeb\u00e4ude\">Commercial site<\/option><option value=\"Wohngeb\u00e4ude\">Residential building<\/option><\/select><\/span> <\/label>\n<\/p>\n<p><label> Ihre Firmen-E-Mail*<br \/>\n<span class=\"wpcf7-form-control-wrap\" data-name=\"your-email\"><input size=\"40\" maxlength=\"400\" class=\"wpcf7-form-control wpcf7-email wpcf7-validates-as-required wpcf7-text wpcf7-validates-as-email\" aria-required=\"true\" aria-invalid=\"false\" value=\"\" type=\"email\" name=\"your-email\" \/><\/span> <\/label>\n<\/p>\n<p><span id=\"ho-ph-sense-2\" class=\"wpcf7-form-control-wrap phone-or-mail-wrap\" style=\"display:none !important; visibility:hidden !important;\"><label for=\"wpcf7-69ebbccea084e-field\" class=\"hp-message\">Bitte lassen Sie dieses Feld leer.<\/label><input id=\"wpcf7-69ebbccea084e-field\"  class=\"wpcf7-form-control wpcf7-text\" type=\"text\" name=\"phone-or-mail\" value=\"\" size=\"40\" tabindex=\"-1\" autocomplete=\"new-password\" \/><\/span>\n<\/p>\n<p><label> Ihre R\u00fcckruf-Nummer<br \/>\n<span class=\"wpcf7-form-control-wrap\" data-name=\"tel-218\"><input size=\"40\" maxlength=\"400\" class=\"wpcf7-form-control wpcf7-tel wpcf7-text wpcf7-validates-as-tel\" aria-invalid=\"false\" value=\"\" type=\"tel\" name=\"tel-218\" \/><\/span> <\/label>\n<\/p>\n<p><label> Ihre Nachricht an uns<br \/>\n<span class=\"wpcf7-form-control-wrap\" data-name=\"your-message\"><textarea cols=\"40\" rows=\"10\" maxlength=\"2000\" class=\"wpcf7-form-control wpcf7-textarea\" aria-invalid=\"false\" name=\"your-message\"><\/textarea><\/span> <\/label>\n<\/p>\n<p>* Pflichtfeld\n<\/p>\n<p>Bitte beachten Sie unsere <a target=\"_blank\" href=\"\/en\/datenschutz\/\">Datenschutzbestimmungen.<\/a>\n<\/p>\n<p><input class=\"wpcf7-form-control wpcf7-submit has-spinner\" type=\"submit\" value=\"Jetzt Angebot anfordern\" \/>\n<\/p><div class=\"wpcf7-response-output\" aria-hidden=\"true\"><\/div>\n<input type=\"hidden\" name=\"trp-form-language\" value=\"en\"\/><\/form>\n<\/div>\n\t\n\t<p>No obligation, free-of-charge<\/p>\n\t\t350\n\t\t\t\t\tT\/Jahr CO2 Einsparungen\n\t\t5,253\n\t\t\t\t\tAnfragen im Jahr\n\t\t20\n\t\t\t\t\tJahre Erfahrung\n<h2>\n\t\tEine KWK-Anlage f\u00fcr Ihre Immobilie\n\t<\/h2>\n<h4>\n\t\tUse heat to generate electricity\n\t<\/h4>\n\t<p>Eine KWK-Anlage (Kraft-W\u00e4rme-Koppelung-Anlage) erzeugt gleichzeitig Strom und Hei\u00dfwasser f\u00fcr die Heizung. Dadurch wird ein hoher Gesamtwirkungsgrad mit entsprechend niedriger Emission gegen\u00fcber getrennter Erzeugung ohne Kraft-W\u00e4rme-Koppelung erreicht.<\/p>\n<p>Der durch die KWK-Anlage gewonnene Strom kann direkt vor Ort verbraucht werden. Wenn mehr Strom erzeugt wird als eigentlich ben\u00f6tigt, erfolgt eine Einspeisung ins \u00f6ffentliche Stromnetz und wird vom Stromversorgungsunternehmen verg\u00fctet.<\/p>\n<p>Ein BHKW funktioniert nach dem Prinzip der Kraft-W\u00e4rme-Kopplung ist und somit eine KWK-Anlage.<\/p>\n\t\t\t\t<img loading=\"lazy\" decoding=\"async\" src=\"https:\/\/www.sense-electra.de\/wp-content\/uploads\/2021\/04\/BHKW-freigestellt_mehr_Kontrast-242x300.png\" alt=\"BHKW-freigestellt_mehr_Kontrast\" itemprop=\"image\" height=\"300\" width=\"242\" title=\"BHKW-freigestellt_mehr_Kontrast\" onerror=\"this.style.display='none'\"  \/>\n<h2>\n\t\tBenefits from CHP units when used in cogeneration\n\t<\/h2>\n<p>Contribute actively to climate protection<\/p>\n<p>Reduce energy costs<\/p>\n<p>Increase the value of your property<\/p>\n<p>Raise your profitability<\/p>\n<h2>\n\t\tCHPs \/ Cogeneration units - possible use cases\n\t<\/h2>\n\t\t\t\t<img loading=\"lazy\" decoding=\"async\" src=\"https:\/\/www.sense-electra.de\/wp-content\/uploads\/2021\/06\/industrie-unternehmen.jpg\" alt=\"Industrie und Gewerbe vor blauem Hintergrund\" itemprop=\"image\" height=\"200\" width=\"300\" title=\"Blockheizkraftwerke f\u00fcr Industrie und Gewerbe\" onerror=\"this.style.display='none'\"  \/>\n\t<p>Manufacturing<\/p>\n\t<p>Sowohl im Sommer, als auch im Winter laufen die Produktionsmaschinen und ben\u00f6tigen Strom. W\u00e4rme bzw. K\u00fchlung wird f\u00fcr die Fabrikhallen ben\u00f6tigt. Ideale Bedingungen f\u00fcr eine schnelle Amortisation eines BHKWs.<\/p>\n\t\t\t\t<img loading=\"lazy\" decoding=\"async\" src=\"https:\/\/www.sense-electra.de\/wp-content\/uploads\/2021\/06\/immobilie-effizienhaus-wissenswertes.jpg\" alt=\"Immobilie mit effizienter Energienutzung\" itemprop=\"image\" height=\"201\" width=\"300\" title=\"Energie effizient nutzen in Immobilien\" onerror=\"this.style.display='none'\"  \/>\n\t<p>B\u00fcrokomplexe<\/p>\n\t<p>Ein B\u00fcrogeb\u00e4ude ist ganzj\u00e4hrig belegt \u2013 im Winter wird geheizt, im Sommer gek\u00fchlt. Die PCs und die Beleuchtung verbrauchen dauerhaft Strom. Diese stellen durchg\u00e4ngige Energiekosten dar, die mittels eines BHKWs gesenkt werden k\u00f6nnen.<\/p>\n\t\t\t\t<img loading=\"lazy\" decoding=\"async\" src=\"https:\/\/www.sense-electra.de\/wp-content\/uploads\/2021\/07\/Blockheizkraftwerke-fuer-Hotels-und-Pensionen-weitere-infos.jpg\" alt=\"Hotelrezeption\" itemprop=\"image\" height=\"200\" width=\"300\" title=\"Ein BHKW kann Sie unterst\u00fctzen Energiekosten zu sparen.\" onerror=\"this.style.display='none'\"  \/>\n\t<p>Hotel &amp; Hostel<\/p>\n\t<p>Der Wellnessbereich, die W\u00e4scherei und die Zimmerbelegung haben einen hohen ganzj\u00e4hrlichen Energieverbrauch. Dadurch rechnet sich ein Blockheizkraftwerk besonders f\u00fcr Hotels &amp; Hostels.<\/p>\n\tAngebot einholen f\u00fcr ein BHKW<br \/>\nzur individuellen Nutzung in Ihrem Unternehmen\n\t\t\t<a href=\"#\" role=\"button\">\n\t\t\t\t\t\t\tGet a free quote\n\t\t\t\t\t<\/a>\n\t\t\n<div class=\"wpcf7 no-js\" id=\"wpcf7-f1736-o2\" lang=\"de-DE\" dir=\"ltr\">\n<div class=\"screen-reader-response\"><p role=\"status\" aria-live=\"polite\" aria-atomic=\"true\"><\/p> <ul><\/ul><\/div>\n<form action=\"\/en\/wp-json\/wp\/v2\/pages\/3508#wpcf7-f1736-o2\" method=\"post\" class=\"wpcf7-form init\" aria-label=\"Contact form\" novalidate=\"novalidate\" data-status=\"init\" data-trp-original-action=\"\/en\/wp-json\/wp\/v2\/pages\/3508#wpcf7-f1736-o2\">\n<div style=\"display: none;\">\n<input type=\"hidden\" name=\"_wpcf7\" value=\"1736\" \/>\n<input type=\"hidden\" name=\"_wpcf7_version\" value=\"5.9.8\" \/>\n<input type=\"hidden\" name=\"_wpcf7_locale\" value=\"de_DE_formal\" \/>\n<input type=\"hidden\" name=\"_wpcf7_unit_tag\" value=\"wpcf7-f1736-o2\" \/>\n<input type=\"hidden\" name=\"_wpcf7_container_post\" value=\"0\" \/>\n<input type=\"hidden\" name=\"_wpcf7_posted_data_hash\" value=\"\" \/>\n<\/div>\n<h3>submit a CHP inquiry\n<\/h3>\n<p> Unser Team berechnet Ihre Einsparungen mittels BHKW - kostenfrei und komplett unverbindlich. Treten Sie jetzt mit unseren BHKW-Experten in Kontakt.\n<\/p>\n<p><label> Womit heizen Sie?*<br \/>\n<span class=\"wpcf7-form-control-wrap\" data-name=\"Brennstoff\"><select class=\"wpcf7-form-control wpcf7-select wpcf7-validates-as-required\" aria-required=\"true\" aria-invalid=\"false\" name=\"Brennstoff\"><option value=\"\">&#8211; Bitte ausw\u00e4hlen &#8211;<\/option><option value=\"Gas\">Gas<\/option><option value=\"\u00d6l\">\u00d6l<\/option><option value=\"Sonstiges\">Sonstiges<\/option><\/select><\/span><br \/>\n<\/label>\n<\/p>\n<p><span id=\"ho-ph-sense-1\" class=\"wpcf7-form-control-wrap phone-or-mail-wrap\" style=\"display:none !important; visibility:hidden !important;\"><label for=\"wpcf7-69ebbcceac9c8-field\" class=\"hp-message\">Bitte lassen Sie dieses Feld leer.<\/label><input id=\"wpcf7-69ebbcceac9c8-field\"  class=\"wpcf7-form-control wpcf7-text\" type=\"text\" name=\"phone-or-mail\" value=\"\" size=\"40\" tabindex=\"-1\" autocomplete=\"new-password\" \/><\/span>\n<\/p>\n<p><label> Ihr Verbrauch pro Jahr (kWh)*<br \/>\n<span class=\"wpcf7-form-control-wrap\" data-name=\"Verbrauch\"><input size=\"40\" maxlength=\"400\" class=\"wpcf7-form-control wpcf7-text wpcf7-validates-as-required\" aria-required=\"true\" aria-invalid=\"false\" value=\"\" type=\"text\" name=\"Verbrauch\" \/><\/span> <\/label>\n<\/p>\n<p><label> Art des Geb\u00e4udes*<br \/>\n<span class=\"wpcf7-form-control-wrap\" data-name=\"Gebauedeart\"><select class=\"wpcf7-form-control wpcf7-select wpcf7-validates-as-required\" aria-required=\"true\" aria-invalid=\"false\" name=\"Gebauedeart\"><option value=\"Gewerbegeb\u00e4ude\">Commercial site<\/option><option value=\"Wohngeb\u00e4ude\">Residential building<\/option><\/select><\/span> <\/label>\n<\/p>\n<p><label> Ihre Firmen-E-Mail*<br \/>\n<span class=\"wpcf7-form-control-wrap\" data-name=\"your-email\"><input size=\"40\" maxlength=\"400\" class=\"wpcf7-form-control wpcf7-email wpcf7-validates-as-required wpcf7-text wpcf7-validates-as-email\" aria-required=\"true\" aria-invalid=\"false\" value=\"\" type=\"email\" name=\"your-email\" \/><\/span> <\/label>\n<\/p>\n<p><span id=\"ho-ph-sense-2\" class=\"wpcf7-form-control-wrap phone-or-mail-wrap\" style=\"display:none !important; visibility:hidden !important;\"><label for=\"wpcf7-69ebbcceaca9c-field\" class=\"hp-message\">Bitte lassen Sie dieses Feld leer.<\/label><input id=\"wpcf7-69ebbcceaca9c-field\"  class=\"wpcf7-form-control wpcf7-text\" type=\"text\" name=\"phone-or-mail\" value=\"\" size=\"40\" tabindex=\"-1\" autocomplete=\"new-password\" \/><\/span>\n<\/p>\n<p><label> Ihre R\u00fcckruf-Nummer<br \/>\n<span class=\"wpcf7-form-control-wrap\" data-name=\"tel-218\"><input size=\"40\" maxlength=\"400\" class=\"wpcf7-form-control wpcf7-tel wpcf7-text wpcf7-validates-as-tel\" aria-invalid=\"false\" value=\"\" type=\"tel\" name=\"tel-218\" \/><\/span> <\/label>\n<\/p>\n<p><label> Ihre Nachricht an uns<br \/>\n<span class=\"wpcf7-form-control-wrap\" data-name=\"your-message\"><textarea cols=\"40\" rows=\"10\" maxlength=\"2000\" class=\"wpcf7-form-control wpcf7-textarea\" aria-invalid=\"false\" name=\"your-message\"><\/textarea><\/span> <\/label>\n<\/p>\n<p>* Pflichtfeld\n<\/p>\n<p>Bitte beachten Sie unsere <a target=\"_blank\" href=\"\/en\/datenschutz\/\">Datenschutzbestimmungen.<\/a>\n<\/p>\n<p><input class=\"wpcf7-form-control wpcf7-submit has-spinner\" type=\"submit\" value=\"Jetzt Angebot anfordern\" \/>\n<\/p><div class=\"wpcf7-response-output\" aria-hidden=\"true\"><\/div>\n<input type=\"hidden\" name=\"trp-form-language\" value=\"en\"\/><\/form>\n<\/div>\n\t\n<h2>\n\t\tEffizienzvergleich KWK-Anlagen &#038; Kraftwerke\n\t<\/h2>\n<p>Die Effizienz eines Blockheizkraftwerks liegt in etwa bei 87%. Aus der 100% zugef\u00fchrten Energie in Form von Erdgas wird ca. 36% in Strom und ca. 51% in W\u00e4rme umgewandelt. Das bedeutet, es gehen nur rund 13% durch den Umwandlungsprozess der Energie verloren.<\/p>\n<p>Zum Vergleich: in einem Kohlekraftwerk kommt es bei der Umwandlung der Kohleenergie zu Verlusten von 62% \u2013 und nur ca. 36% der Energie kommen letztendlich als Strom in der Steckdose an. Der Wirkungsgrad eines BHKWs liegt bei 87%. Die Kombination \u201eStrom aus dem Kohlekraftwerk\u201c und \u201eW\u00e4rme durch einen konventionellen Heizkessel\u201c hat im Vergleich dazu nur einen Wirkungsgrad von 57%.<\/p>\n<p>Eine Energieversorgung mit BHKW bedeutet somit nicht nur eine effizientere Nutzung von Energie, sondern auch die Reduktion des Aussto\u00dfes von CO2.<\/p>\n\t\t\t\t<img loading=\"lazy\" decoding=\"async\" src=\"https:\/\/www.sense-electra.de\/wp-content\/uploads\/2021\/11\/Grafik_Landingpage_hellgruen_grau.png\" alt=\"Grafik_Landingpage_hellgruen_grau\" itemprop=\"image\" height=\"396\" width=\"585\" title=\"Grafik_Landingpage_hellgruen_grau\" onerror=\"this.style.display='none'\"  \/>\n<h2>\n\t\tDas Blockheizkraftwerk \u2013 eine KWK-Anlage\n\t<\/h2>\n<h3>\n\t\tWie funktioniert ein BHKW?\n\t<\/h3>\n\t<p>Angetrieben wird das Blockheizkraftwerk von einem Motor. Dieser hat in etwa die Leistungskraft eines LKW-Motors. Durch die Verbrennung von Erdgas werden gleichzeitig W\u00e4rme und Kraft erzeugt. Ein Generator wandelt die erzeugte Kraft in Strom um. Die Abw\u00e4rme der Stromerzeugung wird als Energiequelle zum Heizen genutzt. Ein Blockheizkraftwerk ist somit eine Kraft-W\u00e4rme-Kopplungsanlage (abgek\u00fcrzt KWK-Anlage).<\/p>\n\t\t\t\t<img loading=\"lazy\" decoding=\"async\" src=\"https:\/\/www.sense-electra.de\/wp-content\/uploads\/2021\/10\/BHKW_Funktionsweise_vereinfacht-Version-neu-1024x593.png\" alt=\"BHKW_Funktionsweise_vereinfacht-Version neu\" itemprop=\"image\" height=\"593\" width=\"1024\" title=\"BHKW_Funktionsweise_vereinfacht-Version neu\" onerror=\"this.style.display='none'\"  \/>\n\t<p><em>Vereinfachtes Schema der Funktionsweise einer KWK-Anlage<\/em><\/p>\n<h3>\n\t\tWelche Arten von KWK-Anlagen gibt es?\n\t<\/h3>\n<p>KWK-Anlagen k\u00f6nnen durch folgende, verschiedene M\u00f6glichkeiten angetrieben werden:<\/p>\n<ul>\n<li>BHKW mit internem Verbrennungsmotor (am g\u00e4ngigsten)<\/li>\n<li>Cogeneration units with Stirling engines<\/li>\n<li>KWK Anlage mit Brennstoffzellen<\/li>\n<li>Gas turbine CHPs<\/li>\n<\/ul>\n<h3>\n\t\tWelche Brennstoffe k\u00f6nnen genutzt werden?\n\t<\/h3>\n\t<ul>\n<li>Heating oil<\/li>\n<li>Palm oil<\/li>\n<li>Liquefied gas<\/li>\n<li>Natural gas<\/li>\n<li>Sewage gas<\/li>\n<\/ul>\n\t<ul>\n<li>Landfill gas<\/li>\n<li>Biogas<\/li>\n<li>Coke oven gas<\/li>\n<li>Residual gases from manufacturing<\/li>\n<li>A combination of various fuels<\/li>\n<\/ul>\n<h3>\n\t\tOur partners\n\t<\/h3>\n\t\t\t\t<img loading=\"lazy\" decoding=\"async\" src=\"https:\/\/www.sense-electra.de\/wp-content\/uploads\/2021\/04\/apollon_Logo_Vektor.png\" alt=\"apollon_Logo_Vektor\" itemprop=\"image\" height=\"96\" width=\"370\" title=\"apollon_Logo_Vektor\" onerror=\"this.style.display='none'\"  \/>\n\t\t\t\t<img loading=\"lazy\" decoding=\"async\" src=\"https:\/\/www.sense-electra.de\/wp-content\/uploads\/2020\/11\/schnellstrom-Logo.png\" alt=\"schnellstrom-Logo\" itemprop=\"image\" height=\"135\" width=\"936\" title=\"schnellstrom-Logo\" onerror=\"this.style.display='none'\"  \/>\n\t\t\t\t<img loading=\"lazy\" decoding=\"async\" src=\"https:\/\/www.sense-electra.de\/wp-content\/uploads\/2020\/11\/schnellgas-Logo-mittig.png\" alt=\"schnellgas-Logo-mittig\" itemprop=\"image\" height=\"135\" width=\"936\" title=\"schnellgas-Logo-mittig\" onerror=\"this.style.display='none'\"  \/>\n\t\t\t\t<img loading=\"lazy\" decoding=\"async\" src=\"https:\/\/www.sense-electra.de\/wp-content\/uploads\/2021\/04\/envisio-Logo-370x75-1.png\" alt=\"envisio-Logo-370x75\" itemprop=\"image\" height=\"75\" width=\"370\" title=\"envisio-Logo-370x75\" onerror=\"this.style.display='none'\"  \/>","protected":false},"excerpt":{"rendered":"<p>Energiekosten sparen mit einer Kraft-W\u00e4rme-Kopplungs-Anlage Eine Kraft-W\u00e4rme-Koppelung-Anlage\u00a0erzeugt gleich zwei Energieformen: Strom und W\u00e4rme &#8211; und f\u00fchrt dadurch zu einer dauerhaften Reduzierung der Energiekosten. Unser Team berechnet kostenfrei und schnell Ihre Einsparungen und erstellt Ihnen ein Angebot. Jetzt Angebot einholen 100% unverbindlich &amp; kostenfrei 350 T\/Jahr CO2 Einsparungen 5,253 Anfragen im Jahr 20 Jahre Erfahrung Eine&hellip;<\/p>","protected":false},"author":1,"featured_media":0,"parent":0,"menu_order":0,"comment_status":"closed","ping_status":"closed","template":"","meta":{"_acf_changed":false,"footnotes":""},"acf":[],"yoast_head":"<!-- This site is optimized with the Yoast SEO plugin v23.1 - https:\/\/yoast.com\/wordpress\/plugins\/seo\/ -->\n<title>KWK-Anlage - Preise anfragen &amp; Angebot erhalten<\/title>\n<meta name=\"description\" content=\"Mittels KWK-Anlage W\u00e4rme + Strom produzieren. Einfach Energiekosten sparen. Effizienz, Funktion, Mehrwert + Einsatzgebiete von KWK-Anlagen.\" \/>\n<meta name=\"robots\" content=\"index, follow, max-snippet:-1, max-image-preview:large, max-video-preview:-1\" \/>\n<link rel=\"canonical\" href=\"https:\/\/www.sense-electra.de\/en\/kwk-anlage\/\" \/>\n<meta property=\"og:locale\" content=\"en_GB\" \/>\n<meta property=\"og:type\" content=\"article\" \/>\n<meta property=\"og:title\" content=\"KWK-Anlage - Preise anfragen &amp; Angebot erhalten\" \/>\n<meta property=\"og:description\" content=\"Mittels KWK-Anlage W\u00e4rme + Strom produzieren. Einfach Energiekosten sparen. Effizienz, Funktion, Mehrwert + Einsatzgebiete von KWK-Anlagen.\" \/>\n<meta property=\"og:url\" content=\"https:\/\/www.sense-electra.de\/en\/kwk-anlage\/\" \/>\n<meta property=\"og:site_name\" content=\"sense electra\" \/>\n<meta property=\"article:modified_time\" content=\"2021-11-17T11:31:07+00:00\" \/>\n<meta property=\"og:image\" content=\"https:\/\/www.sense-electra.de\/wp-content\/uploads\/2021\/04\/BHKW-freigestellt_mehr_Kontrast-242x300.png\" \/>\n<meta name=\"twitter:card\" content=\"summary_large_image\" \/>\n<meta name=\"twitter:label1\" content=\"Estimated reading time\" \/>\n\t<meta name=\"twitter:data1\" content=\"3 minutes\" \/>\n<script type=\"application\/ld+json\" class=\"yoast-schema-graph\">{\"@context\":\"https:\/\/schema.org\",\"@graph\":[{\"@type\":\"WebPage\",\"@id\":\"https:\/\/www.sense-electra.de\/kwk-anlage\/\",\"url\":\"https:\/\/www.sense-electra.de\/kwk-anlage\/\",\"name\":\"KWK-Anlage - Preise anfragen & Angebot erhalten\",\"isPartOf\":{\"@id\":\"https:\/\/www.sense-electra.de\/#website\"},\"primaryImageOfPage\":{\"@id\":\"https:\/\/www.sense-electra.de\/kwk-anlage\/#primaryimage\"},\"image\":{\"@id\":\"https:\/\/www.sense-electra.de\/kwk-anlage\/#primaryimage\"},\"thumbnailUrl\":\"https:\/\/www.sense-electra.de\/wp-content\/uploads\/2021\/04\/BHKW-freigestellt_mehr_Kontrast-242x300.png\",\"datePublished\":\"2021-11-08T12:14:29+00:00\",\"dateModified\":\"2021-11-17T11:31:07+00:00\",\"description\":\"Mittels KWK-Anlage W\u00e4rme + Strom produzieren. Einfach Energiekosten sparen. Effizienz, Funktion, Mehrwert + Einsatzgebiete von KWK-Anlagen.\",\"breadcrumb\":{\"@id\":\"https:\/\/www.sense-electra.de\/kwk-anlage\/#breadcrumb\"},\"inLanguage\":\"en-GB\",\"potentialAction\":[{\"@type\":\"ReadAction\",\"target\":[\"https:\/\/www.sense-electra.de\/kwk-anlage\/\"]}]},{\"@type\":\"ImageObject\",\"inLanguage\":\"en-GB\",\"@id\":\"https:\/\/www.sense-electra.de\/kwk-anlage\/#primaryimage\",\"url\":\"https:\/\/www.sense-electra.de\/wp-content\/uploads\/2021\/04\/BHKW-freigestellt_mehr_Kontrast-242x300.png\",\"contentUrl\":\"https:\/\/www.sense-electra.de\/wp-content\/uploads\/2021\/04\/BHKW-freigestellt_mehr_Kontrast-242x300.png\"},{\"@type\":\"BreadcrumbList\",\"@id\":\"https:\/\/www.sense-electra.de\/kwk-anlage\/#breadcrumb\",\"itemListElement\":[{\"@type\":\"ListItem\",\"position\":1,\"name\":\"Startseite\",\"item\":\"https:\/\/www.sense-electra.de\/\"},{\"@type\":\"ListItem\",\"position\":2,\"name\":\"Kraft-W\u00e4rme-Kopplungs-Anlage\"}]},{\"@type\":\"WebSite\",\"@id\":\"https:\/\/www.sense-electra.de\/#website\",\"url\":\"https:\/\/www.sense-electra.de\/\",\"name\":\"sense electra\",\"description\":\"W\u00e4rmeversorgung f\u00fcr Industrie- und Gewerbekunden\",\"potentialAction\":[{\"@type\":\"SearchAction\",\"target\":{\"@type\":\"EntryPoint\",\"urlTemplate\":\"https:\/\/www.sense-electra.de\/?s={search_term_string}\"},\"query-input\":\"required name=search_term_string\"}],\"inLanguage\":\"en-GB\"}]}<\/script>\n<!-- \/ Yoast SEO plugin. -->","yoast_head_json":{"title":"KWK-Anlage - Preise anfragen & Angebot erhalten","description":"Mittels KWK-Anlage W\u00e4rme + Strom produzieren. Einfach Energiekosten sparen. Effizienz, Funktion, Mehrwert + Einsatzgebiete von KWK-Anlagen.","robots":{"index":"index","follow":"follow","max-snippet":"max-snippet:-1","max-image-preview":"max-image-preview:large","max-video-preview":"max-video-preview:-1"},"canonical":"https:\/\/www.sense-electra.de\/en\/kwk-anlage\/","og_locale":"en_GB","og_type":"article","og_title":"KWK-Anlage - Preise anfragen & Angebot erhalten","og_description":"Mittels KWK-Anlage W\u00e4rme + Strom produzieren. Einfach Energiekosten sparen. Effizienz, Funktion, Mehrwert + Einsatzgebiete von KWK-Anlagen.","og_url":"https:\/\/www.sense-electra.de\/en\/kwk-anlage\/","og_site_name":"sense electra","article_modified_time":"2021-11-17T11:31:07+00:00","og_image":[{"url":"https:\/\/www.sense-electra.de\/wp-content\/uploads\/2021\/04\/BHKW-freigestellt_mehr_Kontrast-242x300.png"}],"twitter_card":"summary_large_image","twitter_misc":{"Estimated reading time":"3 minutes"},"schema":{"@context":"https:\/\/schema.org","@graph":[{"@type":"WebPage","@id":"https:\/\/www.sense-electra.de\/kwk-anlage\/","url":"https:\/\/www.sense-electra.de\/kwk-anlage\/","name":"KWK-Anlage - Preise anfragen & Angebot erhalten","isPartOf":{"@id":"https:\/\/www.sense-electra.de\/#website"},"primaryImageOfPage":{"@id":"https:\/\/www.sense-electra.de\/kwk-anlage\/#primaryimage"},"image":{"@id":"https:\/\/www.sense-electra.de\/kwk-anlage\/#primaryimage"},"thumbnailUrl":"https:\/\/www.sense-electra.de\/wp-content\/uploads\/2021\/04\/BHKW-freigestellt_mehr_Kontrast-242x300.png","datePublished":"2021-11-08T12:14:29+00:00","dateModified":"2021-11-17T11:31:07+00:00","description":"Mittels KWK-Anlage W\u00e4rme + Strom produzieren. Einfach Energiekosten sparen. Effizienz, Funktion, Mehrwert + Einsatzgebiete von KWK-Anlagen.","breadcrumb":{"@id":"https:\/\/www.sense-electra.de\/kwk-anlage\/#breadcrumb"},"inLanguage":"en-GB","potentialAction":[{"@type":"ReadAction","target":["https:\/\/www.sense-electra.de\/kwk-anlage\/"]}]},{"@type":"ImageObject","inLanguage":"en-GB","@id":"https:\/\/www.sense-electra.de\/kwk-anlage\/#primaryimage","url":"https:\/\/www.sense-electra.de\/wp-content\/uploads\/2021\/04\/BHKW-freigestellt_mehr_Kontrast-242x300.png","contentUrl":"https:\/\/www.sense-electra.de\/wp-content\/uploads\/2021\/04\/BHKW-freigestellt_mehr_Kontrast-242x300.png"},{"@type":"BreadcrumbList","@id":"https:\/\/www.sense-electra.de\/kwk-anlage\/#breadcrumb","itemListElement":[{"@type":"ListItem","position":1,"name":"Startseite","item":"https:\/\/www.sense-electra.de\/"},{"@type":"ListItem","position":2,"name":"Kraft-W\u00e4rme-Kopplungs-Anlage"}]},{"@type":"WebSite","@id":"https:\/\/www.sense-electra.de\/#website","url":"https:\/\/www.sense-electra.de\/","name":"sense electra","description":"W\u00e4rmeversorgung f\u00fcr Industrie- und Gewerbekunden","potentialAction":[{"@type":"SearchAction","target":{"@type":"EntryPoint","urlTemplate":"https:\/\/www.sense-electra.de\/?s={search_term_string}"},"query-input":"required name=search_term_string"}],"inLanguage":"en-GB"}]}},"_links":{"self":[{"href":"https:\/\/www.sense-electra.de\/en\/wp-json\/wp\/v2\/pages\/3508"}],"collection":[{"href":"https:\/\/www.sense-electra.de\/en\/wp-json\/wp\/v2\/pages"}],"about":[{"href":"https:\/\/www.sense-electra.de\/en\/wp-json\/wp\/v2\/types\/page"}],"author":[{"embeddable":true,"href":"https:\/\/www.sense-electra.de\/en\/wp-json\/wp\/v2\/users\/1"}],"replies":[{"embeddable":true,"href":"https:\/\/www.sense-electra.de\/en\/wp-json\/wp\/v2\/comments?post=3508"}],"version-history":[{"count":0,"href":"https:\/\/www.sense-electra.de\/en\/wp-json\/wp\/v2\/pages\/3508\/revisions"}],"wp:attachment":[{"href":"https:\/\/www.sense-electra.de\/en\/wp-json\/wp\/v2\/media?parent=3508"}],"curies":[{"name":"wp","href":"https:\/\/api.w.org\/{rel}","templated":true}]}}