{"id":3801,"date":"2022-02-28T12:06:29","date_gmt":"2022-02-28T11:06:29","guid":{"rendered":"https:\/\/www.sense-electra.de\/?page_id=3801"},"modified":"2022-03-24T09:49:12","modified_gmt":"2022-03-24T08:49:12","slug":"contracting-bhkw-anlage-mieten","status":"publish","type":"page","link":"https:\/\/www.sense-electra.de\/en\/contracting-bhkw-anlage-mieten\/","title":{"rendered":"Contracting &#038; BHKW-Anlage mieten"},"content":{"rendered":"<h1>\n\t\tContracting &#038; BHKW-Anlage mieten\n\t<\/h1>\n\t<p>Die Kombination aus gleichzeitiger Strom und W\u00e4rmeerzeugung eines Blockheizkraftwerks bietet interessante Vorteile. Ein BHKW kann mit der richtigen Auslegung Ihre Energiekosten um bis zu 40% senken und verbessert die CO2-Bilanz.<\/p>\n\t<p>Ein BHKW kann mit der richtigen Auslesung Ihre Energiekosten um bis zu 40% senken und verbessert die CO2-Bilanz.<\/p>\n<h2>\n\t\tBHKW preiswerte W\u00e4rme und Stromerzeugung in Ihrem Betrieb\n\t<\/h2>\n\t<p>Ein Blockheizkraftwerk (BHKW) kann in Ihrem Unternehmen dauerhaft Betriebskosten senken. <\/p>\n<p>Neben der reinen Investition in ein BHKW stellt aber auch die Investitionssicherheit ein Hindernis in der \u00dcberlegung dar: Wann rentiert sich ein BHKW? Bleiben die Kosten f\u00fcr ein Blockheizkraftwerk \u00fcberschaubar? <\/p>\n<p><strong>Die einfachste L\u00f6sung daf\u00fcr ist ein BHKW-Contracting oder das BHKW Heizung Leasing!<\/strong><\/p>\n<h3>\n\t\tBHKW-Anfrage senden &#8211; unverbindlich &#038; kostenfrei\n\t<\/h3>\n\t\n<div class=\"wpcf7 no-js\" id=\"wpcf7-f3689-o1\" lang=\"de-DE\" dir=\"ltr\">\n<div class=\"screen-reader-response\"><p role=\"status\" aria-live=\"polite\" aria-atomic=\"true\"><\/p> <ul><\/ul><\/div>\n<form action=\"\/en\/wp-json\/wp\/v2\/pages\/3801#wpcf7-f3689-o1\" method=\"post\" class=\"wpcf7-form init\" aria-label=\"Contact form\" novalidate=\"novalidate\" data-status=\"init\" data-trp-original-action=\"\/en\/wp-json\/wp\/v2\/pages\/3801#wpcf7-f3689-o1\">\n<div style=\"display: none;\">\n<input type=\"hidden\" name=\"_wpcf7\" value=\"3689\" \/>\n<input type=\"hidden\" name=\"_wpcf7_version\" value=\"5.9.8\" \/>\n<input type=\"hidden\" name=\"_wpcf7_locale\" value=\"de_DE_formal\" \/>\n<input type=\"hidden\" name=\"_wpcf7_unit_tag\" value=\"wpcf7-f3689-o1\" \/>\n<input type=\"hidden\" name=\"_wpcf7_container_post\" value=\"0\" \/>\n<input type=\"hidden\" name=\"_wpcf7_posted_data_hash\" value=\"\" \/>\n<\/div>\n<p><label> Womit heizen Sie?*<br \/>\n<span class=\"wpcf7-form-control-wrap\" data-name=\"Brennstoff\"><select class=\"wpcf7-form-control wpcf7-select wpcf7-validates-as-required\" aria-required=\"true\" aria-invalid=\"false\" name=\"Brennstoff\"><option value=\"\">&#8211; Bitte ausw\u00e4hlen &#8211;<\/option><option value=\"Gas\">Gas<\/option><option value=\"\u00d6l\">\u00d6l<\/option><option value=\"Sonstiges\">Sonstiges<\/option><\/select><\/span><br \/>\n<\/label>\n<\/p>\n<p><label> Ihr Verbrauch pro Jahr (kWh)*<br \/>\n<span class=\"wpcf7-form-control-wrap\" data-name=\"Verbrauch\"><input size=\"40\" maxlength=\"400\" class=\"wpcf7-form-control wpcf7-text wpcf7-validates-as-required\" aria-required=\"true\" aria-invalid=\"false\" value=\"\" type=\"text\" name=\"Verbrauch\" \/><\/span> <\/label>\n<\/p>\n<p><label> Art des Geb\u00e4udes*<br \/>\n<span class=\"wpcf7-form-control-wrap\" data-name=\"Gebauedeart\"><select class=\"wpcf7-form-control wpcf7-select wpcf7-validates-as-required\" aria-required=\"true\" aria-invalid=\"false\" name=\"Gebauedeart\"><option value=\"Gewerbegeb\u00e4ude\">Commercial site<\/option><option value=\"Wohngeb\u00e4ude\">Residential building<\/option><\/select><\/span> <\/label>\n<\/p>\n<p><label> Ihre Firmen-E-Mail*<br \/>\n<span class=\"wpcf7-form-control-wrap\" data-name=\"your-email\"><input size=\"40\" maxlength=\"400\" class=\"wpcf7-form-control wpcf7-email wpcf7-validates-as-required wpcf7-text wpcf7-validates-as-email\" aria-required=\"true\" aria-invalid=\"false\" value=\"\" type=\"email\" name=\"your-email\" \/><\/span> <\/label>\n<\/p>\n<p><span id=\"ho-ph-sense-1\" class=\"wpcf7-form-control-wrap phone-or-mail-wrap\" style=\"display:none !important; visibility:hidden !important;\"><label for=\"wpcf7-69f76e1ca8f32-field\" class=\"hp-message\">Bitte lassen Sie dieses Feld leer.<\/label><input id=\"wpcf7-69f76e1ca8f32-field\"  class=\"wpcf7-form-control wpcf7-text\" type=\"text\" name=\"phone-or-mail\" value=\"\" size=\"40\" tabindex=\"-1\" autocomplete=\"new-password\" \/><\/span>\n<\/p>\n<p><label> Ihre R\u00fcckruf-Nummer<br \/>\n<span class=\"wpcf7-form-control-wrap\" data-name=\"tel-218\"><input size=\"40\" maxlength=\"400\" class=\"wpcf7-form-control wpcf7-tel wpcf7-text wpcf7-validates-as-tel\" aria-invalid=\"false\" value=\"\" type=\"tel\" name=\"tel-218\" \/><\/span> <\/label>\n<\/p>\n<p><span id=\"ho-ph-sense-2\" class=\"wpcf7-form-control-wrap phone-or-mail-wrap\" style=\"display:none !important; visibility:hidden !important;\"><label for=\"wpcf7-69f76e1ca8fcb-field\" class=\"hp-message\">Bitte lassen Sie dieses Feld leer.<\/label><input id=\"wpcf7-69f76e1ca8fcb-field\"  class=\"wpcf7-form-control wpcf7-text\" type=\"text\" name=\"phone-or-mail\" value=\"\" size=\"40\" tabindex=\"-1\" autocomplete=\"new-password\" \/><\/span>\n<\/p>\n<p><label> Ihre Nachricht an uns<br \/>\n<span class=\"wpcf7-form-control-wrap\" data-name=\"your-message\"><textarea cols=\"40\" rows=\"10\" maxlength=\"2000\" class=\"wpcf7-form-control wpcf7-textarea\" aria-invalid=\"false\" name=\"your-message\"><\/textarea><\/span> <\/label>\n<\/p>\n<p>* Pflichtfeld\n<\/p>\n<p>Bitte beachten Sie unsere <a target=\"_blank\" href=\"\/en\/datenschutz\/\">Datenschutzbestimmungen.<\/a>\n<\/p>\n<p><input class=\"wpcf7-form-control wpcf7-submit has-spinner\" type=\"submit\" value=\"Jetzt Angebot anfordern\" \/>\n<\/p><div class=\"wpcf7-response-output\" aria-hidden=\"true\"><\/div>\n<input type=\"hidden\" name=\"trp-form-language\" value=\"en\"\/><\/form>\n<\/div>\n\n<h2>\n\t\tAdvantages of using a CHP\n\t<\/h2>\n\t<p>Hohe elektrische Wirkungsgrade um bis zu 90%<\/p>\n\t<p>Aktiver Beitrag zum Klimaschutz durch effiziente KWK-Anlage<\/p>\n\t<p>Hocheffiziente, kostensparende Stromerzeugung<\/p>\n\t<p>Einfache L\u00f6sung f\u00fcr Sanierungs- und Neubauprojekte<\/p>\n\t<p>Nutzung als Notstrom-Aggregat m\u00f6glich (bspw. Krankenhaus, Serverr\u00e4ume)<\/p>\n\t<p>Energiekostensenkungen um bis zu 40% durch energieeffiziente BHKW Heizungsanlagen<\/p>\n\t<p>Im Einklang zur Energieeinsparverordnung (EnEV)<\/p>\n<h2>\n\t\tWarum ist eine BHKW Heizung sinnvoll?\n\t<\/h2>\n\t<p>Der Vorteil eines Blockheizkraftwerks ist, dass es durch das Kraft-W\u00e4rme-Kopplungs-Prinzip (KWK) gleichzeitig Strom und W\u00e4rme produziert. Hei\u00dft, mit einem Energietr\u00e4ger wird sowohl elektrische, als auch thermische Energie erzeugt. Daraus resultiert eine sehr hohe Energieeffizienz des BHKWs.<\/p>\n<p>Vergleicht man die Stromerzeugung des BHKWs mit der konventionellen Stromerzeugung, so stellt man fest, dass das BHKW deutlich effizienter arbeitet. Sowohl im BHKW, als auch bei der konventionellen Stromerzeugung entsteht Abw\u00e4rme. Letztere l\u00e4sst diese ungebraucht in der Umwelt oft \u201everpuffen\u201c. Das BHKW hingegen nutzt die entstandene Abw\u00e4rme, sinnvoll. Diese wird ganz einfach als Prozessw\u00e4rme oder zum Heizen verwendet. Die KWK-Anlage steht zudem in Ihrem Firmengeb\u00e4ude. Dadurch entfallen weite Transportwege und die \u00dcbertragungsverluste von Energie sind geringer oder entfallen gar.<\/p>\n\t\t\t\t<img loading=\"lazy\" decoding=\"async\" src=\"https:\/\/www.sense-electra.de\/wp-content\/uploads\/2021\/04\/BHKW-freigestellt_mehr_Kontrast.png\" alt=\"BHKW-freigestellt_mehr_Kontrast\" itemprop=\"image\" height=\"608\" width=\"491\" title=\"BHKW-freigestellt_mehr_Kontrast\" onerror=\"this.style.display='none'\"  \/>\n<h2>\n\t\tRealisierung des BHKW Vorhabens ohne Investitionsrisiko\n\t<\/h2>\n<h3>\n\t\tBHKW Miete und BHKW Contracting lohnt sich, wenn Sie\n\t<\/h3>\n\t<ul>\n<li>Gewerbetreibender sind.<\/li>\n<li>einen ganzj\u00e4hrig hohen W\u00e4rmebedarf haben.<\/li>\n<li>durchgehend Strom im Unternehmen verbrauchen.<\/li>\n<li>auf effiziente Weise Energie nutzen m\u00f6chten.<\/li>\n<li>Ihr Firmenkapital nicht in die Investition eines BHKWs stecken m\u00f6chten.<\/li>\n<li>Geld sparen wollen.<\/li>\n<li>umweltfreundlich W\u00e4rme und Strom produzieren wollen.<\/li>\n<\/ul>\n<h3>\n\t\tEine BHKW Heizung mieten &#8211; sinnvoll?\n\t<\/h3>\n\t<p>Eine BHKW Heizung mieten statt kaufen? Im Alltagsgesch\u00e4ft kann sich der Energieverbraucher selten noch um die Energieversorgung k\u00fcmmern. Die Strompreise steigen stetig. Als Alternative bietet sich die eigene Stromerzeugung mittels Blockheizkraftwerk an.<\/p>\n<p>Nach Bestandsaufnahme Ihrer Gegebenheiten erstellen wir ein auf Ihre individuellen Bed\u00fcrfnisse passenden Energie- und Versorgungsplan. Darauf legen unsere Systemexperten das BHKW aus und errichten es in Ihrem Geb\u00e4ude.<\/p>\n<p>Mit dem fertig installierten BHKW k\u00f6nnen Sie direkt selbst Ihre eigene W\u00e4rme und Strom nutzen. Daf\u00fcr zahlen Sie einen vertraglich festgelegten Mietpreis, welcher sehr viel geringer als der regul\u00e4re Strompreis ist. Zuletzt m\u00fcssen Sie sich nur noch um den Brennstoffbezug bei der BHKW Miete k\u00fcmmern. Das technische Anlagenmanagement, wie Betrieb und Instandhaltung, liegt weiterhin bei uns.<\/p>\n<h2>\n\t\tBHKW ohne Investitionskosten &#8211; Blockheizkraftwerk Contracting\n\t<\/h2>\n\t<p>Die BHKW Contracting-Vereinbarung umfasst zwei Vertragspartner: Zum einen den Anbieter, also uns sense electra (Contractor) und den Nutzer der Anlage, Ihren Firmenbetrieb (Contracting-Nehmer).<\/p>\n<p>Wir, als Contractor planen, finanzieren und installieren das Blockheizkraftwerk f\u00fcr Ihr Gewerbe. Dar\u00fcber hinaus sorgen wir f\u00fcr den sorglosen Betrieb, Wartung und Instandhaltung der KWK-Anlage. Die Verantwortung der Energieversorgung Ihres Unternehmens liegt bei uns.<\/p>\n\t<p>Der Bezug der gebrauchten Energiemenge f\u00e4llt ebenso in unseren Aufgabenbereich. Die vom BHKW produzierte Nutzenergie wie in etwa; W\u00e4rme, Strom oder K\u00e4lte wird \u00fcber einen Contractingvertrag \u00fcber Lieferung und Abnahme festgelegt. Sie zahlen uns, dem Energielieferanten, eine sogenannte Contracting-Rate. Diese enth\u00e4lt bspw. die Ausgaben f\u00fcr Anlagenbereitstellung und die get\u00e4tigten Dienstleistungen. Hinzu kommen Kosten f\u00fcr die verwendete Energie. Schlussendlich m\u00fcssen Sie keine Zeit und Geld in den Betrieb der Anlage stecken und haben keinerlei Aufwand bei notwendigen, \u00f6ffentlich-rechtlichen Genehmigungen.<\/p>\n<h3>\n\t\tVorteile Blockheizkraftwerk Contracting\n\t<\/h3>\n\t<p>Reduktion der Energiekosten um bis zu 40%<\/p>\n\t<p>Hohe Betriebs- und Versorgungssicherheit<\/p>\n\t<p>Anlagenmanagement durch Fachpersonal<\/p>\n\t<p>Keine Investitionskosten und langfristige Kostensicherheit<\/p>\n\t<p>Pers\u00f6nliche Beratung, Planung, Auslegung und Errichtung<\/p>\n\t<p>Auslagerung der wirtschaftlichen und technische Risiken auf den Contractor <\/p>\n\t<p>Maximale Kontrollsicherheit durch Fern\u00fcberwachung und Notdienst<\/p>\n\t<p>Keinerlei Aufwand f\u00fcr Sie<\/p>\n<h3>\n\t\tIst das BHKW Contracting f\u00fcr mein Unternehmen geeignet?\n\t<\/h3>\n\t<p>Als grobe Antwort m\u00fcssen Sie sich folgende Fragen stellen: Wie sehr reduzieren sich Ihre Energiekosten durch die Kraft-W\u00e4rme-Kopplungsanlage und dem KWK-Contracting? Ist das Contracting f\u00fcr Sie rentabler, als ein BHKW Kauf? Behalten Sie bei der Rentabilit\u00e4tsrechnung auch die weiteren Vorteile vom BHKW Contracting im Auge. <\/p>\n<p>Zum einen \u00fcbernehmen wir den organisatorischen Aufwand. Zum anderen lagern Sie Ihr wirtschaftliches und technisches Risiko aus und geben dies in die H\u00e4nde von BHKW-Experten.<\/p>\n\t<p>Wir betreuen sowohl Neubau-, als auch Sanierungsprojekte. Wir unterst\u00fctzen Mehrfamilienh\u00e4usern, vorrangig Gro\u00dfprojekte der Industrie und Gewerbe und Wohnanlage bei der Energiekostensenkung mittels BHKW. Denn desto h\u00f6her und gleichm\u00e4\u00dfiger der W\u00e4rmeverbrauch, umso schneller rentiert sich ein BHKW.<\/p>\n<p>Jedes BHKW-Vorhaben ist unterschiedlich und hat seine Besonderheiten. Daraus ergeben sich auch immer andere Anforderungen an die Projekte. Im Zentrum steht jedoch immer die BHKW Rentabilit\u00e4t f\u00fcr den Contractingnehmer als auch dem Contractor Geber.<\/p>\n\t\t\t\t<img loading=\"lazy\" decoding=\"async\" src=\"https:\/\/www.sense-electra.de\/wp-content\/uploads\/2022\/02\/Contracting-Darstellung_02.png\" alt=\"Contracting-Darstellung_02\" itemprop=\"image\" height=\"612\" width=\"2227\" title=\"Contracting-Darstellung_02\" onerror=\"this.style.display='none'\"  \/>\n<h2>\n\t\tFazit: BHKW Heizung Miete oder Contracting?\n\t<\/h2>\n\tSowohl die BHKW Miete, als auch das BHKW Contracting haben viele \u00e4hnliche Vorteile.<br \/>\nDer wesentliche Unterschied liegt im Komfort.\n<h3>\n\t\tBHKW Heizung mieten\n\t<\/h3>\n\t<p>sense electra\u2019s services:<\/p>\n<li>Beratung<\/li>\n<li>Konzeptionierung<\/li>\n<li>Errichtung<\/li>\n<li>Instandhaltung<\/li>\n<li>Versicherung<\/li>\n\t<p>For you, this means:<\/p>\n<h3>\n\t\tBHKW Contracting = Komplettservice\n\t<\/h3>\n\t<p>sense electra\u2019s services:<\/p>\n<li>Beratung<\/li>\n<li>Konzeptionierung<\/li>\n<li>Errichtung<\/li>\n<li>Maintenance<\/li>\n<li>Versicherung<\/li>\n<li>You buy gas at a cheaper price<\/li>\n\t<p>For you, this means:<\/p>\n\t\t\t<a href=\"#BHKW-Formular\" target=\"_self\" role=\"button\" rel=\"noopener\">\n\t\t\t\t\t\tTo the CHP calculator\n\t\t\t\t\t<\/a>\n<h2>\n\t\tFazit: BHKW Heizung Miete oder Contracting?\n\t<\/h2>\n\tSowohl die BHKW Miete, als auch das BHKW Contracting haben viele \u00e4hnliche Vorteile.<br \/>\nDer wesentliche Unterschied liegt im Komfort.\n<h3>\n\t\tBHKW Heizung mieten\n\t<\/h3>\n\t<p>sense electra\u2019s services:<\/p>\n<li>Beratung<\/li>\n<li>Konzeptionierung<\/li>\n<li>Errichtung<\/li>\n<li>Instandhaltung<\/li>\n<li>Versicherung<\/li>\n\t<p>For you, this means:<\/p>\n<h3>\n\t\tBHKW Contracting = Komplettservice\n\t<\/h3>\n\t<p>sense electra\u2019s services:<\/p>\n<li>Beratung<\/li>\n<li>Konzeptionierung<\/li>\n<li>Errichtung<\/li>\n<li>Maintenance<\/li>\n<li>Versicherung<\/li>\n<li>You buy gas at a cheaper price<\/li>\n\t<p>For you, this means:<\/p>\n\t\t\t<a href=\"#BHKW-Formular\" target=\"_self\" role=\"button\" rel=\"noopener\">\n\t\t\t\t\t\tTo the CHP calculator\n\t\t\t\t\t<\/a>\n<h2>\n\t\tErfolgreiche Umsetzung des BHKW-Projekts mit sense electra\n\t<\/h2>\n\t<p>sense electra hat sowohl beim Contracting, als auch bei der BHKW Heizung Miete langj\u00e4hrige Erfahrungen und stellt somit den perfekten Partner f\u00fcr Ihr BHKW Vorhaben dar. Wir pr\u00fcfen f\u00fcr Sie, ob sich eine KWK-Anlage in Ihrem Betrieb lohnt. Wir planen und errichten eine auf Ihre Bed\u00fcrfnisse zugeschnittene L\u00f6sung \u2013 ob BHKW Contracting, BHKW Heizung mieten oder kaufen.<\/p>\n\t<p><strong>1. Projektfindung und professionelle Beratung<\/strong><\/p>\n\t<p>In der Projektvorbereitung findet eine erste unverbindliche Beratung mit unseren BHKW Experten statt. Mithilfe Ihrer Daten k\u00f6nnen wir eine erste Rentabilit\u00e4tsabsch\u00e4tzung zu Ihrem BHKW-Vorhaben abgeben.<\/p>\n\t<p><strong>2. Bestandsaufnahme und Planung<\/strong><\/p>\n\t<p>Nach einer gewissenhaften Pr\u00fcfung unserer Ingenieure von Ihren Gegebenheiten vor Ort bekommen Sie eine abschlie\u00dfende, detailreiche Kostenaufstellung. Dabei w\u00e4gen wir Ihre BHKW-Optionen ab und beraten Sie auf m\u00f6gliche Finanzierungs- und F\u00f6rderm\u00f6glichkeiten.<\/p>\n\t<p><strong>3. Einbau und Inbetriebnahme<\/strong><\/p>\n\t<p>Nach dem Errichten der KWK-Anlage mithilfe unseres Expertenteams unter gesetzlicher Konformit\u00e4t, melden wir es bei den notwendigen Institutionen an. Um weitere Aufw\u00e4nde wie Wartung, Versicherung und Reparatur k\u00fcmmern wir uns.<\/p>\n<h3>\n\t\tSie ben\u00f6tigen eine Beratung bei der Entscheidung zum BHKW?\n\t<\/h3>\n\t\t\t<a href=\"#BHKW-Formular\" target=\"_self\" role=\"button\" rel=\"noopener\">\n\t\t\t\t\t\tKostenfreie BHKW-Anfrage stellen\n\t\t\t\t\t<\/a>","protected":false},"excerpt":{"rendered":"<p>Contracting &#038; BHKW-Anlage mieten Die Kombination aus gleichzeitiger Strom und W\u00e4rmeerzeugung eines Blockheizkraftwerks bietet interessante Vorteile. Ein BHKW kann mit der richtigen Auslegung Ihre Energiekosten um bis zu 40% senken und verbessert die CO2-Bilanz. Ein BHKW kann mit der richtigen Auslesung Ihre Energiekosten um bis zu 40% senken und verbessert die CO2-Bilanz. BHKW preiswerte W\u00e4rme&hellip;<\/p>","protected":false},"author":1,"featured_media":0,"parent":0,"menu_order":0,"comment_status":"closed","ping_status":"closed","template":"","meta":{"_acf_changed":false,"footnotes":""},"acf":[],"yoast_head":"<!-- This site is optimized with the Yoast SEO plugin v23.1 - https:\/\/yoast.com\/wordpress\/plugins\/seo\/ -->\n<title>BHKW Vorteile nutzen ohne Investitionskosten<\/title>\n<meta name=\"description\" content=\"BHKW Contracting und BHKW Heizung Leasing \u2013 die smarte L\u00f6sung zum BHKW Kauf\u2713 Energiekosten senken \u2713 Reduzierung CO2 Bilanz \u2713 hoher Komfort\" \/>\n<meta name=\"robots\" content=\"index, follow, max-snippet:-1, max-image-preview:large, max-video-preview:-1\" \/>\n<link rel=\"canonical\" href=\"https:\/\/www.sense-electra.de\/en\/contracting-bhkw-anlage-mieten\/\" \/>\n<meta property=\"og:locale\" content=\"en_GB\" \/>\n<meta property=\"og:type\" content=\"article\" \/>\n<meta property=\"og:title\" content=\"BHKW Vorteile nutzen ohne Investitionskosten\" \/>\n<meta property=\"og:description\" content=\"BHKW Contracting und BHKW Heizung Leasing \u2013 die smarte L\u00f6sung zum BHKW Kauf\u2713 Energiekosten senken \u2713 Reduzierung CO2 Bilanz \u2713 hoher Komfort\" \/>\n<meta property=\"og:url\" content=\"https:\/\/www.sense-electra.de\/en\/contracting-bhkw-anlage-mieten\/\" \/>\n<meta property=\"og:site_name\" content=\"sense electra\" \/>\n<meta property=\"article:modified_time\" content=\"2022-03-24T08:49:12+00:00\" \/>\n<meta property=\"og:image\" content=\"https:\/\/www.sense-electra.de\/wp-content\/uploads\/2021\/04\/BHKW-freigestellt_mehr_Kontrast.png\" \/>\n<meta name=\"twitter:card\" content=\"summary_large_image\" \/>\n<meta name=\"twitter:label1\" content=\"Estimated reading time\" \/>\n\t<meta name=\"twitter:data1\" content=\"6 minutes\" \/>\n<script type=\"application\/ld+json\" class=\"yoast-schema-graph\">{\"@context\":\"https:\/\/schema.org\",\"@graph\":[{\"@type\":\"WebPage\",\"@id\":\"https:\/\/www.sense-electra.de\/contracting-bhkw-anlage-mieten\/\",\"url\":\"https:\/\/www.sense-electra.de\/contracting-bhkw-anlage-mieten\/\",\"name\":\"BHKW Vorteile nutzen ohne Investitionskosten\",\"isPartOf\":{\"@id\":\"https:\/\/www.sense-electra.de\/#website\"},\"primaryImageOfPage\":{\"@id\":\"https:\/\/www.sense-electra.de\/contracting-bhkw-anlage-mieten\/#primaryimage\"},\"image\":{\"@id\":\"https:\/\/www.sense-electra.de\/contracting-bhkw-anlage-mieten\/#primaryimage\"},\"thumbnailUrl\":\"https:\/\/www.sense-electra.de\/wp-content\/uploads\/2021\/04\/BHKW-freigestellt_mehr_Kontrast.png\",\"datePublished\":\"2022-02-28T11:06:29+00:00\",\"dateModified\":\"2022-03-24T08:49:12+00:00\",\"description\":\"BHKW Contracting und BHKW Heizung Leasing \u2013 die smarte L\u00f6sung zum BHKW Kauf\u2713 Energiekosten senken \u2713 Reduzierung CO2 Bilanz \u2713 hoher Komfort\",\"breadcrumb\":{\"@id\":\"https:\/\/www.sense-electra.de\/contracting-bhkw-anlage-mieten\/#breadcrumb\"},\"inLanguage\":\"en-GB\",\"potentialAction\":[{\"@type\":\"ReadAction\",\"target\":[\"https:\/\/www.sense-electra.de\/contracting-bhkw-anlage-mieten\/\"]}]},{\"@type\":\"ImageObject\",\"inLanguage\":\"en-GB\",\"@id\":\"https:\/\/www.sense-electra.de\/contracting-bhkw-anlage-mieten\/#primaryimage\",\"url\":\"https:\/\/www.sense-electra.de\/wp-content\/uploads\/2021\/04\/BHKW-freigestellt_mehr_Kontrast.png\",\"contentUrl\":\"https:\/\/www.sense-electra.de\/wp-content\/uploads\/2021\/04\/BHKW-freigestellt_mehr_Kontrast.png\"},{\"@type\":\"BreadcrumbList\",\"@id\":\"https:\/\/www.sense-electra.de\/contracting-bhkw-anlage-mieten\/#breadcrumb\",\"itemListElement\":[{\"@type\":\"ListItem\",\"position\":1,\"name\":\"Startseite\",\"item\":\"https:\/\/www.sense-electra.de\/\"},{\"@type\":\"ListItem\",\"position\":2,\"name\":\"Contracting &#038; BHKW-Anlage mieten\"}]},{\"@type\":\"WebSite\",\"@id\":\"https:\/\/www.sense-electra.de\/#website\",\"url\":\"https:\/\/www.sense-electra.de\/\",\"name\":\"sense electra\",\"description\":\"W\u00e4rmeversorgung f\u00fcr Industrie- und Gewerbekunden\",\"potentialAction\":[{\"@type\":\"SearchAction\",\"target\":{\"@type\":\"EntryPoint\",\"urlTemplate\":\"https:\/\/www.sense-electra.de\/?s={search_term_string}\"},\"query-input\":\"required name=search_term_string\"}],\"inLanguage\":\"en-GB\"}]}<\/script>\n<!-- \/ Yoast SEO plugin. -->","yoast_head_json":{"title":"BHKW Vorteile nutzen ohne Investitionskosten","description":"BHKW Contracting und BHKW Heizung Leasing \u2013 die smarte L\u00f6sung zum BHKW Kauf\u2713 Energiekosten senken \u2713 Reduzierung CO2 Bilanz \u2713 hoher Komfort","robots":{"index":"index","follow":"follow","max-snippet":"max-snippet:-1","max-image-preview":"max-image-preview:large","max-video-preview":"max-video-preview:-1"},"canonical":"https:\/\/www.sense-electra.de\/en\/contracting-bhkw-anlage-mieten\/","og_locale":"en_GB","og_type":"article","og_title":"BHKW Vorteile nutzen ohne Investitionskosten","og_description":"BHKW Contracting und BHKW Heizung Leasing \u2013 die smarte L\u00f6sung zum BHKW Kauf\u2713 Energiekosten senken \u2713 Reduzierung CO2 Bilanz \u2713 hoher Komfort","og_url":"https:\/\/www.sense-electra.de\/en\/contracting-bhkw-anlage-mieten\/","og_site_name":"sense electra","article_modified_time":"2022-03-24T08:49:12+00:00","og_image":[{"url":"https:\/\/www.sense-electra.de\/wp-content\/uploads\/2021\/04\/BHKW-freigestellt_mehr_Kontrast.png"}],"twitter_card":"summary_large_image","twitter_misc":{"Estimated reading time":"6 minutes"},"schema":{"@context":"https:\/\/schema.org","@graph":[{"@type":"WebPage","@id":"https:\/\/www.sense-electra.de\/contracting-bhkw-anlage-mieten\/","url":"https:\/\/www.sense-electra.de\/contracting-bhkw-anlage-mieten\/","name":"BHKW Vorteile nutzen ohne Investitionskosten","isPartOf":{"@id":"https:\/\/www.sense-electra.de\/#website"},"primaryImageOfPage":{"@id":"https:\/\/www.sense-electra.de\/contracting-bhkw-anlage-mieten\/#primaryimage"},"image":{"@id":"https:\/\/www.sense-electra.de\/contracting-bhkw-anlage-mieten\/#primaryimage"},"thumbnailUrl":"https:\/\/www.sense-electra.de\/wp-content\/uploads\/2021\/04\/BHKW-freigestellt_mehr_Kontrast.png","datePublished":"2022-02-28T11:06:29+00:00","dateModified":"2022-03-24T08:49:12+00:00","description":"BHKW Contracting und BHKW Heizung Leasing \u2013 die smarte L\u00f6sung zum BHKW Kauf\u2713 Energiekosten senken \u2713 Reduzierung CO2 Bilanz \u2713 hoher Komfort","breadcrumb":{"@id":"https:\/\/www.sense-electra.de\/contracting-bhkw-anlage-mieten\/#breadcrumb"},"inLanguage":"en-GB","potentialAction":[{"@type":"ReadAction","target":["https:\/\/www.sense-electra.de\/contracting-bhkw-anlage-mieten\/"]}]},{"@type":"ImageObject","inLanguage":"en-GB","@id":"https:\/\/www.sense-electra.de\/contracting-bhkw-anlage-mieten\/#primaryimage","url":"https:\/\/www.sense-electra.de\/wp-content\/uploads\/2021\/04\/BHKW-freigestellt_mehr_Kontrast.png","contentUrl":"https:\/\/www.sense-electra.de\/wp-content\/uploads\/2021\/04\/BHKW-freigestellt_mehr_Kontrast.png"},{"@type":"BreadcrumbList","@id":"https:\/\/www.sense-electra.de\/contracting-bhkw-anlage-mieten\/#breadcrumb","itemListElement":[{"@type":"ListItem","position":1,"name":"Startseite","item":"https:\/\/www.sense-electra.de\/"},{"@type":"ListItem","position":2,"name":"Contracting &#038; BHKW-Anlage mieten"}]},{"@type":"WebSite","@id":"https:\/\/www.sense-electra.de\/#website","url":"https:\/\/www.sense-electra.de\/","name":"sense electra","description":"W\u00e4rmeversorgung f\u00fcr Industrie- und Gewerbekunden","potentialAction":[{"@type":"SearchAction","target":{"@type":"EntryPoint","urlTemplate":"https:\/\/www.sense-electra.de\/?s={search_term_string}"},"query-input":"required name=search_term_string"}],"inLanguage":"en-GB"}]}},"_links":{"self":[{"href":"https:\/\/www.sense-electra.de\/en\/wp-json\/wp\/v2\/pages\/3801"}],"collection":[{"href":"https:\/\/www.sense-electra.de\/en\/wp-json\/wp\/v2\/pages"}],"about":[{"href":"https:\/\/www.sense-electra.de\/en\/wp-json\/wp\/v2\/types\/page"}],"author":[{"embeddable":true,"href":"https:\/\/www.sense-electra.de\/en\/wp-json\/wp\/v2\/users\/1"}],"replies":[{"embeddable":true,"href":"https:\/\/www.sense-electra.de\/en\/wp-json\/wp\/v2\/comments?post=3801"}],"version-history":[{"count":0,"href":"https:\/\/www.sense-electra.de\/en\/wp-json\/wp\/v2\/pages\/3801\/revisions"}],"wp:attachment":[{"href":"https:\/\/www.sense-electra.de\/en\/wp-json\/wp\/v2\/media?parent=3801"}],"curies":[{"name":"wp","href":"https:\/\/api.w.org\/{rel}","templated":true}]}}