{"id":3826,"date":"2022-02-28T15:04:00","date_gmt":"2022-02-28T14:04:00","guid":{"rendered":"https:\/\/www.sense-electra.de\/?page_id=3826"},"modified":"2022-03-02T12:03:24","modified_gmt":"2022-03-02T11:03:24","slug":"solaranlage-fuer-gewerbe","status":"publish","type":"page","link":"https:\/\/www.sense-electra.de\/en\/solaranlage-fuer-gewerbe\/","title":{"rendered":"Solaranlage f\u00fcr Gewerbe"},"content":{"rendered":"<h1>\r\n\t\tSolaranlage f\u00fcr Gewerbe\r\n\t<\/h1>\r\n\t<p>Photovoltaikanlagen geh\u00f6ren inzwischen zum Stadtbild, sowohl Privatpersonen, als auch Firmen nutzen den bekannten \u201ekostenlosen\u201c Solarstrom aus Solaranlagen. Besonders f\u00fcr Firmen kann die Anschaffung einer Photovoltaikanlage lukrativ sein, um Stromkosten einzusparen, wenn sie eine gro\u00dfe Dachfl\u00e4che oder andere passende Freifl\u00e4chen zur Verf\u00fcgung haben.<\/p>\r\n\t\t\t<a href=\"#BHKW-Formular\" target=\"_self\" role=\"button\" rel=\"noopener\">\r\n\t\t\t\t\t\t\tStromerzeugende Alternative BHKW\r\n\t\t\t\t\t<\/a>\r\n<h2>\r\n\t\tDas ist eine Photovoltaikanlage\r\n\t<\/h2>\r\n\t<p>Die Photovoltaikanlage wandelt Sonnenenergie in Strom um. Daf\u00fcr ben\u00f6tigt die Anlage Solarmodule, die wiederum aus vielen Solarzellen bestehen. Letztere beinhalten oft das Halbleitermaterial Silizium und andere chemische Elemente, die in Schichten in der Solarzelle aufgebaut sind. Trifft Licht auf die Solarzelle, bewegen sich die Elektronen innerhalb der Zelle und f\u00fchren zu einer Wechselwirkung, bei der Elektronen freigesetzt werden. Dadurch flie\u00dft Strom, der von der Solarzelle ins Haus geleitet wird.<\/p>\r\n<h3>\r\n\t\tWas passiert mit dem erzeugten Strom?\r\n\t<\/h3>\r\n\t<p>Der Solarstrom kann direkt im Geb\u00e4ude verbraucht werden. Es ist aber auch m\u00f6glich diesen in das \u00f6ffentliche Stromnetz einzuspeisen f\u00fcr den Fall, dass die Solaranlage zu viel Strom erzeugt. Daf\u00fcr erh\u00e4lt man eine Einspeiseverg\u00fctung.<\/p>\r\n<h3>\r\n\t\tWo k\u00f6nnen Solarmodule angebracht werden?\r\n\t<\/h3>\r\n\t<ul>\r\n<li>Versiegelte Fl\u00e4chen, z. B. Dachfl\u00e4chen und Asphalt<\/li>\r\n<li>Konversionsfl\u00e4chen, d.h. brach liegende, nicht bewirtschaftete Fl\u00e4chen, die fr\u00fcher anderweitig genutzt wurden<\/li>\r\n<li>Fl\u00e4chen l\u00e4ngs der Autobahnen oder an Schienenwege<\/li>\r\n<\/ul>\r\n\t\t\t\t<img loading=\"lazy\" decoding=\"async\" src=\"https:\/\/www.sense-electra.de\/wp-content\/uploads\/2021\/06\/erneuerbare-energien-nachhaltig-im-gebaeude-nutzen.jpg\" alt=\"Kraftwerk mit erneuerbarer Solarenergie vor Wolkenhimmel\" itemprop=\"image\" height=\"333\" width=\"500\" title=\"Mit Photovoltaikanlagen Geld verdienen\" onerror=\"this.style.display='none'\"  \/>\r\n\t\t\t\t<img loading=\"lazy\" decoding=\"async\" src=\"https:\/\/www.sense-electra.de\/wp-content\/uploads\/2021\/06\/Solarstrom-Solarpanel_und_Wolken_500px.jpg\" alt=\"solar panels with sky\" itemprop=\"image\" height=\"333\" width=\"500\" title=\"solar panels with sky\" onerror=\"this.style.display='none'\"  \/>\r\n<h2>\r\n\t\tVorteile einer Photovoltaikanlage\r\n\t<\/h2>\r\n\t<p>Eigene Stromerzeugung &#038; geringere Stromkosten<\/p>\r\n\t<p>No noise or odour pollution.<\/p>\r\n\t<p>Sonne als unersch\u00f6pfliche Prim\u00e4rquelle<\/p>\r\n<h2>\r\n\t\tAchtung \u2013 Einspeiseverg\u00fctung f\u00fcr Solarstrom endet\r\n\t<\/h2>\r\n\t\t\t\t<img loading=\"lazy\" decoding=\"async\" src=\"https:\/\/www.sense-electra.de\/wp-content\/uploads\/2021\/06\/energieanbieter-fuer-jede-branche.jpg\" alt=\"Hochspannungsmast mit elektrischen Freileitungen vor einem Sonnenuntergang\" itemprop=\"image\" height=\"334\" width=\"500\" title=\"Energieanbieter mit g\u00fcnstigen Tarifen von Energieexperten\" onerror=\"this.style.display='none'\"  \/>\r\n\t<p>\u2026 und zwar nach zwanzig Jahren nach Errichtung der Solaranlage. Dann endet die EEG-F\u00f6rderung f\u00fcr Solarstrom. Zwanzig Jahre lang erhalten Solaranlagenbesitzer Geld pro Kilowattstunde, wenn sie Solarstrom in das \u00f6ffentliche Stromnetz einspeisen. Anschlie\u00dfend muss entschieden werden, was mit der Anlage passiert, ob sie beispielsweise umger\u00fcstet oder abgebaut werden soll.<\/p>\r\n<h3>\r\n\t\tGeringere Einspeiseverg\u00fctung f\u00fcr neue Solaranlagen\r\n\t<\/h3>\r\n\t<p>Die H\u00f6he der Einspeiseverg\u00fctung nach dem Erneuerbaren Energien Gesetz (EEG) wird stetig angepasst. Die Verg\u00fctung ist abh\u00e4ngig von der Anzahl der neu installierten Photovoltaikanlagen. Aktuell sinkt die gezahlte Einspeiseverg\u00fctung f\u00fcr neu errichtete Solaranlagen kontinuierlich, da die Anzahl neuer Anlagen weiter zunimmt. Dadurch lohnt sich die Einspeisung von Solarstrom f\u00fcr Solaranlagenbesitzer von neu in Betrieb genommener PV-Anlagen immer weniger.<\/p>\r\n<h2>\r\n\t\tAlternative zur Solaranlage: das Blockheizkraftwerk\r\n\t<\/h2>\r\n\t<p>Weniger bekannt ist die Stromerzeugung mit Hilfe des Blockheizkraftwerks (BHKW). Der Clou am BHKW: es erzeugt nicht nur Strom, sondern auch W\u00e4rme, welche direkt im Geb\u00e4ude abgenommen werden kann und dadurch einen doppelten Vorteil mit sich bringt.<\/p>\r\nBHKWs werden sowohl in Privathaushalten, als auch im gewerblichen Bereich genutzt. Es gibt sie in verschiedenen Leistungsklassen. Doch besonders f\u00fcr den gewerblichen Einsatz sind sie lohnenswert.<br \/>\r\nDie gleichzeitige Erzeugung von Strom und W\u00e4rme f\u00fchrt zu einer langfristigen Senkung der Energiekosten. Das macht das BHKW zu einer echten Alternative zur Solaranlage.\r\n<h3>\r\n\t\tEine Heizung, die auch Strom erzeugt\r\n\t<\/h3>\r\n\t<p>Das BHKW funktioniert nach dem Prinzip der Kraft-W\u00e4rme-Kopplung (KWK). Der Generator des BHKWs erzeugt Strom. Die dabei entstandene W\u00e4rme wird f\u00fcr die Beheizung vor Ort verwendet oder kann beispielsweise in ein Nahw\u00e4rmnetz eingespeist werden. BHKW-Strom, der nicht im Geb\u00e4ude selbst abgenommen werden kann, wird in das \u00f6ffentliche Netz eingespeist und verg\u00fctet. Ein BHKW ist eine moderne und hocheffiziente Energieerzeugungsanlage. Aufgrund der Nutzung der KWK-Technologie erzielt das BHKW einen Gesamtwirkungsgrad von \u00fcber 90%.<\/p>\r\n\t\t\t\t<img loading=\"lazy\" decoding=\"async\" src=\"https:\/\/www.sense-electra.de\/wp-content\/uploads\/2021\/04\/BHKW-freigestellt_mehr_Kontrast.png\" alt=\"BHKW-freigestellt_mehr_Kontrast\" itemprop=\"image\" height=\"608\" width=\"491\" title=\"BHKW-freigestellt_mehr_Kontrast\" onerror=\"this.style.display='none'\"  \/>\r\n<h2>\r\n\t\tVielfache Vorteile des Blockheizkraftwerks\r\n\t<\/h2>\r\n\t<strong>Generate your own low-cost electricity<\/strong><br \/>\r\nZus\u00e4tzlich wird die bei der Stromerzeugung entstandene W\u00e4rme mit genutzt. Dadurch arbeitet das BHKW hocheffizient.\r\n\t<strong>Long-term reduction in energy costs<\/strong><br \/>\r\nEnergiekosten werden durch eine hohe Laufleistung der Kraft-W\u00e4rme-Kopplungs-Anlage dauerhaft reduziert.\r\n\t<strong>Contribute actively to climate protection<\/strong><br \/>\r\nEtwa 90% betr\u00e4gt die Gesamteffizienz eines BHKWs. Gegen\u00fcber der konventionellen getrennten Strom- und W\u00e4rmeerzeugung sinkt die CO2-Emission um bis zu 60%.\r\n<h2>\r\n\t\tInteresse an einem BHKW bekommen? Dann melden Sie sich bei uns!\r\n\t<\/h2>\r\n\t<p>Wir errichten ein BHKW f\u00fcr Ihre Firma oder Ihr Gewerbe. Dieses k\u00f6nnen Sie entweder kaufen, mieten oder Sie nutzen unseren Komplettservice. Bei letzterem liegen alle anfallenden Kosten, die den Einbau, Betrieb und die Wartung Ihrer Energieanlage betreffen, vollst\u00e4ndig bei uns. F\u00fcr Sie entstehen keine zus\u00e4tzlichen Ausgaben. Sie zahlen den vertraglich festgelegten Grund- und Arbeitspreis Ihres Strom- und Gasverbrauches.<\/p>\r\n<p><strong>Sie erhalten 100% Komfort, alles aus einer Hand und profitieren von der Fachexpertise unserer Energieexperten.<\/strong><\/p>\r\n\t<p><strong>Diese Vorteile nutzen Sie:<\/strong><\/p>\r\n\t<ul>\r\n<li>No investment costs<\/li>\r\n<li>Keine Wartungskosten<\/li>\r\n<li>Keine Versicherungskosten<\/li>\r\n<li>Contractually fixed standing charges and gas consumption<\/li>\r\n<li>You buy gas at a cheaper price<\/li>\r\n<li>Keine monatl. Abrechnungsmodalit\u00e4ten<\/li>\r\n<\/ul>\r\n\t<p><strong>Das \u00fcbernehmen wir f\u00fcr Sie:<\/strong><\/p>\r\n\t<ul>\r\n<li>Beratung<\/li>\r\n<li>Planning<\/li>\r\n<li>Einbau<\/li>\r\n<li>Investitionskosten<\/li>\r\n<li>Wartungskosten<\/li>\r\n<li>Insurance costs<\/li>\r\n<\/ul>\r\n\t<p><strong>Stellen Sie Ihre Anfrage in nur 2 Minuten und erhalten Sie ein kostenfreies Angebot von uns. <\/strong><\/p>\r\n\t<p>Senden Sie Ihre BHKW-Anfrage &#8211; unverbindlich &#038; kostenfrei!<\/p>\r\n\t\n<div class=\"wpcf7 no-js\" id=\"wpcf7-f3689-o1\" lang=\"de-DE\" dir=\"ltr\">\n<div class=\"screen-reader-response\"><p role=\"status\" aria-live=\"polite\" aria-atomic=\"true\"><\/p> <ul><\/ul><\/div>\n<form action=\"\/en\/wp-json\/wp\/v2\/pages\/3826#wpcf7-f3689-o1\" method=\"post\" class=\"wpcf7-form init\" aria-label=\"Contact form\" novalidate=\"novalidate\" data-status=\"init\" data-trp-original-action=\"\/en\/wp-json\/wp\/v2\/pages\/3826#wpcf7-f3689-o1\">\n<div style=\"display: none;\">\n<input type=\"hidden\" name=\"_wpcf7\" value=\"3689\" \/>\n<input type=\"hidden\" name=\"_wpcf7_version\" value=\"5.9.8\" \/>\n<input type=\"hidden\" name=\"_wpcf7_locale\" value=\"de_DE_formal\" \/>\n<input type=\"hidden\" name=\"_wpcf7_unit_tag\" value=\"wpcf7-f3689-o1\" \/>\n<input type=\"hidden\" name=\"_wpcf7_container_post\" value=\"0\" \/>\n<input type=\"hidden\" name=\"_wpcf7_posted_data_hash\" value=\"\" \/>\n<\/div>\n<p><label> Womit heizen Sie?*<br \/>\n<span class=\"wpcf7-form-control-wrap\" data-name=\"Brennstoff\"><select class=\"wpcf7-form-control wpcf7-select wpcf7-validates-as-required\" aria-required=\"true\" aria-invalid=\"false\" name=\"Brennstoff\"><option value=\"\">&#8211; Bitte ausw\u00e4hlen &#8211;<\/option><option value=\"Gas\">Gas<\/option><option value=\"\u00d6l\">\u00d6l<\/option><option value=\"Sonstiges\">Sonstiges<\/option><\/select><\/span><br \/>\n<\/label>\n<\/p>\n<p><label> Ihr Verbrauch pro Jahr (kWh)*<br \/>\n<span class=\"wpcf7-form-control-wrap\" data-name=\"Verbrauch\"><input size=\"40\" maxlength=\"400\" class=\"wpcf7-form-control wpcf7-text wpcf7-validates-as-required\" aria-required=\"true\" aria-invalid=\"false\" value=\"\" type=\"text\" name=\"Verbrauch\" \/><\/span> <\/label>\n<\/p>\n<p><label> Art des Geb\u00e4udes*<br \/>\n<span class=\"wpcf7-form-control-wrap\" data-name=\"Gebauedeart\"><select class=\"wpcf7-form-control wpcf7-select wpcf7-validates-as-required\" aria-required=\"true\" aria-invalid=\"false\" name=\"Gebauedeart\"><option value=\"Gewerbegeb\u00e4ude\">Commercial site<\/option><option value=\"Wohngeb\u00e4ude\">Residential building<\/option><\/select><\/span> <\/label>\n<\/p>\n<p><label> Ihre Firmen-E-Mail*<br \/>\n<span class=\"wpcf7-form-control-wrap\" data-name=\"your-email\"><input size=\"40\" maxlength=\"400\" class=\"wpcf7-form-control wpcf7-email wpcf7-validates-as-required wpcf7-text wpcf7-validates-as-email\" aria-required=\"true\" aria-invalid=\"false\" value=\"\" type=\"email\" name=\"your-email\" \/><\/span> <\/label>\n<\/p>\n<p><span id=\"ho-ph-sense-1\" class=\"wpcf7-form-control-wrap phone-or-mail-wrap\" style=\"display:none !important; visibility:hidden !important;\"><label for=\"wpcf7-6a09b45e7e417-field\" class=\"hp-message\">Bitte lassen Sie dieses Feld leer.<\/label><input id=\"wpcf7-6a09b45e7e417-field\"  class=\"wpcf7-form-control wpcf7-text\" type=\"text\" name=\"phone-or-mail\" value=\"\" size=\"40\" tabindex=\"-1\" autocomplete=\"new-password\" \/><\/span>\n<\/p>\n<p><label> Ihre R\u00fcckruf-Nummer<br \/>\n<span class=\"wpcf7-form-control-wrap\" data-name=\"tel-218\"><input size=\"40\" maxlength=\"400\" class=\"wpcf7-form-control wpcf7-tel wpcf7-text wpcf7-validates-as-tel\" aria-invalid=\"false\" value=\"\" type=\"tel\" name=\"tel-218\" \/><\/span> <\/label>\n<\/p>\n<p><span id=\"ho-ph-sense-2\" class=\"wpcf7-form-control-wrap phone-or-mail-wrap\" style=\"display:none !important; visibility:hidden !important;\"><label for=\"wpcf7-6a09b45e7e509-field\" class=\"hp-message\">Bitte lassen Sie dieses Feld leer.<\/label><input id=\"wpcf7-6a09b45e7e509-field\"  class=\"wpcf7-form-control wpcf7-text\" type=\"text\" name=\"phone-or-mail\" value=\"\" size=\"40\" tabindex=\"-1\" autocomplete=\"new-password\" \/><\/span>\n<\/p>\n<p><label> Ihre Nachricht an uns<br \/>\n<span class=\"wpcf7-form-control-wrap\" data-name=\"your-message\"><textarea cols=\"40\" rows=\"10\" maxlength=\"2000\" class=\"wpcf7-form-control wpcf7-textarea\" aria-invalid=\"false\" name=\"your-message\"><\/textarea><\/span> <\/label>\n<\/p>\n<p>* Pflichtfeld\n<\/p>\n<p>Bitte beachten Sie unsere <a target=\"_blank\" href=\"\/en\/datenschutz\/\">Datenschutzbestimmungen.<\/a>\n<\/p>\n<p><input class=\"wpcf7-form-control wpcf7-submit has-spinner\" type=\"submit\" value=\"Jetzt Angebot anfordern\" \/>\n<\/p><div class=\"wpcf7-response-output\" aria-hidden=\"true\"><\/div>\n<input type=\"hidden\" name=\"trp-form-language\" value=\"en\"\/><\/form>\n<\/div>","protected":false},"excerpt":{"rendered":"<p>Solaranlage f\u00fcr Gewerbe Photovoltaikanlagen geh\u00f6ren inzwischen zum Stadtbild, sowohl Privatpersonen, als auch Firmen nutzen den bekannten \u201ekostenlosen\u201c Solarstrom aus Solaranlagen. Besonders f\u00fcr Firmen kann die Anschaffung einer Photovoltaikanlage lukrativ sein, um Stromkosten einzusparen, wenn sie eine gro\u00dfe Dachfl\u00e4che oder andere passende Freifl\u00e4chen zur Verf\u00fcgung haben. Stromerzeugende Alternative BHKW Das ist eine Photovoltaikanlage Die Photovoltaikanlage wandelt&hellip;<\/p>","protected":false},"author":1,"featured_media":0,"parent":0,"menu_order":0,"comment_status":"closed","ping_status":"closed","template":"","meta":{"_acf_changed":false,"footnotes":""},"acf":[],"yoast_head":"<!-- This site is optimized with the Yoast SEO plugin v23.1 - https:\/\/yoast.com\/wordpress\/plugins\/seo\/ -->\n<title>Solarstrom f\u00fcr Gewerbe \u2013 Photovoltaikanlagen f\u00fcr Gewerbekunden<\/title>\n<meta name=\"description\" content=\"Solarstrom f\u00fcr gewerbliche Kunden \u25ba Vorteile \u25ba Wichtig: Einspeiseverg\u00fctung sinkt \u25ba Alternative zur Solaranlage f\u00fcr Gewerbe mit Stromerzeugung\" \/>\n<meta name=\"robots\" content=\"index, follow, max-snippet:-1, max-image-preview:large, max-video-preview:-1\" \/>\n<link rel=\"canonical\" href=\"https:\/\/www.sense-electra.de\/en\/solaranlage-fuer-gewerbe\/\" \/>\n<meta property=\"og:locale\" content=\"en_GB\" \/>\n<meta property=\"og:type\" content=\"article\" \/>\n<meta property=\"og:title\" content=\"Solarstrom f\u00fcr Gewerbe \u2013 Photovoltaikanlagen f\u00fcr Gewerbekunden\" \/>\n<meta property=\"og:description\" content=\"Solarstrom f\u00fcr gewerbliche Kunden \u25ba Vorteile \u25ba Wichtig: Einspeiseverg\u00fctung sinkt \u25ba Alternative zur Solaranlage f\u00fcr Gewerbe mit Stromerzeugung\" \/>\n<meta property=\"og:url\" content=\"https:\/\/www.sense-electra.de\/en\/solaranlage-fuer-gewerbe\/\" \/>\n<meta property=\"og:site_name\" content=\"sense electra\" \/>\n<meta property=\"article:modified_time\" content=\"2022-03-02T11:03:24+00:00\" \/>\n<meta property=\"og:image\" content=\"https:\/\/www.sense-electra.de\/wp-content\/uploads\/2021\/06\/erneuerbare-energien-nachhaltig-im-gebaeude-nutzen.jpg\" \/>\n<meta name=\"twitter:card\" content=\"summary_large_image\" \/>\n<meta name=\"twitter:label1\" content=\"Estimated reading time\" \/>\n\t<meta name=\"twitter:data1\" content=\"4 minutes\" \/>\n<script type=\"application\/ld+json\" class=\"yoast-schema-graph\">{\"@context\":\"https:\/\/schema.org\",\"@graph\":[{\"@type\":\"WebPage\",\"@id\":\"https:\/\/www.sense-electra.de\/solaranlage-fuer-gewerbe\/\",\"url\":\"https:\/\/www.sense-electra.de\/solaranlage-fuer-gewerbe\/\",\"name\":\"Solarstrom f\u00fcr Gewerbe \u2013 Photovoltaikanlagen f\u00fcr Gewerbekunden\",\"isPartOf\":{\"@id\":\"https:\/\/www.sense-electra.de\/#website\"},\"primaryImageOfPage\":{\"@id\":\"https:\/\/www.sense-electra.de\/solaranlage-fuer-gewerbe\/#primaryimage\"},\"image\":{\"@id\":\"https:\/\/www.sense-electra.de\/solaranlage-fuer-gewerbe\/#primaryimage\"},\"thumbnailUrl\":\"https:\/\/www.sense-electra.de\/wp-content\/uploads\/2021\/06\/erneuerbare-energien-nachhaltig-im-gebaeude-nutzen.jpg\",\"datePublished\":\"2022-02-28T14:04:00+00:00\",\"dateModified\":\"2022-03-02T11:03:24+00:00\",\"description\":\"Solarstrom f\u00fcr gewerbliche Kunden \u25ba Vorteile \u25ba Wichtig: Einspeiseverg\u00fctung sinkt \u25ba Alternative zur Solaranlage f\u00fcr Gewerbe mit Stromerzeugung\",\"breadcrumb\":{\"@id\":\"https:\/\/www.sense-electra.de\/solaranlage-fuer-gewerbe\/#breadcrumb\"},\"inLanguage\":\"en-GB\",\"potentialAction\":[{\"@type\":\"ReadAction\",\"target\":[\"https:\/\/www.sense-electra.de\/solaranlage-fuer-gewerbe\/\"]}]},{\"@type\":\"ImageObject\",\"inLanguage\":\"en-GB\",\"@id\":\"https:\/\/www.sense-electra.de\/solaranlage-fuer-gewerbe\/#primaryimage\",\"url\":\"https:\/\/www.sense-electra.de\/wp-content\/uploads\/2021\/06\/erneuerbare-energien-nachhaltig-im-gebaeude-nutzen.jpg\",\"contentUrl\":\"https:\/\/www.sense-electra.de\/wp-content\/uploads\/2021\/06\/erneuerbare-energien-nachhaltig-im-gebaeude-nutzen.jpg\"},{\"@type\":\"BreadcrumbList\",\"@id\":\"https:\/\/www.sense-electra.de\/solaranlage-fuer-gewerbe\/#breadcrumb\",\"itemListElement\":[{\"@type\":\"ListItem\",\"position\":1,\"name\":\"Startseite\",\"item\":\"https:\/\/www.sense-electra.de\/\"},{\"@type\":\"ListItem\",\"position\":2,\"name\":\"Solaranlage f\u00fcr Gewerbe\"}]},{\"@type\":\"WebSite\",\"@id\":\"https:\/\/www.sense-electra.de\/#website\",\"url\":\"https:\/\/www.sense-electra.de\/\",\"name\":\"sense electra\",\"description\":\"W\u00e4rmeversorgung f\u00fcr Industrie- und Gewerbekunden\",\"potentialAction\":[{\"@type\":\"SearchAction\",\"target\":{\"@type\":\"EntryPoint\",\"urlTemplate\":\"https:\/\/www.sense-electra.de\/?s={search_term_string}\"},\"query-input\":\"required name=search_term_string\"}],\"inLanguage\":\"en-GB\"}]}<\/script>\n<!-- \/ Yoast SEO plugin. -->","yoast_head_json":{"title":"Solarstrom f\u00fcr Gewerbe \u2013 Photovoltaikanlagen f\u00fcr Gewerbekunden","description":"Solarstrom f\u00fcr gewerbliche Kunden \u25ba Vorteile \u25ba Wichtig: Einspeiseverg\u00fctung sinkt \u25ba Alternative zur Solaranlage f\u00fcr Gewerbe mit Stromerzeugung","robots":{"index":"index","follow":"follow","max-snippet":"max-snippet:-1","max-image-preview":"max-image-preview:large","max-video-preview":"max-video-preview:-1"},"canonical":"https:\/\/www.sense-electra.de\/en\/solaranlage-fuer-gewerbe\/","og_locale":"en_GB","og_type":"article","og_title":"Solarstrom f\u00fcr Gewerbe \u2013 Photovoltaikanlagen f\u00fcr Gewerbekunden","og_description":"Solarstrom f\u00fcr gewerbliche Kunden \u25ba Vorteile \u25ba Wichtig: Einspeiseverg\u00fctung sinkt \u25ba Alternative zur Solaranlage f\u00fcr Gewerbe mit Stromerzeugung","og_url":"https:\/\/www.sense-electra.de\/en\/solaranlage-fuer-gewerbe\/","og_site_name":"sense electra","article_modified_time":"2022-03-02T11:03:24+00:00","og_image":[{"url":"https:\/\/www.sense-electra.de\/wp-content\/uploads\/2021\/06\/erneuerbare-energien-nachhaltig-im-gebaeude-nutzen.jpg"}],"twitter_card":"summary_large_image","twitter_misc":{"Estimated reading time":"4 minutes"},"schema":{"@context":"https:\/\/schema.org","@graph":[{"@type":"WebPage","@id":"https:\/\/www.sense-electra.de\/solaranlage-fuer-gewerbe\/","url":"https:\/\/www.sense-electra.de\/solaranlage-fuer-gewerbe\/","name":"Solarstrom f\u00fcr Gewerbe \u2013 Photovoltaikanlagen f\u00fcr Gewerbekunden","isPartOf":{"@id":"https:\/\/www.sense-electra.de\/#website"},"primaryImageOfPage":{"@id":"https:\/\/www.sense-electra.de\/solaranlage-fuer-gewerbe\/#primaryimage"},"image":{"@id":"https:\/\/www.sense-electra.de\/solaranlage-fuer-gewerbe\/#primaryimage"},"thumbnailUrl":"https:\/\/www.sense-electra.de\/wp-content\/uploads\/2021\/06\/erneuerbare-energien-nachhaltig-im-gebaeude-nutzen.jpg","datePublished":"2022-02-28T14:04:00+00:00","dateModified":"2022-03-02T11:03:24+00:00","description":"Solarstrom f\u00fcr gewerbliche Kunden \u25ba Vorteile \u25ba Wichtig: Einspeiseverg\u00fctung sinkt \u25ba Alternative zur Solaranlage f\u00fcr Gewerbe mit Stromerzeugung","breadcrumb":{"@id":"https:\/\/www.sense-electra.de\/solaranlage-fuer-gewerbe\/#breadcrumb"},"inLanguage":"en-GB","potentialAction":[{"@type":"ReadAction","target":["https:\/\/www.sense-electra.de\/solaranlage-fuer-gewerbe\/"]}]},{"@type":"ImageObject","inLanguage":"en-GB","@id":"https:\/\/www.sense-electra.de\/solaranlage-fuer-gewerbe\/#primaryimage","url":"https:\/\/www.sense-electra.de\/wp-content\/uploads\/2021\/06\/erneuerbare-energien-nachhaltig-im-gebaeude-nutzen.jpg","contentUrl":"https:\/\/www.sense-electra.de\/wp-content\/uploads\/2021\/06\/erneuerbare-energien-nachhaltig-im-gebaeude-nutzen.jpg"},{"@type":"BreadcrumbList","@id":"https:\/\/www.sense-electra.de\/solaranlage-fuer-gewerbe\/#breadcrumb","itemListElement":[{"@type":"ListItem","position":1,"name":"Startseite","item":"https:\/\/www.sense-electra.de\/"},{"@type":"ListItem","position":2,"name":"Solaranlage f\u00fcr Gewerbe"}]},{"@type":"WebSite","@id":"https:\/\/www.sense-electra.de\/#website","url":"https:\/\/www.sense-electra.de\/","name":"sense electra","description":"W\u00e4rmeversorgung f\u00fcr Industrie- und Gewerbekunden","potentialAction":[{"@type":"SearchAction","target":{"@type":"EntryPoint","urlTemplate":"https:\/\/www.sense-electra.de\/?s={search_term_string}"},"query-input":"required name=search_term_string"}],"inLanguage":"en-GB"}]}},"_links":{"self":[{"href":"https:\/\/www.sense-electra.de\/en\/wp-json\/wp\/v2\/pages\/3826"}],"collection":[{"href":"https:\/\/www.sense-electra.de\/en\/wp-json\/wp\/v2\/pages"}],"about":[{"href":"https:\/\/www.sense-electra.de\/en\/wp-json\/wp\/v2\/types\/page"}],"author":[{"embeddable":true,"href":"https:\/\/www.sense-electra.de\/en\/wp-json\/wp\/v2\/users\/1"}],"replies":[{"embeddable":true,"href":"https:\/\/www.sense-electra.de\/en\/wp-json\/wp\/v2\/comments?post=3826"}],"version-history":[{"count":0,"href":"https:\/\/www.sense-electra.de\/en\/wp-json\/wp\/v2\/pages\/3826\/revisions"}],"wp:attachment":[{"href":"https:\/\/www.sense-electra.de\/en\/wp-json\/wp\/v2\/media?parent=3826"}],"curies":[{"name":"wp","href":"https:\/\/api.w.org\/{rel}","templated":true}]}}