{"id":3838,"date":"2022-02-28T16:49:52","date_gmt":"2022-02-28T15:49:52","guid":{"rendered":"https:\/\/www.sense-electra.de\/?page_id=3838"},"modified":"2023-10-16T09:02:44","modified_gmt":"2023-10-16T07:02:44","slug":"guenstige-gastarife-nur-gewerbe-und-industrie","status":"publish","type":"page","link":"https:\/\/www.sense-electra.de\/en\/guenstige-gastarife-nur-gewerbe-und-industrie\/","title":{"rendered":"G\u00fcnstige Gastarife &#8211; nur Gewerbe und Industrie"},"content":{"rendered":"<h1>\n\t\tG\u00fcnstige Gastarife.<br>F\u00fcr Gewerbe und Industrie\n\t<\/h1>\n\t<p>Verlassen Sie sich ganz auf uns: Wir decken jede Branche mit Erdgas ab einem j\u00e4hrlichen Verbrauch von 100.000 kWh ab. Deutschlandweit vergleichen wir die Gasanbieter und ermitteln den passenden Gastarif, der zu Ihrem Energieverbrauch passt.<\/p>\n\t<p><strong>What we offer:<\/strong><\/p>\n\t<ul>\n<li>Price comparison \u2013 free of charge<\/li>\n<li>Low-cost gas tariffs<\/li>\n<li>You are under no obligation to purchase<\/li>\n<\/ul>\n\t<p><strong>Get your customised gas tariff to the latest conditions now!<\/strong><\/p>\n<h3>\n\t\tGastarife f\u00fcr Abnahmemengen \u00fcber 100.000 kWh\n\t<\/h3>\n\t\n<div class=\"wpcf7 no-js\" id=\"wpcf7-f3873-o1\" lang=\"de-DE\" dir=\"ltr\">\n<div class=\"screen-reader-response\"><p role=\"status\" aria-live=\"polite\" aria-atomic=\"true\"><\/p> <ul><\/ul><\/div>\n<form action=\"\/en\/wp-json\/wp\/v2\/pages\/3838#wpcf7-f3873-o1\" method=\"post\" class=\"wpcf7-form init\" aria-label=\"Contact form\" novalidate=\"novalidate\" data-status=\"init\" data-trp-original-action=\"\/en\/wp-json\/wp\/v2\/pages\/3838#wpcf7-f3873-o1\">\n<div style=\"display: none;\">\n<input type=\"hidden\" name=\"_wpcf7\" value=\"3873\" \/>\n<input type=\"hidden\" name=\"_wpcf7_version\" value=\"5.9.8\" \/>\n<input type=\"hidden\" name=\"_wpcf7_locale\" value=\"de_DE_formal\" \/>\n<input type=\"hidden\" name=\"_wpcf7_unit_tag\" value=\"wpcf7-f3873-o1\" \/>\n<input type=\"hidden\" name=\"_wpcf7_container_post\" value=\"0\" \/>\n<input type=\"hidden\" name=\"_wpcf7_posted_data_hash\" value=\"\" \/>\n<\/div>\n<p><label> Gasverbrauch pro Jahr*<br \/>\n<span class=\"wpcf7-form-control-wrap\" data-name=\"Gasverbrauch\"><input size=\"40\" maxlength=\"400\" class=\"wpcf7-form-control wpcf7-text wpcf7-validates-as-required\" aria-required=\"true\" aria-invalid=\"false\" placeholder=\"\" value=\"\" type=\"text\" name=\"Gasverbrauch\" \/><\/span><\/label>\n<\/p>\n<p><label> Wo wird das Gas ben\u00f6tigt?*<br \/>\n<span class=\"wpcf7-form-control-wrap\" data-name=\"Postleitzahl\"><input size=\"40\" maxlength=\"400\" class=\"wpcf7-form-control wpcf7-text wpcf7-validates-as-required\" aria-required=\"true\" aria-invalid=\"false\" placeholder=\"Postleitzahl\" value=\"\" type=\"text\" name=\"Postleitzahl\" \/><\/span><\/label>\n<\/p>\n<p><span id=\"ho-ph-sense-2\" class=\"wpcf7-form-control-wrap phone-or-mail-wrap\" style=\"display:none !important; visibility:hidden !important;\"><label for=\"wpcf7-69e26c28bdcdb-field\" class=\"hp-message\">Bitte lassen Sie dieses Feld leer.<\/label><input id=\"wpcf7-69e26c28bdcdb-field\"  class=\"wpcf7-form-control wpcf7-text\" type=\"text\" name=\"phone-or-mail\" value=\"\" size=\"40\" tabindex=\"-1\" autocomplete=\"new-password\" \/><\/span>\n<\/p>\n<p><label> Ihre R\u00fcckrufnummer oder E-Mail Adresse*<br \/>\n<span class=\"wpcf7-form-control-wrap\" data-name=\"tel-220\"><input size=\"40\" maxlength=\"400\" class=\"wpcf7-form-control wpcf7-text wpcf7-validates-as-required\" aria-required=\"true\" aria-invalid=\"false\" value=\"\" type=\"text\" name=\"tel-220\" \/><\/span><\/label>\n<\/p>\n<p><span id=\"ho-ph-sense-1\" class=\"wpcf7-form-control-wrap phone-or-mail-wrap\" style=\"display:none !important; visibility:hidden !important;\"><label for=\"wpcf7-69e26c28bddb5-field\" class=\"hp-message\">Bitte lassen Sie dieses Feld leer.<\/label><input id=\"wpcf7-69e26c28bddb5-field\"  class=\"wpcf7-form-control wpcf7-text\" type=\"text\" name=\"phone-or-mail\" value=\"\" size=\"40\" tabindex=\"-1\" autocomplete=\"new-password\" \/><\/span><br \/>\n<label> <span class=\"formBHKW\">Datenschutz *<\/span><br \/>\n<span class=\"wpcf7-form-control-wrap\" data-name=\"acceptance-788\"><span class=\"wpcf7-form-control wpcf7-acceptance\"><span class=\"wpcf7-list-item\"><label><input type=\"checkbox\" name=\"acceptance-788\" value=\"1\" aria-invalid=\"false\" \/><span class=\"wpcf7-list-item-label\">Ich habe die <a target=\"_blank\" href=\"\/en\/datenschutz\/\">Datenschutzbestimmungen<\/a> zur Kenntnis genommen<\/span><\/label><\/span><\/span><\/span> <\/label><br \/>\n<input class=\"wpcf7-form-control wpcf7-submit has-spinner\" type=\"submit\" value=\"Anfrage senden\" \/>\n<\/p><div class=\"wpcf7-response-output\" aria-hidden=\"true\"><\/div>\n<input type=\"hidden\" name=\"trp-form-language\" value=\"en\"\/><\/form>\n<\/div>\n\n<h2>\n\t\tHow you benefit from our energy tariffs\n\t<\/h2>\n\t<p>You get your own personal contact person<\/p>\n\t<p>We\u2019ll check for any potential (tax) benefits<\/p>\n\t<p>We\u2019ll switch supplier contracts and contract stipulations on your behalf<\/p>\n\t<p>You\u2019ll receive a monthly evaluation of your load profile<\/p>\n<h2>\n\t\tWhat gas prices comprise of\n\t<\/h2>\n\t<p>The price of commercial gas price is made up of several components: gas purchase (energy procurement), grid charges (energy distribution), and taxes (state levy).<\/p>\n<p>Grid usage fees and taxes are fixed and constitute 50% of the gas price. The gas supplier can influence the remaining 50% through energy procurement, distribution costs, and the profit margin.<\/p>\n<h3>\n\t\tPurchasing gas \u2013 energy procurement\n\t<\/h3>\n\t<p>Die Energie\u00adbeschaffung macht etwa 40 % des Gesamt\u00adpreises f\u00fcr Gewerbe\u00adgas aus. Dazu geh\u00f6rt haupt\u00ads\u00e4chlich der Kauf\u00adpreis, welcher an der Energie\u00adb\u00f6rse in Leipzig fest\u00adgelegt wird und noch teil\u00adweise von der \u00d6lpreis\u00adentwicklung abh\u00e4ngt. Kosten f\u00fcr Import, Speicherung und Verteilung z\u00e4hlen ebenfalls zu den Beschaffungskosten.<\/p>\n\t<p>Diese sind bei Erdgas deut\u00adlich h\u00f6her als bei Strom, weil der Hauptanteil des Erd\u00adgases in Deutschland importiert wird. Die restlichen 10 % fallen f\u00fcr Vertriebs\u00adkosten an, wobei die Gas\u00adanbieter oft eine Marge einbehalten.<\/p>\n<h3>\n\t\tGrid charges and taxes\n\t<\/h3>\n\t<p>The amount paid in Germany for grid charges is regulated and monitored by the Federal Network Agency. The share of grid charges makes up approximately 20% of the commercial gas price. Grid charges are levied by the gas supplier and passed on to the network operator.<\/p>\n<p>The remaining 30% of the commercial gas price is comprised of taxes and concession fees. The concession fee depends on the size of the local municipality. The taxes include VAT (19%), natural gas tax, the biogas levy (BGU), and the control energy levy. The biogas levy (BGU) and the concession fees are paid to the city or local municipality by the grid operator for the right to use public transport routes for laying and operating the gas networks.<\/p>\n\t<p class=\"translation-block\">Compare gas prices and get a quote for low-cost gas - <strong> customised, free of charge, <\/strong> and <strong> with no purchase obligation. <\/strong><\/p>\n\t\t\t<a href=\"#Gasanfrage\" target=\"_self\" role=\"button\" rel=\"noopener\">\n\t\t\t\t\t\tNon-binding enquiry\n\t\t\t\t\t<\/a>\n<h2>\n\t\tHow to take advantage of our energy prices\n\t<\/h2>\n\t\t\t\t<img decoding=\"async\" src=\"https:\/\/www.sense-electra.de\/wp-content\/uploads\/2021\/10\/Zahl-1-dunkelgruen.png\" alt=\"Zahl 1 - dunkelgruen\" itemprop=\"image\" title=\"Zahl 1 - dunkelgruen\" onerror=\"this.style.display='none'\"  \/>\n\t<p class=\"translation-block\"><strong> Send us your request <\/strong> with postcode and consumption.<\/p>\n\t\t\t\t<img decoding=\"async\" src=\"https:\/\/www.sense-electra.de\/wp-content\/uploads\/2021\/10\/Zahl-2-dunkelgruen.png\" alt=\"Zahl 2 - dunkelgruen\" itemprop=\"image\" title=\"Zahl 2 - dunkelgruen\" onerror=\"this.style.display='none'\"  \/>\n\t<p>Wir <strong>We\u2019ll <strong> compare the gas suppliers <\/strong> and find <strong> the right gas tariff <\/strong> in your region.<\/strong> die <strong>Gasanbiete<\/strong>r und finden den <strong>passenden Gastarif<\/strong> in Ihrer Region.<\/p>\n\t\t\t\t<img decoding=\"async\" src=\"https:\/\/www.sense-electra.de\/wp-content\/uploads\/2021\/10\/Zahl-3-dunkelgruen.png\" alt=\"Zahl 3 - dunkelgruen\" itemprop=\"image\" title=\"Zahl 3 - dunkelgruen\" onerror=\"this.style.display='none'\"  \/>\n\t<p>Sie <strong>You receive an individual, , gas tariff \u2013 <strong> at no cost.<\/strong> <\/strong>Ihren <strong>ma\u00dfgeschneiderten Gastarif.<\/strong><\/p>\n\t\t\t\t<img decoding=\"async\" src=\"https:\/\/www.sense-electra.de\/wp-content\/uploads\/2021\/10\/Zahl-4-dunkelgruen.png\" alt=\"Zahl 4 - dunkelgruen\" itemprop=\"image\" title=\"Zahl 4 - dunkelgruen\" onerror=\"this.style.display='none'\"  \/>\n\t<p>Passt alles? Dann unterst\u00fctzen wir Sie beim <strong>It you like it, we\u2019ll then support you in <strong> switching to a new energy supplier. <\/strong><\/strong><\/p>\n<h3>\n\t\tGenau zugeschnittene, g\u00fcnstige Gastarife:\n\t<\/h3>\n<h3>\n\t\tWir sorgen f\u00fcr daf\u00fcr, dass Sie Ihre Energiekosten senken k\u00f6nnen.\n\t<\/h3>\n\t\t\t<a href=\"#\" role=\"button\">\n\t\t\t\t\t\tRequest gas tariff\n\t\t\t\t\t<\/a>\n\t\t\n<div class=\"wpcf7 no-js\" id=\"wpcf7-f3874-o2\" lang=\"de-DE\" dir=\"ltr\">\n<div class=\"screen-reader-response\"><p role=\"status\" aria-live=\"polite\" aria-atomic=\"true\"><\/p> <ul><\/ul><\/div>\n<form action=\"\/en\/wp-json\/wp\/v2\/pages\/3838#wpcf7-f3874-o2\" method=\"post\" class=\"wpcf7-form init\" aria-label=\"Contact form\" novalidate=\"novalidate\" data-status=\"init\" data-trp-original-action=\"\/en\/wp-json\/wp\/v2\/pages\/3838#wpcf7-f3874-o2\">\n<div style=\"display: none;\">\n<input type=\"hidden\" name=\"_wpcf7\" value=\"3874\" \/>\n<input type=\"hidden\" name=\"_wpcf7_version\" value=\"5.9.8\" \/>\n<input type=\"hidden\" name=\"_wpcf7_locale\" value=\"de_DE_formal\" \/>\n<input type=\"hidden\" name=\"_wpcf7_unit_tag\" value=\"wpcf7-f3874-o2\" \/>\n<input type=\"hidden\" name=\"_wpcf7_container_post\" value=\"0\" \/>\n<input type=\"hidden\" name=\"_wpcf7_posted_data_hash\" value=\"\" \/>\n<\/div>\n<h3>Gastarife f\u00fcr Abnahmemengen \u00fcber 100.000 kWh\n<\/h3>\n<p> Unser Angebot: kostenfreier Vergleich - g\u00fcnstige Gastarife - keine Abnahmeverpflichtung Ihrerseits.\n<\/p>\n<p><label> Gasverbrauch pro Jahr*<br \/>\n<span class=\"wpcf7-form-control-wrap\" data-name=\"Gasverbrauch\"><input size=\"40\" maxlength=\"400\" class=\"wpcf7-form-control wpcf7-text wpcf7-validates-as-required\" aria-required=\"true\" aria-invalid=\"false\" placeholder=\"\" value=\"\" type=\"text\" name=\"Gasverbrauch\" \/><\/span><\/label>\n<\/p>\n<p><label> Wo wird das Gas ben\u00f6tigt?*<br \/>\n<span class=\"wpcf7-form-control-wrap\" data-name=\"Postleitzahl\"><input size=\"40\" maxlength=\"400\" class=\"wpcf7-form-control wpcf7-text wpcf7-validates-as-required\" aria-required=\"true\" aria-invalid=\"false\" placeholder=\"Postleitzahl\" value=\"\" type=\"text\" name=\"Postleitzahl\" \/><\/span><\/label>\n<\/p>\n<p><label> Ihre R\u00fcckrufnummer oder E-Mail Adresse*<br \/>\n<span class=\"wpcf7-form-control-wrap\" data-name=\"tel-220\"><input size=\"40\" maxlength=\"400\" class=\"wpcf7-form-control wpcf7-text wpcf7-validates-as-required\" aria-required=\"true\" aria-invalid=\"false\" value=\"\" type=\"text\" name=\"tel-220\" \/><\/span><\/label>\n<\/p>\n<p><span id=\"ho-ph-sense-1\" class=\"wpcf7-form-control-wrap phone-or-mail-wrap\" style=\"display:none !important; visibility:hidden !important;\"><label for=\"wpcf7-69e26c28ccef1-field\" class=\"hp-message\">Bitte lassen Sie dieses Feld leer.<\/label><input id=\"wpcf7-69e26c28ccef1-field\"  class=\"wpcf7-form-control wpcf7-text\" type=\"text\" name=\"phone-or-mail\" value=\"\" size=\"40\" tabindex=\"-1\" autocomplete=\"new-password\" \/><\/span><br \/>\n<label> <span class=\"formBHKW\">Datenschutz *<\/span><br \/>\n<span class=\"wpcf7-form-control-wrap\" data-name=\"acceptance-789\"><span class=\"wpcf7-form-control wpcf7-acceptance\"><span class=\"wpcf7-list-item\"><label><input type=\"checkbox\" name=\"acceptance-789\" value=\"1\" aria-invalid=\"false\" \/><span class=\"wpcf7-list-item-label\">Ich habe die <a target=\"_blank\" href=\"\/en\/datenschutz\/\">Datenschutzbestimmungen<\/a> zur Kenntnis genommen<\/span><\/label><\/span><\/span><\/span> <\/label>\n<\/p>\n<p>* Pflichtfeld\n<\/p>\n<p><input class=\"wpcf7-form-control wpcf7-submit has-spinner\" type=\"submit\" value=\"Anfrage senden\" \/>\n<\/p><div class=\"wpcf7-response-output\" aria-hidden=\"true\"><\/div>\n<input type=\"hidden\" name=\"trp-form-language\" value=\"en\"\/><\/form>\n<\/div>","protected":false},"excerpt":{"rendered":"<p>G\u00fcnstige Gastarife.F\u00fcr Gewerbe und Industrie Verlassen Sie sich ganz auf uns: Wir decken jede Branche mit Erdgas ab einem j\u00e4hrlichen Verbrauch von 100.000 kWh ab. Deutschlandweit vergleichen wir die Gasanbieter und ermitteln den passenden Gastarif, der zu Ihrem Energieverbrauch passt. Unser Angebot: kostenfreier Vergleich g\u00fcnstige Gastarife keine Abnahmeverpflichtung Ihrerseits Jetzt ma\u00dfge\u00adschneiderten Gas\u00adpreis auf Grundlage der&hellip;<\/p>","protected":false},"author":1,"featured_media":0,"parent":0,"menu_order":0,"comment_status":"closed","ping_status":"closed","template":"","meta":{"_acf_changed":false,"footnotes":""},"acf":[],"yoast_head":"<!-- This site is optimized with the Yoast SEO plugin v23.1 - https:\/\/yoast.com\/wordpress\/plugins\/seo\/ -->\n<title>G\u00fcnstige Gastarife - nur Gewerbe und Industrie - sense electra<\/title>\n<meta name=\"description\" content=\"Gastarife f\u00fcr Abnahmemengen \u00fcber 100.000 kWh Kostenfreies Angebot erhalten. Keine Abnahmeverpflichtung. F\u00fcr Gewerbe- und Industriekunden.\" \/>\n<meta name=\"robots\" content=\"index, follow, max-snippet:-1, max-image-preview:large, max-video-preview:-1\" \/>\n<link rel=\"canonical\" href=\"https:\/\/www.sense-electra.de\/en\/guenstige-gastarife-nur-gewerbe-und-industrie\/\" \/>\n<meta property=\"og:locale\" content=\"en_GB\" \/>\n<meta property=\"og:type\" content=\"article\" \/>\n<meta property=\"og:title\" content=\"G\u00fcnstige Gastarife - nur Gewerbe und Industrie - sense electra\" \/>\n<meta property=\"og:description\" content=\"Gastarife f\u00fcr Abnahmemengen \u00fcber 100.000 kWh Kostenfreies Angebot erhalten. Keine Abnahmeverpflichtung. F\u00fcr Gewerbe- und Industriekunden.\" \/>\n<meta property=\"og:url\" content=\"https:\/\/www.sense-electra.de\/en\/guenstige-gastarife-nur-gewerbe-und-industrie\/\" \/>\n<meta property=\"og:site_name\" content=\"sense electra\" \/>\n<meta property=\"article:modified_time\" content=\"2023-10-16T07:02:44+00:00\" \/>\n<meta property=\"og:image\" content=\"https:\/\/www.sense-electra.de\/wp-content\/uploads\/2021\/10\/Zahl-1-dunkelgruen.png\" \/>\n<meta name=\"twitter:card\" content=\"summary_large_image\" \/>\n<meta name=\"twitter:label1\" content=\"Estimated reading time\" \/>\n\t<meta name=\"twitter:data1\" content=\"2 minutes\" \/>\n<script type=\"application\/ld+json\" class=\"yoast-schema-graph\">{\"@context\":\"https:\/\/schema.org\",\"@graph\":[{\"@type\":\"WebPage\",\"@id\":\"https:\/\/www.sense-electra.de\/guenstige-gastarife-nur-gewerbe-und-industrie\/\",\"url\":\"https:\/\/www.sense-electra.de\/guenstige-gastarife-nur-gewerbe-und-industrie\/\",\"name\":\"G\u00fcnstige Gastarife - nur Gewerbe und Industrie - sense electra\",\"isPartOf\":{\"@id\":\"https:\/\/www.sense-electra.de\/#website\"},\"primaryImageOfPage\":{\"@id\":\"https:\/\/www.sense-electra.de\/guenstige-gastarife-nur-gewerbe-und-industrie\/#primaryimage\"},\"image\":{\"@id\":\"https:\/\/www.sense-electra.de\/guenstige-gastarife-nur-gewerbe-und-industrie\/#primaryimage\"},\"thumbnailUrl\":\"https:\/\/www.sense-electra.de\/wp-content\/uploads\/2021\/10\/Zahl-1-dunkelgruen.png\",\"datePublished\":\"2022-02-28T15:49:52+00:00\",\"dateModified\":\"2023-10-16T07:02:44+00:00\",\"description\":\"Gastarife f\u00fcr Abnahmemengen \u00fcber 100.000 kWh Kostenfreies Angebot erhalten. Keine Abnahmeverpflichtung. F\u00fcr Gewerbe- und Industriekunden.\",\"breadcrumb\":{\"@id\":\"https:\/\/www.sense-electra.de\/guenstige-gastarife-nur-gewerbe-und-industrie\/#breadcrumb\"},\"inLanguage\":\"en-GB\",\"potentialAction\":[{\"@type\":\"ReadAction\",\"target\":[\"https:\/\/www.sense-electra.de\/guenstige-gastarife-nur-gewerbe-und-industrie\/\"]}]},{\"@type\":\"ImageObject\",\"inLanguage\":\"en-GB\",\"@id\":\"https:\/\/www.sense-electra.de\/guenstige-gastarife-nur-gewerbe-und-industrie\/#primaryimage\",\"url\":\"https:\/\/www.sense-electra.de\/wp-content\/uploads\/2021\/10\/Zahl-1-dunkelgruen.png\",\"contentUrl\":\"https:\/\/www.sense-electra.de\/wp-content\/uploads\/2021\/10\/Zahl-1-dunkelgruen.png\"},{\"@type\":\"BreadcrumbList\",\"@id\":\"https:\/\/www.sense-electra.de\/guenstige-gastarife-nur-gewerbe-und-industrie\/#breadcrumb\",\"itemListElement\":[{\"@type\":\"ListItem\",\"position\":1,\"name\":\"Startseite\",\"item\":\"https:\/\/www.sense-electra.de\/\"},{\"@type\":\"ListItem\",\"position\":2,\"name\":\"G\u00fcnstige Gastarife &#8211; nur Gewerbe und Industrie\"}]},{\"@type\":\"WebSite\",\"@id\":\"https:\/\/www.sense-electra.de\/#website\",\"url\":\"https:\/\/www.sense-electra.de\/\",\"name\":\"sense electra\",\"description\":\"W\u00e4rmeversorgung f\u00fcr Industrie- und Gewerbekunden\",\"potentialAction\":[{\"@type\":\"SearchAction\",\"target\":{\"@type\":\"EntryPoint\",\"urlTemplate\":\"https:\/\/www.sense-electra.de\/?s={search_term_string}\"},\"query-input\":\"required name=search_term_string\"}],\"inLanguage\":\"en-GB\"}]}<\/script>\n<!-- \/ Yoast SEO plugin. -->","yoast_head_json":{"title":"G\u00fcnstige Gastarife - nur Gewerbe und Industrie - sense electra","description":"Gastarife f\u00fcr Abnahmemengen \u00fcber 100.000 kWh Kostenfreies Angebot erhalten. Keine Abnahmeverpflichtung. F\u00fcr Gewerbe- und Industriekunden.","robots":{"index":"index","follow":"follow","max-snippet":"max-snippet:-1","max-image-preview":"max-image-preview:large","max-video-preview":"max-video-preview:-1"},"canonical":"https:\/\/www.sense-electra.de\/en\/guenstige-gastarife-nur-gewerbe-und-industrie\/","og_locale":"en_GB","og_type":"article","og_title":"G\u00fcnstige Gastarife - nur Gewerbe und Industrie - sense electra","og_description":"Gastarife f\u00fcr Abnahmemengen \u00fcber 100.000 kWh Kostenfreies Angebot erhalten. Keine Abnahmeverpflichtung. F\u00fcr Gewerbe- und Industriekunden.","og_url":"https:\/\/www.sense-electra.de\/en\/guenstige-gastarife-nur-gewerbe-und-industrie\/","og_site_name":"sense electra","article_modified_time":"2023-10-16T07:02:44+00:00","og_image":[{"url":"https:\/\/www.sense-electra.de\/wp-content\/uploads\/2021\/10\/Zahl-1-dunkelgruen.png"}],"twitter_card":"summary_large_image","twitter_misc":{"Estimated reading time":"2 minutes"},"schema":{"@context":"https:\/\/schema.org","@graph":[{"@type":"WebPage","@id":"https:\/\/www.sense-electra.de\/guenstige-gastarife-nur-gewerbe-und-industrie\/","url":"https:\/\/www.sense-electra.de\/guenstige-gastarife-nur-gewerbe-und-industrie\/","name":"G\u00fcnstige Gastarife - nur Gewerbe und Industrie - sense electra","isPartOf":{"@id":"https:\/\/www.sense-electra.de\/#website"},"primaryImageOfPage":{"@id":"https:\/\/www.sense-electra.de\/guenstige-gastarife-nur-gewerbe-und-industrie\/#primaryimage"},"image":{"@id":"https:\/\/www.sense-electra.de\/guenstige-gastarife-nur-gewerbe-und-industrie\/#primaryimage"},"thumbnailUrl":"https:\/\/www.sense-electra.de\/wp-content\/uploads\/2021\/10\/Zahl-1-dunkelgruen.png","datePublished":"2022-02-28T15:49:52+00:00","dateModified":"2023-10-16T07:02:44+00:00","description":"Gastarife f\u00fcr Abnahmemengen \u00fcber 100.000 kWh Kostenfreies Angebot erhalten. Keine Abnahmeverpflichtung. F\u00fcr Gewerbe- und Industriekunden.","breadcrumb":{"@id":"https:\/\/www.sense-electra.de\/guenstige-gastarife-nur-gewerbe-und-industrie\/#breadcrumb"},"inLanguage":"en-GB","potentialAction":[{"@type":"ReadAction","target":["https:\/\/www.sense-electra.de\/guenstige-gastarife-nur-gewerbe-und-industrie\/"]}]},{"@type":"ImageObject","inLanguage":"en-GB","@id":"https:\/\/www.sense-electra.de\/guenstige-gastarife-nur-gewerbe-und-industrie\/#primaryimage","url":"https:\/\/www.sense-electra.de\/wp-content\/uploads\/2021\/10\/Zahl-1-dunkelgruen.png","contentUrl":"https:\/\/www.sense-electra.de\/wp-content\/uploads\/2021\/10\/Zahl-1-dunkelgruen.png"},{"@type":"BreadcrumbList","@id":"https:\/\/www.sense-electra.de\/guenstige-gastarife-nur-gewerbe-und-industrie\/#breadcrumb","itemListElement":[{"@type":"ListItem","position":1,"name":"Startseite","item":"https:\/\/www.sense-electra.de\/"},{"@type":"ListItem","position":2,"name":"G\u00fcnstige Gastarife &#8211; nur Gewerbe und Industrie"}]},{"@type":"WebSite","@id":"https:\/\/www.sense-electra.de\/#website","url":"https:\/\/www.sense-electra.de\/","name":"sense electra","description":"W\u00e4rmeversorgung f\u00fcr Industrie- und Gewerbekunden","potentialAction":[{"@type":"SearchAction","target":{"@type":"EntryPoint","urlTemplate":"https:\/\/www.sense-electra.de\/?s={search_term_string}"},"query-input":"required name=search_term_string"}],"inLanguage":"en-GB"}]}},"_links":{"self":[{"href":"https:\/\/www.sense-electra.de\/en\/wp-json\/wp\/v2\/pages\/3838"}],"collection":[{"href":"https:\/\/www.sense-electra.de\/en\/wp-json\/wp\/v2\/pages"}],"about":[{"href":"https:\/\/www.sense-electra.de\/en\/wp-json\/wp\/v2\/types\/page"}],"author":[{"embeddable":true,"href":"https:\/\/www.sense-electra.de\/en\/wp-json\/wp\/v2\/users\/1"}],"replies":[{"embeddable":true,"href":"https:\/\/www.sense-electra.de\/en\/wp-json\/wp\/v2\/comments?post=3838"}],"version-history":[{"count":0,"href":"https:\/\/www.sense-electra.de\/en\/wp-json\/wp\/v2\/pages\/3838\/revisions"}],"wp:attachment":[{"href":"https:\/\/www.sense-electra.de\/en\/wp-json\/wp\/v2\/media?parent=3838"}],"curies":[{"name":"wp","href":"https:\/\/api.w.org\/{rel}","templated":true}]}}