{"id":4025,"date":"2023-10-05T17:18:13","date_gmt":"2023-10-05T15:18:13","guid":{"rendered":"https:\/\/www.sense-electra.de\/?page_id=4025"},"modified":"2023-11-21T09:10:47","modified_gmt":"2023-11-21T08:10:47","slug":"guenstige-tarife-fuer-industriestrom","status":"publish","type":"page","link":"https:\/\/www.sense-electra.de\/en\/guenstige-tarife-fuer-industriestrom\/","title":{"rendered":"G\u00fcnstige Tarife f\u00fcr Industriestrom"},"content":{"rendered":"<h1>\n\t\tG\u00fcnstige Tarife<br> f\u00fcr Industriestrom\n\t<\/h1>\n\t<p>Do you consume more than 100,000 kWh of electricity per year? Is your company based in Germany? Then we\u2019ll find low-cost electricity and the right electricity tariff for your company!<\/p>\n\t<p><strong>What we offer:<\/strong><\/p>\n\t<ul>\n<li>Price comparison \u2013 free of charge<\/li>\n<li>Low-cost electricity tariffs<\/li>\n<li>You are under no obligation to purchase<\/li>\n<\/ul>\n\t<p><strong>Get your customised electricity tariff to the latest conditions now!<\/strong><\/p>\n<h3>\n\t\tStromtarife f\u00fcr Abnahmemengen \u00fcber 100.000 kWh\n\t<\/h3>\n\t\n<div class=\"wpcf7 no-js\" id=\"wpcf7-f3880-o1\" lang=\"de-DE\" dir=\"ltr\">\n<div class=\"screen-reader-response\"><p role=\"status\" aria-live=\"polite\" aria-atomic=\"true\"><\/p> <ul><\/ul><\/div>\n<form action=\"\/en\/wp-json\/wp\/v2\/pages\/4025#wpcf7-f3880-o1\" method=\"post\" class=\"wpcf7-form init\" aria-label=\"Contact form\" novalidate=\"novalidate\" data-status=\"init\" data-trp-original-action=\"\/en\/wp-json\/wp\/v2\/pages\/4025#wpcf7-f3880-o1\">\n<div style=\"display: none;\">\n<input type=\"hidden\" name=\"_wpcf7\" value=\"3880\" \/>\n<input type=\"hidden\" name=\"_wpcf7_version\" value=\"5.9.8\" \/>\n<input type=\"hidden\" name=\"_wpcf7_locale\" value=\"de_DE_formal\" \/>\n<input type=\"hidden\" name=\"_wpcf7_unit_tag\" value=\"wpcf7-f3880-o1\" \/>\n<input type=\"hidden\" name=\"_wpcf7_container_post\" value=\"0\" \/>\n<input type=\"hidden\" name=\"_wpcf7_posted_data_hash\" value=\"\" \/>\n<\/div>\n<p><span id=\"wpcf7-69f7301399d76-wrapper\" class=\"wpcf7-form-control-wrap telreqsense-wrap\" style=\"display:none !important; visibility:hidden !important;\"><label for=\"wpcf7-69f7301399d76-field\" class=\"hp-message\">Bitte lassen Sie dieses Feld leer.<\/label><input id=\"wpcf7-69f7301399d76-field\"  class=\"wpcf7-form-control wpcf7-text formnv\" type=\"text\" name=\"telreqsense\" value=\"\" size=\"40\" tabindex=\"-1\" autocomplete=\"new-password\" \/><\/span>\n<\/p>\n<p><label> <span class=\"formBHKW\">Stromverbrauch pro Jahr*<\/span><br \/>\n<span class=\"wpcf7-form-control-wrap\" data-name=\"stromverbrauch-1\"><input size=\"40\" maxlength=\"400\" class=\"wpcf7-form-control wpcf7-text wpcf7-validates-as-required\" aria-required=\"true\" aria-invalid=\"false\" value=\"\" type=\"text\" name=\"stromverbrauch-1\" \/><\/span> <\/label>\n<\/p>\n<p><label> <span class=\"formBHKW\">Wo wird der Strom ben\u00f6tigt? *<\/span><br \/>\n<span class=\"wpcf7-form-control-wrap\" data-name=\"PLZ-1\"><input size=\"40\" maxlength=\"400\" class=\"wpcf7-form-control wpcf7-text wpcf7-validates-as-required\" aria-required=\"true\" aria-invalid=\"false\" placeholder=\"Ort\/Postleitzahl\" value=\"\" type=\"text\" name=\"PLZ-1\" \/><\/span> <\/label>\n<\/p>\n<p><span id=\"wpcf7-69f7301399f22-wrapper\" class=\"wpcf7-form-control-wrap addresssense-wrap\" style=\"display:none !important; visibility:hidden !important;\"><label for=\"wpcf7-69f7301399f22-field\" class=\"hp-message\">Bitte lassen Sie dieses Feld leer.<\/label><input id=\"wpcf7-69f7301399f22-field\"  class=\"wpcf7-form-control wpcf7-text formnv\" type=\"text\" name=\"addresssense\" value=\"\" size=\"40\" tabindex=\"-1\" autocomplete=\"new-password\" \/><\/span>\n<\/p>\n<p><label> <span class=\"formBHKW\">Ihre R\u00fcckrufnummer oder E-Mail Adresse*<\/span><br \/>\n<span class=\"wpcf7-form-control-wrap\" data-name=\"tel-1\"><input size=\"40\" maxlength=\"400\" class=\"wpcf7-form-control wpcf7-text wpcf7-validates-as-required\" aria-required=\"true\" aria-invalid=\"false\" value=\"\" type=\"text\" name=\"tel-1\" \/><\/span> <\/label>\n<\/p>\n<p><label> <span class=\"formBHKW\">Datenschutz *<\/span><br \/>\n<span class=\"wpcf7-form-control-wrap\" data-name=\"acceptance-786\"><span class=\"wpcf7-form-control wpcf7-acceptance\"><span class=\"wpcf7-list-item\"><label><input type=\"checkbox\" name=\"acceptance-786\" value=\"1\" aria-invalid=\"false\" \/><span class=\"wpcf7-list-item-label\">Ich habe die <a target=\"_blank\" href=\"\/en\/datenschutz\/\">Datenschutzbestimmungen<\/a> zur Kenntnis genommen<\/span><\/label><\/span><\/span><\/span> <\/label>\n<\/p>\n<p><input class=\"wpcf7-form-control wpcf7-submit has-spinner\" type=\"submit\" value=\"Anfrage senden\" \/>\n<\/p><div class=\"wpcf7-response-output\" aria-hidden=\"true\"><\/div>\n<input type=\"hidden\" name=\"trp-form-language\" value=\"en\"\/><\/form>\n<\/div>\n\n<h2>\n\t\tHow you benefit from our energy tariffs\n\t<\/h2>\n\t<p>You get your own personal contact person<\/p>\n\t<p>We\u2019ll check for any potential (tax) benefits<\/p>\n\t<p>We\u2019ll switch supplier contracts and contract stipulations on your behalf<\/p>\n\t<p>You\u2019ll receive a monthly evaluation of your load profile<\/p>\n<h2>\n\t\tIndustriestrom sparen: Empfehlungen f\u00fcr Gewerbekunden\n\t<\/h2>\n\t<p>Gewerbekunden sind keineswegs machtlos in Bezug auf ihre Industriestromkosten. Es gibt zahlreiche M\u00f6glichkeiten, den eigenen Stromverbrauch und somit die Kosten zu senken. Eine zentrale Ma\u00dfnahme besteht darin die Angebote verschiedener Stromanbieter zu vergleichen. Dies k\u00f6nnen Sie bei uns \u00fcber das Anfrageformular tun. Dar\u00fcber hinaus stehen gro\u00dfen Industrieunternehmen eine Vielzahl von Optionen zur Verf\u00fcgung, um langfristige Energieeinsparungen zu erzielen. Dabei ist zu beachten, dass selbst geringf\u00fcgige Einsparungen beim Energieverbrauch erhebliche finanzielle Vorteile mit sich bringen k\u00f6nnen. Eine wichtige Ma\u00dfnahme w\u00e4re z. B. die Beleuchtungsanlagen auf einen aktuellen, energieeffizienten Stand zu bringen.<\/p>\n\t\t\t<a href=\"#\" id=\"fl-accordion--label-0\" tabindex=\"0\" aria-controls=\"fl-accordion--panel-0\">weiterlesen<\/a>\n\t\t\t\t\t\t\t<a href=\"#\" id=\"fl-accordion--icon-0\" tabindex=\"0\" aria-controls=\"fl-accordion--panel-0\"><i>Expand<\/i><\/a>\n\t\t<h3>Gr\u00fcner Strom als Alternative<\/h3>\n<p>Nat\u00fcrlich haben Unternehmen die M\u00f6glichkeit Stromangebote zu nutzen, die auf erneuerbare Energien setzen. Wenn Wert auf umweltfreundlichen Industriestrom gelegt wird, ist es wichtig sicherzustellen, dass ein m\u00f6glichst hoher Bestandteil der Energie aus regenerativen Stromquellen kommt. Dies liefert einen konkreten Beitrag zum Umweltschutz. Daraus ergibt sich auch ein umweltfreundliches Image f\u00fcr Ihr Unternehmen, insbesondere wenn die Bem\u00fchungen f\u00fcr den Klimaschutz aktiv beworben werden.<\/p>\n\t\t\t\t<img decoding=\"async\" src=\"https:\/\/www.sense-electra.de\/wp-content\/uploads\/2021\/06\/kosten-senken-mit-bhkw.jpg\" alt=\"Steigende M\u00fcnzstapel und leuchtende Gl\u00fchlampe\" itemprop=\"image\" title=\"Mit einem BHKW Strom und Geld sparen\" onerror=\"this.style.display='none'\"  \/>\n\t\t\t<a href=\"#Stromanfrage\" target=\"_self\" role=\"button\" rel=\"noopener\">\n\t\t\t\t\t\tNon-binding enquiry\n\t\t\t\t\t<\/a>\n\t<p class=\"translation-block\">Compare electricity prices and get a quote for low-cost electricity - <strong> customised, free of charge, <\/strong> and <strong>with no purchase obligation. <\/strong><\/p>\n\t\t\t<a href=\"#Stromanfrage\" target=\"_self\" role=\"button\" rel=\"noopener\">\n\t\t\t\t\t\tNon-binding enquiry\n\t\t\t\t\t<\/a>\n<h2>\n\t\tHow to take advantage of our energy tariffs\n\t<\/h2>\n\t\t\t\t<img decoding=\"async\" src=\"https:\/\/www.sense-electra.de\/wp-content\/uploads\/2021\/10\/Zahl-1-dunkelgruen.png\" alt=\"Zahl 1 - dunkelgruen\" itemprop=\"image\" title=\"Zahl 1 - dunkelgruen\" onerror=\"this.style.display='none'\"  \/>\n\t<p class=\"translation-block\"><strong> Send us your request <\/strong> with postcode and consumption<\/p>\n\t\t\t\t<img decoding=\"async\" src=\"https:\/\/www.sense-electra.de\/wp-content\/uploads\/2021\/10\/Zahl-2-dunkelgruen.png\" alt=\"Zahl 2 - dunkelgruen\" itemprop=\"image\" title=\"Zahl 2 - dunkelgruen\" onerror=\"this.style.display='none'\"  \/>\n\t<p>Wir <strong>finden <\/strong>- <strong>We\u2019ll <strong> find the cheapest electricity tariff <\/strong> in your region.<\/strong> in Ihrer Region.<\/p>\n\t\t\t\t<img decoding=\"async\" src=\"https:\/\/www.sense-electra.de\/wp-content\/uploads\/2021\/10\/Zahl-3-dunkelgruen.png\" alt=\"Zahl 3 - dunkelgruen\" itemprop=\"image\" title=\"Zahl 3 - dunkelgruen\" onerror=\"this.style.display='none'\"  \/>\n\t<p>Sie <strong>You receive an individual, , gas tariff \u2013 <strong> at no cost.<\/strong> <\/strong>You receive an individual, customised <strong> energy tariff \u2013 at no cost. <\/strong> <strong>Energietarif.<\/strong><\/p>\n\t\t\t\t<img decoding=\"async\" src=\"https:\/\/www.sense-electra.de\/wp-content\/uploads\/2021\/10\/Zahl-4-dunkelgruen.png\" alt=\"Zahl 4 - dunkelgruen\" itemprop=\"image\" title=\"Zahl 4 - dunkelgruen\" onerror=\"this.style.display='none'\"  \/>\n\t<p class=\"translation-block\">You <strong> switch to a new energy supplier <\/strong>and <strong> pay less for your energy. <\/strong><\/p>\n\t\t\t\t<img decoding=\"async\" src=\"https:\/\/www.sense-electra.de\/wp-content\/uploads\/2021\/06\/energiedienstleister-fuer-blockheizkraftwerke-gewerbe-1-1024x682.jpg\" alt=\"Strommast vor blauem Himmel auf gr\u00fcnem Feld\" itemprop=\"image\" title=\"Energiedienstleister Strom und W\u00e4rme f\u00fcr Gewerbe\" onerror=\"this.style.display='none'\"  \/>\n<h2>\n\t\tIndustriestrom im Fokus: Gewerbliche Energiebed\u00fcrfnisse\n\t<\/h2>\n\t<p>Industriestrom ist der Energietr\u00e4ger, der von gewerblichen Kunden in Anspruch genommen wird. Im Gegensatz zu Privatkunden haben Unternehmen aus der Industrie spezifische Anforderungen an ihre Stromversorgung. Bereits geringf\u00fcgige Erh\u00f6hungen der Stromkosten k\u00f6nnen sich hier erheblich auf die Gesamtbetriebskosten auswirken.<\/p>\n\t\t\t<a href=\"#\" id=\"fl-accordion--label-0\" tabindex=\"0\" aria-controls=\"fl-accordion--panel-0\">weiterlesen<\/a>\n\t\t\t\t\t\t\t<a href=\"#\" id=\"fl-accordion--icon-0\" tabindex=\"0\" aria-controls=\"fl-accordion--panel-0\"><i>Expand<\/i><\/a>\n\t\t<h3>Industrietrompreise und ihre Auswirkungen<\/h3>\n<p>Obwohl Industriekunden vergleichsweise geringe Kosten f\u00fcr Gewerbestrom tragen, sind sie aufgrund ihres gr\u00f6\u00dferen Verbrauchs im st\u00e4rkeren Ma\u00dfe von der H\u00f6he der Strompreise abh\u00e4ngig. Aus diesem Grund beobachten wir aufmerksam die Entwicklung der Industriestrompreise, die gleicherma\u00dfen f\u00fcr Gaspreise relevant ist. Unternehmen haben die M\u00f6glichkeit, von verg\u00fcnstigten Strompreisen pro kWh bzw. MWh  zu profitieren. Die Preise f\u00fcr Industriestrom sind somit nicht mit den Tarifen f\u00fcr Privatkunden vergleichbar.<\/p>\n<h3>Dynamik des Marktes<\/h3>\n<p>Es ist schwer generelle Aussagen zur Entwicklung des Industriestrompreises in Deutschland zu treffen. Im Allgemeinen kann gesagt werden, dass steigende Kosten f\u00fcr Transport, Vertrieb und Netzbetreiber den Strompreis auch f\u00fcr Industriekunden in die H\u00f6he treiben. Deutsche Industrieunternehmen zahlen bereits seit einiger Zeit hohe Betr\u00e4ge f\u00fcr ihren Strombedarf im europ\u00e4ischen Vergleich. Daher ist es ratsam, die Preisentwicklung aufmerksam zu verfolgen und f\u00fcr m\u00f6gliche zuk\u00fcnftige Strompreiserh\u00f6hungen entsprechende Budgetreserven einzuplanen.<\/p>\n<h3>\n\t\tPassende, g\u00fcnstige Stromtarife &#8211;\n\t<\/h3>\n<h3>\n\t\twe\u2019ll help you lower your energy costs.\n\t<\/h3>\n\t\t\t<a href=\"#Stromanfrage\" target=\"_self\" role=\"button\" rel=\"noopener\">\n\t\t\t\t\t\tRequest electricity tariff\n\t\t\t\t\t<\/a>","protected":false},"excerpt":{"rendered":"<p>G\u00fcnstige Tarife f\u00fcr Industriestrom Ihr Stromverbrauch liegt j\u00e4hrlich \u00fcber 100.000 kWh und Ihr Firmensitz ist in Deutschland? Dann finden wir f\u00fcr Ihr Gewerbe einen g\u00fcnstigen und passenden Stromtarif! Unser Angebot kostenfreie Angebotserstellung g\u00fcnstige Stromtarife keine Abnahmeverpflichtung Ihrerseits Jetzt Anfrage senden und passgenauen, g\u00fcnstigen Stromtarif erhalten! Stromtarife f\u00fcr Abnahmemengen \u00fcber 100.000 kWh Ihre Vorteile mit unseren&hellip;<\/p>","protected":false},"author":4,"featured_media":0,"parent":0,"menu_order":0,"comment_status":"closed","ping_status":"closed","template":"","meta":{"_acf_changed":false,"footnotes":""},"acf":[],"yoast_head":"<!-- This site is optimized with the Yoast SEO plugin v23.1 - https:\/\/yoast.com\/wordpress\/plugins\/seo\/ -->\n<title>G\u00fcnstige Tarife f\u00fcr Industriestrom - sense electra<\/title>\n<meta name=\"description\" content=\"Kostenfreies Angebot f\u00fcr Abnahmemengen ab 100.000 kWh erhalten. Keine Abnahmeverpflichtung. F\u00fcr Gewerbe- und Industriekunden.\" \/>\n<meta name=\"robots\" content=\"index, follow, max-snippet:-1, max-image-preview:large, max-video-preview:-1\" \/>\n<link rel=\"canonical\" href=\"https:\/\/www.sense-electra.de\/en\/guenstige-tarife-fuer-industriestrom\/\" \/>\n<meta property=\"og:locale\" content=\"en_GB\" \/>\n<meta property=\"og:type\" content=\"article\" \/>\n<meta property=\"og:title\" content=\"G\u00fcnstige Tarife f\u00fcr Industriestrom - sense electra\" \/>\n<meta property=\"og:description\" content=\"Kostenfreies Angebot f\u00fcr Abnahmemengen ab 100.000 kWh erhalten. Keine Abnahmeverpflichtung. F\u00fcr Gewerbe- und Industriekunden.\" \/>\n<meta property=\"og:url\" content=\"https:\/\/www.sense-electra.de\/en\/guenstige-tarife-fuer-industriestrom\/\" \/>\n<meta property=\"og:site_name\" content=\"sense electra\" \/>\n<meta property=\"article:modified_time\" content=\"2023-11-21T08:10:47+00:00\" \/>\n<meta property=\"og:image\" content=\"https:\/\/www.sense-electra.de\/wp-content\/uploads\/2021\/06\/kosten-senken-mit-bhkw.jpg\" \/>\n<meta name=\"twitter:card\" content=\"summary_large_image\" \/>\n<meta name=\"twitter:label1\" content=\"Estimated reading time\" \/>\n\t<meta name=\"twitter:data1\" content=\"3 minutes\" \/>\n<script type=\"application\/ld+json\" class=\"yoast-schema-graph\">{\"@context\":\"https:\/\/schema.org\",\"@graph\":[{\"@type\":\"WebPage\",\"@id\":\"https:\/\/www.sense-electra.de\/guenstige-tarife-fuer-industriestrom\/\",\"url\":\"https:\/\/www.sense-electra.de\/guenstige-tarife-fuer-industriestrom\/\",\"name\":\"G\u00fcnstige Tarife f\u00fcr Industriestrom - sense electra\",\"isPartOf\":{\"@id\":\"https:\/\/www.sense-electra.de\/#website\"},\"primaryImageOfPage\":{\"@id\":\"https:\/\/www.sense-electra.de\/guenstige-tarife-fuer-industriestrom\/#primaryimage\"},\"image\":{\"@id\":\"https:\/\/www.sense-electra.de\/guenstige-tarife-fuer-industriestrom\/#primaryimage\"},\"thumbnailUrl\":\"https:\/\/www.sense-electra.de\/wp-content\/uploads\/2021\/06\/kosten-senken-mit-bhkw.jpg\",\"datePublished\":\"2023-10-05T15:18:13+00:00\",\"dateModified\":\"2023-11-21T08:10:47+00:00\",\"description\":\"Kostenfreies Angebot f\u00fcr Abnahmemengen ab 100.000 kWh erhalten. Keine Abnahmeverpflichtung. F\u00fcr Gewerbe- und Industriekunden.\",\"breadcrumb\":{\"@id\":\"https:\/\/www.sense-electra.de\/guenstige-tarife-fuer-industriestrom\/#breadcrumb\"},\"inLanguage\":\"en-GB\",\"potentialAction\":[{\"@type\":\"ReadAction\",\"target\":[\"https:\/\/www.sense-electra.de\/guenstige-tarife-fuer-industriestrom\/\"]}]},{\"@type\":\"ImageObject\",\"inLanguage\":\"en-GB\",\"@id\":\"https:\/\/www.sense-electra.de\/guenstige-tarife-fuer-industriestrom\/#primaryimage\",\"url\":\"https:\/\/www.sense-electra.de\/wp-content\/uploads\/2021\/06\/kosten-senken-mit-bhkw.jpg\",\"contentUrl\":\"https:\/\/www.sense-electra.de\/wp-content\/uploads\/2021\/06\/kosten-senken-mit-bhkw.jpg\"},{\"@type\":\"BreadcrumbList\",\"@id\":\"https:\/\/www.sense-electra.de\/guenstige-tarife-fuer-industriestrom\/#breadcrumb\",\"itemListElement\":[{\"@type\":\"ListItem\",\"position\":1,\"name\":\"Startseite\",\"item\":\"https:\/\/www.sense-electra.de\/\"},{\"@type\":\"ListItem\",\"position\":2,\"name\":\"G\u00fcnstige Tarife f\u00fcr Industriestrom\"}]},{\"@type\":\"WebSite\",\"@id\":\"https:\/\/www.sense-electra.de\/#website\",\"url\":\"https:\/\/www.sense-electra.de\/\",\"name\":\"sense electra\",\"description\":\"W\u00e4rmeversorgung f\u00fcr Industrie- und Gewerbekunden\",\"potentialAction\":[{\"@type\":\"SearchAction\",\"target\":{\"@type\":\"EntryPoint\",\"urlTemplate\":\"https:\/\/www.sense-electra.de\/?s={search_term_string}\"},\"query-input\":\"required name=search_term_string\"}],\"inLanguage\":\"en-GB\"}]}<\/script>\n<!-- \/ Yoast SEO plugin. -->","yoast_head_json":{"title":"G\u00fcnstige Tarife f\u00fcr Industriestrom - sense electra","description":"Kostenfreies Angebot f\u00fcr Abnahmemengen ab 100.000 kWh erhalten. Keine Abnahmeverpflichtung. F\u00fcr Gewerbe- und Industriekunden.","robots":{"index":"index","follow":"follow","max-snippet":"max-snippet:-1","max-image-preview":"max-image-preview:large","max-video-preview":"max-video-preview:-1"},"canonical":"https:\/\/www.sense-electra.de\/en\/guenstige-tarife-fuer-industriestrom\/","og_locale":"en_GB","og_type":"article","og_title":"G\u00fcnstige Tarife f\u00fcr Industriestrom - sense electra","og_description":"Kostenfreies Angebot f\u00fcr Abnahmemengen ab 100.000 kWh erhalten. Keine Abnahmeverpflichtung. F\u00fcr Gewerbe- und Industriekunden.","og_url":"https:\/\/www.sense-electra.de\/en\/guenstige-tarife-fuer-industriestrom\/","og_site_name":"sense electra","article_modified_time":"2023-11-21T08:10:47+00:00","og_image":[{"url":"https:\/\/www.sense-electra.de\/wp-content\/uploads\/2021\/06\/kosten-senken-mit-bhkw.jpg"}],"twitter_card":"summary_large_image","twitter_misc":{"Estimated reading time":"3 minutes"},"schema":{"@context":"https:\/\/schema.org","@graph":[{"@type":"WebPage","@id":"https:\/\/www.sense-electra.de\/guenstige-tarife-fuer-industriestrom\/","url":"https:\/\/www.sense-electra.de\/guenstige-tarife-fuer-industriestrom\/","name":"G\u00fcnstige Tarife f\u00fcr Industriestrom - sense electra","isPartOf":{"@id":"https:\/\/www.sense-electra.de\/#website"},"primaryImageOfPage":{"@id":"https:\/\/www.sense-electra.de\/guenstige-tarife-fuer-industriestrom\/#primaryimage"},"image":{"@id":"https:\/\/www.sense-electra.de\/guenstige-tarife-fuer-industriestrom\/#primaryimage"},"thumbnailUrl":"https:\/\/www.sense-electra.de\/wp-content\/uploads\/2021\/06\/kosten-senken-mit-bhkw.jpg","datePublished":"2023-10-05T15:18:13+00:00","dateModified":"2023-11-21T08:10:47+00:00","description":"Kostenfreies Angebot f\u00fcr Abnahmemengen ab 100.000 kWh erhalten. Keine Abnahmeverpflichtung. F\u00fcr Gewerbe- und Industriekunden.","breadcrumb":{"@id":"https:\/\/www.sense-electra.de\/guenstige-tarife-fuer-industriestrom\/#breadcrumb"},"inLanguage":"en-GB","potentialAction":[{"@type":"ReadAction","target":["https:\/\/www.sense-electra.de\/guenstige-tarife-fuer-industriestrom\/"]}]},{"@type":"ImageObject","inLanguage":"en-GB","@id":"https:\/\/www.sense-electra.de\/guenstige-tarife-fuer-industriestrom\/#primaryimage","url":"https:\/\/www.sense-electra.de\/wp-content\/uploads\/2021\/06\/kosten-senken-mit-bhkw.jpg","contentUrl":"https:\/\/www.sense-electra.de\/wp-content\/uploads\/2021\/06\/kosten-senken-mit-bhkw.jpg"},{"@type":"BreadcrumbList","@id":"https:\/\/www.sense-electra.de\/guenstige-tarife-fuer-industriestrom\/#breadcrumb","itemListElement":[{"@type":"ListItem","position":1,"name":"Startseite","item":"https:\/\/www.sense-electra.de\/"},{"@type":"ListItem","position":2,"name":"G\u00fcnstige Tarife f\u00fcr Industriestrom"}]},{"@type":"WebSite","@id":"https:\/\/www.sense-electra.de\/#website","url":"https:\/\/www.sense-electra.de\/","name":"sense electra","description":"W\u00e4rmeversorgung f\u00fcr Industrie- und Gewerbekunden","potentialAction":[{"@type":"SearchAction","target":{"@type":"EntryPoint","urlTemplate":"https:\/\/www.sense-electra.de\/?s={search_term_string}"},"query-input":"required name=search_term_string"}],"inLanguage":"en-GB"}]}},"_links":{"self":[{"href":"https:\/\/www.sense-electra.de\/en\/wp-json\/wp\/v2\/pages\/4025"}],"collection":[{"href":"https:\/\/www.sense-electra.de\/en\/wp-json\/wp\/v2\/pages"}],"about":[{"href":"https:\/\/www.sense-electra.de\/en\/wp-json\/wp\/v2\/types\/page"}],"author":[{"embeddable":true,"href":"https:\/\/www.sense-electra.de\/en\/wp-json\/wp\/v2\/users\/4"}],"replies":[{"embeddable":true,"href":"https:\/\/www.sense-electra.de\/en\/wp-json\/wp\/v2\/comments?post=4025"}],"version-history":[{"count":0,"href":"https:\/\/www.sense-electra.de\/en\/wp-json\/wp\/v2\/pages\/4025\/revisions"}],"wp:attachment":[{"href":"https:\/\/www.sense-electra.de\/en\/wp-json\/wp\/v2\/media?parent=4025"}],"curies":[{"name":"wp","href":"https:\/\/api.w.org\/{rel}","templated":true}]}}