{"id":555,"date":"2020-11-17T15:49:31","date_gmt":"2020-11-17T14:49:31","guid":{"rendered":"https:\/\/www.sense-electra.de\/?page_id=555"},"modified":"2023-11-21T09:12:30","modified_gmt":"2023-11-21T08:12:30","slug":"energieaudit","status":"publish","type":"page","link":"https:\/\/www.sense-electra.de\/en\/energiedienstleistungen\/energieaudit\/","title":{"rendered":"Energy audit"},"content":{"rendered":"<h1>\n\t\tEnergy audit pursuant to DIN 16247-1\n\t<\/h1>\n\t<p>Durch die Hilfe eines Energieaudits k\u00f6nnen Sie M\u00f6glichkeiten zur Energieeinsparung sichtbar machen und so Ihre Betriebskosten senken.<\/p>\n\t\t\t<a href=\"#Energieaudit_Verpflichtung\" target=\"_self\" role=\"button\" rel=\"noopener\">\n\t\t\t\t\t\t\tIs your company required to do one?\n\t\t\t\t\t<\/a>\n\t\t\t\t<img decoding=\"async\" src=\"https:\/\/www.sense-electra.de\/wp-content\/plugins\/bb-plugin\/img\/pixel.png\" alt=\"\" itemprop=\"image\" onerror=\"this.style.display='none'\"  \/>\n<h2>\n\t\tUnsere Leistung &#8211; Ihre Auditabsolvierung Schritt f\u00fcr Schritt \n\t<\/h2>\n<h2>\n\t\tUnsere Leistung &#8211; Ihr Audit Schritt f\u00fcr Schritt\n\t<\/h2>\n\t\t\t\t<img decoding=\"async\" src=\"https:\/\/www.sense-electra.de\/wp-content\/uploads\/2021\/10\/Zahl-1-dunkelgruen.png\" alt=\"Zahl 1 - dunkelgruen\" itemprop=\"image\" title=\"Zahl 1 - dunkelgruen\" onerror=\"this.style.display='none'\"  \/>\n\t<p>Introductory contact<\/p>\n\t<center>Clarify conditions<br \/>\nDen Umfang ermitteln<\/center>\n\t\t\t\t<img decoding=\"async\" src=\"https:\/\/www.sense-electra.de\/wp-content\/uploads\/2021\/10\/Zahl-2-dunkelgruen.png\" alt=\"Zahl 2 - dunkelgruen\" itemprop=\"image\" title=\"Zahl 2 - dunkelgruen\" onerror=\"this.style.display='none'\"  \/>\n\t<p>Kick-off meeting<\/p>\n\t<center>Ziel definieren<br \/>\nAusgestaltung realisieren<\/center>\n\t\t\t\t<img decoding=\"async\" src=\"https:\/\/www.sense-electra.de\/wp-content\/uploads\/2021\/10\/Zahl-3-dunkelgruen.png\" alt=\"Zahl 3 - dunkelgruen\" itemprop=\"image\" title=\"Zahl 3 - dunkelgruen\" onerror=\"this.style.display='none'\"  \/>\n\t<p>Collect data<\/p>\n\t<center>Vor-Ort-Begehung<br \/>\nBesichtigung des Objekts<\/center>\n\t\t\t\t<img decoding=\"async\" src=\"https:\/\/www.sense-electra.de\/wp-content\/uploads\/2021\/10\/Zahl-4-dunkelgruen.png\" alt=\"Zahl 4 - dunkelgruen\" itemprop=\"image\" title=\"Zahl 4 - dunkelgruen\" onerror=\"this.style.display='none'\"  \/>\n\t<p>Analysis<\/p>\n\t<center>Energetische IST-Situation<br \/>\nVorschl\u00e4ge formulieren<\/center>\n\t\t\t\t<img decoding=\"async\" src=\"https:\/\/www.sense-electra.de\/wp-content\/uploads\/2021\/10\/Zahl-5-dunkelgruen.png\" alt=\"Zahl 5 - dunkelgruen\" itemprop=\"image\" title=\"Zahl 5 - dunkelgruen\" onerror=\"this.style.display='none'\"  \/>\n\t<p>Final report<\/p>\n\t<p><center>Present and hand over results<\/center><\/p>\n<h2>\n\t\tWie wirkt sich das Energieaudit auf Gesch\u00e4ftsbetriebe aus?\n\t<\/h2>\n\t<p>An energy audit is an inventory of a company\u2019s energy consumption. Its purpose is to identify potential energy savings and to develop measures to use energy more efficiently. Energy audits are performed by internal or external energy auditors who examine the energy consumption of product machinery and lighting, for example.<\/p>\n<p>An energy audit takes between two months and one year to complete, depending on the energy data already available.<\/p>\n<p>Since 2015, some companies have been obliged to conduct an energy audit on a regular basis. This applies to non SME (small and medium-sized) companies, according to the definition by the EU Commission, which are based in the EU.<\/p>\n\t\t\t<a href=\"#\" role=\"button\">\n\t\t\t\t\t\tGet in touch\n\t\t\t\t\t<\/a>\n\t\t\n<div class=\"wpcf7 no-js\" id=\"wpcf7-f93-o1\" lang=\"de-DE\" dir=\"ltr\">\n<div class=\"screen-reader-response\"><p role=\"status\" aria-live=\"polite\" aria-atomic=\"true\"><\/p> <ul><\/ul><\/div>\n<form action=\"\/en\/wp-json\/wp\/v2\/pages\/555#wpcf7-f93-o1\" method=\"post\" class=\"wpcf7-form init\" aria-label=\"Contact form\" novalidate=\"novalidate\" data-status=\"init\" data-trp-original-action=\"\/en\/wp-json\/wp\/v2\/pages\/555#wpcf7-f93-o1\">\n<div style=\"display: none;\">\n<input type=\"hidden\" name=\"_wpcf7\" value=\"93\" \/>\n<input type=\"hidden\" name=\"_wpcf7_version\" value=\"5.9.8\" \/>\n<input type=\"hidden\" name=\"_wpcf7_locale\" value=\"de_DE_formal\" \/>\n<input type=\"hidden\" name=\"_wpcf7_unit_tag\" value=\"wpcf7-f93-o1\" \/>\n<input type=\"hidden\" name=\"_wpcf7_container_post\" value=\"0\" \/>\n<input type=\"hidden\" name=\"_wpcf7_posted_data_hash\" value=\"\" \/>\n<\/div>\n<h3>Kontaktanfrage\n<\/h3>\n<p>Schreiben Sie uns Ihre Anliegen - wir melden uns bei Ihnen!\n<\/p>\n<p><label> Ihr Name*<br \/>\n<span class=\"wpcf7-form-control-wrap\" data-name=\"your-name\"><input size=\"40\" maxlength=\"400\" class=\"wpcf7-form-control wpcf7-text wpcf7-validates-as-required\" aria-required=\"true\" aria-invalid=\"false\" value=\"\" type=\"text\" name=\"your-name\" \/><\/span> <\/label>\n<\/p>\n<p><span id=\"ho-ph-sense-1\" class=\"wpcf7-form-control-wrap phone-or-mail-wrap\" style=\"display:none !important; visibility:hidden !important;\"><label for=\"wpcf7-69f671f555157-field\" class=\"hp-message\">Bitte lassen Sie dieses Feld leer.<\/label><input id=\"wpcf7-69f671f555157-field\"  class=\"wpcf7-form-control wpcf7-text\" type=\"text\" name=\"phone-or-mail\" value=\"\" size=\"40\" tabindex=\"-1\" autocomplete=\"new-password\" \/><\/span>\n<\/p>\n<p><label> Ihre E-Mail-Adresse*<br \/>\n<span class=\"wpcf7-form-control-wrap\" data-name=\"your-email\"><input size=\"40\" maxlength=\"400\" class=\"wpcf7-form-control wpcf7-email wpcf7-validates-as-required wpcf7-text wpcf7-validates-as-email\" aria-required=\"true\" aria-invalid=\"false\" value=\"\" type=\"email\" name=\"your-email\" \/><\/span> <\/label>\n<\/p>\n<p><span id=\"ho-ph-sense-2\" class=\"wpcf7-form-control-wrap phone-or-mail-wrap\" style=\"display:none !important; visibility:hidden !important;\"><label for=\"wpcf7-69f671f5551fe-field\" class=\"hp-message\">Bitte lassen Sie dieses Feld leer.<\/label><input id=\"wpcf7-69f671f5551fe-field\"  class=\"wpcf7-form-control wpcf7-text\" type=\"text\" name=\"phone-or-mail\" value=\"\" size=\"40\" tabindex=\"-1\" autocomplete=\"new-password\" \/><\/span>\n<\/p>\n<p><label> Betreff<br \/>\n<span class=\"wpcf7-form-control-wrap\" data-name=\"your-subject\"><input size=\"40\" maxlength=\"400\" class=\"wpcf7-form-control wpcf7-text\" aria-invalid=\"false\" value=\"\" type=\"text\" name=\"your-subject\" \/><\/span> <\/label>\n<\/p>\n<p><label> Ihre Nachricht<br \/>\n<span class=\"wpcf7-form-control-wrap\" data-name=\"your-message\"><textarea cols=\"40\" rows=\"10\" maxlength=\"2000\" class=\"wpcf7-form-control wpcf7-textarea\" aria-invalid=\"false\" name=\"your-message\"><\/textarea><\/span> <\/label>\n<\/p>\n<p>*Pflichtfeld\n<\/p>\n<p>Bitte beachten Sie unsere <a target=\"_blank\" href=\"\/en\/datenschutz\/\">Datenschutzbestimmungen.<\/a>\n<\/p>\n<p><input class=\"wpcf7-form-control wpcf7-submit has-spinner\" type=\"submit\" value=\"Send\" \/>\n<\/p><div class=\"wpcf7-response-output\" aria-hidden=\"true\"><\/div>\n<input type=\"hidden\" name=\"trp-form-language\" value=\"en\"\/><\/form>\n<\/div>\n\t\n<h2>\n\t\tWas haben Unternehmen davon?\n\t<\/h2>\n\t<p>Reduce energy costs<\/p>\n\t<p>Increase your energy efficiency<\/p>\n\t<p>Einsparung von CO<sub>2<\/sub><\/p>\n\t<p>Government subsidies for SMEs<\/p>\n<h2>\n\t\tIst Ihr Unternehmen dazu verpflichtet ein Energieaudit durchzuf\u00fchren?\n\t<\/h2>\n\t<p>Wegen des Energiedienstleistungsgesetzes (EDLG) sind gr\u00f6\u00dfere und verbundene Unternehmen seit dem 05. Dezember 2015 dazu verpflichtet, ein Energieaudit gem\u00e4\u00df der gesetzlichen Norm DIN EN 16247-1 nachzuweisen. Dieses muss alle vier Jahre wiederholt durchgef\u00fchrt werden. <\/p>\n\t<p>Andernfalls werden Geldbu\u00dfen bis zu 50.000\u20ac f\u00e4llig. Kleine und mittelst\u00e4ndische Unternehmen (KMU) k\u00f6nnen ein Energieaudit freiwillig durchf\u00fchren. Eine Verpflichtung zur Umsetzung der empfohlenen Ma\u00dfnahmen gibt es nicht.<\/p>\n<h2>\n\t\tMit welchen Kosten ist ein Energieaudit verbunden?\n\t<\/h2>\n\tDie Kosten eines Energieaudits sind u. a. abh\u00e4ngig von der Gr\u00f6\u00dfe des Unternehmens und der Komplexit\u00e4t der Prozesse. Sie liegen in der Regel zwischen 2.000 und 10.000 Euro.<br \/>\nBei mehreren Standorten k\u00f6nnen die Preise durch einen erh\u00f6hten Zeitaufwand aber auch h\u00f6her sein.\n\t\t\t\t<img decoding=\"async\" src=\"https:\/\/www.sense-electra.de\/wp-content\/uploads\/2021\/06\/thermostat-heizkoerper-300x200.jpg\" alt=\"Thermostatkopfventil f\u00fcr Heizungsprojekt\" itemprop=\"image\" title=\"Ihr Heizungsprojekt mit Energieeinsparung\" onerror=\"this.style.display='none'\"  \/>\n<h3>\n\t\tApplication for tax relief\n\t<\/h3>\n\t<p>Bei der Durchf\u00fchrung eines Energieaudits nach DIN EN 16247-1 kann ein Antrag auf Steuerentlastungen f\u00fcr Strom- und Energieverbrauch gestellt werden. Daf\u00fcr muss das Unternehmen zum produzierenden Gewerbe geh\u00f6ren. Die Grundlage bildet die Spitzenausgleich-Effizienzsystemverordnung (SpaEfV) in Verbindung mit dem Stromsteuergesetz (StromStG) oder dem Energiesteuergesetz (EnergieStG). Eine Erlassung, Erstattung oder Verg\u00fctung der Stromsteuer wird nur gew\u00e4hrt, wenn die Steuerbelastung f\u00fcr Energie pro Kalenderjahr einen Betrag von 1000 Euro \u00fcbersteigt.<\/p>\n<h3>\n\t\tSpecial compensation scheme\n\t<\/h3>\n\t<p>Eine weitere finanzielle, aber indirekte F\u00f6rderung kann anhand der besonderen Ausgleichsregelung (BesAR) beantragt werden. Hierf\u00fcr m\u00fcssen bestimmte Anforderungen bez\u00fcglich Strommenge, Stromkostenintensit\u00e4t und Energieeffizienz erf\u00fcllt werden, um ab einer bestimmten Strommenge eine geringere EEG-Umlage zu zahlen.<\/p>\n<h2>\n\t\tAn energy audit or an energy management system?\n\t<\/h2>\n\t\t\t\t<img decoding=\"async\" src=\"https:\/\/www.sense-electra.de\/wp-content\/uploads\/2021\/06\/industrieanlage-energie-fuer-unternehmen.jpg\" alt=\"Moderne Anlagen aus Stahl\" itemprop=\"image\" title=\"M\u00f6glichkeiten eines Blockheizkraftwerks\" onerror=\"this.style.display='none'\"  \/>\n\tDer Energieaudit wird nicht im gleichen Umfang wie ein Energiemanagementsystem ausgef\u00fchrt. Deshalb kann nicht der gleiche Effekt erzielt werden. Anhand der Verbrauchsdaten, die aus dem Energieaudit gewonnen wurden, kann aber anschlie\u00dfend ein komplexeres Energiemanagementsystem nach DIN EN ISO 50001 eingef\u00fchrt werden.<br \/>\nIntroducing an energy management system will help you to permanently reduce your energy costs. We\u2019ll be happy to assist you in implementing a professional concept.\n\t\t\t<a href=\"https:\/\/www.sense-electra.de\/en\/leistungen\/energiemanagementsystem\/\" target=\"_self\" role=\"button\" rel=\"noopener\">\n\t\t\t\t\t\tEnergy management systems\n\t\t\t\t\t<\/a>\n<h3>\n\t\tAny questions?\n\t<\/h3>\n<h3>\n\t\tWe\u2019re happy to answer your queries by email or phone.\n\t<\/h3>\n\t\t\t<a href=\"#\" role=\"button\">\n\t\t\t\t\t\tGet in touch\n\t\t\t\t\t<\/a>\n\t\t\n<div class=\"wpcf7 no-js\" id=\"wpcf7-f93-o2\" lang=\"de-DE\" dir=\"ltr\">\n<div class=\"screen-reader-response\"><p role=\"status\" aria-live=\"polite\" aria-atomic=\"true\"><\/p> <ul><\/ul><\/div>\n<form action=\"\/en\/wp-json\/wp\/v2\/pages\/555#wpcf7-f93-o2\" method=\"post\" class=\"wpcf7-form init\" aria-label=\"Contact form\" novalidate=\"novalidate\" data-status=\"init\" data-trp-original-action=\"\/en\/wp-json\/wp\/v2\/pages\/555#wpcf7-f93-o2\">\n<div style=\"display: none;\">\n<input type=\"hidden\" name=\"_wpcf7\" value=\"93\" \/>\n<input type=\"hidden\" name=\"_wpcf7_version\" value=\"5.9.8\" \/>\n<input type=\"hidden\" name=\"_wpcf7_locale\" value=\"de_DE_formal\" \/>\n<input type=\"hidden\" name=\"_wpcf7_unit_tag\" value=\"wpcf7-f93-o2\" \/>\n<input type=\"hidden\" name=\"_wpcf7_container_post\" value=\"0\" \/>\n<input type=\"hidden\" name=\"_wpcf7_posted_data_hash\" value=\"\" \/>\n<\/div>\n<h3>Kontaktanfrage\n<\/h3>\n<p>Schreiben Sie uns Ihre Anliegen - wir melden uns bei Ihnen!\n<\/p>\n<p><label> Ihr Name*<br \/>\n<span class=\"wpcf7-form-control-wrap\" data-name=\"your-name\"><input size=\"40\" maxlength=\"400\" class=\"wpcf7-form-control wpcf7-text wpcf7-validates-as-required\" aria-required=\"true\" aria-invalid=\"false\" value=\"\" type=\"text\" name=\"your-name\" \/><\/span> <\/label>\n<\/p>\n<p><span id=\"ho-ph-sense-1\" class=\"wpcf7-form-control-wrap phone-or-mail-wrap\" style=\"display:none !important; visibility:hidden !important;\"><label for=\"wpcf7-69f671f563f9e-field\" class=\"hp-message\">Bitte lassen Sie dieses Feld leer.<\/label><input id=\"wpcf7-69f671f563f9e-field\"  class=\"wpcf7-form-control wpcf7-text\" type=\"text\" name=\"phone-or-mail\" value=\"\" size=\"40\" tabindex=\"-1\" autocomplete=\"new-password\" \/><\/span>\n<\/p>\n<p><label> Ihre E-Mail-Adresse*<br \/>\n<span class=\"wpcf7-form-control-wrap\" data-name=\"your-email\"><input size=\"40\" maxlength=\"400\" class=\"wpcf7-form-control wpcf7-email wpcf7-validates-as-required wpcf7-text wpcf7-validates-as-email\" aria-required=\"true\" aria-invalid=\"false\" value=\"\" type=\"email\" name=\"your-email\" \/><\/span> <\/label>\n<\/p>\n<p><span id=\"ho-ph-sense-2\" class=\"wpcf7-form-control-wrap phone-or-mail-wrap\" style=\"display:none !important; visibility:hidden !important;\"><label for=\"wpcf7-69f671f56404d-field\" class=\"hp-message\">Bitte lassen Sie dieses Feld leer.<\/label><input id=\"wpcf7-69f671f56404d-field\"  class=\"wpcf7-form-control wpcf7-text\" type=\"text\" name=\"phone-or-mail\" value=\"\" size=\"40\" tabindex=\"-1\" autocomplete=\"new-password\" \/><\/span>\n<\/p>\n<p><label> Betreff<br \/>\n<span class=\"wpcf7-form-control-wrap\" data-name=\"your-subject\"><input size=\"40\" maxlength=\"400\" class=\"wpcf7-form-control wpcf7-text\" aria-invalid=\"false\" value=\"\" type=\"text\" name=\"your-subject\" \/><\/span> <\/label>\n<\/p>\n<p><label> Ihre Nachricht<br \/>\n<span class=\"wpcf7-form-control-wrap\" data-name=\"your-message\"><textarea cols=\"40\" rows=\"10\" maxlength=\"2000\" class=\"wpcf7-form-control wpcf7-textarea\" aria-invalid=\"false\" name=\"your-message\"><\/textarea><\/span> <\/label>\n<\/p>\n<p>*Pflichtfeld\n<\/p>\n<p>Bitte beachten Sie unsere <a target=\"_blank\" href=\"\/en\/datenschutz\/\">Datenschutzbestimmungen.<\/a>\n<\/p>\n<p><input class=\"wpcf7-form-control wpcf7-submit has-spinner\" type=\"submit\" value=\"Send\" \/>\n<\/p><div class=\"wpcf7-response-output\" aria-hidden=\"true\"><\/div>\n<input type=\"hidden\" name=\"trp-form-language\" value=\"en\"\/><\/form>\n<\/div>","protected":false},"excerpt":{"rendered":"<p>Energieaudit nach DIN 16247-1 Durch die Hilfe eines Energieaudits k\u00f6nnen Sie M\u00f6glichkeiten zur Energieeinsparung sichtbar machen und so Ihre Betriebskosten senken. Ist Ihr Unternehmen dazu verpflichtet? Unsere Leistung &#8211; Ihre Auditabsolvierung Schritt f\u00fcr Schritt Unsere Leistung &#8211; Ihr Audit Schritt f\u00fcr Schritt Einleitender Kontakt Rahmenbedingungen kl\u00e4ren Den Umfang ermitteln Auftaktbesprechung Ziel definieren Ausgestaltung realisieren Datenerfassung&hellip;<\/p>","protected":false},"author":1,"featured_media":0,"parent":56,"menu_order":0,"comment_status":"closed","ping_status":"closed","template":"","meta":{"_acf_changed":false,"footnotes":""},"acf":[],"yoast_head":"<!-- This site is optimized with the Yoast SEO plugin v23.1 - https:\/\/yoast.com\/wordpress\/plugins\/seo\/ -->\n<title>Energieaudit f\u00fcr Unternehmen f\u00fcr jede Branche - sense electra<\/title>\n<meta name=\"description\" content=\"Energieaudit \u2013 wer ist dazu verpflichtet? \u27a4 Gleich pr\u00fcfen. Wir beraten &amp; f\u00fchren Energieaudits durch. Alles Wichtige zu Kosten &amp; Anforderungen.\" \/>\n<meta name=\"robots\" content=\"index, follow, max-snippet:-1, max-image-preview:large, max-video-preview:-1\" \/>\n<link rel=\"canonical\" href=\"https:\/\/www.sense-electra.de\/en\/energiedienstleistungen\/energieaudit\/\" \/>\n<meta property=\"og:locale\" content=\"en_GB\" \/>\n<meta property=\"og:type\" content=\"article\" \/>\n<meta property=\"og:title\" content=\"Energieaudit f\u00fcr Unternehmen f\u00fcr jede Branche - sense electra\" \/>\n<meta property=\"og:description\" content=\"Energieaudit \u2013 wer ist dazu verpflichtet? \u27a4 Gleich pr\u00fcfen. Wir beraten &amp; f\u00fchren Energieaudits durch. Alles Wichtige zu Kosten &amp; Anforderungen.\" \/>\n<meta property=\"og:url\" content=\"https:\/\/www.sense-electra.de\/en\/energiedienstleistungen\/energieaudit\/\" \/>\n<meta property=\"og:site_name\" content=\"sense electra\" \/>\n<meta property=\"article:modified_time\" content=\"2023-11-21T08:12:30+00:00\" \/>\n<meta property=\"og:image\" content=\"https:\/\/www.sense-electra.de\/wp-content\/plugins\/bb-plugin\/img\/pixel.png\" \/>\n<meta name=\"twitter:card\" content=\"summary_large_image\" \/>\n<meta name=\"twitter:label1\" content=\"Estimated reading time\" \/>\n\t<meta name=\"twitter:data1\" content=\"3 minutes\" \/>\n<script type=\"application\/ld+json\" class=\"yoast-schema-graph\">{\"@context\":\"https:\/\/schema.org\",\"@graph\":[{\"@type\":\"WebPage\",\"@id\":\"https:\/\/www.sense-electra.de\/energiedienstleistungen\/energieaudit\/\",\"url\":\"https:\/\/www.sense-electra.de\/energiedienstleistungen\/energieaudit\/\",\"name\":\"Energieaudit f\u00fcr Unternehmen f\u00fcr jede Branche - sense electra\",\"isPartOf\":{\"@id\":\"https:\/\/www.sense-electra.de\/#website\"},\"primaryImageOfPage\":{\"@id\":\"https:\/\/www.sense-electra.de\/energiedienstleistungen\/energieaudit\/#primaryimage\"},\"image\":{\"@id\":\"https:\/\/www.sense-electra.de\/energiedienstleistungen\/energieaudit\/#primaryimage\"},\"thumbnailUrl\":\"https:\/\/www.sense-electra.de\/wp-content\/plugins\/bb-plugin\/img\/pixel.png\",\"datePublished\":\"2020-11-17T14:49:31+00:00\",\"dateModified\":\"2023-11-21T08:12:30+00:00\",\"description\":\"Energieaudit \u2013 wer ist dazu verpflichtet? \u27a4 Gleich pr\u00fcfen. Wir beraten & f\u00fchren Energieaudits durch. Alles Wichtige zu Kosten & Anforderungen.\",\"breadcrumb\":{\"@id\":\"https:\/\/www.sense-electra.de\/energiedienstleistungen\/energieaudit\/#breadcrumb\"},\"inLanguage\":\"en-GB\",\"potentialAction\":[{\"@type\":\"ReadAction\",\"target\":[\"https:\/\/www.sense-electra.de\/energiedienstleistungen\/energieaudit\/\"]}]},{\"@type\":\"ImageObject\",\"inLanguage\":\"en-GB\",\"@id\":\"https:\/\/www.sense-electra.de\/energiedienstleistungen\/energieaudit\/#primaryimage\",\"url\":\"https:\/\/www.sense-electra.de\/wp-content\/plugins\/bb-plugin\/img\/pixel.png\",\"contentUrl\":\"https:\/\/www.sense-electra.de\/wp-content\/plugins\/bb-plugin\/img\/pixel.png\"},{\"@type\":\"BreadcrumbList\",\"@id\":\"https:\/\/www.sense-electra.de\/energiedienstleistungen\/energieaudit\/#breadcrumb\",\"itemListElement\":[{\"@type\":\"ListItem\",\"position\":1,\"name\":\"Startseite\",\"item\":\"https:\/\/www.sense-electra.de\/\"},{\"@type\":\"ListItem\",\"position\":2,\"name\":\"Energiedienstleistungen\",\"item\":\"https:\/\/www.sense-electra.de\/energiedienstleistungen\/\"},{\"@type\":\"ListItem\",\"position\":3,\"name\":\"Energieaudit\"}]},{\"@type\":\"WebSite\",\"@id\":\"https:\/\/www.sense-electra.de\/#website\",\"url\":\"https:\/\/www.sense-electra.de\/\",\"name\":\"sense electra\",\"description\":\"W\u00e4rmeversorgung f\u00fcr Industrie- und Gewerbekunden\",\"potentialAction\":[{\"@type\":\"SearchAction\",\"target\":{\"@type\":\"EntryPoint\",\"urlTemplate\":\"https:\/\/www.sense-electra.de\/?s={search_term_string}\"},\"query-input\":\"required name=search_term_string\"}],\"inLanguage\":\"en-GB\"}]}<\/script>\n<!-- \/ Yoast SEO plugin. -->","yoast_head_json":{"title":"Energieaudit f\u00fcr Unternehmen f\u00fcr jede Branche - sense electra","description":"Energieaudit \u2013 wer ist dazu verpflichtet? \u27a4 Gleich pr\u00fcfen. Wir beraten & f\u00fchren Energieaudits durch. Alles Wichtige zu Kosten & Anforderungen.","robots":{"index":"index","follow":"follow","max-snippet":"max-snippet:-1","max-image-preview":"max-image-preview:large","max-video-preview":"max-video-preview:-1"},"canonical":"https:\/\/www.sense-electra.de\/en\/energiedienstleistungen\/energieaudit\/","og_locale":"en_GB","og_type":"article","og_title":"Energieaudit f\u00fcr Unternehmen f\u00fcr jede Branche - sense electra","og_description":"Energieaudit \u2013 wer ist dazu verpflichtet? \u27a4 Gleich pr\u00fcfen. Wir beraten & f\u00fchren Energieaudits durch. Alles Wichtige zu Kosten & Anforderungen.","og_url":"https:\/\/www.sense-electra.de\/en\/energiedienstleistungen\/energieaudit\/","og_site_name":"sense electra","article_modified_time":"2023-11-21T08:12:30+00:00","og_image":[{"url":"https:\/\/www.sense-electra.de\/wp-content\/plugins\/bb-plugin\/img\/pixel.png"}],"twitter_card":"summary_large_image","twitter_misc":{"Estimated reading time":"3 minutes"},"schema":{"@context":"https:\/\/schema.org","@graph":[{"@type":"WebPage","@id":"https:\/\/www.sense-electra.de\/energiedienstleistungen\/energieaudit\/","url":"https:\/\/www.sense-electra.de\/energiedienstleistungen\/energieaudit\/","name":"Energieaudit f\u00fcr Unternehmen f\u00fcr jede Branche - sense electra","isPartOf":{"@id":"https:\/\/www.sense-electra.de\/#website"},"primaryImageOfPage":{"@id":"https:\/\/www.sense-electra.de\/energiedienstleistungen\/energieaudit\/#primaryimage"},"image":{"@id":"https:\/\/www.sense-electra.de\/energiedienstleistungen\/energieaudit\/#primaryimage"},"thumbnailUrl":"https:\/\/www.sense-electra.de\/wp-content\/plugins\/bb-plugin\/img\/pixel.png","datePublished":"2020-11-17T14:49:31+00:00","dateModified":"2023-11-21T08:12:30+00:00","description":"Energieaudit \u2013 wer ist dazu verpflichtet? \u27a4 Gleich pr\u00fcfen. Wir beraten & f\u00fchren Energieaudits durch. Alles Wichtige zu Kosten & Anforderungen.","breadcrumb":{"@id":"https:\/\/www.sense-electra.de\/energiedienstleistungen\/energieaudit\/#breadcrumb"},"inLanguage":"en-GB","potentialAction":[{"@type":"ReadAction","target":["https:\/\/www.sense-electra.de\/energiedienstleistungen\/energieaudit\/"]}]},{"@type":"ImageObject","inLanguage":"en-GB","@id":"https:\/\/www.sense-electra.de\/energiedienstleistungen\/energieaudit\/#primaryimage","url":"https:\/\/www.sense-electra.de\/wp-content\/plugins\/bb-plugin\/img\/pixel.png","contentUrl":"https:\/\/www.sense-electra.de\/wp-content\/plugins\/bb-plugin\/img\/pixel.png"},{"@type":"BreadcrumbList","@id":"https:\/\/www.sense-electra.de\/energiedienstleistungen\/energieaudit\/#breadcrumb","itemListElement":[{"@type":"ListItem","position":1,"name":"Startseite","item":"https:\/\/www.sense-electra.de\/"},{"@type":"ListItem","position":2,"name":"Energiedienstleistungen","item":"https:\/\/www.sense-electra.de\/energiedienstleistungen\/"},{"@type":"ListItem","position":3,"name":"Energieaudit"}]},{"@type":"WebSite","@id":"https:\/\/www.sense-electra.de\/#website","url":"https:\/\/www.sense-electra.de\/","name":"sense electra","description":"W\u00e4rmeversorgung f\u00fcr Industrie- und Gewerbekunden","potentialAction":[{"@type":"SearchAction","target":{"@type":"EntryPoint","urlTemplate":"https:\/\/www.sense-electra.de\/?s={search_term_string}"},"query-input":"required name=search_term_string"}],"inLanguage":"en-GB"}]}},"_links":{"self":[{"href":"https:\/\/www.sense-electra.de\/en\/wp-json\/wp\/v2\/pages\/555"}],"collection":[{"href":"https:\/\/www.sense-electra.de\/en\/wp-json\/wp\/v2\/pages"}],"about":[{"href":"https:\/\/www.sense-electra.de\/en\/wp-json\/wp\/v2\/types\/page"}],"author":[{"embeddable":true,"href":"https:\/\/www.sense-electra.de\/en\/wp-json\/wp\/v2\/users\/1"}],"replies":[{"embeddable":true,"href":"https:\/\/www.sense-electra.de\/en\/wp-json\/wp\/v2\/comments?post=555"}],"version-history":[{"count":0,"href":"https:\/\/www.sense-electra.de\/en\/wp-json\/wp\/v2\/pages\/555\/revisions"}],"up":[{"embeddable":true,"href":"https:\/\/www.sense-electra.de\/en\/wp-json\/wp\/v2\/pages\/56"}],"wp:attachment":[{"href":"https:\/\/www.sense-electra.de\/en\/wp-json\/wp\/v2\/media?parent=555"}],"curies":[{"name":"wp","href":"https:\/\/api.w.org\/{rel}","templated":true}]}}