{"id":58,"date":"2020-08-03T14:40:09","date_gmt":"2020-08-03T12:40:09","guid":{"rendered":"https:\/\/www.sense-electra.de\/?page_id=58"},"modified":"2023-12-07T08:21:32","modified_gmt":"2023-12-07T07:21:32","slug":"blockheizkraftwerk","status":"publish","type":"page","link":"https:\/\/www.sense-electra.de\/en\/blockheizkraftwerk\/","title":{"rendered":"Combined heat and power units"},"content":{"rendered":"<h1>\r\n\t\tSparen Sie im <br>Jahr bis zu 40 % Energiekosten\r\n\t<\/h1>\r\n\t<p>Supply heat with combined heat and power units<\/p>\r\n\t\t\t<a href=\"#\" role=\"button\">\r\n\t\t\t\t\t\t\tGet a quote now\r\n\t\t\t\t\t<\/a>\r\n\t\t\n<div class=\"wpcf7 no-js\" id=\"wpcf7-f1736-o1\" lang=\"de-DE\" dir=\"ltr\">\n<div class=\"screen-reader-response\"><p role=\"status\" aria-live=\"polite\" aria-atomic=\"true\"><\/p> <ul><\/ul><\/div>\n<form action=\"\/en\/wp-json\/wp\/v2\/pages\/58#wpcf7-f1736-o1\" method=\"post\" class=\"wpcf7-form init\" aria-label=\"Contact form\" novalidate=\"novalidate\" data-status=\"init\" data-trp-original-action=\"\/en\/wp-json\/wp\/v2\/pages\/58#wpcf7-f1736-o1\">\n<div style=\"display: none;\">\n<input type=\"hidden\" name=\"_wpcf7\" value=\"1736\" \/>\n<input type=\"hidden\" name=\"_wpcf7_version\" value=\"5.9.8\" \/>\n<input type=\"hidden\" name=\"_wpcf7_locale\" value=\"de_DE_formal\" \/>\n<input type=\"hidden\" name=\"_wpcf7_unit_tag\" value=\"wpcf7-f1736-o1\" \/>\n<input type=\"hidden\" name=\"_wpcf7_container_post\" value=\"0\" \/>\n<input type=\"hidden\" name=\"_wpcf7_posted_data_hash\" value=\"\" \/>\n<\/div>\n<h3>submit a CHP inquiry\n<\/h3>\n<p> Unser Team berechnet Ihre Einsparungen mittels BHKW - kostenfrei und komplett unverbindlich. Treten Sie jetzt mit unseren BHKW-Experten in Kontakt.\n<\/p>\n<p><label> Womit heizen Sie?*<br \/>\n<span class=\"wpcf7-form-control-wrap\" data-name=\"Brennstoff\"><select class=\"wpcf7-form-control wpcf7-select wpcf7-validates-as-required\" aria-required=\"true\" aria-invalid=\"false\" name=\"Brennstoff\"><option value=\"\">&#8211; Bitte ausw\u00e4hlen &#8211;<\/option><option value=\"Gas\">Gas<\/option><option value=\"\u00d6l\">\u00d6l<\/option><option value=\"Sonstiges\">Sonstiges<\/option><\/select><\/span><br \/>\n<\/label>\n<\/p>\n<p><span id=\"ho-ph-sense-1\" class=\"wpcf7-form-control-wrap phone-or-mail-wrap\" style=\"display:none !important; visibility:hidden !important;\"><label for=\"wpcf7-69f671ba0da71-field\" class=\"hp-message\">Bitte lassen Sie dieses Feld leer.<\/label><input id=\"wpcf7-69f671ba0da71-field\"  class=\"wpcf7-form-control wpcf7-text\" type=\"text\" name=\"phone-or-mail\" value=\"\" size=\"40\" tabindex=\"-1\" autocomplete=\"new-password\" \/><\/span>\n<\/p>\n<p><label> Ihr Verbrauch pro Jahr (kWh)*<br \/>\n<span class=\"wpcf7-form-control-wrap\" data-name=\"Verbrauch\"><input size=\"40\" maxlength=\"400\" class=\"wpcf7-form-control wpcf7-text wpcf7-validates-as-required\" aria-required=\"true\" aria-invalid=\"false\" value=\"\" type=\"text\" name=\"Verbrauch\" \/><\/span> <\/label>\n<\/p>\n<p><label> Art des Geb\u00e4udes*<br \/>\n<span class=\"wpcf7-form-control-wrap\" data-name=\"Gebauedeart\"><select class=\"wpcf7-form-control wpcf7-select wpcf7-validates-as-required\" aria-required=\"true\" aria-invalid=\"false\" name=\"Gebauedeart\"><option value=\"Gewerbegeb\u00e4ude\">Commercial site<\/option><option value=\"Wohngeb\u00e4ude\">Residential building<\/option><\/select><\/span> <\/label>\n<\/p>\n<p><label> Ihre Firmen-E-Mail*<br \/>\n<span class=\"wpcf7-form-control-wrap\" data-name=\"your-email\"><input size=\"40\" maxlength=\"400\" class=\"wpcf7-form-control wpcf7-email wpcf7-validates-as-required wpcf7-text wpcf7-validates-as-email\" aria-required=\"true\" aria-invalid=\"false\" value=\"\" type=\"email\" name=\"your-email\" \/><\/span> <\/label>\n<\/p>\n<p><span id=\"ho-ph-sense-2\" class=\"wpcf7-form-control-wrap phone-or-mail-wrap\" style=\"display:none !important; visibility:hidden !important;\"><label for=\"wpcf7-69f671ba0dbe6-field\" class=\"hp-message\">Bitte lassen Sie dieses Feld leer.<\/label><input id=\"wpcf7-69f671ba0dbe6-field\"  class=\"wpcf7-form-control wpcf7-text\" type=\"text\" name=\"phone-or-mail\" value=\"\" size=\"40\" tabindex=\"-1\" autocomplete=\"new-password\" \/><\/span>\n<\/p>\n<p><label> Ihre R\u00fcckruf-Nummer<br \/>\n<span class=\"wpcf7-form-control-wrap\" data-name=\"tel-218\"><input size=\"40\" maxlength=\"400\" class=\"wpcf7-form-control wpcf7-tel wpcf7-text wpcf7-validates-as-tel\" aria-invalid=\"false\" value=\"\" type=\"tel\" name=\"tel-218\" \/><\/span> <\/label>\n<\/p>\n<p><label> Ihre Nachricht an uns<br \/>\n<span class=\"wpcf7-form-control-wrap\" data-name=\"your-message\"><textarea cols=\"40\" rows=\"10\" maxlength=\"2000\" class=\"wpcf7-form-control wpcf7-textarea\" aria-invalid=\"false\" name=\"your-message\"><\/textarea><\/span> <\/label>\n<\/p>\n<p>* Pflichtfeld\n<\/p>\n<p>Bitte beachten Sie unsere <a target=\"_blank\" href=\"\/en\/datenschutz\/\">Datenschutzbestimmungen.<\/a>\n<\/p>\n<p><input class=\"wpcf7-form-control wpcf7-submit has-spinner\" type=\"submit\" value=\"Jetzt Angebot anfordern\" \/>\n<\/p><div class=\"wpcf7-response-output\" aria-hidden=\"true\"><\/div>\n<input type=\"hidden\" name=\"trp-form-language\" value=\"en\"\/><\/form>\n<\/div>\n\t\r\n\t\t350\r\n\t\t\t\t\tT\/Jahr CO2 Einsparungen\r\n\t\t5,253\r\n\t\t\t\t\tAnfragen im Jahr\r\n\t\t20\r\n\t\t\t\t\tJahre Erfahrung\r\n<h2>\r\n\t\tWillkommen bei <br \/>\r\n\t<\/h2>\r\n<h2>\r\n\t\tIhrem Marktf\u00fchrer f\u00fcr Energie\r\n\t<\/h2>\r\n\tWir sind viel mehr als ein Energie-Dienstleistungsunternehmen f\u00fcr die Industrie- und Gewerbekunden.<br \/>\r\nDenn wir haben uns auf den Messstellenbetrieb und das W\u00e4rmecontracting spezialisiert. Wobei unser Fokus auf dem Einbau von Blockheizkraftwerken liegt, die gleichzeitig W\u00e4rme und Strom produzieren.<br \/>\r\nDabei ist es uns sehr wichtig, die begrenzten Energie-Ressourcen so nachhaltig und effizient wir nur m\u00f6glich zu nutzen.\r\n\t<p><strong>Heat supply<\/strong><\/p>\r\n\t<p>We supply commercial properties and apartment buildings efficiently with heat. And in doing so, we\u2019ll also update your heating systems to meet the latest standards in technology.<\/p>\r\n\t<strong>Combined heat and power units (CHPs)<br \/>\r\n<\/strong>\r\n\t<p>Als Ihr Contracting-Partner liefern wir W\u00e4rme und investieren in die Modernisierung Ihrer Heizungsanlagentechnik. Das Resultat ist eine hocheffektive Energie-Erzeugungsanlage, von der Sie profitieren.<\/p>\r\n\t<p><strong>Meter point operation<\/strong><\/p>\r\n\t<p>As we also operate meter points, your system will be equipped with the latest generation of electricity meters -- so-called smart meters.<\/p>\r\n\t<p><strong>Energy services<\/strong><\/p>\r\n\t<p>We\u2019ll be glad to provide you and your company with a wide range of diverse services to optimise your energy while also reducing your energy costs.<\/p>\r\n<h2>\r\n\t\tWhat is a combined heat and power unit?\r\n\t<\/h2>\r\n\tEin Blockheizkraftwerk (BHKW) ist ein kompaktes und modernes Energiekraftwerk. Es hat ungef\u00e4hr die Ausma\u00dfe   eines gro\u00dfen K\u00fchlschranks. Dies ist je nach Modell und Leistung unterschiedlich. Durch die Kraft-W\u00e4rme-Kopplung kann das BHKW gleichzeitig Strom und W\u00e4rme produzieren, die Sie dann direkt nutzen k\u00f6nnen. Auf diese Weise k\u00f6nnen Sie Ihre  Energiekosten reduzieren.<br \/>\r\nBlockheizkraftwerke sind in verschiedene Modell-Typen und Leistungsklassen unterteilt. Je nach dem W\u00e4rmebedarf Ihrer Immobilie, w\u00e4hlen wir f\u00fcr Sie das passende Kraftwerk f\u00fcr Sie aus.\r\n\t\t\t\t<img decoding=\"async\" src=\"https:\/\/www.sense-electra.de\/wp-content\/uploads\/2021\/04\/BHKW_freigestellt-242x300.png\" alt=\"BHKW_freigestellt\" itemprop=\"image\" title=\"BHKW_freigestellt\" onerror=\"this.style.display='none'\"  \/>\r\n\tInformieren Sie sich \u00fcber eine<br \/>\r\nindividuelle Nutzung f\u00fcr Ihr Unternehmen\r\n\t\t\t<a href=\"#\" role=\"button\">\r\n\t\t\t\t\t\t\tGet a free quote\r\n\t\t\t\t\t<\/a>\r\n\t\t\n<div class=\"wpcf7 no-js\" id=\"wpcf7-f1736-o2\" lang=\"de-DE\" dir=\"ltr\">\n<div class=\"screen-reader-response\"><p role=\"status\" aria-live=\"polite\" aria-atomic=\"true\"><\/p> <ul><\/ul><\/div>\n<form action=\"\/en\/wp-json\/wp\/v2\/pages\/58#wpcf7-f1736-o2\" method=\"post\" class=\"wpcf7-form init\" aria-label=\"Contact form\" novalidate=\"novalidate\" data-status=\"init\" data-trp-original-action=\"\/en\/wp-json\/wp\/v2\/pages\/58#wpcf7-f1736-o2\">\n<div style=\"display: none;\">\n<input type=\"hidden\" name=\"_wpcf7\" value=\"1736\" \/>\n<input type=\"hidden\" name=\"_wpcf7_version\" value=\"5.9.8\" \/>\n<input type=\"hidden\" name=\"_wpcf7_locale\" value=\"de_DE_formal\" \/>\n<input type=\"hidden\" name=\"_wpcf7_unit_tag\" value=\"wpcf7-f1736-o2\" \/>\n<input type=\"hidden\" name=\"_wpcf7_container_post\" value=\"0\" \/>\n<input type=\"hidden\" name=\"_wpcf7_posted_data_hash\" value=\"\" \/>\n<\/div>\n<h3>submit a CHP inquiry\n<\/h3>\n<p> Unser Team berechnet Ihre Einsparungen mittels BHKW - kostenfrei und komplett unverbindlich. Treten Sie jetzt mit unseren BHKW-Experten in Kontakt.\n<\/p>\n<p><label> Womit heizen Sie?*<br \/>\n<span class=\"wpcf7-form-control-wrap\" data-name=\"Brennstoff\"><select class=\"wpcf7-form-control wpcf7-select wpcf7-validates-as-required\" aria-required=\"true\" aria-invalid=\"false\" name=\"Brennstoff\"><option value=\"\">&#8211; Bitte ausw\u00e4hlen &#8211;<\/option><option value=\"Gas\">Gas<\/option><option value=\"\u00d6l\">\u00d6l<\/option><option value=\"Sonstiges\">Sonstiges<\/option><\/select><\/span><br \/>\n<\/label>\n<\/p>\n<p><span id=\"ho-ph-sense-1\" class=\"wpcf7-form-control-wrap phone-or-mail-wrap\" style=\"display:none !important; visibility:hidden !important;\"><label for=\"wpcf7-69f671ba1d84f-field\" class=\"hp-message\">Bitte lassen Sie dieses Feld leer.<\/label><input id=\"wpcf7-69f671ba1d84f-field\"  class=\"wpcf7-form-control wpcf7-text\" type=\"text\" name=\"phone-or-mail\" value=\"\" size=\"40\" tabindex=\"-1\" autocomplete=\"new-password\" \/><\/span>\n<\/p>\n<p><label> Ihr Verbrauch pro Jahr (kWh)*<br \/>\n<span class=\"wpcf7-form-control-wrap\" data-name=\"Verbrauch\"><input size=\"40\" maxlength=\"400\" class=\"wpcf7-form-control wpcf7-text wpcf7-validates-as-required\" aria-required=\"true\" aria-invalid=\"false\" value=\"\" type=\"text\" name=\"Verbrauch\" \/><\/span> <\/label>\n<\/p>\n<p><label> Art des Geb\u00e4udes*<br \/>\n<span class=\"wpcf7-form-control-wrap\" data-name=\"Gebauedeart\"><select class=\"wpcf7-form-control wpcf7-select wpcf7-validates-as-required\" aria-required=\"true\" aria-invalid=\"false\" name=\"Gebauedeart\"><option value=\"Gewerbegeb\u00e4ude\">Commercial site<\/option><option value=\"Wohngeb\u00e4ude\">Residential building<\/option><\/select><\/span> <\/label>\n<\/p>\n<p><label> Ihre Firmen-E-Mail*<br \/>\n<span class=\"wpcf7-form-control-wrap\" data-name=\"your-email\"><input size=\"40\" maxlength=\"400\" class=\"wpcf7-form-control wpcf7-email wpcf7-validates-as-required wpcf7-text wpcf7-validates-as-email\" aria-required=\"true\" aria-invalid=\"false\" value=\"\" type=\"email\" name=\"your-email\" \/><\/span> <\/label>\n<\/p>\n<p><span id=\"ho-ph-sense-2\" class=\"wpcf7-form-control-wrap phone-or-mail-wrap\" style=\"display:none !important; visibility:hidden !important;\"><label for=\"wpcf7-69f671ba1d993-field\" class=\"hp-message\">Bitte lassen Sie dieses Feld leer.<\/label><input id=\"wpcf7-69f671ba1d993-field\"  class=\"wpcf7-form-control wpcf7-text\" type=\"text\" name=\"phone-or-mail\" value=\"\" size=\"40\" tabindex=\"-1\" autocomplete=\"new-password\" \/><\/span>\n<\/p>\n<p><label> Ihre R\u00fcckruf-Nummer<br \/>\n<span class=\"wpcf7-form-control-wrap\" data-name=\"tel-218\"><input size=\"40\" maxlength=\"400\" class=\"wpcf7-form-control wpcf7-tel wpcf7-text wpcf7-validates-as-tel\" aria-invalid=\"false\" value=\"\" type=\"tel\" name=\"tel-218\" \/><\/span> <\/label>\n<\/p>\n<p><label> Ihre Nachricht an uns<br \/>\n<span class=\"wpcf7-form-control-wrap\" data-name=\"your-message\"><textarea cols=\"40\" rows=\"10\" maxlength=\"2000\" class=\"wpcf7-form-control wpcf7-textarea\" aria-invalid=\"false\" name=\"your-message\"><\/textarea><\/span> <\/label>\n<\/p>\n<p>* Pflichtfeld\n<\/p>\n<p>Bitte beachten Sie unsere <a target=\"_blank\" href=\"\/en\/datenschutz\/\">Datenschutzbestimmungen.<\/a>\n<\/p>\n<p><input class=\"wpcf7-form-control wpcf7-submit has-spinner\" type=\"submit\" value=\"Jetzt Angebot anfordern\" \/>\n<\/p><div class=\"wpcf7-response-output\" aria-hidden=\"true\"><\/div>\n<input type=\"hidden\" name=\"trp-form-language\" value=\"en\"\/><\/form>\n<\/div>\n\t\r\n\t\t\t\t<img decoding=\"async\" src=\"https:\/\/www.sense-electra.de\/wp-content\/uploads\/2022\/02\/Grafik_Landingpage_hellgruen_englisch.png\" alt=\"Energiekosteneinsparungen grafisch dargestellt\" itemprop=\"image\" onerror=\"this.style.display='none'\"  \/>\r\n<h2>\r\n\t\tVorteile und Nutzen eines Blockheizkraftwerks\r\n\t<\/h2>\r\n\tGerade heute ist eine hochmoderne und effektive BHKW-Anlage eine zukunftssichere Investition in Ihre Energieversorgung. Der Gesamtnutzungsgrad einer Kraft-W\u00e4rme-Kopplungsanlage ist sehr hoch. Durch seine gleichzeitige Erzeugung von W\u00e4rme und Strom profitieren Sie gleich doppelt und k\u00f6nnen eine stabile Versorgungssicherheit nutzen.<br \/>\r\nJe nachdem, welches Heizsystem Sie bisher verwendet haben, k\u00f6nnen Sie mit einem Blockheizkraftwerk bis zu 40% Ihrer Energiekosten sparen\r\n<h2>\r\n\t\tUnsere BHKW- und W\u00e4rmebereitstellung im Detail\r\n\t<\/h2>\r\n\tWir modernisieren Ihre Heizung, planen, bauen und finanzieren sie. Unsere Experten pr\u00fcfen vor dem Einbau Ihres BHKWs Ihre r\u00e4umlichen und \u00f6rtlichen Bedingungen. Im Vorfeld erfahren Sie durch die Pr\u00fcfung unserer Experten, ob sich eine solche Anlage f\u00fcr Sie lohnt.<br \/>\r\nAlle anfallenden Kosten, die den Einbau, Betrieb und die Wartung Ihrer Energieanlage betreffen, \u00fcbernehmen vollst\u00e4ndig wir.\r\n\t<ul>\r\n<li>Eine staatliche F\u00f6rderung k\u00f6nnen Sie erhalten<\/li>\r\n<li>Ihre Wirtschaftlichkeit wird gesteigert<\/li>\r\n<li>Sie leisten einen aktiven Beitrag zum Klimaschutz<\/li>\r\n<\/ul>\r\n\t<ul>\r\n<li>Reduzierung Ihrer Energiekosten<\/li>\r\n<li>Generate heat and electricity at the same time<\/li>\r\n<li>Ihr Geb\u00e4udewert steigt<\/li>\r\n<\/ul>\r\n\t<ul>\r\n<li>Get state subsidies and grants<\/li>\r\n<li>Raise your profitability<\/li>\r\n<li>Contribute actively to climate protection<\/li>\r\n<li>Reduce energy costs<\/li>\r\n<li>Generate heat and electricity at the same time<\/li>\r\n<li>Raise the value of your building<\/li>\r\n<\/ul>\r\n\t\t\t\t<img decoding=\"async\" src=\"https:\/\/www.sense-electra.de\/wp-content\/uploads\/2022\/03\/Landingpage_Grafik_Enhanced_service.png\" alt=\"Servicemitarbeiter am Computer und ein Installateur am Montieren\" itemprop=\"image\" title=\"Individuller Service und erweiterte Wartungsdienst bei sense electra\" onerror=\"this.style.display='none'\"  \/>\r\n<h3>\r\n\t\tOur partners\r\n\t<\/h3>\r\n\t\t\t\t<img decoding=\"async\" src=\"https:\/\/www.sense-electra.de\/wp-content\/uploads\/2021\/04\/apollon_Logo_Vektor.png\" alt=\"apollon_Logo_Vektor\" itemprop=\"image\" title=\"apollon_Logo_Vektor\" onerror=\"this.style.display='none'\"  \/>\r\n\t\t\t\t<img decoding=\"async\" src=\"https:\/\/www.sense-electra.de\/wp-content\/uploads\/2020\/11\/schnellstrom-Logo.png\" alt=\"schnellstrom-Logo\" itemprop=\"image\" title=\"schnellstrom-Logo\" onerror=\"this.style.display='none'\"  \/>\r\n\t\t\t\t<img decoding=\"async\" src=\"https:\/\/www.sense-electra.de\/wp-content\/uploads\/2020\/11\/schnellgas-Logo-mittig.png\" alt=\"schnellgas-Logo-mittig\" itemprop=\"image\" title=\"schnellgas-Logo-mittig\" onerror=\"this.style.display='none'\"  \/>\r\n\t\t\t\t<img decoding=\"async\" src=\"https:\/\/www.sense-electra.de\/wp-content\/uploads\/2021\/04\/envisio-Logo-370x75-1.png\" alt=\"envisio-Logo-370x75\" itemprop=\"image\" title=\"envisio-Logo-370x75\" onerror=\"this.style.display='none'\"  \/>","protected":false},"excerpt":{"rendered":"<p>Sparen Sie im Jahr bis zu 40 % Energiekosten W\u00e4rmeversorgung mit Blockheizkraftwerken Jetzt Angebot erhalten 350 T\/Jahr CO2 Einsparungen 5,253 Anfragen im Jahr 20 Jahre Erfahrung Willkommen bei Ihrem Marktf\u00fchrer f\u00fcr Energie Wir sind viel mehr als ein Energie-Dienstleistungsunternehmen f\u00fcr die Industrie- und Gewerbekunden. Denn wir haben uns auf den Messstellenbetrieb und das W\u00e4rmecontracting spezialisiert.&hellip;<\/p>","protected":false},"author":1,"featured_media":0,"parent":0,"menu_order":0,"comment_status":"closed","ping_status":"closed","template":"","meta":{"_acf_changed":false,"footnotes":""},"acf":[],"yoast_head":"<!-- This site is optimized with the Yoast SEO plugin v23.1 - https:\/\/yoast.com\/wordpress\/plugins\/seo\/ -->\n<title>Blockheizkraftwerk - sense electra<\/title>\n<meta name=\"robots\" content=\"index, follow, max-snippet:-1, max-image-preview:large, max-video-preview:-1\" \/>\n<link rel=\"canonical\" href=\"https:\/\/www.sense-electra.de\/en\/blockheizkraftwerk\/\" \/>\n<meta property=\"og:locale\" content=\"en_GB\" \/>\n<meta property=\"og:type\" content=\"article\" \/>\n<meta property=\"og:title\" content=\"Blockheizkraftwerk - sense electra\" \/>\n<meta property=\"og:description\" content=\"Sparen Sie im Jahr bis zu 40 % Energiekosten W\u00e4rmeversorgung mit Blockheizkraftwerken Jetzt Angebot erhalten 350 T\/Jahr CO2 Einsparungen 5,253 Anfragen im Jahr 20 Jahre Erfahrung Willkommen bei Ihrem Marktf\u00fchrer f\u00fcr Energie Wir sind viel mehr als ein Energie-Dienstleistungsunternehmen f\u00fcr die Industrie- und Gewerbekunden. Denn wir haben uns auf den Messstellenbetrieb und das W\u00e4rmecontracting spezialisiert.&hellip;\" \/>\n<meta property=\"og:url\" content=\"https:\/\/www.sense-electra.de\/en\/blockheizkraftwerk\/\" \/>\n<meta property=\"og:site_name\" content=\"sense electra\" \/>\n<meta property=\"article:modified_time\" content=\"2023-12-07T07:21:32+00:00\" \/>\n<meta property=\"og:image\" content=\"https:\/\/www.sense-electra.de\/wp-content\/uploads\/2021\/04\/BHKW_freigestellt-242x300.png\" \/>\n<meta name=\"twitter:card\" content=\"summary_large_image\" \/>\n<meta name=\"twitter:label1\" content=\"Estimated reading time\" \/>\n\t<meta name=\"twitter:data1\" content=\"4 minutes\" \/>\n<script type=\"application\/ld+json\" class=\"yoast-schema-graph\">{\"@context\":\"https:\/\/schema.org\",\"@graph\":[{\"@type\":\"WebPage\",\"@id\":\"https:\/\/www.sense-electra.de\/blockheizkraftwerk\/\",\"url\":\"https:\/\/www.sense-electra.de\/blockheizkraftwerk\/\",\"name\":\"Blockheizkraftwerk - sense electra\",\"isPartOf\":{\"@id\":\"https:\/\/www.sense-electra.de\/#website\"},\"primaryImageOfPage\":{\"@id\":\"https:\/\/www.sense-electra.de\/blockheizkraftwerk\/#primaryimage\"},\"image\":{\"@id\":\"https:\/\/www.sense-electra.de\/blockheizkraftwerk\/#primaryimage\"},\"thumbnailUrl\":\"https:\/\/www.sense-electra.de\/wp-content\/uploads\/2021\/04\/BHKW_freigestellt-242x300.png\",\"datePublished\":\"2020-08-03T12:40:09+00:00\",\"dateModified\":\"2023-12-07T07:21:32+00:00\",\"breadcrumb\":{\"@id\":\"https:\/\/www.sense-electra.de\/blockheizkraftwerk\/#breadcrumb\"},\"inLanguage\":\"en-GB\",\"potentialAction\":[{\"@type\":\"ReadAction\",\"target\":[\"https:\/\/www.sense-electra.de\/blockheizkraftwerk\/\"]}]},{\"@type\":\"ImageObject\",\"inLanguage\":\"en-GB\",\"@id\":\"https:\/\/www.sense-electra.de\/blockheizkraftwerk\/#primaryimage\",\"url\":\"https:\/\/www.sense-electra.de\/wp-content\/uploads\/2021\/04\/BHKW_freigestellt-242x300.png\",\"contentUrl\":\"https:\/\/www.sense-electra.de\/wp-content\/uploads\/2021\/04\/BHKW_freigestellt-242x300.png\"},{\"@type\":\"BreadcrumbList\",\"@id\":\"https:\/\/www.sense-electra.de\/blockheizkraftwerk\/#breadcrumb\",\"itemListElement\":[{\"@type\":\"ListItem\",\"position\":1,\"name\":\"Startseite\",\"item\":\"https:\/\/www.sense-electra.de\/\"},{\"@type\":\"ListItem\",\"position\":2,\"name\":\"Blockheizkraftwerk\"}]},{\"@type\":\"WebSite\",\"@id\":\"https:\/\/www.sense-electra.de\/#website\",\"url\":\"https:\/\/www.sense-electra.de\/\",\"name\":\"sense electra\",\"description\":\"W\u00e4rmeversorgung f\u00fcr Industrie- und Gewerbekunden\",\"potentialAction\":[{\"@type\":\"SearchAction\",\"target\":{\"@type\":\"EntryPoint\",\"urlTemplate\":\"https:\/\/www.sense-electra.de\/?s={search_term_string}\"},\"query-input\":\"required name=search_term_string\"}],\"inLanguage\":\"en-GB\"}]}<\/script>\n<!-- \/ Yoast SEO plugin. -->","yoast_head_json":{"title":"Blockheizkraftwerk - sense electra","robots":{"index":"index","follow":"follow","max-snippet":"max-snippet:-1","max-image-preview":"max-image-preview:large","max-video-preview":"max-video-preview:-1"},"canonical":"https:\/\/www.sense-electra.de\/en\/blockheizkraftwerk\/","og_locale":"en_GB","og_type":"article","og_title":"Blockheizkraftwerk - sense electra","og_description":"Sparen Sie im Jahr bis zu 40 % Energiekosten W\u00e4rmeversorgung mit Blockheizkraftwerken Jetzt Angebot erhalten 350 T\/Jahr CO2 Einsparungen 5,253 Anfragen im Jahr 20 Jahre Erfahrung Willkommen bei Ihrem Marktf\u00fchrer f\u00fcr Energie Wir sind viel mehr als ein Energie-Dienstleistungsunternehmen f\u00fcr die Industrie- und Gewerbekunden. Denn wir haben uns auf den Messstellenbetrieb und das W\u00e4rmecontracting spezialisiert.&hellip;","og_url":"https:\/\/www.sense-electra.de\/en\/blockheizkraftwerk\/","og_site_name":"sense electra","article_modified_time":"2023-12-07T07:21:32+00:00","og_image":[{"url":"https:\/\/www.sense-electra.de\/wp-content\/uploads\/2021\/04\/BHKW_freigestellt-242x300.png"}],"twitter_card":"summary_large_image","twitter_misc":{"Estimated reading time":"4 minutes"},"schema":{"@context":"https:\/\/schema.org","@graph":[{"@type":"WebPage","@id":"https:\/\/www.sense-electra.de\/blockheizkraftwerk\/","url":"https:\/\/www.sense-electra.de\/blockheizkraftwerk\/","name":"Blockheizkraftwerk - sense electra","isPartOf":{"@id":"https:\/\/www.sense-electra.de\/#website"},"primaryImageOfPage":{"@id":"https:\/\/www.sense-electra.de\/blockheizkraftwerk\/#primaryimage"},"image":{"@id":"https:\/\/www.sense-electra.de\/blockheizkraftwerk\/#primaryimage"},"thumbnailUrl":"https:\/\/www.sense-electra.de\/wp-content\/uploads\/2021\/04\/BHKW_freigestellt-242x300.png","datePublished":"2020-08-03T12:40:09+00:00","dateModified":"2023-12-07T07:21:32+00:00","breadcrumb":{"@id":"https:\/\/www.sense-electra.de\/blockheizkraftwerk\/#breadcrumb"},"inLanguage":"en-GB","potentialAction":[{"@type":"ReadAction","target":["https:\/\/www.sense-electra.de\/blockheizkraftwerk\/"]}]},{"@type":"ImageObject","inLanguage":"en-GB","@id":"https:\/\/www.sense-electra.de\/blockheizkraftwerk\/#primaryimage","url":"https:\/\/www.sense-electra.de\/wp-content\/uploads\/2021\/04\/BHKW_freigestellt-242x300.png","contentUrl":"https:\/\/www.sense-electra.de\/wp-content\/uploads\/2021\/04\/BHKW_freigestellt-242x300.png"},{"@type":"BreadcrumbList","@id":"https:\/\/www.sense-electra.de\/blockheizkraftwerk\/#breadcrumb","itemListElement":[{"@type":"ListItem","position":1,"name":"Startseite","item":"https:\/\/www.sense-electra.de\/"},{"@type":"ListItem","position":2,"name":"Blockheizkraftwerk"}]},{"@type":"WebSite","@id":"https:\/\/www.sense-electra.de\/#website","url":"https:\/\/www.sense-electra.de\/","name":"sense electra","description":"W\u00e4rmeversorgung f\u00fcr Industrie- und Gewerbekunden","potentialAction":[{"@type":"SearchAction","target":{"@type":"EntryPoint","urlTemplate":"https:\/\/www.sense-electra.de\/?s={search_term_string}"},"query-input":"required name=search_term_string"}],"inLanguage":"en-GB"}]}},"_links":{"self":[{"href":"https:\/\/www.sense-electra.de\/en\/wp-json\/wp\/v2\/pages\/58"}],"collection":[{"href":"https:\/\/www.sense-electra.de\/en\/wp-json\/wp\/v2\/pages"}],"about":[{"href":"https:\/\/www.sense-electra.de\/en\/wp-json\/wp\/v2\/types\/page"}],"author":[{"embeddable":true,"href":"https:\/\/www.sense-electra.de\/en\/wp-json\/wp\/v2\/users\/1"}],"replies":[{"embeddable":true,"href":"https:\/\/www.sense-electra.de\/en\/wp-json\/wp\/v2\/comments?post=58"}],"version-history":[{"count":1,"href":"https:\/\/www.sense-electra.de\/en\/wp-json\/wp\/v2\/pages\/58\/revisions"}],"predecessor-version":[{"id":4074,"href":"https:\/\/www.sense-electra.de\/en\/wp-json\/wp\/v2\/pages\/58\/revisions\/4074"}],"wp:attachment":[{"href":"https:\/\/www.sense-electra.de\/en\/wp-json\/wp\/v2\/media?parent=58"}],"curies":[{"name":"wp","href":"https:\/\/api.w.org\/{rel}","templated":true}]}}