{"id":60,"date":"2020-08-03T14:40:15","date_gmt":"2020-08-03T12:40:15","guid":{"rendered":"https:\/\/www.sense-electra.de\/?page_id=60"},"modified":"2023-11-21T09:15:41","modified_gmt":"2023-11-21T08:15:41","slug":"gewerbe","status":"publish","type":"page","link":"https:\/\/www.sense-electra.de\/en\/gewerbe\/","title":{"rendered":"Your business"},"content":{"rendered":"<h1>\n\t\tThe right CHP unit for your business\n\t<\/h1>\n\t<p>Take a look at the various industrial sectors and discover the benefits of a CHP unit in each case.<\/p>\n\t\t\t<a href=\"https:\/\/www.sense-electra.de\/en\/blockheizkraftwerk\/bhkw-grundlagen\/\" target=\"_self\" role=\"button\" rel=\"noopener\">\n\t\t\t\t\t\t\tHow you can benefit from a CHP\n\t\t\t\t\t<\/a>\n\t<p>Here is an overview of the various industries that can economically benefit from a combined heat and power unit (CHP) and save on energy costs.<\/p>\n\t\t\t\t<a href=\"https:\/\/www.sense-electra.de\/en\/gewerbe\/industrie\/\" target=\"_self\" itemprop=\"url\" rel=\"noopener\">\n\t\t\t\t<img decoding=\"async\" src=\"https:\/\/www.sense-electra.de\/wp-content\/uploads\/2021\/06\/industrie-gewerbe.jpg\" alt=\"Industrie und Gewerbe vor blauem Hintergrund\" itemprop=\"image\" title=\"Blockheizkraftwerke f\u00fcr Industrie und Gewerbe\" onerror=\"this.style.display='none'\"  \/>\n\t\t\t\t<\/a>\n\t<p><strong>Industrial<\/strong><\/p>\n\t<p>Large CHP units have been a tried-and-tested source of energy in industrial plants for many years already. Industrial plants require a high amount of energy. Moreover, the waste heat can be used to power production processes.<\/p>\n\t\t\t\t<a href=\"https:\/\/www.sense-electra.de\/en\/gewerbe\/wohnungswirtschaft\/\" target=\"_self\" itemprop=\"url\" rel=\"noopener\">\n\t\t\t\t<img decoding=\"async\" src=\"https:\/\/www.sense-electra.de\/wp-content\/uploads\/2021\/07\/Blockheizkraftwerke-fuer-Wohnimmobilien-Wohnungswirtschaft.jpg\" alt=\"Mehrfamilienh\u00e4user im Sonnenschein vor blauem Himmel\" itemprop=\"image\" title=\"Ein BHKW unterst\u00fctzt bei der Energiekostensenkung.\" onerror=\"this.style.display='none'\"  \/>\n\t\t\t\t<\/a>\n\t<p><strong>Property and housing<\/strong><\/p>\n\t<p>The real estate industry can gain enormous benefits from a CHP unit. Housing developers, housing cooperatives and homeowners\u2019 associations can save both energy costs and CO2 emissions.<sub>2<\/sub>-Abgase einsparen.<\/p>\n\t\t\t\t<a href=\"https:\/\/www.sense-electra.de\/en\/gewerbe\/hotel-pension\/\" target=\"_self\" itemprop=\"url\" rel=\"noopener\">\n\t\t\t\t<img decoding=\"async\" src=\"https:\/\/www.sense-electra.de\/wp-content\/uploads\/2021\/07\/Blockheizkraftwerke-fuer-Hotels-und-Pensionen.jpg\" alt=\"Hotelrezeption\" itemprop=\"image\" title=\"Ein BHKW kann Sie unterst\u00fctzen Energiekosten zu sparen.\" onerror=\"this.style.display='none'\"  \/>\n\t\t\t\t<\/a>\n\t<p><strong>Hotels and guesthouses<\/strong><\/p>\n\t<p>Hotels have a high all-year demand for electricity and heat, for example for bathroom equipment and heating. Hotel restaurants also require a lot of electricity. On the other hand, it does not make economic sense to operate a CHP unit at hotels which only open seasonally.<\/p>\n\t\t\t\t<a href=\"https:\/\/www.sense-electra.de\/en\/gewerbe\/landwirtschaft\/\" target=\"_self\" itemprop=\"url\" rel=\"noopener\">\n\t\t\t\t<img decoding=\"async\" src=\"https:\/\/www.sense-electra.de\/wp-content\/uploads\/2021\/07\/Ihre-Branche-BHKW-fuer-die-Landwirtschaft.jpg\" alt=\"Tracktor auf einem Feld vor blauem Himmel\" itemprop=\"image\" title=\"Ein Blockheizkraftwerk kann in der Landwirtschaft gut eingesetzt werden.\" onerror=\"this.style.display='none'\"  \/>\n\t\t\t\t<\/a>\n\t<p><strong>Agribusinesses<\/strong><\/p>\n\t<p>In many cases, as there is also a high demand for heat and electricity in agriculture, especially in animal husbandry, which can benefit from installing a CHP unit. The CHP units can also be paired with biogas plants.<\/p>\n\t\t\t\t<a href=\"https:\/\/www.sense-electra.de\/en\/gewerbe\/ihre-branche-krankenhaus\/\" target=\"_self\" itemprop=\"url\" rel=\"noopener\">\n\t\t\t\t<img decoding=\"async\" src=\"https:\/\/www.sense-electra.de\/wp-content\/uploads\/2021\/06\/medizinische-einrichtungen.jpg\" alt=\"Krankenhausbranche\" itemprop=\"image\" title=\"Energiekosten im Krankenhaus senken mittels BHKW\" onerror=\"this.style.display='none'\"  \/>\n\t\t\t\t<\/a>\n\t<p><strong>Hospitals<\/strong><\/p>\n\t<p>A combined heat and power unit can significantly reduce energy costs in hospitals. Due to the high energy consumption throughout the year, operating a CHP unit at a hospital can be economically beneficial.<\/p>\n\t\t\t\t<a href=\"https:\/\/www.sense-electra.de\/en\/gewerbe\/schwimmbad\/\" target=\"_self\" itemprop=\"url\" rel=\"noopener\">\n\t\t\t\t<img decoding=\"async\" src=\"https:\/\/www.sense-electra.de\/wp-content\/uploads\/2021\/07\/Blockheizkraftwerke-fuer-Schwimmbaeder-Hallenbaeder.jpg\" alt=\"Schwimmbecken in einem Hallenbad\" itemprop=\"image\" title=\"Ein BHKW hilft Energiekosten eines Schwimmbades zu sparen\" onerror=\"this.style.display='none'\"  \/>\n\t\t\t\t<\/a>\n\t<p><strong>Public swimming pools<\/strong><\/p>\n\t<p>A CHP unit can also be used efficiently at swimming pools. Due to the enormous demand for hot water for showers or to heat the pool water, a CHP system is extremely useful for swimming pools.<\/p>\n\t\t\t\t<a href=\"https:\/\/www.sense-electra.de\/en\/gewerbe\/seniorenheim\/\" target=\"_self\" itemprop=\"url\" rel=\"noopener\">\n\t\t\t\t<img decoding=\"async\" src=\"https:\/\/www.sense-electra.de\/wp-content\/uploads\/2021\/07\/Blockheizkraftwerke-fuer-Seniorenheime.jpg\" alt=\"Eine Wohnanlage mit kleinem Park bei Sonnenschein und blauem Himmel\" itemprop=\"image\" title=\"Energiekosten eines Seniorenheims senken mittels BHKW\" onerror=\"this.style.display='none'\"  \/>\n\t\t\t\t<\/a>\n\t<p><strong>Retirement homes\/care facilities<\/strong><\/p>\n\t<p>Retirement and nursing homes need a lot of energy all year round. Installing a CHP unit here can help reduce energy costs because of the high demand for heat, hot water for bathing facilities, and a constant need for lighting.<\/p>\n<h2>\n\t\tIn short: That\u2019s what makes a CHP worth it!\n\t<\/h2>\n\t<p>Compared to generating power and heat conventionally, you can save up to 40% on primary energy costs with a CHP unit.<\/p>\n\t<p>CHP units have an efficiency of up to 90%.<\/p>\n\t<p>A CHP unit makes you less dependent on rising electricity prices.<\/p>\n\t<p>A CHP unit supplies future-proof energy and contributes to preserving natural resources.<\/p>\n\t<p>CHP units generate both heat and electricity.<\/p>\n\t<p>If you decide to install a CHP unit, you can get financial assistance<\/p>\n<h3>\n\t\tIs your sector not listed here?\n\t<\/h3>\n<h3>\n\t\tDon\u2019t worry, we\u2019ll be glad to advise you and help you find the right CHP for your business.\n\t<\/h3>\n\t\t\t<a href=\"#\" role=\"button\">\n\t\t\t\t\t\tSend CHP enquiry now\n\t\t\t\t\t<\/a>\n\t\t\n<div class=\"wpcf7 no-js\" id=\"wpcf7-f1738-o1\" lang=\"de-DE\" dir=\"ltr\">\n<div class=\"screen-reader-response\"><p role=\"status\" aria-live=\"polite\" aria-atomic=\"true\"><\/p> <ul><\/ul><\/div>\n<form action=\"\/en\/wp-json\/wp\/v2\/pages\/60#wpcf7-f1738-o1\" method=\"post\" class=\"wpcf7-form init\" aria-label=\"Contact form\" novalidate=\"novalidate\" data-status=\"init\" data-trp-original-action=\"\/en\/wp-json\/wp\/v2\/pages\/60#wpcf7-f1738-o1\">\n<div style=\"display: none;\">\n<input type=\"hidden\" name=\"_wpcf7\" value=\"1738\" \/>\n<input type=\"hidden\" name=\"_wpcf7_version\" value=\"5.9.8\" \/>\n<input type=\"hidden\" name=\"_wpcf7_locale\" value=\"de_DE_formal\" \/>\n<input type=\"hidden\" name=\"_wpcf7_unit_tag\" value=\"wpcf7-f1738-o1\" \/>\n<input type=\"hidden\" name=\"_wpcf7_container_post\" value=\"0\" \/>\n<input type=\"hidden\" name=\"_wpcf7_posted_data_hash\" value=\"\" \/>\n<\/div>\n<h3>submit a CHP inquiry\n<\/h3>\n<p> Unser Team berechnet Ihre Einsparungen mittels BHKW - kostenfrei und komplett unverbindlich f\u00fcr Sie. Treten Sie jetzt mit unseren BHKW-Experten in Kontakt.\n<\/p>\n<p><label> Womit heizen Sie?*<br \/>\n<span class=\"wpcf7-form-control-wrap\" data-name=\"Brennstoff\"><select class=\"wpcf7-form-control wpcf7-select wpcf7-validates-as-required\" aria-required=\"true\" aria-invalid=\"false\" name=\"Brennstoff\"><option value=\"\">&#8211; Bitte ausw\u00e4hlen &#8211;<\/option><option value=\"Gas\">Gas<\/option><option value=\"\u00d6l\">\u00d6l<\/option><option value=\"Sonstiges\">Sonstiges<\/option><\/select><\/span><br \/>\n<\/label>\n<\/p>\n<p><span id=\"ho-ph-sense-1\" class=\"wpcf7-form-control-wrap phone-or-mail-wrap\" style=\"display:none !important; visibility:hidden !important;\"><label for=\"wpcf7-69d8baaac7262-field\" class=\"hp-message\">Bitte lassen Sie dieses Feld leer.<\/label><input id=\"wpcf7-69d8baaac7262-field\"  class=\"wpcf7-form-control wpcf7-text\" type=\"text\" name=\"phone-or-mail\" value=\"\" size=\"40\" tabindex=\"-1\" autocomplete=\"new-password\" \/><\/span>\n<\/p>\n<p><label> Ihr Verbrauch pro Jahr (kWh)*<br \/>\n<span class=\"wpcf7-form-control-wrap\" data-name=\"Verbrauch\"><input size=\"40\" maxlength=\"400\" class=\"wpcf7-form-control wpcf7-text wpcf7-validates-as-required\" aria-required=\"true\" aria-invalid=\"false\" value=\"\" type=\"text\" name=\"Verbrauch\" \/><\/span> <\/label>\n<\/p>\n<p><label> Art des Geb\u00e4udes*<br \/>\n<span class=\"wpcf7-form-control-wrap\" data-name=\"Gebauedeart\"><select class=\"wpcf7-form-control wpcf7-select wpcf7-validates-as-required\" aria-required=\"true\" aria-invalid=\"false\" name=\"Gebauedeart\"><option value=\"Gewerbegeb\u00e4ude\">Commercial site<\/option><option value=\"Wohngeb\u00e4ude\">Residential building<\/option><\/select><\/span> <\/label>\n<\/p>\n<p><span id=\"ho-ph-sense-2\" class=\"wpcf7-form-control-wrap phone-or-mail-wrap\" style=\"display:none !important; visibility:hidden !important;\"><label for=\"wpcf7-69d8baaac7392-field\" class=\"hp-message\">Bitte lassen Sie dieses Feld leer.<\/label><input id=\"wpcf7-69d8baaac7392-field\"  class=\"wpcf7-form-control wpcf7-text\" type=\"text\" name=\"phone-or-mail\" value=\"\" size=\"40\" tabindex=\"-1\" autocomplete=\"new-password\" \/><\/span>\n<\/p>\n<p><label> Ihre Firmen-E-Mail*<br \/>\n<span class=\"wpcf7-form-control-wrap\" data-name=\"your-email\"><input size=\"40\" maxlength=\"400\" class=\"wpcf7-form-control wpcf7-email wpcf7-validates-as-required wpcf7-text wpcf7-validates-as-email\" aria-required=\"true\" aria-invalid=\"false\" value=\"\" type=\"email\" name=\"your-email\" \/><\/span> <\/label>\n<\/p>\n<p><label> Ihre R\u00fcckruf-Nummer<br \/>\n<span class=\"wpcf7-form-control-wrap\" data-name=\"tel-218\"><input size=\"40\" maxlength=\"400\" class=\"wpcf7-form-control wpcf7-tel wpcf7-text wpcf7-validates-as-tel\" aria-invalid=\"false\" value=\"\" type=\"tel\" name=\"tel-218\" \/><\/span> <\/label>\n<\/p>\n<p><label> Ihre Nachricht an uns<br \/>\n<span class=\"wpcf7-form-control-wrap\" data-name=\"your-message\"><textarea cols=\"40\" rows=\"10\" maxlength=\"2000\" class=\"wpcf7-form-control wpcf7-textarea\" aria-invalid=\"false\" name=\"your-message\"><\/textarea><\/span> <\/label>\n<\/p>\n<p>*Pflichtfeld\n<\/p>\n<p>Bitte beachten Sie unsere <a target=\"_blank\" href=\"\/en\/datenschutz\/\">Datenschutzbestimmungen.<\/a>\n<\/p>\n<p><input class=\"wpcf7-form-control wpcf7-submit has-spinner\" type=\"submit\" value=\"Jetzt Angebot anfordern\" \/>\n<\/p><div class=\"wpcf7-response-output\" aria-hidden=\"true\"><\/div>\n<input type=\"hidden\" name=\"trp-form-language\" value=\"en\"\/><\/form>\n<\/div>","protected":false},"excerpt":{"rendered":"<p>Das passende Blockheizkraftwerk f\u00fcr Ihr Gewerbe Werfen Sie einen Blick in die verschiedenen Branchen und informieren Sie sich, welche Vorteile ein BHKW jeweils mit sich bringt. Vorteile eines Blockheizkraftwerks Hier finden Sie einen \u00dcberblick \u00fcber verschiedenen Branchen, f\u00fcr die sich ein Blockheizkraftwerk (BHKW) wirtschaftlich lohnen und zur Einsparung von Energiekosten f\u00fchren kann. Industrie In diesem&hellip;<\/p>","protected":false},"author":1,"featured_media":0,"parent":0,"menu_order":0,"comment_status":"closed","ping_status":"closed","template":"","meta":{"_acf_changed":false,"footnotes":""},"acf":[],"yoast_head":"<!-- This site is optimized with the Yoast SEO plugin v23.1 - https:\/\/yoast.com\/wordpress\/plugins\/seo\/ -->\n<title>Blockheizkraftwerk f\u00fcr Ihr Gewerbe\u2013 Vorteile &amp; Wirtschaftlichkeit<\/title>\n<meta name=\"description\" content=\"BHKW Einsatz in jeder Branche \u2013 Entdecken Sie die Einsparpotenziale, Wirtschaftlichkeit und M\u00f6glichkeiten eines Blockheizkraftwerks!\" \/>\n<meta name=\"robots\" content=\"index, follow, max-snippet:-1, max-image-preview:large, max-video-preview:-1\" \/>\n<link rel=\"canonical\" href=\"https:\/\/www.sense-electra.de\/en\/gewerbe\/\" \/>\n<meta property=\"og:locale\" content=\"en_GB\" \/>\n<meta property=\"og:type\" content=\"article\" \/>\n<meta property=\"og:title\" content=\"Blockheizkraftwerk f\u00fcr Ihr Gewerbe\u2013 Vorteile &amp; Wirtschaftlichkeit\" \/>\n<meta property=\"og:description\" content=\"BHKW Einsatz in jeder Branche \u2013 Entdecken Sie die Einsparpotenziale, Wirtschaftlichkeit und M\u00f6glichkeiten eines Blockheizkraftwerks!\" \/>\n<meta property=\"og:url\" content=\"https:\/\/www.sense-electra.de\/en\/gewerbe\/\" \/>\n<meta property=\"og:site_name\" content=\"sense electra\" \/>\n<meta property=\"article:modified_time\" content=\"2023-11-21T08:15:41+00:00\" \/>\n<meta property=\"og:image\" content=\"https:\/\/www.sense-electra.de\/wp-content\/uploads\/2021\/06\/industrie-gewerbe.jpg\" \/>\n<meta name=\"twitter:card\" content=\"summary_large_image\" \/>\n<meta name=\"twitter:label1\" content=\"Estimated reading time\" \/>\n\t<meta name=\"twitter:data1\" content=\"2 minutes\" \/>\n<script type=\"application\/ld+json\" class=\"yoast-schema-graph\">{\"@context\":\"https:\/\/schema.org\",\"@graph\":[{\"@type\":\"WebPage\",\"@id\":\"https:\/\/www.sense-electra.de\/gewerbe\/\",\"url\":\"https:\/\/www.sense-electra.de\/gewerbe\/\",\"name\":\"Blockheizkraftwerk f\u00fcr Ihr Gewerbe\u2013 Vorteile & Wirtschaftlichkeit\",\"isPartOf\":{\"@id\":\"https:\/\/www.sense-electra.de\/#website\"},\"primaryImageOfPage\":{\"@id\":\"https:\/\/www.sense-electra.de\/gewerbe\/#primaryimage\"},\"image\":{\"@id\":\"https:\/\/www.sense-electra.de\/gewerbe\/#primaryimage\"},\"thumbnailUrl\":\"https:\/\/www.sense-electra.de\/wp-content\/uploads\/2021\/06\/industrie-gewerbe.jpg\",\"datePublished\":\"2020-08-03T12:40:15+00:00\",\"dateModified\":\"2023-11-21T08:15:41+00:00\",\"description\":\"BHKW Einsatz in jeder Branche \u2013 Entdecken Sie die Einsparpotenziale, Wirtschaftlichkeit und M\u00f6glichkeiten eines Blockheizkraftwerks!\",\"breadcrumb\":{\"@id\":\"https:\/\/www.sense-electra.de\/gewerbe\/#breadcrumb\"},\"inLanguage\":\"en-GB\",\"potentialAction\":[{\"@type\":\"ReadAction\",\"target\":[\"https:\/\/www.sense-electra.de\/gewerbe\/\"]}]},{\"@type\":\"ImageObject\",\"inLanguage\":\"en-GB\",\"@id\":\"https:\/\/www.sense-electra.de\/gewerbe\/#primaryimage\",\"url\":\"https:\/\/www.sense-electra.de\/wp-content\/uploads\/2021\/06\/industrie-gewerbe.jpg\",\"contentUrl\":\"https:\/\/www.sense-electra.de\/wp-content\/uploads\/2021\/06\/industrie-gewerbe.jpg\"},{\"@type\":\"BreadcrumbList\",\"@id\":\"https:\/\/www.sense-electra.de\/gewerbe\/#breadcrumb\",\"itemListElement\":[{\"@type\":\"ListItem\",\"position\":1,\"name\":\"Startseite\",\"item\":\"https:\/\/www.sense-electra.de\/\"},{\"@type\":\"ListItem\",\"position\":2,\"name\":\"Ihr Gewerbe\"}]},{\"@type\":\"WebSite\",\"@id\":\"https:\/\/www.sense-electra.de\/#website\",\"url\":\"https:\/\/www.sense-electra.de\/\",\"name\":\"sense electra\",\"description\":\"W\u00e4rmeversorgung f\u00fcr Industrie- und Gewerbekunden\",\"potentialAction\":[{\"@type\":\"SearchAction\",\"target\":{\"@type\":\"EntryPoint\",\"urlTemplate\":\"https:\/\/www.sense-electra.de\/?s={search_term_string}\"},\"query-input\":\"required name=search_term_string\"}],\"inLanguage\":\"en-GB\"}]}<\/script>\n<!-- \/ Yoast SEO plugin. -->","yoast_head_json":{"title":"Blockheizkraftwerk f\u00fcr Ihr Gewerbe\u2013 Vorteile & Wirtschaftlichkeit","description":"BHKW Einsatz in jeder Branche \u2013 Entdecken Sie die Einsparpotenziale, Wirtschaftlichkeit und M\u00f6glichkeiten eines Blockheizkraftwerks!","robots":{"index":"index","follow":"follow","max-snippet":"max-snippet:-1","max-image-preview":"max-image-preview:large","max-video-preview":"max-video-preview:-1"},"canonical":"https:\/\/www.sense-electra.de\/en\/gewerbe\/","og_locale":"en_GB","og_type":"article","og_title":"Blockheizkraftwerk f\u00fcr Ihr Gewerbe\u2013 Vorteile & Wirtschaftlichkeit","og_description":"BHKW Einsatz in jeder Branche \u2013 Entdecken Sie die Einsparpotenziale, Wirtschaftlichkeit und M\u00f6glichkeiten eines Blockheizkraftwerks!","og_url":"https:\/\/www.sense-electra.de\/en\/gewerbe\/","og_site_name":"sense electra","article_modified_time":"2023-11-21T08:15:41+00:00","og_image":[{"url":"https:\/\/www.sense-electra.de\/wp-content\/uploads\/2021\/06\/industrie-gewerbe.jpg"}],"twitter_card":"summary_large_image","twitter_misc":{"Estimated reading time":"2 minutes"},"schema":{"@context":"https:\/\/schema.org","@graph":[{"@type":"WebPage","@id":"https:\/\/www.sense-electra.de\/gewerbe\/","url":"https:\/\/www.sense-electra.de\/gewerbe\/","name":"Blockheizkraftwerk f\u00fcr Ihr Gewerbe\u2013 Vorteile & Wirtschaftlichkeit","isPartOf":{"@id":"https:\/\/www.sense-electra.de\/#website"},"primaryImageOfPage":{"@id":"https:\/\/www.sense-electra.de\/gewerbe\/#primaryimage"},"image":{"@id":"https:\/\/www.sense-electra.de\/gewerbe\/#primaryimage"},"thumbnailUrl":"https:\/\/www.sense-electra.de\/wp-content\/uploads\/2021\/06\/industrie-gewerbe.jpg","datePublished":"2020-08-03T12:40:15+00:00","dateModified":"2023-11-21T08:15:41+00:00","description":"BHKW Einsatz in jeder Branche \u2013 Entdecken Sie die Einsparpotenziale, Wirtschaftlichkeit und M\u00f6glichkeiten eines Blockheizkraftwerks!","breadcrumb":{"@id":"https:\/\/www.sense-electra.de\/gewerbe\/#breadcrumb"},"inLanguage":"en-GB","potentialAction":[{"@type":"ReadAction","target":["https:\/\/www.sense-electra.de\/gewerbe\/"]}]},{"@type":"ImageObject","inLanguage":"en-GB","@id":"https:\/\/www.sense-electra.de\/gewerbe\/#primaryimage","url":"https:\/\/www.sense-electra.de\/wp-content\/uploads\/2021\/06\/industrie-gewerbe.jpg","contentUrl":"https:\/\/www.sense-electra.de\/wp-content\/uploads\/2021\/06\/industrie-gewerbe.jpg"},{"@type":"BreadcrumbList","@id":"https:\/\/www.sense-electra.de\/gewerbe\/#breadcrumb","itemListElement":[{"@type":"ListItem","position":1,"name":"Startseite","item":"https:\/\/www.sense-electra.de\/"},{"@type":"ListItem","position":2,"name":"Ihr Gewerbe"}]},{"@type":"WebSite","@id":"https:\/\/www.sense-electra.de\/#website","url":"https:\/\/www.sense-electra.de\/","name":"sense electra","description":"W\u00e4rmeversorgung f\u00fcr Industrie- und Gewerbekunden","potentialAction":[{"@type":"SearchAction","target":{"@type":"EntryPoint","urlTemplate":"https:\/\/www.sense-electra.de\/?s={search_term_string}"},"query-input":"required name=search_term_string"}],"inLanguage":"en-GB"}]}},"_links":{"self":[{"href":"https:\/\/www.sense-electra.de\/en\/wp-json\/wp\/v2\/pages\/60"}],"collection":[{"href":"https:\/\/www.sense-electra.de\/en\/wp-json\/wp\/v2\/pages"}],"about":[{"href":"https:\/\/www.sense-electra.de\/en\/wp-json\/wp\/v2\/types\/page"}],"author":[{"embeddable":true,"href":"https:\/\/www.sense-electra.de\/en\/wp-json\/wp\/v2\/users\/1"}],"replies":[{"embeddable":true,"href":"https:\/\/www.sense-electra.de\/en\/wp-json\/wp\/v2\/comments?post=60"}],"version-history":[{"count":0,"href":"https:\/\/www.sense-electra.de\/en\/wp-json\/wp\/v2\/pages\/60\/revisions"}],"wp:attachment":[{"href":"https:\/\/www.sense-electra.de\/en\/wp-json\/wp\/v2\/media?parent=60"}],"curies":[{"name":"wp","href":"https:\/\/api.w.org\/{rel}","templated":true}]}}