{"id":62,"date":"2020-08-03T14:40:20","date_gmt":"2020-08-03T12:40:20","guid":{"rendered":"https:\/\/www.sense-electra.de\/?page_id=62"},"modified":"2023-11-21T09:21:00","modified_gmt":"2023-11-21T08:21:00","slug":"ueber-sense-electra","status":"publish","type":"page","link":"https:\/\/www.sense-electra.de\/en\/ueber-sense-electra\/","title":{"rendered":"sense electra"},"content":{"rendered":"<h1>\n\t\tAbout us\n\t<\/h1>\n\t<p>Wir haben uns vorgenommen, die begrenzten Energie-Ressourcen nachhaltiger und effizienter zu nutzen. Unsere Philosophie ist es, Energie und Kosten f\u00fcr Unternehmen bestm\u00f6glich zu reduzieren. Dies tun wir, indem wir innovative Energiekonzepte mit Hilfe moderner Technologie erfolgreich umsetzen.<\/p>\n<h2>\n\t\tUnser Auftrag: nachhaltige Energieversorgung\n\t<\/h2>\n\t\t\t\t<img decoding=\"async\" src=\"https:\/\/www.sense-electra.de\/wp-content\/uploads\/2021\/06\/sense-electra-der-energie-ansprechpartner.jpg\" alt=\"Solarzellenpanel in einer bergigen Landschaft mit Wald\" itemprop=\"image\" title=\"sense electra - Ihr Energieansprechpartner\" onerror=\"this.style.display='none'\"  \/>\n<p>Als Energiedienstleistungsunternehmen liegt unser Fokus auf dem Messstellenbetrieb und dem W\u00e4rme-Contracting. Unser Spezialgebiet ist der Einbau von Blockheizkraftwerken, die gleichzeitig W\u00e4rme und Strom produzieren. Au\u00dferdem haben wir ein umfangreiches Solaranlagen-Produktportfolio f\u00fcr Gewerbekunden.<\/p>\nWir bieten aber noch viel mehr Energiedienstleistungen an. Diese werden in Kooperation mit erfahrenen und ausgesuchten Partnerfirmen durchgef\u00fchrt. Deshalb sind wir in der Lage, Ihren Energieverbrauch deutlich zu senken. Wir nehmen Ihnen auch gerne m\u00fchsame Verwaltungsaufgaben bei der Energieversorgung ab.<br \/>\nBei Fragen rund um das Thema Energie und Kostenreduzierung stehen Ihnen unsere Kundenberater immer pers\u00f6nlich zur Seite\n\t\t\t<a href=\"https:\/\/www.sense-electra.de\/en\/energiedienstleistungen\/\" target=\"_self\" role=\"button\" rel=\"noopener\">\n\t\t\t\t\t\tOur services for commercial customers\n\t\t\t\t\t<\/a>\n\t<p>Experten mit jahrelanger Erfahrung und Praxis<\/p>\n\t<p>Specialisation in commercial and industrial customers<\/p>\n\t<p>Energieangebote f\u00fcr alle Gewerbe und Branchen<\/p>\n<h2>\n\t\tGr\u00fcndung &#038; Team\n\t<\/h2>\n<p>Von unserem Standort Berlin aus sind wir europaweit Ihr Energie-Experte. Unser Team setzt sich aus erfahrenen und ausgesuchten Profis zusammen. Als innovatives Unternehmen k\u00f6nnen wir auf eine jahrelange Erfahrung im Bereich Strom und Gas zur\u00fcckblicken. Dabei liegt unser Fokus auf dem ressourcenschonenden Energiesparen und der effektiven Kostenreduzierung. Auf diese Weise stehen wir Ihrem Unternehmen bei ihrer Energiegewinnung und \u2013nutzung zur Seite. Sie profitieren durch effektive und g\u00fcnstige Energie und reduzieren Ihre Kosten.<\/p>\n<p>Wir haben sense electra im Sommer 2017 als Zusammenschluss mehrerer Unternehmen gegr\u00fcndet. Partnerfirma ist u. a. die seit \u00fcber 20 Jahren in ganz Deutschland t\u00e4tige apoll\u00b7on GmbH, einer der f\u00fchrenden Dienstleister auf dem Energiemarkt.<\/p>\n<p>Our team of creative developers, engineers, and commercial experts - some of whom can look back on 20 years of professional experience - implement solutions for all types of energy supply in innovative projects.<\/p>\n\t\t\t\t<img decoding=\"async\" src=\"https:\/\/www.sense-electra.de\/wp-content\/uploads\/2021\/06\/kundengespraech-bhkw.jpg\" alt=\"Beratung zwischen einem Fachexperten und einem Kunden\" itemprop=\"image\" title=\"Kundengespr\u00e4ch\" onerror=\"this.style.display='none'\"  \/>\n<h2>\n\t\tOur customers\n\t<\/h2>\n\t\t\t\t<img decoding=\"async\" src=\"https:\/\/www.sense-electra.de\/wp-content\/uploads\/2021\/06\/industrie-gewerbe.jpg\" alt=\"Industrie und Gewerbe vor blauem Hintergrund\" itemprop=\"image\" title=\"Blockheizkraftwerke f\u00fcr Industrie und Gewerbe\" onerror=\"this.style.display='none'\"  \/>\n<p>Wir nehmen unsere Kunden sehr ernst und haben einen hohen eigenen Anspruch. Die 100 %ige Zufriedenheit von Unternehmen steht f\u00fcr uns an erster Stelle. F\u00fcr Unternehmen aus nahezu allen Bereichen ermitteln wir zeitgem\u00e4\u00dfe L\u00f6sungen f\u00fcr ihre Energieversorgung. Wir finden L\u00f6sungen f\u00fcr Sie, die immer individuell auf sie zugeschnitten sind, um Strom, Gas und W\u00e4rme bestm\u00f6glich zu nutzen und ihre Kosten zu reduzieren.<\/p>\n<p>Wir sorgen f\u00fcr ein zukunftssicheres Energiemanagement bei Unternehmen. \u00dcberlassen Sie es uns, die Voraussetzungen f\u00fcr Sie zu schaffen, um g\u00fcnstige Energie zu gewinnen und dabei die Kosten niedrig zu halten. Mit unserer Hilfe sichern Sie langfristig Ihren Energieverbrauch und sparen Geld.<\/p>\n<p>We look after commercial properties as well as properties owned by housing companies. Our customers come from various sectors, for example from the hospitality industry, but we also provide heat to shopping centres and industrial parks. As we, however, cannot offer our energy services to private households, you should get in touch with your property owner if you are interested in our heat contracting models.<\/p>\n<h3>\n\t\tOur partners\n\t<\/h3>\n\t\t\t\t<img decoding=\"async\" src=\"https:\/\/www.sense-electra.de\/wp-content\/uploads\/2021\/04\/apollon_Logo_Vektor.png\" alt=\"apollon_Logo_Vektor\" itemprop=\"image\" title=\"apollon_Logo_Vektor\" onerror=\"this.style.display='none'\"  \/>\n\t\t\t\t<img decoding=\"async\" src=\"https:\/\/www.sense-electra.de\/wp-content\/uploads\/2021\/04\/schnellstrom-Logo-600x86-1.png\" alt=\"schnellstrom Logo-600x86\" itemprop=\"image\" title=\"schnellstrom Logo-600x86\" onerror=\"this.style.display='none'\"  \/>\n\t\t\t\t<img decoding=\"async\" src=\"https:\/\/www.sense-electra.de\/wp-content\/uploads\/2021\/04\/schnellgas-Logo-600x86-1.png\" alt=\"schnellgas Logo-600x86\" itemprop=\"image\" title=\"schnellgas Logo-600x86\" onerror=\"this.style.display='none'\"  \/>\n\t\t\t\t<img decoding=\"async\" src=\"https:\/\/www.sense-electra.de\/wp-content\/uploads\/2021\/04\/envisio-Logo-370x75-1-300x61.png\" alt=\"envisio-Logo-370x75\" itemprop=\"image\" title=\"envisio-Logo-370x75\" onerror=\"this.style.display='none'\"  \/>\n<h3>\n\t\tNehmen Sie jetzt gleich Kontakt zu uns auf.\n\t<\/h3>\n\t\t\t<a href=\"https:\/\/www.sense-electra.de\/en\/sense-electra\/kontakt\/\" target=\"_self\" role=\"button\" rel=\"noopener\">\n\t\t\t\t\t\tTo contact page\n\t\t\t\t\t<\/a>","protected":false},"excerpt":{"rendered":"<p>Wir \u00fcber uns Wir haben uns vorgenommen, die begrenzten Energie-Ressourcen nachhaltiger und effizienter zu nutzen. Unsere Philosophie ist es, Energie und Kosten f\u00fcr Unternehmen bestm\u00f6glich zu reduzieren. Dies tun wir, indem wir innovative Energiekonzepte mit Hilfe moderner Technologie erfolgreich umsetzen. Unser Auftrag: nachhaltige Energieversorgung Als Energiedienstleistungsunternehmen liegt unser Fokus auf dem Messstellenbetrieb und dem W\u00e4rme-Contracting.&hellip;<\/p>","protected":false},"author":1,"featured_media":0,"parent":0,"menu_order":0,"comment_status":"closed","ping_status":"closed","template":"","meta":{"_acf_changed":false,"footnotes":""},"acf":[],"yoast_head":"<!-- This site is optimized with the Yoast SEO plugin v23.1 - https:\/\/yoast.com\/wordpress\/plugins\/seo\/ -->\n<title>Wir \u00fcber uns - sense electra GmbH<\/title>\n<meta name=\"description\" content=\"Innovative Energiekonzepte mittels moderner Technologie erfolgreich umsetzen \u2013 wir \u00fcber unseren Auftrag, unsere Kunden und unser Team.\" \/>\n<meta name=\"robots\" content=\"index, follow, max-snippet:-1, max-image-preview:large, max-video-preview:-1\" \/>\n<link rel=\"canonical\" href=\"https:\/\/www.sense-electra.de\/en\/ueber-sense-electra\/\" \/>\n<meta property=\"og:locale\" content=\"en_GB\" \/>\n<meta property=\"og:type\" content=\"article\" \/>\n<meta property=\"og:title\" content=\"Wir \u00fcber uns - sense electra GmbH\" \/>\n<meta property=\"og:description\" content=\"Innovative Energiekonzepte mittels moderner Technologie erfolgreich umsetzen \u2013 wir \u00fcber unseren Auftrag, unsere Kunden und unser Team.\" \/>\n<meta property=\"og:url\" content=\"https:\/\/www.sense-electra.de\/en\/ueber-sense-electra\/\" \/>\n<meta property=\"og:site_name\" content=\"sense electra\" \/>\n<meta property=\"article:modified_time\" content=\"2023-11-21T08:21:00+00:00\" \/>\n<meta property=\"og:image\" content=\"https:\/\/www.sense-electra.de\/wp-content\/uploads\/2021\/06\/sense-electra-der-energie-ansprechpartner.jpg\" \/>\n<meta name=\"twitter:card\" content=\"summary_large_image\" \/>\n<meta name=\"twitter:label1\" content=\"Estimated reading time\" \/>\n\t<meta name=\"twitter:data1\" content=\"2 minutes\" \/>\n<script type=\"application\/ld+json\" class=\"yoast-schema-graph\">{\"@context\":\"https:\/\/schema.org\",\"@graph\":[{\"@type\":\"WebPage\",\"@id\":\"https:\/\/www.sense-electra.de\/ueber-sense-electra\/\",\"url\":\"https:\/\/www.sense-electra.de\/ueber-sense-electra\/\",\"name\":\"Wir \u00fcber uns - sense electra GmbH\",\"isPartOf\":{\"@id\":\"https:\/\/www.sense-electra.de\/#website\"},\"primaryImageOfPage\":{\"@id\":\"https:\/\/www.sense-electra.de\/ueber-sense-electra\/#primaryimage\"},\"image\":{\"@id\":\"https:\/\/www.sense-electra.de\/ueber-sense-electra\/#primaryimage\"},\"thumbnailUrl\":\"https:\/\/www.sense-electra.de\/wp-content\/uploads\/2021\/06\/sense-electra-der-energie-ansprechpartner.jpg\",\"datePublished\":\"2020-08-03T12:40:20+00:00\",\"dateModified\":\"2023-11-21T08:21:00+00:00\",\"description\":\"Innovative Energiekonzepte mittels moderner Technologie erfolgreich umsetzen \u2013 wir \u00fcber unseren Auftrag, unsere Kunden und unser Team.\",\"breadcrumb\":{\"@id\":\"https:\/\/www.sense-electra.de\/ueber-sense-electra\/#breadcrumb\"},\"inLanguage\":\"en-GB\",\"potentialAction\":[{\"@type\":\"ReadAction\",\"target\":[\"https:\/\/www.sense-electra.de\/ueber-sense-electra\/\"]}]},{\"@type\":\"ImageObject\",\"inLanguage\":\"en-GB\",\"@id\":\"https:\/\/www.sense-electra.de\/ueber-sense-electra\/#primaryimage\",\"url\":\"https:\/\/www.sense-electra.de\/wp-content\/uploads\/2021\/06\/sense-electra-der-energie-ansprechpartner.jpg\",\"contentUrl\":\"https:\/\/www.sense-electra.de\/wp-content\/uploads\/2021\/06\/sense-electra-der-energie-ansprechpartner.jpg\"},{\"@type\":\"BreadcrumbList\",\"@id\":\"https:\/\/www.sense-electra.de\/ueber-sense-electra\/#breadcrumb\",\"itemListElement\":[{\"@type\":\"ListItem\",\"position\":1,\"name\":\"Startseite\",\"item\":\"https:\/\/www.sense-electra.de\/\"},{\"@type\":\"ListItem\",\"position\":2,\"name\":\"sense electra\"}]},{\"@type\":\"WebSite\",\"@id\":\"https:\/\/www.sense-electra.de\/#website\",\"url\":\"https:\/\/www.sense-electra.de\/\",\"name\":\"sense electra\",\"description\":\"W\u00e4rmeversorgung f\u00fcr Industrie- und Gewerbekunden\",\"potentialAction\":[{\"@type\":\"SearchAction\",\"target\":{\"@type\":\"EntryPoint\",\"urlTemplate\":\"https:\/\/www.sense-electra.de\/?s={search_term_string}\"},\"query-input\":\"required name=search_term_string\"}],\"inLanguage\":\"en-GB\"}]}<\/script>\n<!-- \/ Yoast SEO plugin. -->","yoast_head_json":{"title":"Wir \u00fcber uns - sense electra GmbH","description":"Innovative Energiekonzepte mittels moderner Technologie erfolgreich umsetzen \u2013 wir \u00fcber unseren Auftrag, unsere Kunden und unser Team.","robots":{"index":"index","follow":"follow","max-snippet":"max-snippet:-1","max-image-preview":"max-image-preview:large","max-video-preview":"max-video-preview:-1"},"canonical":"https:\/\/www.sense-electra.de\/en\/ueber-sense-electra\/","og_locale":"en_GB","og_type":"article","og_title":"Wir \u00fcber uns - sense electra GmbH","og_description":"Innovative Energiekonzepte mittels moderner Technologie erfolgreich umsetzen \u2013 wir \u00fcber unseren Auftrag, unsere Kunden und unser Team.","og_url":"https:\/\/www.sense-electra.de\/en\/ueber-sense-electra\/","og_site_name":"sense electra","article_modified_time":"2023-11-21T08:21:00+00:00","og_image":[{"url":"https:\/\/www.sense-electra.de\/wp-content\/uploads\/2021\/06\/sense-electra-der-energie-ansprechpartner.jpg"}],"twitter_card":"summary_large_image","twitter_misc":{"Estimated reading time":"2 minutes"},"schema":{"@context":"https:\/\/schema.org","@graph":[{"@type":"WebPage","@id":"https:\/\/www.sense-electra.de\/ueber-sense-electra\/","url":"https:\/\/www.sense-electra.de\/ueber-sense-electra\/","name":"Wir \u00fcber uns - sense electra GmbH","isPartOf":{"@id":"https:\/\/www.sense-electra.de\/#website"},"primaryImageOfPage":{"@id":"https:\/\/www.sense-electra.de\/ueber-sense-electra\/#primaryimage"},"image":{"@id":"https:\/\/www.sense-electra.de\/ueber-sense-electra\/#primaryimage"},"thumbnailUrl":"https:\/\/www.sense-electra.de\/wp-content\/uploads\/2021\/06\/sense-electra-der-energie-ansprechpartner.jpg","datePublished":"2020-08-03T12:40:20+00:00","dateModified":"2023-11-21T08:21:00+00:00","description":"Innovative Energiekonzepte mittels moderner Technologie erfolgreich umsetzen \u2013 wir \u00fcber unseren Auftrag, unsere Kunden und unser Team.","breadcrumb":{"@id":"https:\/\/www.sense-electra.de\/ueber-sense-electra\/#breadcrumb"},"inLanguage":"en-GB","potentialAction":[{"@type":"ReadAction","target":["https:\/\/www.sense-electra.de\/ueber-sense-electra\/"]}]},{"@type":"ImageObject","inLanguage":"en-GB","@id":"https:\/\/www.sense-electra.de\/ueber-sense-electra\/#primaryimage","url":"https:\/\/www.sense-electra.de\/wp-content\/uploads\/2021\/06\/sense-electra-der-energie-ansprechpartner.jpg","contentUrl":"https:\/\/www.sense-electra.de\/wp-content\/uploads\/2021\/06\/sense-electra-der-energie-ansprechpartner.jpg"},{"@type":"BreadcrumbList","@id":"https:\/\/www.sense-electra.de\/ueber-sense-electra\/#breadcrumb","itemListElement":[{"@type":"ListItem","position":1,"name":"Startseite","item":"https:\/\/www.sense-electra.de\/"},{"@type":"ListItem","position":2,"name":"sense electra"}]},{"@type":"WebSite","@id":"https:\/\/www.sense-electra.de\/#website","url":"https:\/\/www.sense-electra.de\/","name":"sense electra","description":"W\u00e4rmeversorgung f\u00fcr Industrie- und Gewerbekunden","potentialAction":[{"@type":"SearchAction","target":{"@type":"EntryPoint","urlTemplate":"https:\/\/www.sense-electra.de\/?s={search_term_string}"},"query-input":"required name=search_term_string"}],"inLanguage":"en-GB"}]}},"_links":{"self":[{"href":"https:\/\/www.sense-electra.de\/en\/wp-json\/wp\/v2\/pages\/62"}],"collection":[{"href":"https:\/\/www.sense-electra.de\/en\/wp-json\/wp\/v2\/pages"}],"about":[{"href":"https:\/\/www.sense-electra.de\/en\/wp-json\/wp\/v2\/types\/page"}],"author":[{"embeddable":true,"href":"https:\/\/www.sense-electra.de\/en\/wp-json\/wp\/v2\/users\/1"}],"replies":[{"embeddable":true,"href":"https:\/\/www.sense-electra.de\/en\/wp-json\/wp\/v2\/comments?post=62"}],"version-history":[{"count":0,"href":"https:\/\/www.sense-electra.de\/en\/wp-json\/wp\/v2\/pages\/62\/revisions"}],"wp:attachment":[{"href":"https:\/\/www.sense-electra.de\/en\/wp-json\/wp\/v2\/media?parent=62"}],"curies":[{"name":"wp","href":"https:\/\/api.w.org\/{rel}","templated":true}]}}