{"id":9,"date":"2020-07-08T14:37:32","date_gmt":"2020-07-08T12:37:32","guid":{"rendered":"https:\/\/www.sense-electra.de\/?page_id=9"},"modified":"2024-06-26T09:32:14","modified_gmt":"2024-06-26T07:32:14","slug":"homepage","status":"publish","type":"page","link":"https:\/\/www.sense-electra.de\/en\/","title":{"rendered":"Homepage"},"content":{"rendered":"<h1>Save energy now with a combined heat and power unit<\/h1>\r\n<p>Our team will calculate the savings your company will make.<br \/>Free of charge &amp; fast. Get a quote now without any obligation.<\/p>\r\n<h1>Energie-Einsparungen mittels BHKW<br \/>entdecken<\/h1>\r\n<p>Our team will calculate the savings your company will make.<br \/>Kostenfrei &amp; schnell.<br \/>Unverbindliches Angebot erhalten. <a role=\"button\" href=\"https:\/\/www.sense-electra.de\/en\/blockheizkraftwerk\/\" target=\"_self\" rel=\"noopener\"> Get a free CHP quote for your company <\/a><\/p>\r\n<h2>We\u2019ll redesign your energy supply<\/h2>\r\n<h3>Energy services for all types of business<\/h3>\r\n<p>Mit unseren Kunden gehen wir neue Wege \u2013 hin zu einer nachhaltigen und effezienten Energieversorgung. Wir k\u00fcmmern uns um die Reduzierung Ihrer Energiekosten und Ihres Verbrauchs. Unser Fokus liegt auf regenerativen und modernen Energieerzeugungsanlagen.<\/p>\r\n<h3>Energiel\u00f6sungen &#8211; alles aus einer Hand<\/h3>\r\n<p>Wir sind ein Fachbetrieb f\u00fcr die Planung und den Einbau von Blockheizkraftwerken (BHKW) f\u00fcr Unternehmen und gewerbliche Immobilien. Unseren Kunden bieten wir eine fachliche Beratung und k\u00fcmmern uns im Anschluss um die Planung, die Montage und eine g\u00fcnstige Brennstoffversorgung.<\/p>\r\n<h3>Einbau von BHKW unterschiedlicher Hersteller<\/h3>\r\n<p>We work together with various CHP manufacturers and know their individual advantages. This enables us to find the right CHP unit for your company\u2019s electricity and heating requirements.<\/p>\r\n<h2>Our references speak for themselves<\/h2>\r\n<p>Wir finden immer einen Weg, um unseren Kunden ein hocheffizientes Blockheizkraftwerk zu erm\u00f6glichen.<\/p>\r\n<p>Video not specified. Please select one to display. <a role=\"button\" href=\"https:\/\/www.sense-electra.de\/en\/sense-electra\/referenzen\/\" target=\"_self\" rel=\"noopener\"> See our references <\/a><\/p>\r\n<h2>Wir sind Ihr Energiedienstleister<\/h2>\r\n<h3>For your energy. For your business.<\/h3>\r\n<p>sense electra offers commercial customers and property companies professional solutions in all aspects of their electricity and heat supply. We are specialists in combined heat and power units (CHP). These enable us to reduce your energy costs whilst increasing your energy efficiency at the same time.<\/p>\r\n<p>See what we can do for you:<\/p>\r\n<p><a href=\"https:\/\/www.sense-electra.de\/en\/energiedienstleistungen\/bhkw-heizung\/\" target=\"_self\" rel=\"noopener\"> <img loading=\"lazy\" decoding=\"async\" title=\"Kraft-W\u00e4rme Kopplungsanlage in einem Unternehmen\" src=\"https:\/\/www.sense-electra.de\/wp-content\/uploads\/bb-plugin\/cache\/kraft-w\u00e4rme-kopplungsanlage-beispiel-kunde-panorama.jpg\" alt=\"Kraft-W\u00e4rme-Kopplungsanlage am Standort\" width=\"501\" height=\"281\" \/> <\/a><\/p>\r\n<h3><a href=\"https:\/\/www.sense-electra.de\/en\/energiedienstleistungen\/bhkw-heizung\/\" target=\"_self\" rel=\"noopener\">Combined heat and power units (CHPs)<\/a><\/h3>\r\n<p>Wir beraten, planen und installieren Blockheizkraftwerke f\u00fcr alle Gewerbe sowie f\u00fcr die Wohnungswirtschaft. Unsere BHKW k\u00f6nnen Sie kaufen oder mieten.<\/p>\r\n<p><a href=\"https:\/\/www.sense-electra.de\/en\/energiedienstleistungen\/photovoltaikanlage\/\" target=\"_self\" rel=\"noopener\"> <img decoding=\"async\" title=\"Photovoltaikanlage - nachhaltig und wirtschaflich sinnvoll\" src=\"https:\/\/www.sense-electra.de\/wp-content\/uploads\/bb-plugin\/cache\/photovoltaikanlage-nachhaltige-und-wirtschaftliche-nutzung-panorama.jpg\" alt=\"PV-Anlage auf Freifl\u00e4che mit blauem Himmel\" \/> <\/a><\/p>\r\n<h3><a href=\"https:\/\/www.sense-electra.de\/en\/energiedienstleistungen\/photovoltaikanlage\/\" target=\"_self\" rel=\"noopener\">Photovoltaic systems<\/a><\/h3>\r\n<p>We plan and install solar systems for commercial and industrial customers.<\/p>\r\n<p><a href=\"https:\/\/www.sense-electra.de\/en\/energiedienstleistungen\/guenstige-strom-und-waermetarife\/\" target=\"_self\" rel=\"noopener\"> <img decoding=\"async\" title=\"Energieanbieter mit g\u00fcnstigen Tarifen von Energieexperten\" src=\"https:\/\/www.sense-electra.de\/wp-content\/uploads\/bb-plugin\/cache\/energieanbieter-fuer-jede-branche-panorama.jpg\" alt=\"Hochspannungsmast mit elektrischen Freileitungen vor einem Sonnenuntergang\" \/> <\/a><\/p>\r\n<h3><a href=\"https:\/\/www.sense-electra.de\/en\/energiedienstleistungen\/guenstige-strom-und-waermetarife\/\" target=\"_self\" rel=\"noopener\">Electricity and heat tariffs<\/a><\/h3>\r\n<p>We broker low-cost electricity and gas contracts for all types of companies and industries.<\/p>\r\n<p><a href=\"https:\/\/www.sense-electra.de\/en\/energiedienstleistungen\/waermecontracting\/\" target=\"_self\" rel=\"noopener\"> <img decoding=\"async\" title=\"Energie effizient nutzen in Immobilien\" src=\"https:\/\/www.sense-electra.de\/wp-content\/uploads\/bb-plugin\/cache\/immobilie-effizienzhaus-panorama.jpg\" alt=\"Immobilie mit effizienter Energienutzung\" \/> <\/a><\/p>\r\n<h3><a href=\"https:\/\/www.sense-electra.de\/en\/energiedienstleistungen\/waermecontracting\/\" target=\"_self\" rel=\"noopener\">Heat supply<\/a><\/h3>\r\n<p>We guarantee a reliable heat supply and will take the tasks related to operating your heating system off your hands.<\/p>\r\n<p><a href=\"https:\/\/www.sense-electra.de\/en\/energiedienstleistungen\/energiemanagementsystem\/\" target=\"_self\" rel=\"noopener\"> <img decoding=\"async\" title=\"M\u00f6glichkeiten eines Blockheizkraftwerks\" src=\"https:\/\/www.sense-electra.de\/wp-content\/uploads\/bb-plugin\/cache\/industrieanlage-energie-fuer-unternehmen-panorama.jpg\" alt=\"Moderne Anlagen aus Stahl\" \/> <\/a><\/p>\r\n<h3><a href=\"https:\/\/www.sense-electra.de\/en\/energiedienstleistungen\/energiemanagementsystem\/\" target=\"_self\" rel=\"noopener\">Energy management systems<\/a><\/h3>\r\n<p>We implement energy management systems to sustainably reduce your energy consumption over the long term.<\/p>\r\n<p><a href=\"https:\/\/www.sense-electra.de\/en\/energiedienstleistungen\/rechnungspruefung\/\" target=\"_self\" rel=\"noopener\"> <img decoding=\"async\" title=\"Sorgf\u00e4ltige P\u00fcfung von Energierechnungen\" src=\"https:\/\/www.sense-electra.de\/wp-content\/uploads\/bb-plugin\/cache\/rechnungspruefung-von-experten-panorama.jpg\" alt=\"Silberne Lupe zum Kontrollieren\" \/> <\/a><\/p>\r\n<h3><a href=\"https:\/\/www.sense-electra.de\/en\/energiedienstleistungen\/rechnungspruefung\/\" target=\"_self\" rel=\"noopener\">Energy bill auditing<\/a><\/h3>\r\n<p>We carefully check and audit our customers\u2019 electricity and gas invoices.<\/p>\r\n<p><a role=\"button\" href=\"https:\/\/www.sense-electra.de\/en\/energiedienstleistungen\/\" target=\"_self\" rel=\"noopener\"> Reveal further energy services <\/a><\/p>\r\n<h2>Das Blockheizkraftwerk &#8211; die Technologie der Zukunft<\/h2>\r\n<h3>Senkt Ihre Energiekosten und den CO<sub>2<\/sub>-Aussto\u00df<\/h3>\r\n<h4 class=\"translation-block\">Promote sustainability and save energy costs at the same time<\/h4>\r\n<p>What makes combined heat and power units so special is that they generate both heat and electricity in one. This electricity is more environmentally friendly and, because it comes directly from your own boiler room, there are no long electricity transport routes.<\/p>\r\n<p>Au\u00dferdem arbeitet ein BHKW wesentlich effizienter als ein Elektrizit\u00e4tswerk und erreicht einen Gesamtwirkungsgrad von 90 %. In den meisten Elektrizit\u00e4tswerken entsteht bei der Stromerzeugung W\u00e4rme, die ungenutzt vernichtet wird. Ein BHKW hingegen nutzt die entstehende Abw\u00e4rme der Stromerzeugung zum Heizen. Dadurch kann es die Energiekosten um bis zu 40 % senken.<\/p>\r\n<p><img decoding=\"async\" title=\"Ein nachhaltiges Geb\u00e4ude mittels Blockheizkraftwerk\" src=\"https:\/\/www.sense-electra.de\/wp-content\/uploads\/2021\/09\/Gruene_Energie.jpg\" alt=\"Gr\u00fcnes Haus aus Gras vor gr\u00fcner Wiese\" \/> <img decoding=\"async\" src=\"https:\/\/www.sense-electra.de\/wp-content\/uploads\/2021\/09\/Industriepark.jpg\" alt=\"D\u00e4cher verschiedener industrieller Anlagen\" \/><\/p>\r\n<h4>Zuverl\u00e4ssig und flexibel <br \/>Reliable and flexible and can be used in all types of businesses<\/h4>\r\n<p>Renewable energies from the sun and wind only produce energy when the weather plays along. This is in complete contrast to a CHP unit, which produces heat and electricity continuously, regardless of whether the sun is shining or not.<\/p>\r\n<p>Blockheizkraftwerke gibt es in verschiedenen Leistungsklassen &#8211; von der Versorgung eines Schwimmbads bis zu gro\u00dfen Industrieparks ist alles m\u00f6glich. Neben der Bereitstellung von Raumw\u00e4rme, kann ein BHKW auch Wasserdampf und Hei\u00dfluft erzeugen sowie zum K\u00fchlen eingesetzt werden.<\/p>\r\n<h4 class=\"translation-block\">Technology of the future tried and tested<\/h4>\r\n<p>The government has also recognised the future potential of combined heat and power (CHP) units, or cogeneration units. It has stipulated that a quarter of the electricity produced in Germany should come from CHP units.<\/p>\r\n<p>Die verbaute Technik eines BHKW ist bereits lang bekannt: es besteht aus einem Antrieb, meist ein Verbrennungsmotor, der mit einem Generator gekoppelt ist. Zuk\u00fcnftig k\u00f6nnten aber auch Brennstoffzellen auf Wasserstoff- oder Erdgasbasis eine gro\u00dfe Rolle als Antrieb spielen.<\/p>\r\n<p><img decoding=\"async\" title=\"BHKW Antriebe und Motoren\" src=\"https:\/\/www.sense-electra.de\/wp-content\/uploads\/2021\/06\/bhkw-motoren-1024x683.jpg\" alt=\"Technologie dargestellt durch Motorkolben\" \/> <a role=\"button\" href=\"https:\/\/www.sense-electra.de\/en\/blockheizkraftwerk\/\" target=\"_self\" rel=\"noopener\"> Find out more about combined heat and power units <\/a><\/p>\r\n<h2>In welcher Branche sind Sie t\u00e4tig?<\/h2>\r\n<p><a href=\"https:\/\/www.sense-electra.de\/en\/gewerbe\/wohnungswirtschaft\/\" target=\"_self\" rel=\"noopener\"> <img loading=\"lazy\" decoding=\"async\" title=\"Ein BHKW unterst\u00fctzt bei der Energiekostensenkung.\" src=\"https:\/\/www.sense-electra.de\/wp-content\/uploads\/bb-plugin\/cache\/Blockheizkraftwerke-fuer-Wohnimmobilien-Wohnungswirtschaft-panorama.jpg\" alt=\"Mehrfamilienh\u00e4user im Sonnenschein vor blauem Himmel\" width=\"500\" height=\"333\" \/> <\/a><\/p>\r\n<h4><a href=\"https:\/\/www.sense-electra.de\/en\/gewerbe\/wohnungswirtschaft\/\" target=\"_self\" rel=\"noopener\">Property and housing<\/a><\/h4>\r\n<p><a href=\"https:\/\/www.sense-electra.de\/en\/gewerbe\/hotel-pension\/\" target=\"_self\" rel=\"noopener\"> <img decoding=\"async\" title=\"Blockheizkraftwerke f\u00fcr Industrie und Gewerbe\" src=\"https:\/\/www.sense-electra.de\/wp-content\/uploads\/bb-plugin\/cache\/industrie-gewerbe-panorama.jpg\" alt=\"Industrie und Gewerbe vor blauem Hintergrund\" \/> <\/a><\/p>\r\n<h4><a href=\"https:\/\/www.sense-electra.de\/en\/gewerbe\/hotel-pension\/\" target=\"_self\" rel=\"noopener\">Industrial<\/a><\/h4>\r\n<p><a href=\"https:\/\/www.sense-electra.de\/en\/gewerbe\/landwirtschaft\/\" target=\"_self\" rel=\"noopener\"> <img decoding=\"async\" title=\"Ein BHKW kann helfen Energiekosten zu sparen.\" src=\"https:\/\/www.sense-electra.de\/wp-content\/uploads\/bb-plugin\/cache\/Blockheizkraftwerke-fuer-die-Landwirtschaft-panorama.jpg\" alt=\"Landwirtschaftsger\u00e4t auf einem gr\u00fcnen Feld mit blauem Himmel.\" \/> <\/a><\/p>\r\n<h4><a href=\"https:\/\/www.sense-electra.de\/en\/gewerbe\/landwirtschaft\/\" target=\"_self\" rel=\"noopener\">Agribusinesses<\/a><\/h4>\r\n<p><a href=\"https:\/\/www.sense-electra.de\/en\/gewerbe\/hotel-pension\/\" target=\"_self\" rel=\"noopener\"> <img decoding=\"async\" title=\"Ein BHKW kann Sie unterst\u00fctzen Energiekosten zu sparen.\" src=\"https:\/\/www.sense-electra.de\/wp-content\/uploads\/bb-plugin\/cache\/Blockheizkraftwerke-fuer-Hotels-und-Pensionen-panorama.jpg\" alt=\"Hotelrezeption\" \/> <\/a><\/p>\r\n<h4><a href=\"https:\/\/www.sense-electra.de\/en\/gewerbe\/hotel-pension\/\" target=\"_self\" rel=\"noopener\">Hotel &amp; Pension<\/a><\/h4>\r\n<p><a href=\"https:\/\/www.sense-electra.de\/en\/gewerbe\/schwimmbad\/\" target=\"_self\" rel=\"noopener\"> <img decoding=\"async\" title=\"Ein BHKW hilft Energiekosten eines Schwimmbades zu sparen\" src=\"https:\/\/www.sense-electra.de\/wp-content\/uploads\/bb-plugin\/cache\/Blockheizkraftwerke-fuer-Schwimmbaeder-Hallenbaeder-panorama.jpg\" alt=\"Schwimmbecken in einem Hallenbad\" \/> <\/a><\/p>\r\n<h4><a href=\"https:\/\/www.sense-electra.de\/en\/gewerbe\/schwimmbad\/\" target=\"_self\" rel=\"noopener\">Swimming pools<\/a><\/h4>\r\n<p><a role=\"button\" href=\"https:\/\/www.sense-electra.de\/en\/gewerbe\/\" target=\"_self\" rel=\"noopener\"> Other types of business <\/a><\/p>\r\n<h2>CHPs - interesting facts<\/h2>\r\n<p>Wussten Sie, dass ein BHKW einen Gesamtwirkungsgrad von \u00fcber 90 % erzielen kann?<br \/>Here, you can find out more interesting facts on the energy supply with CHP units.<br \/>If you have any questions about the right CHP unit for your business, you\u2019re in good hands with us. <a href=\"https:\/\/www.sense-electra.de\/en\/blockheizkraftwerk\/bhkw-grundlagen\/\" target=\"_self\" rel=\"noopener\"> <img decoding=\"async\" title=\"Blockheizkraftwerke speziell f\u00fcr Gewerbe und Industrie\" src=\"https:\/\/www.sense-electra.de\/wp-content\/uploads\/2021\/06\/blockheizkraftwerke-fuer-gewerbe-und-industrie-150x150.jpg\" alt=\"Erleuchtete Gl\u00fchlampe vor Holztisch\" \/> <\/a><\/p>\r\n<p><a href=\"https:\/\/www.sense-electra.de\/en\/blockheizkraftwerk\/bhkw-grundlagen\/\">CHP basic facts<\/a><\/p>\r\n<p><a href=\"https:\/\/www.sense-electra.de\/en\/blockheizkraftwerk\/einsatzgebiete\/\" target=\"_self\" rel=\"noopener\"> <img decoding=\"async\" title=\"Die M\u00f6glichkeiten an Einsatzgebieten von BHKWs in Gewerbe und Industrie sind vielf\u00e4ltig.\" src=\"https:\/\/www.sense-electra.de\/wp-content\/uploads\/2022\/03\/einsaztgebiete_fuer_BHKW-150x150.jpg\" alt=\"Kosten senken und F\u00f6rderungen f\u00fcr BHKW nutzen\" \/> <\/a><\/p>\r\n<p><a href=\"https:\/\/www.sense-electra.de\/en\/blockheizkraftwerk\/einsatzgebiete\/\">Areas of application<\/a><\/p>\r\n<p><a href=\"https:\/\/www.sense-electra.de\/en\/blockheizkraftwerk\/kosten-foerderung\/\" target=\"_self\" rel=\"noopener\"> <img decoding=\"async\" title=\"Mit einem BHKW Strom und Geld sparen\" src=\"https:\/\/www.sense-electra.de\/wp-content\/uploads\/2021\/06\/kosten-senken-mit-bhkw-150x150.jpg\" alt=\"Steigende M\u00fcnzstapel und leuchtende Gl\u00fchlampe\" \/> <\/a><\/p>\r\n<p><a href=\"https:\/\/www.sense-electra.de\/en\/blockheizkraftwerk\/kosten-foerderung\/\">Costs and subsidies<\/a><\/p>\r\n<p><a href=\"https:\/\/www.sense-electra.de\/en\/blockheizkraftwerk\/bhkw-brennstoffe\/\" target=\"_self\" rel=\"noopener\"> <img decoding=\"async\" title=\"Fossile und erneuerbare Energien als Brennstoff\" src=\"https:\/\/www.sense-electra.de\/wp-content\/uploads\/2021\/06\/fossile-enerneuerbare-energien-brenstofffe-150x150.jpg\" alt=\"Erdgas - eine Brennstoffm\u00f6glichkeit f\u00fcr Blockheizkraftwerke\" \/> <\/a><\/p>\r\n<p><a href=\"https:\/\/www.sense-electra.de\/en\/blockheizkraftwerk\/bhkw-brennstoffe\/\">CHP fuels<\/a><\/p>","protected":false},"excerpt":{"rendered":"<p>Jetzt Energie-Einsparungen mittels Blockheizkraftwerk entdecken Unser Team berechnet die Einsparungen f\u00fcr Ihr Unternehmen.Kostenfrei &amp; schnell. Jetzt ein unverbindliches Angebot erhalten. Energie-Einsparungen mittels BHKWentdecken Unser Team berechnet die Einsparungen f\u00fcr Ihr Unternehmen.Kostenfrei &amp; schnell.Unverbindliches Angebot erhalten. Zum kostenfreien BHKW-Angebot f\u00fcr Ihr Unternehmen Wir gestalten Ihre Energieversorgung neu Energiedienstleistungen f\u00fcr alle Gewerbe Mit unseren Kunden gehen wir&hellip;<\/p>","protected":false},"author":1,"featured_media":0,"parent":0,"menu_order":0,"comment_status":"closed","ping_status":"closed","template":"","meta":{"_acf_changed":false,"footnotes":""},"acf":[],"yoast_head":"<!-- This site is optimized with the Yoast SEO plugin v23.1 - https:\/\/yoast.com\/wordpress\/plugins\/seo\/ -->\n<title>Homepage - sense electra<\/title>\n<meta name=\"robots\" content=\"index, follow, max-snippet:-1, max-image-preview:large, max-video-preview:-1\" \/>\n<link rel=\"canonical\" href=\"https:\/\/www.sense-electra.de\/en\/\" \/>\n<meta property=\"og:locale\" content=\"en_GB\" \/>\n<meta property=\"og:type\" content=\"article\" \/>\n<meta property=\"og:title\" content=\"Homepage - sense electra\" \/>\n<meta property=\"og:description\" content=\"Jetzt Energie-Einsparungen mittels Blockheizkraftwerk entdecken Unser Team berechnet die Einsparungen f\u00fcr Ihr Unternehmen.Kostenfrei &amp; schnell. Jetzt ein unverbindliches Angebot erhalten. Energie-Einsparungen mittels BHKWentdecken Unser Team berechnet die Einsparungen f\u00fcr Ihr Unternehmen.Kostenfrei &amp; schnell.Unverbindliches Angebot erhalten. Zum kostenfreien BHKW-Angebot f\u00fcr Ihr Unternehmen Wir gestalten Ihre Energieversorgung neu Energiedienstleistungen f\u00fcr alle Gewerbe Mit unseren Kunden gehen wir&hellip;\" \/>\n<meta property=\"og:url\" content=\"https:\/\/www.sense-electra.de\/en\/\" \/>\n<meta property=\"og:site_name\" content=\"sense electra\" \/>\n<meta property=\"article:modified_time\" content=\"2024-06-26T07:32:14+00:00\" \/>\n<meta property=\"og:image\" content=\"https:\/\/www.sense-electra.de\/wp-content\/uploads\/bb-plugin\/cache\/photovoltaikanlage-nachhaltige-und-wirtschaftliche-nutzung-panorama.jpg\" \/>\n<meta name=\"twitter:card\" content=\"summary_large_image\" \/>\n<meta name=\"twitter:label1\" content=\"Estimated reading time\" \/>\n\t<meta name=\"twitter:data1\" content=\"8 minutes\" \/>\n<script type=\"application\/ld+json\" class=\"yoast-schema-graph\">{\"@context\":\"https:\/\/schema.org\",\"@graph\":[{\"@type\":\"WebPage\",\"@id\":\"https:\/\/www.sense-electra.de\/\",\"url\":\"https:\/\/www.sense-electra.de\/\",\"name\":\"Homepage - sense electra\",\"isPartOf\":{\"@id\":\"https:\/\/www.sense-electra.de\/#website\"},\"primaryImageOfPage\":{\"@id\":\"https:\/\/www.sense-electra.de\/#primaryimage\"},\"image\":{\"@id\":\"https:\/\/www.sense-electra.de\/#primaryimage\"},\"thumbnailUrl\":\"https:\/\/www.sense-electra.de\/wp-content\/uploads\/bb-plugin\/cache\/photovoltaikanlage-nachhaltige-und-wirtschaftliche-nutzung-panorama.jpg\",\"datePublished\":\"2020-07-08T12:37:32+00:00\",\"dateModified\":\"2024-06-26T07:32:14+00:00\",\"breadcrumb\":{\"@id\":\"https:\/\/www.sense-electra.de\/#breadcrumb\"},\"inLanguage\":\"en-GB\",\"potentialAction\":[{\"@type\":\"ReadAction\",\"target\":[\"https:\/\/www.sense-electra.de\/\"]}]},{\"@type\":\"ImageObject\",\"inLanguage\":\"en-GB\",\"@id\":\"https:\/\/www.sense-electra.de\/#primaryimage\",\"url\":\"https:\/\/www.sense-electra.de\/wp-content\/uploads\/bb-plugin\/cache\/photovoltaikanlage-nachhaltige-und-wirtschaftliche-nutzung-panorama.jpg\",\"contentUrl\":\"https:\/\/www.sense-electra.de\/wp-content\/uploads\/bb-plugin\/cache\/photovoltaikanlage-nachhaltige-und-wirtschaftliche-nutzung-panorama.jpg\"},{\"@type\":\"BreadcrumbList\",\"@id\":\"https:\/\/www.sense-electra.de\/#breadcrumb\",\"itemListElement\":[{\"@type\":\"ListItem\",\"position\":1,\"name\":\"Startseite\",\"item\":\"https:\/\/www.sense-electra.de\/\"},{\"@type\":\"ListItem\",\"position\":2,\"name\":\"Homepage\"}]},{\"@type\":\"WebSite\",\"@id\":\"https:\/\/www.sense-electra.de\/#website\",\"url\":\"https:\/\/www.sense-electra.de\/\",\"name\":\"sense electra\",\"description\":\"W\u00e4rmeversorgung f\u00fcr Industrie- und Gewerbekunden\",\"potentialAction\":[{\"@type\":\"SearchAction\",\"target\":{\"@type\":\"EntryPoint\",\"urlTemplate\":\"https:\/\/www.sense-electra.de\/?s={search_term_string}\"},\"query-input\":\"required name=search_term_string\"}],\"inLanguage\":\"en-GB\"}]}<\/script>\n<!-- \/ Yoast SEO plugin. -->","yoast_head_json":{"title":"Homepage - sense electra","robots":{"index":"index","follow":"follow","max-snippet":"max-snippet:-1","max-image-preview":"max-image-preview:large","max-video-preview":"max-video-preview:-1"},"canonical":"https:\/\/www.sense-electra.de\/en\/","og_locale":"en_GB","og_type":"article","og_title":"Homepage - sense electra","og_description":"Jetzt Energie-Einsparungen mittels Blockheizkraftwerk entdecken Unser Team berechnet die Einsparungen f\u00fcr Ihr Unternehmen.Kostenfrei &amp; schnell. Jetzt ein unverbindliches Angebot erhalten. Energie-Einsparungen mittels BHKWentdecken Unser Team berechnet die Einsparungen f\u00fcr Ihr Unternehmen.Kostenfrei &amp; schnell.Unverbindliches Angebot erhalten. Zum kostenfreien BHKW-Angebot f\u00fcr Ihr Unternehmen Wir gestalten Ihre Energieversorgung neu Energiedienstleistungen f\u00fcr alle Gewerbe Mit unseren Kunden gehen wir&hellip;","og_url":"https:\/\/www.sense-electra.de\/en\/","og_site_name":"sense electra","article_modified_time":"2024-06-26T07:32:14+00:00","og_image":[{"url":"https:\/\/www.sense-electra.de\/wp-content\/uploads\/bb-plugin\/cache\/photovoltaikanlage-nachhaltige-und-wirtschaftliche-nutzung-panorama.jpg"}],"twitter_card":"summary_large_image","twitter_misc":{"Estimated reading time":"8 minutes"},"schema":{"@context":"https:\/\/schema.org","@graph":[{"@type":"WebPage","@id":"https:\/\/www.sense-electra.de\/","url":"https:\/\/www.sense-electra.de\/","name":"Homepage - sense electra","isPartOf":{"@id":"https:\/\/www.sense-electra.de\/#website"},"primaryImageOfPage":{"@id":"https:\/\/www.sense-electra.de\/#primaryimage"},"image":{"@id":"https:\/\/www.sense-electra.de\/#primaryimage"},"thumbnailUrl":"https:\/\/www.sense-electra.de\/wp-content\/uploads\/bb-plugin\/cache\/photovoltaikanlage-nachhaltige-und-wirtschaftliche-nutzung-panorama.jpg","datePublished":"2020-07-08T12:37:32+00:00","dateModified":"2024-06-26T07:32:14+00:00","breadcrumb":{"@id":"https:\/\/www.sense-electra.de\/#breadcrumb"},"inLanguage":"en-GB","potentialAction":[{"@type":"ReadAction","target":["https:\/\/www.sense-electra.de\/"]}]},{"@type":"ImageObject","inLanguage":"en-GB","@id":"https:\/\/www.sense-electra.de\/#primaryimage","url":"https:\/\/www.sense-electra.de\/wp-content\/uploads\/bb-plugin\/cache\/photovoltaikanlage-nachhaltige-und-wirtschaftliche-nutzung-panorama.jpg","contentUrl":"https:\/\/www.sense-electra.de\/wp-content\/uploads\/bb-plugin\/cache\/photovoltaikanlage-nachhaltige-und-wirtschaftliche-nutzung-panorama.jpg"},{"@type":"BreadcrumbList","@id":"https:\/\/www.sense-electra.de\/#breadcrumb","itemListElement":[{"@type":"ListItem","position":1,"name":"Startseite","item":"https:\/\/www.sense-electra.de\/"},{"@type":"ListItem","position":2,"name":"Homepage"}]},{"@type":"WebSite","@id":"https:\/\/www.sense-electra.de\/#website","url":"https:\/\/www.sense-electra.de\/","name":"sense electra","description":"W\u00e4rmeversorgung f\u00fcr Industrie- und Gewerbekunden","potentialAction":[{"@type":"SearchAction","target":{"@type":"EntryPoint","urlTemplate":"https:\/\/www.sense-electra.de\/?s={search_term_string}"},"query-input":"required name=search_term_string"}],"inLanguage":"en-GB"}]}},"_links":{"self":[{"href":"https:\/\/www.sense-electra.de\/en\/wp-json\/wp\/v2\/pages\/9"}],"collection":[{"href":"https:\/\/www.sense-electra.de\/en\/wp-json\/wp\/v2\/pages"}],"about":[{"href":"https:\/\/www.sense-electra.de\/en\/wp-json\/wp\/v2\/types\/page"}],"author":[{"embeddable":true,"href":"https:\/\/www.sense-electra.de\/en\/wp-json\/wp\/v2\/users\/1"}],"replies":[{"embeddable":true,"href":"https:\/\/www.sense-electra.de\/en\/wp-json\/wp\/v2\/comments?post=9"}],"version-history":[{"count":1,"href":"https:\/\/www.sense-electra.de\/en\/wp-json\/wp\/v2\/pages\/9\/revisions"}],"predecessor-version":[{"id":4121,"href":"https:\/\/www.sense-electra.de\/en\/wp-json\/wp\/v2\/pages\/9\/revisions\/4121"}],"wp:attachment":[{"href":"https:\/\/www.sense-electra.de\/en\/wp-json\/wp\/v2\/media?parent=9"}],"curies":[{"name":"wp","href":"https:\/\/api.w.org\/{rel}","templated":true}]}}